{"id":34,"date":"2015-03-12T21:30:05","date_gmt":"2015-03-12T20:30:05","guid":{"rendered":"\/lyc-josephzobel\/?page_id=34"},"modified":"2015-06-29T09:14:39","modified_gmt":"2015-06-29T13:14:39","slug":"historique","status":"publish","type":"page","link":"https:\/\/site.ac-martinique.fr\/lyc-josephzobel\/?page_id=34","title":{"rendered":"HISTORIQUE"},"content":{"rendered":"<p><img loading=\"lazy\" decoding=\"async\" class=\"  wp-image-262 alignleft\" src=\"\/lyc-josephzobel\/wp-content\/uploads\/sites\/37\/2015\/03\/DSC02187b-300x225.jpg\" alt=\"DSC02187b\" width=\"334\" height=\"250\" srcset=\"https:\/\/site.ac-martinique.fr\/lyc-josephzobel\/wp-content\/uploads\/sites\/37\/2015\/03\/DSC02187b-300x225.jpg 300w, https:\/\/site.ac-martinique.fr\/lyc-josephzobel\/wp-content\/uploads\/sites\/37\/2015\/03\/DSC02187b.jpg 615w\" sizes=\"auto, (max-width: 334px) 100vw, 334px\" \/><span style=\"font-size: medium\"> D<\/span><span style=\"font-size: medium\">\u2019<\/span><span style=\"font-size: medium\">une capacit\u00e9 de <strong>700 <\/strong>\u00e9l\u00e8ves, le Lyc\u00e9e Professionnel de Rivi\u00e8re-Sal\u00e9e a ouvert ses portes \u00e0 la rentr\u00e9e de l\u2019ann\u00e9e scolaire <strong>1991 \u2013 199<\/strong><\/span><span style=\"font-size: medium\"><strong>2<\/strong>, suite \u00e0 une d\u00e9cision du Conseil R\u00e9gional de la Martinique.<\/span><\/p>\n<p><span style=\"font-size: medium\">La construction de notre lyc\u00e9e rentrait dans un projet global d\u2019am\u00e9lioration des conditions de formation et d\u2019enseignement de la collectivit\u00e9 r\u00e9gionale.<\/span><\/p>\n<p>&nbsp;<\/p>\n<p><span style=\"font-size: medium\">Les objectifs<br \/>\nprinc<\/span><span style=\"font-size: medium\"><img loading=\"lazy\" decoding=\"async\" class=\" size-medium wp-image-261 alignright\" src=\"\/lyc-josephzobel\/wp-content\/uploads\/sites\/37\/2015\/03\/DSC02184b-300x225.jpg\" alt=\"DSC02184b\" width=\"300\" height=\"225\" srcset=\"https:\/\/site.ac-martinique.fr\/lyc-josephzobel\/wp-content\/uploads\/sites\/37\/2015\/03\/DSC02184b-300x225.jpg 300w, https:\/\/site.ac-martinique.fr\/lyc-josephzobel\/wp-content\/uploads\/sites\/37\/2015\/03\/DSC02184b.jpg 615w\" sizes=\"auto, (max-width: 300px) 100vw, 300px\" \/><\/span><span style=\"font-size: medium\">ipaux de cette op\u00e9ration \u00e9taient\u00a0:<\/span><\/p>\n<ul>\n<li><span style=\"font-size: medium\">D\u2019offrir de nouvelles sections afin de r\u00e9soudre les probl\u00e8mes de surcharge d\u2019effectifs\u00a0;<\/span><\/li>\n<li><span style=\"font-size: medium\">De r\u00e9aliser une op\u00e9ration d\u2019architecture agr\u00e9able et moderne, bien implant\u00e9e dans son environnement\u00a0;<\/span><\/li>\n<li><span style=\"font-size: medium\">D\u2019offrir aux futurs utilisateurs un \u00e9quipement performant et fonctionnel.<\/span><\/li>\n<\/ul>\n<p><span style=\"font-size: medium\">D\u2019une superficie de trois hectares et implant\u00e9 dans un \u00e9crin de verdure, le Lyc\u00e9e Professionnel s\u2019ins\u00e8re dans un vaste programme d\u2019am\u00e9nagement du quartier Thoraille qui comprend\u00a0:<\/span><\/p>\n<ul>\n<li><span style=\"font-size: medium\">Une zone d\u2019habitat collectif de type HLM,<\/span><\/li>\n<li><span style=\"font-size: medium\">Un secteur d\u2019habitat individuel,<\/span><\/li>\n<li><span style=\"font-size: medium\">Un centre d\u2019A.D.A.P.E.I.,<\/span><\/li>\n<li><span style=\"font-size: medium\">Des \u00e9quipements de proximit\u00e9.<\/span><\/li>\n<\/ul>\n<p><span style=\"font-size: medium\">La structure p\u00e9dagogique de l\u2019\u00e9poque en 1991 \u00e9tait constitu\u00e9e de cinq sections professionnelles. <\/span><\/p>\n<p><span style=\"font-size: medium\">A la <strong>rentr\u00e9e scolaire 1993-1994<\/strong>, le Lyc\u00e9e Professionnel devient Lyc\u00e9e Polyvalent. L\u2019\u00e9tablissement subit une mont\u00e9e en charge en accueillant 7 classes de seconde g\u00e9n\u00e9rale et voit son effectif total pass\u00e9 \u00e0 558 \u00e9l\u00e8ves et 48 enseignants.<\/span><\/p>\n<p><span style=\"font-size: medium\">En <strong>1994-1995<\/strong>, la partie professionnelle du Lyc\u00e9e Polyvalent\u00a0 devient SEP et la partie Lyc\u00e9e g\u00e9n\u00e9ral comprend 9 classes de seconde, 6 classes de premi\u00e8res g\u00e9n\u00e9rales et 1 classe de premi\u00e8re technologique, amor\u00e7ant ainsi sa mont\u00e9e en puissance qui se poursuivit en 1995-1996 avec l\u2019accueil des futurs bacheliers (5 classes de terminale).<\/span><\/p>\n<p><span style=\"font-size: medium\"><img loading=\"lazy\" decoding=\"async\" class=\" size-medium wp-image-260 alignleft\" src=\"\/lyc-josephzobel\/wp-content\/uploads\/sites\/37\/2015\/03\/DSC02181b-300x225.jpg\" alt=\"DSC02181b\" width=\"300\" height=\"225\" srcset=\"https:\/\/site.ac-martinique.fr\/lyc-josephzobel\/wp-content\/uploads\/sites\/37\/2015\/03\/DSC02181b-300x225.jpg 300w, https:\/\/site.ac-martinique.fr\/lyc-josephzobel\/wp-content\/uploads\/sites\/37\/2015\/03\/DSC02181b.jpg 615w\" sizes=\"auto, (max-width: 300px) 100vw, 300px\" \/>Le <strong>vendredi 14 avril 2000<\/strong>, le Lyc\u00e9e a \u00e9t\u00e9 baptis\u00e9 \u00ab\u00a0<strong>Lyc\u00e9e Joseph ZOBEL<\/strong>\u00a0\u00bb, en pr\u00e9sence de <strong>M. ZOBEL<\/strong>, illustre \u00e9crivain et artiste, d\u00e9c\u00e9d\u00e9 r\u00e9cemment. <\/span><\/p>\n<p><span style=\"font-size: medium\">En <strong>2002-2003<\/strong>\u00a0: ouverture d\u2019un <strong>BTS Maintenance Industrielle<\/strong>.<\/span><\/p>\n<p><span style=\"font-size: medium\">La composition de l\u2019\u00e9quipe de direction \u00e9volue au fil des ann\u00e9es. Depuis 2000, on a assist\u00e9 \u00e0 un renouvellement relativement important des personnels (pour des raisons diverses\u00a0: d\u00e9parts \u00e0 la retraite, nouvelles affectations, \u2026).<\/span><\/p>\n<p><span style=\"font-size: medium\">Pour <strong>la rentr\u00e9e 2006-2007<\/strong>, le Lyc\u00e9e poursuit son \u00e9volution et accueille 2 nouvelles options en seconde\u00a0: <strong>l\u2019option scientifique<\/strong> et <strong>la classe eurocarib\u00e9enne<\/strong>.<\/span><\/p>\n<p><span style=\"font-size: medium\">En <strong>2007 \u2013 2008<\/strong>\u00a0: pas de changements significatifs sinon la cr\u00e9ation d\u2019une \u00bd division de CAP Peinture en Carrosserie.<\/span><\/p>\n<p><span style=\"font-size: medium\"><strong>2008 \u2013 2009<\/strong>\u00a0: Implantation d\u2019une section \u00e9lectrotechnique (1<sup>\u00e8re<\/sup> et 2<sup>\u00e8me<\/sup> ann\u00e9e CAP \u2013 Bac Pro 3 ans)<\/span><\/p>\n","protected":false},"excerpt":{"rendered":"<p>D\u2019une capacit\u00e9 de 700 \u00e9l\u00e8ves, le Lyc\u00e9e Professionnel de Rivi\u00e8re-Sal\u00e9e a ouvert ses portes \u00e0 la rentr\u00e9e de l\u2019ann\u00e9e scolaire 1991 \u2013 1992, suite \u00e0 une d\u00e9cision du Conseil R\u00e9gional de la Martinique. La construction de notre lyc\u00e9e rentrait dans un projet global d\u2019am\u00e9lioration des conditions de formation et d\u2019enseignement de la collectivit\u00e9 r\u00e9gionale. &nbsp; [&hellip;]<\/p>\n","protected":false},"author":97,"featured_media":0,"parent":0,"menu_order":0,"comment_status":"closed","ping_status":"open","template":"","meta":{"pagelayer_contact_templates":[],"_pagelayer_content":"","footnotes":""},"class_list":["post-34","page","type-page","status-publish","hentry"],"_links":{"self":[{"href":"https:\/\/site.ac-martinique.fr\/lyc-josephzobel\/index.php?rest_route=\/wp\/v2\/pages\/34","targetHints":{"allow":["GET"]}}],"collection":[{"href":"https:\/\/site.ac-martinique.fr\/lyc-josephzobel\/index.php?rest_route=\/wp\/v2\/pages"}],"about":[{"href":"https:\/\/site.ac-martinique.fr\/lyc-josephzobel\/index.php?rest_route=\/wp\/v2\/types\/page"}],"author":[{"embeddable":true,"href":"https:\/\/site.ac-martinique.fr\/lyc-josephzobel\/index.php?rest_route=\/wp\/v2\/users\/97"}],"replies":[{"embeddable":true,"href":"https:\/\/site.ac-martinique.fr\/lyc-josephzobel\/index.php?rest_route=%2Fwp%2Fv2%2Fcomments&post=34"}],"version-history":[{"count":4,"href":"https:\/\/site.ac-martinique.fr\/lyc-josephzobel\/index.php?rest_route=\/wp\/v2\/pages\/34\/revisions"}],"predecessor-version":[{"id":412,"href":"https:\/\/site.ac-martinique.fr\/lyc-josephzobel\/index.php?rest_route=\/wp\/v2\/pages\/34\/revisions\/412"}],"wp:attachment":[{"href":"https:\/\/site.ac-martinique.fr\/lyc-josephzobel\/index.php?rest_route=%2Fwp%2Fv2%2Fmedia&parent=34"}],"curies":[{"name":"wp","href":"https:\/\/api.w.org\/{rel}","templated":true}]}}