{"id":3569,"date":"2023-07-04T09:50:45","date_gmt":"2023-07-04T13:50:45","guid":{"rendered":"\/lyc-josephzobel\/?page_id=3569"},"modified":"2025-07-11T11:40:02","modified_gmt":"2025-07-11T15:40:02","slug":"listes-des-manuels-scolaires-pour-lannee-2020-2021","status":"publish","type":"page","link":"https:\/\/site.ac-martinique.fr\/lyc-josephzobel\/?page_id=3569","title":{"rendered":"Listes des manuels et fournitures scolaires pour l&rsquo;ann\u00e9e 2025-2026"},"content":{"rendered":"\n<p class=\"has-vivid-red-color has-text-color has-link-color has-medium-font-size wp-elements-c51804ab6f38a93040d04d4d97db408b\"><strong>Cette liste est transmise pour information car&nbsp;\u00e0&nbsp;partir de la rentr\u00e9e 2023, la Collectivit\u00e9 Territoriale de la Martinique a d\u00e9cid\u00e9 de mettre en place la gratuit\u00e9 des livres scolaires pour tous les lyc\u00e9ens.<\/strong><\/p>\n\n\n\n<p>Liste 2nde BAC PRO :<a href=\"https:\/\/site.ac-martinique.fr\/lyc-josephzobel\/wp-content\/uploads\/sites\/37\/2025\/07\/Liste-de-materiels-2nde-bac-pro-1.pdf\"> PAPIER<\/a><\/p>\n\n\n\n<p>Liste 2nde GENERALE : <a href=\"https:\/\/site.ac-martinique.fr\/lyc-josephzobel\/wp-content\/uploads\/sites\/37\/2025\/07\/LISTE-DE-MATERIELS-2NDE-GENERALE-2025-2026.pdf\">PAPIER<\/a><\/p>\n\n\n\n<p>Liste 1\u00e8re BAC PRO : <a href=\"https:\/\/site.ac-martinique.fr\/lyc-josephzobel\/wp-content\/uploads\/sites\/37\/2023\/11\/1ERE-BAC-PRO-Manuels-papier.pdf\">PAPIER<\/a> <\/p>\n\n\n\n<p>Liste 1\u00e8re G\u00e9n\u00e9rale : <a href=\"https:\/\/site.ac-martinique.fr\/lyc-josephzobel\/wp-content\/uploads\/sites\/37\/2025\/07\/1ERE-G-TRONC-COMMUN-ET-SPECIALITE-2025-2026.pdf\">PAPIER<\/a><\/p>\n\n\n\n<p>Liste 1 et 2 BTS : <a href=\"https:\/\/site.ac-martinique.fr\/lyc-josephzobel\/wp-content\/uploads\/sites\/37\/2025\/07\/Liste-de-materiels-BTS-MI-1ere-annee.pdf\">ICI<\/a><\/p>\n\n\n\n<p>Liste 1ere et 2eme ann\u00e9e BAC PRO CARROSSERIE\/PEINTURE : <a href=\"https:\/\/site.ac-martinique.fr\/lyc-josephzobel\/wp-content\/uploads\/sites\/37\/2025\/07\/Liste-1-et-2-Bac-Pro-carr.-Pein.pdf\">ICI<\/a><\/p>\n\n\n\n<p>Liste BAC PRO PMIA\/MSPC : <a href=\"https:\/\/site.ac-martinique.fr\/lyc-josephzobel\/wp-content\/uploads\/sites\/37\/2025\/07\/liste-BACPRO-Maintenance-2025-2026.pdf\">ICI<\/a><\/p>\n\n\n\n<p>Liste Premi\u00e8re Ann\u00e9e CAP : <a href=\"https:\/\/site.ac-martinique.fr\/lyc-josephzobel\/wp-content\/uploads\/sites\/37\/2025\/07\/LISTE-DES-MATERIELS-Lycee-PRO-CAP-2025-2026.pdf\">ICI<\/a><\/p>\n\n\n\n<p>Mat\u00e9riel Scolaire Maths science : <a href=\"https:\/\/site.ac-martinique.fr\/lyc-josephzobel\/wp-content\/uploads\/sites\/37\/2024\/09\/MATERIEL-SCOLAIRE-maths-sciences.pdf\">ICI<\/a><\/p>\n\n\n\n<p>Liste de Mat\u00e9riel pour le Pro : <a href=\"https:\/\/site.ac-martinique.fr\/lyc-josephzobel\/wp-content\/uploads\/sites\/37\/2025\/07\/Liste-materiels-francais-histoire-geo-00000002.pdf\">ICI<\/a><\/p>\n\n\n\n<p><br>Oeuvres \u00e0 lire 2nde et 1\u00e8re : <a href=\"https:\/\/site.ac-martinique.fr\/lyc-josephzobel\/wp-content\/uploads\/sites\/37\/2025\/07\/OEUVRES.png\">ICI<\/a><\/p>\n","protected":false},"excerpt":{"rendered":"<p>Cette liste est transmise pour information car&nbsp;\u00e0&nbsp;partir de la rentr\u00e9e 2023, la Collectivit\u00e9 Territoriale de la Martinique a d\u00e9cid\u00e9 de mettre en place la gratuit\u00e9 des livres scolaires pour tous les lyc\u00e9ens. Liste 2nde BAC PRO : PAPIER Liste 2nde GENERALE : PAPIER Liste 1\u00e8re BAC PRO : PAPIER Liste 1\u00e8re G\u00e9n\u00e9rale : PAPIER Liste [&hellip;]<\/p>\n","protected":false},"author":96,"featured_media":0,"parent":0,"menu_order":0,"comment_status":"closed","ping_status":"closed","template":"","meta":{"pagelayer_contact_templates":[],"_pagelayer_content":"","footnotes":""},"class_list":["post-3569","page","type-page","status-publish","hentry"],"_links":{"self":[{"href":"https:\/\/site.ac-martinique.fr\/lyc-josephzobel\/index.php?rest_route=\/wp\/v2\/pages\/3569","targetHints":{"allow":["GET"]}}],"collection":[{"href":"https:\/\/site.ac-martinique.fr\/lyc-josephzobel\/index.php?rest_route=\/wp\/v2\/pages"}],"about":[{"href":"https:\/\/site.ac-martinique.fr\/lyc-josephzobel\/index.php?rest_route=\/wp\/v2\/types\/page"}],"author":[{"embeddable":true,"href":"https:\/\/site.ac-martinique.fr\/lyc-josephzobel\/index.php?rest_route=\/wp\/v2\/users\/96"}],"replies":[{"embeddable":true,"href":"https:\/\/site.ac-martinique.fr\/lyc-josephzobel\/index.php?rest_route=%2Fwp%2Fv2%2Fcomments&post=3569"}],"version-history":[{"count":51,"href":"https:\/\/site.ac-martinique.fr\/lyc-josephzobel\/index.php?rest_route=\/wp\/v2\/pages\/3569\/revisions"}],"predecessor-version":[{"id":7948,"href":"https:\/\/site.ac-martinique.fr\/lyc-josephzobel\/index.php?rest_route=\/wp\/v2\/pages\/3569\/revisions\/7948"}],"wp:attachment":[{"href":"https:\/\/site.ac-martinique.fr\/lyc-josephzobel\/index.php?rest_route=%2Fwp%2Fv2%2Fmedia&parent=3569"}],"curies":[{"name":"wp","href":"https:\/\/api.w.org\/{rel}","templated":true}]}}