{"id":4648,"date":"2022-01-18T07:14:32","date_gmt":"2022-01-18T11:14:32","guid":{"rendered":"https:\/\/site.ac-martinique.fr\/lyc-josephzobel\/?page_id=4648"},"modified":"2023-01-30T14:18:31","modified_gmt":"2023-01-30T18:18:31","slug":"bac-pro-maintenance-des-vehicules-automobiles-mva","status":"publish","type":"page","link":"https:\/\/site.ac-martinique.fr\/lyc-josephzobel\/?page_id=4648","title":{"rendered":"BAC PRO Maintenance des V\u00e9hicules Automobiles (MVA)"},"content":{"rendered":"\n<div class=\"wp-block-group alignfull tw-mb-6\"><div class=\"wp-block-group__inner-container is-layout-flow wp-block-group-is-layout-flow\">\n<div class=\"wp-block-columns is-layout-flex wp-container-core-columns-is-layout-abceabcf wp-block-columns-is-layout-flex\">\n<div class=\"wp-block-column is-layout-flow wp-block-column-is-layout-flow\" style=\"--col-width:66.66%;flex-basis:66.66%\">\n<h1 class=\"alignwide has-text-align-center wp-block-heading\" id=\"bac-pro-maintenance-des-systemes-de-production-connectes-mspc\" style=\"font-style:normal;font-weight:600\">BAC PRO Maintenance des V\u00e9hicules Automobiles (MVA)<\/h1>\n<\/div>\n<\/div>\n\n\n\n<h2 class=\"has-text-align-center wp-block-heading\" id=\"vous-cherchez-un-metier-tendance-devenez-technicien-de-maintenance\">Vous cherchez un m\u00e9tier tendance, devenez Technicien de Maintenance Automobile. <\/h2>\n\n\n\n<div class=\"wp-block-columns is-layout-flex wp-container-core-columns-is-layout-abceabcf wp-block-columns-is-layout-flex\">\n<div class=\"wp-block-column is-layout-flow wp-block-column-is-layout-flow\">\n<p class=\"has-text-align-center has-medium-font-size\">Le bachelier professionnel en maintenance des v\u00e9hicules exerce son activit\u00e9 de service dans tous les secteurs de la maintenance des v\u00e9hicules<\/p>\n<\/div>\n\n\n\n<div class=\"wp-block-column is-layout-flow wp-block-column-is-layout-flow\">\n<p class=\"has-text-align-center has-medium-font-size\">Selon l&rsquo;option choisie, dans les domaines des voitures particuli\u00e8res, des v\u00e9hicules de transport routier ou des motocycles.<\/p>\n<\/div>\n<\/div>\n<\/div><\/div>\n\n\n\n<div class=\"wp-block-cover alignwide is-light has-parallax is-style-tw-border-inner\" style=\"min-height:246px;aspect-ratio:unset;\"><span aria-hidden=\"true\" class=\"wp-block-cover__background has-background-dim wp-block-cover__gradient-background has-background-gradient\" style=\"background:linear-gradient(290deg,rgb(254,205,165) 0%,rgb(254,45,45) 50%,rgb(107,0,62) 100%)\"><\/span><div role=\"img\" class=\"wp-block-cover__image-background wp-image-5045 has-parallax\" style=\"background-position:50% 50%;background-image:url(https:\/\/site.ac-martinique.fr\/lyc-josephzobel\/wp-content\/uploads\/sites\/37\/2022\/05\/Capture-decran-de-2022-05-19-12-24-53.resized.png)\"><\/div><div class=\"wp-block-cover__inner-container is-layout-flow wp-block-cover-is-layout-flow\">\n<h2 class=\"has-text-align-center wp-block-heading\" id=\"la-formation-d-agent-de-maintenance-au-lycee-joseph-zobel\">La Formation d&rsquo;agent de Maintenance des v\u00e9hicules au lyc\u00e9e Joseph Zobel<\/h2>\n<\/div><\/div>\n\n\n\n<h2 class=\"wp-block-heading\"> <\/h2>\n\n\n\n<div class=\"wp-block-group alignfull has-vivid-red-background-color has-background tw-bottom-shape-organic\"><div class=\"wp-block-group__inner-container is-layout-flow wp-block-group-is-layout-flow\">\n<div class=\"wp-block-columns alignwide are-vertically-aligned-center tw-gutter-large tw-cols-stack-md is-layout-flex wp-container-core-columns-is-layout-abceabcf wp-block-columns-is-layout-flex\">\n<div class=\"wp-block-column is-vertically-aligned-center is-layout-flow wp-block-column-is-layout-flow\">\n<figure class=\"wp-block-video\"><video height=\"1080\" style=\"aspect-ratio: 1920 \/ 1080;\" width=\"1920\" autoplay controls src=\"https:\/\/site.ac-martinique.fr\/lyc-josephzobel\/wp-content\/uploads\/sites\/37\/2022\/05\/Filiere-BAC-Pro-Maintenance-des-Vehicules-Pole-Automobile-LPO-Joseph-ZOBEL_1080p.mp4\"><\/video><\/figure>\n<\/div>\n\n\n\n<div class=\"wp-block-column is-vertically-aligned-center is-layout-flow wp-block-column-is-layout-flow\" style=\"--col-width:25%;flex-basis:25%\">\n<h2 class=\"wp-block-heading\">D\u00e9couvrir le m\u00e9tier<\/h2>\n\n\n\n<p>Les \u00e9l\u00e8ves de Zobel vous pr\u00e9sente la formation et le m\u00e9tier d&rsquo;agent de Maintenance des v\u00e9hicules<\/p>\n<\/div>\n<\/div>\n<\/div><\/div>\n\n\n\n<div class=\"wp-block-group alignfull tw-mt-6 has-subtle-background-color has-background\"><div class=\"wp-block-group__inner-container is-layout-flow wp-block-group-is-layout-flow\">\n<h2 class=\"has-text-align-center wp-block-heading\" id=\"la-formation-d-agent-de-maintenance-est-organisee-des-la-seconde-en-famille-des-metiers\">La Formation de bachelier en Maintenance des V\u00e9hicules au lyc\u00e9e Joseph Zobel est organis\u00e9e d\u00e8s la seconde en famille \u00ab&nbsp;des m\u00e9tiers de la maintenance des mat\u00e9riels et des v\u00e9hicules (MMMV)&nbsp;\u00bb <\/h2>\n\n\n\n<h1 class=\"wp-block-heading\" id=\"la-2de-pro-mpmia\">La 2de Pro <strong>MMMV<\/strong><\/h1>\n\n\n\n<p><strong>M\u00e9tiers de la Maintenance des Mat\u00e9riels et des V\u00e9hicules&nbsp;<\/strong>regroupe les m\u00e9tiers concern\u00e9s par les grandes comp\u00e9tences professionnelles communes aux 6 sp\u00e9cialit\u00e9s de baccalaur\u00e9at professionnel maintenance des mat\u00e9riels option : <\/p>\n\n\n\n<ul class=\"wp-block-list\">\n<li>mat\u00e9riels agricoles<\/li>\n\n\n\n<li>mat\u00e9riels de construction et de manutention<\/li>\n\n\n\n<li>mat\u00e9riels d\u2019espaces verts<\/li>\n\n\n\n<li>voitures particuli\u00e8res<\/li>\n\n\n\n<li>v\u00e9hicules de transport routier<\/li>\n\n\n\n<li>motocycles<\/li>\n<\/ul>\n\n\n\n<p>Le lyc\u00e9e Joseph Zobel forme actuellement uniquement le m\u00e9tier de la \u00ab\u00a0Maintenance des v\u00e9hicules Option Voitures Particuli\u00e8res\u00a0\u00bb<\/p>\n\n\n\n<div class=\"wp-block-buttons is-layout-flex wp-block-buttons-is-layout-flex\">\n<div class=\"wp-block-button has-custom-font-size is-style-outline has-normal-font-size is-style-outline--1\"><a class=\"wp-block-button__link wp-element-button\" href=\"https:\/\/www.onisep.fr\/Ressources\/Univers-Formation\/Formations\/Lycees\/classe-de-seconde-professionnelle-metiers-de-la-maintenance-des-materiels-et-des-vehicules\" target=\"_blank\" rel=\"noreferrer noopener\">Plus d&rsquo;informations&#8230;<\/a><\/div>\n<\/div>\n\n\n\n<figure class=\"wp-block-image size-full is-style-tw-rounded-corners\"><a href=\"https:\/\/site.ac-martinique.fr\/lyc-josephzobel\/wp-content\/uploads\/sites\/37\/2022\/05\/Capture-decran-de-2022-05-19-12-24-53.resized.png\"><img loading=\"lazy\" decoding=\"async\" width=\"800\" height=\"450\" src=\"https:\/\/site.ac-martinique.fr\/lyc-josephzobel\/wp-content\/uploads\/sites\/37\/2022\/05\/Capture-decran-de-2022-05-19-12-24-53.resized.png\" alt=\"\" class=\"wp-image-5045\" srcset=\"https:\/\/site.ac-martinique.fr\/lyc-josephzobel\/wp-content\/uploads\/sites\/37\/2022\/05\/Capture-decran-de-2022-05-19-12-24-53.resized.png 800w, https:\/\/site.ac-martinique.fr\/lyc-josephzobel\/wp-content\/uploads\/sites\/37\/2022\/05\/Capture-decran-de-2022-05-19-12-24-53.resized-300x169.png 300w, https:\/\/site.ac-martinique.fr\/lyc-josephzobel\/wp-content\/uploads\/sites\/37\/2022\/05\/Capture-decran-de-2022-05-19-12-24-53.resized-768x432.png 768w, https:\/\/site.ac-martinique.fr\/lyc-josephzobel\/wp-content\/uploads\/sites\/37\/2022\/05\/Capture-decran-de-2022-05-19-12-24-53.resized-730x411.png 730w\" sizes=\"auto, (max-width: 800px) 100vw, 800px\" \/><\/a><\/figure>\n<\/div><\/div>\n\n\n\n<div class=\"wp-block-group alignfull has-subtle-background-color has-background tw-shadow\" id=\"BACMSPC\"><div class=\"wp-block-group__inner-container is-layout-flow wp-block-group-is-layout-flow\">\n<div class=\"wp-block-media-text alignwide is-stacked-on-mobile is-vertically-aligned-center is-image-fill is-style-default tw-stack-md\" style=\"grid-template-columns:46% auto\"><figure class=\"wp-block-media-text__media\" style=\"background-image:url(https:\/\/site.ac-martinique.fr\/lyc-josephzobel\/wp-content\/uploads\/sites\/37\/2022\/05\/Capture-decran-de-2022-05-19-13-15-37-CUT.resized.png);background-position:50% 50%\"><img loading=\"lazy\" decoding=\"async\" width=\"633\" height=\"600\" src=\"https:\/\/site.ac-martinique.fr\/lyc-josephzobel\/wp-content\/uploads\/sites\/37\/2022\/05\/Capture-decran-de-2022-05-19-13-15-37-CUT.resized.png\" alt=\"\" class=\"wp-image-5047 size-full\" srcset=\"https:\/\/site.ac-martinique.fr\/lyc-josephzobel\/wp-content\/uploads\/sites\/37\/2022\/05\/Capture-decran-de-2022-05-19-13-15-37-CUT.resized.png 633w, https:\/\/site.ac-martinique.fr\/lyc-josephzobel\/wp-content\/uploads\/sites\/37\/2022\/05\/Capture-decran-de-2022-05-19-13-15-37-CUT.resized-300x284.png 300w\" sizes=\"auto, (max-width: 633px) 100vw, 633px\" \/><\/figure><div class=\"wp-block-media-text__content\">\n<h3 class=\"tw-mb-4 has-large-font-size wp-block-heading\" id=\"la-1ere-et-term-pro-mspc\">La 1ere et Term Pro <strong><strong>MV Option voitures<\/strong> <strong>particuli\u00e8res<\/strong><\/strong><\/h3>\n\n\n\n<p>Apr\u00e8s un an en Seconde MMMV, vous int\u00e9grerez la section MV (Option voitures particuli\u00e8res) pour \u00eatre un technicien d&rsquo;atelier qui assurent l&rsquo;entretien et la r\u00e9paration des automobiles<br><\/p>\n\n\n\n<div class=\"wp-block-buttons is-layout-flex wp-block-buttons-is-layout-flex\">\n<div class=\"wp-block-button has-custom-font-size is-style-outline has-normal-font-size is-style-outline--2\"><a class=\"wp-block-button__link wp-element-button\" href=\"https:\/\/www.onisep.fr\/Ressources\/Univers-Formation\/Formations\/Lycees\/bac-pro-maintenance-des-vehicules-option-a-voitures-particulieres\" target=\"_blank\" rel=\"noreferrer noopener\">Plus d&rsquo;informations&#8230;<\/a><\/div>\n<\/div>\n<\/div><\/div>\n<\/div><\/div>\n\n\n\n<figure class=\"wp-block-image size-large tw-mt-6 is-style-tw-rounded-corners\"><a href=\"https:\/\/site.ac-martinique.fr\/lyc-josephzobel\/wp-content\/uploads\/sites\/37\/2022\/05\/MV-1.jpg\"><img loading=\"lazy\" decoding=\"async\" width=\"1024\" height=\"282\" src=\"https:\/\/site.ac-martinique.fr\/lyc-josephzobel\/wp-content\/uploads\/sites\/37\/2022\/05\/MV-1-1024x282.jpg\" alt=\"\" class=\"wp-image-5048\" srcset=\"https:\/\/site.ac-martinique.fr\/lyc-josephzobel\/wp-content\/uploads\/sites\/37\/2022\/05\/MV-1-1024x282.jpg 1024w, https:\/\/site.ac-martinique.fr\/lyc-josephzobel\/wp-content\/uploads\/sites\/37\/2022\/05\/MV-1-300x83.jpg 300w, https:\/\/site.ac-martinique.fr\/lyc-josephzobel\/wp-content\/uploads\/sites\/37\/2022\/05\/MV-1-768x212.jpg 768w, https:\/\/site.ac-martinique.fr\/lyc-josephzobel\/wp-content\/uploads\/sites\/37\/2022\/05\/MV-1-730x201.jpg 730w, https:\/\/site.ac-martinique.fr\/lyc-josephzobel\/wp-content\/uploads\/sites\/37\/2022\/05\/MV-1.jpg 1494w\" sizes=\"auto, (max-width: 1024px) 100vw, 1024px\" \/><\/a><\/figure>\n\n\n\n<div class=\"wp-block-group alignfull\"><div class=\"wp-block-group__inner-container is-layout-flow wp-block-group-is-layout-flow\">\n<h1 class=\"has-text-align-center wp-block-heading\" id=\"informations-clefs\">Informations clefs sur la formation<\/h1>\n\n\n\n<div class=\"wp-block-columns alignwide tw-cols-card tw-cols-card-shadow tw-stretched-media has-text-align-left tw-stretched-link is-layout-flex wp-container-core-columns-is-layout-abceabcf wp-block-columns-is-layout-flex\">\n<div class=\"wp-block-column is-layout-flow wp-block-column-is-layout-flow\">\n<h3 class=\"has-text-align-center has-medium-font-size wp-block-heading\" id=\"duree-de-la-formation\">Dur\u00e9e de la formation<\/h3>\n\n\n\n<ul class=\"wp-block-list\">\n<li>3 ans <\/li>\n<\/ul>\n<\/div>\n\n\n\n<div class=\"wp-block-column is-layout-flow wp-block-column-is-layout-flow\">\n<h3 class=\"has-text-align-center has-medium-font-size wp-block-heading\" id=\"nombre-de-semaine-de-stage\">Nombre de semaine de stage<\/h3>\n\n\n\n<ul class=\"wp-block-list\">\n<li>22 semaines<\/li>\n\n\n\n<li>\u00c9tal\u00e9 sur les 3 ans<\/li>\n<\/ul>\n<\/div>\n\n\n\n<div class=\"wp-block-column is-layout-flow wp-block-column-is-layout-flow\">\n<h3 class=\"has-text-align-center has-medium-font-size wp-block-heading\" id=\"visite-virtuelle-de-l-atelier-en-360\">Visite virtuelle de l&rsquo;atelier en 360\u00b0<\/h3>\n\n\n\n<div class=\"wp-block-buttons is-layout-flex wp-block-buttons-is-layout-flex\">\n<div class=\"wp-block-button is-style-outline is-style-outline--3\"><a class=\"wp-block-button__link has-black-color has-luminous-vivid-amber-to-luminous-vivid-orange-gradient-background has-text-color has-background wp-element-button\" href=\"https:\/\/tourmkr.com\/F1AUeO15gy\/35235746p&amp;95.65h&amp;91.84t\" target=\"_blank\" rel=\"noreferrer noopener\">Visite en 360\u00b0<\/a><\/div>\n<\/div>\n<\/div>\n<\/div>\n\n\n\n<figure class=\"wp-block-gallery has-nested-images columns-2 is-cropped is-style-tw-img-rounded wp-block-gallery-4 is-layout-flex wp-block-gallery-is-layout-flex\">\n<figure class=\"wp-block-image size-large\"><img loading=\"lazy\" decoding=\"async\" width=\"1024\" height=\"587\" data-id=\"5049\" src=\"https:\/\/site.ac-martinique.fr\/lyc-josephzobel\/wp-content\/uploads\/sites\/37\/2022\/05\/generale-1024x587.png\" alt=\"\" class=\"wp-image-5049\" srcset=\"https:\/\/site.ac-martinique.fr\/lyc-josephzobel\/wp-content\/uploads\/sites\/37\/2022\/05\/generale-1024x587.png 1024w, https:\/\/site.ac-martinique.fr\/lyc-josephzobel\/wp-content\/uploads\/sites\/37\/2022\/05\/generale-300x172.png 300w, https:\/\/site.ac-martinique.fr\/lyc-josephzobel\/wp-content\/uploads\/sites\/37\/2022\/05\/generale-768x440.png 768w, https:\/\/site.ac-martinique.fr\/lyc-josephzobel\/wp-content\/uploads\/sites\/37\/2022\/05\/generale-730x418.png 730w, https:\/\/site.ac-martinique.fr\/lyc-josephzobel\/wp-content\/uploads\/sites\/37\/2022\/05\/generale.png 1134w\" sizes=\"auto, (max-width: 1024px) 100vw, 1024px\" \/><figcaption class=\"wp-element-caption\">Atelier M\u00e9canique G\u00e9n\u00e9rale<\/figcaption><\/figure>\n\n\n\n<figure class=\"wp-block-image size-large\"><img loading=\"lazy\" decoding=\"async\" width=\"1024\" height=\"538\" data-id=\"5050\" src=\"https:\/\/site.ac-martinique.fr\/lyc-josephzobel\/wp-content\/uploads\/sites\/37\/2022\/05\/geometrie-1024x538.png\" alt=\"\" class=\"wp-image-5050\" srcset=\"https:\/\/site.ac-martinique.fr\/lyc-josephzobel\/wp-content\/uploads\/sites\/37\/2022\/05\/geometrie-1024x538.png 1024w, https:\/\/site.ac-martinique.fr\/lyc-josephzobel\/wp-content\/uploads\/sites\/37\/2022\/05\/geometrie-300x158.png 300w, https:\/\/site.ac-martinique.fr\/lyc-josephzobel\/wp-content\/uploads\/sites\/37\/2022\/05\/geometrie-768x404.png 768w, https:\/\/site.ac-martinique.fr\/lyc-josephzobel\/wp-content\/uploads\/sites\/37\/2022\/05\/geometrie-730x384.png 730w, https:\/\/site.ac-martinique.fr\/lyc-josephzobel\/wp-content\/uploads\/sites\/37\/2022\/05\/geometrie.png 1206w\" sizes=\"auto, (max-width: 1024px) 100vw, 1024px\" \/><figcaption class=\"wp-element-caption\">Atelier G\u00e9om\u00e9trie<\/figcaption><\/figure>\n\n\n\n<figure class=\"wp-block-image size-large\"><img loading=\"lazy\" decoding=\"async\" width=\"1024\" height=\"633\" data-id=\"5051\" src=\"https:\/\/site.ac-martinique.fr\/lyc-josephzobel\/wp-content\/uploads\/sites\/37\/2022\/05\/rapide-1024x633.png\" alt=\"\" class=\"wp-image-5051\" srcset=\"https:\/\/site.ac-martinique.fr\/lyc-josephzobel\/wp-content\/uploads\/sites\/37\/2022\/05\/rapide-1024x633.png 1024w, https:\/\/site.ac-martinique.fr\/lyc-josephzobel\/wp-content\/uploads\/sites\/37\/2022\/05\/rapide-300x185.png 300w, https:\/\/site.ac-martinique.fr\/lyc-josephzobel\/wp-content\/uploads\/sites\/37\/2022\/05\/rapide-768x475.png 768w, https:\/\/site.ac-martinique.fr\/lyc-josephzobel\/wp-content\/uploads\/sites\/37\/2022\/05\/rapide-730x451.png 730w, https:\/\/site.ac-martinique.fr\/lyc-josephzobel\/wp-content\/uploads\/sites\/37\/2022\/05\/rapide.png 1100w\" sizes=\"auto, (max-width: 1024px) 100vw, 1024px\" \/><figcaption class=\"wp-element-caption\">Atelier M\u00e9canique Rapide<\/figcaption><\/figure>\n\n\n\n<figure class=\"wp-block-image size-full\"><img loading=\"lazy\" decoding=\"async\" width=\"800\" height=\"450\" data-id=\"5045\" src=\"https:\/\/site.ac-martinique.fr\/lyc-josephzobel\/wp-content\/uploads\/sites\/37\/2022\/05\/Capture-decran-de-2022-05-19-12-24-53.resized.png\" alt=\"\" class=\"wp-image-5045\" srcset=\"https:\/\/site.ac-martinique.fr\/lyc-josephzobel\/wp-content\/uploads\/sites\/37\/2022\/05\/Capture-decran-de-2022-05-19-12-24-53.resized.png 800w, https:\/\/site.ac-martinique.fr\/lyc-josephzobel\/wp-content\/uploads\/sites\/37\/2022\/05\/Capture-decran-de-2022-05-19-12-24-53.resized-300x169.png 300w, https:\/\/site.ac-martinique.fr\/lyc-josephzobel\/wp-content\/uploads\/sites\/37\/2022\/05\/Capture-decran-de-2022-05-19-12-24-53.resized-768x432.png 768w, https:\/\/site.ac-martinique.fr\/lyc-josephzobel\/wp-content\/uploads\/sites\/37\/2022\/05\/Capture-decran-de-2022-05-19-12-24-53.resized-730x411.png 730w\" sizes=\"auto, (max-width: 800px) 100vw, 800px\" \/><figcaption class=\"wp-element-caption\">Atelier m\u00e9canique<\/figcaption><\/figure>\n<\/figure>\n\n\n\n<h1 class=\"has-text-align-center wp-block-heading\" id=\"poursuite-d-etudes-possibles\">Poursuite d&rsquo;\u00e9tudes possibles<\/h1>\n\n\n\n<h2 class=\"wp-block-heading\" id=\"bts-maintenance-des-systemes-au-lycee-joseph-zobel\"><a href=\"http:\/\/www.acajou2.com\/sectionava\/\" target=\"_blank\" rel=\"noreferrer noopener\">BTS Maintenance des v\u00e9hicules option A voitures particuli\u00e8res&nbsp;&#8211; Lyc\u00e9e polyvalent Acajou II  <\/a><\/h2>\n\n\n\n<div class=\"wp-block-buttons is-layout-flex wp-block-buttons-is-layout-flex\">\n<div class=\"wp-block-button has-custom-font-size is-style-outline has-normal-font-size is-style-outline--5\"><a class=\"wp-block-button__link wp-element-button\" href=\"https:\/\/www.onisep.fr\/Ressources\/Univers-Formation\/Formations\/Post-bac\/bts-maintenance-des-vehicules-option-a-voitures-particulieres\" target=\"_blank\" rel=\"noreferrer noopener\">Plus d&rsquo;informations&#8230;<\/a><\/div>\n<\/div>\n<\/div><\/div>\n\n\n\n<div class=\"wp-block-media-text alignwide is-stacked-on-mobile tw-mb-6 is-style-tw-shadow tw-stretched-link\" style=\"grid-template-columns:18% auto\"><figure class=\"wp-block-media-text__media\"><img loading=\"lazy\" decoding=\"async\" width=\"300\" height=\"300\" src=\"https:\/\/site.ac-martinique.fr\/lyc-josephzobel\/wp-content\/uploads\/sites\/37\/2022\/01\/poleemplois-300x300.png\" alt=\"\" class=\"wp-image-4594 size-medium\" srcset=\"https:\/\/site.ac-martinique.fr\/lyc-josephzobel\/wp-content\/uploads\/sites\/37\/2022\/01\/poleemplois-300x300.png 300w, https:\/\/site.ac-martinique.fr\/lyc-josephzobel\/wp-content\/uploads\/sites\/37\/2022\/01\/poleemplois-150x150.png 150w, https:\/\/site.ac-martinique.fr\/lyc-josephzobel\/wp-content\/uploads\/sites\/37\/2022\/01\/poleemplois.png 369w\" sizes=\"auto, (max-width: 300px) 100vw, 300px\" \/><\/figure><div class=\"wp-block-media-text__content\">\n<p class=\"has-medium-font-size\">D\u00e9couvrir les offres d&#8217;emplois en Martinique en temps r\u00e9el<\/p>\n\n\n\n<div class=\"wp-block-buttons is-layout-flex wp-block-buttons-is-layout-flex\">\n<div class=\"wp-block-button is-style-outline is-style-outline--6\"><a class=\"wp-block-button__link wp-element-button\" href=\"https:\/\/candidat.pole-emploi.fr\/offres\/recherche?lieux=02R&amp;motsCles=mecanique+automobile&amp;offresPartenaires=true&amp;range=0-19&amp;rayon=10&amp;tri=0\" target=\"_blank\" rel=\"noreferrer noopener\">Aller sur le site de P\u00f4le emploi<\/a><\/div>\n<\/div>\n<\/div><\/div>\n\n\n\n<h2 class=\"wp-block-heading\" id=\"les-entreprises-martiniquaise-qui-forment-avec-nous-les-jeunes-de-demain\">Les entreprises Martiniquaise qui forment avec nous, les jeunes de demain<\/h2>\n\n\n\n<div class=\"wp-block-columns is-layout-flex wp-container-core-columns-is-layout-abceabcf wp-block-columns-is-layout-flex\">\n<div class=\"wp-block-column is-layout-flow wp-block-column-is-layout-flow\">\n<ul class=\"wp-block-list\">\n<li>Martinique Automobile<\/li>\n<\/ul>\n<\/div>\n\n\n\n<div class=\"wp-block-column is-layout-flow wp-block-column-is-layout-flow\">\n<ul class=\"wp-block-list\">\n<li><\/li>\n<\/ul>\n<\/div>\n\n\n\n<div class=\"wp-block-column is-layout-flow wp-block-column-is-layout-flow\">\n<ul class=\"wp-block-list\">\n<li><\/li>\n<\/ul>\n<\/div>\n<\/div>\n\n\n\n<p><\/p>\n","protected":false},"excerpt":{"rendered":"<p>BAC PRO Maintenance des V\u00e9hicules Automobiles (MVA) Vous cherchez un m\u00e9tier tendance, devenez Technicien de Maintenance Automobile. Le bachelier professionnel en maintenance des v\u00e9hicules exerce son activit\u00e9 de service dans tous les secteurs de la maintenance des v\u00e9hicules Selon l&rsquo;option choisie, dans les domaines des voitures particuli\u00e8res, des v\u00e9hicules de transport routier ou des motocycles. [&hellip;]<\/p>\n","protected":false},"author":327,"featured_media":0,"parent":0,"menu_order":0,"comment_status":"closed","ping_status":"closed","template":"","meta":{"pagelayer_contact_templates":[],"_pagelayer_content":"","footnotes":""},"class_list":["post-4648","page","type-page","status-publish","hentry"],"_links":{"self":[{"href":"https:\/\/site.ac-martinique.fr\/lyc-josephzobel\/index.php?rest_route=\/wp\/v2\/pages\/4648","targetHints":{"allow":["GET"]}}],"collection":[{"href":"https:\/\/site.ac-martinique.fr\/lyc-josephzobel\/index.php?rest_route=\/wp\/v2\/pages"}],"about":[{"href":"https:\/\/site.ac-martinique.fr\/lyc-josephzobel\/index.php?rest_route=\/wp\/v2\/types\/page"}],"author":[{"embeddable":true,"href":"https:\/\/site.ac-martinique.fr\/lyc-josephzobel\/index.php?rest_route=\/wp\/v2\/users\/327"}],"replies":[{"embeddable":true,"href":"https:\/\/site.ac-martinique.fr\/lyc-josephzobel\/index.php?rest_route=%2Fwp%2Fv2%2Fcomments&post=4648"}],"version-history":[{"count":7,"href":"https:\/\/site.ac-martinique.fr\/lyc-josephzobel\/index.php?rest_route=\/wp\/v2\/pages\/4648\/revisions"}],"predecessor-version":[{"id":5404,"href":"https:\/\/site.ac-martinique.fr\/lyc-josephzobel\/index.php?rest_route=\/wp\/v2\/pages\/4648\/revisions\/5404"}],"wp:attachment":[{"href":"https:\/\/site.ac-martinique.fr\/lyc-josephzobel\/index.php?rest_route=%2Fwp%2Fv2%2Fmedia&parent=4648"}],"curies":[{"name":"wp","href":"https:\/\/api.w.org\/{rel}","templated":true}]}}