{"id":4685,"date":"2022-01-24T11:21:38","date_gmt":"2022-01-24T15:21:38","guid":{"rendered":"https:\/\/site.ac-martinique.fr\/lyc-josephzobel\/?page_id=4685"},"modified":"2023-01-30T14:04:59","modified_gmt":"2023-01-30T18:04:59","slug":"parcoursup-lorientation-du-lycee-vers-lenseignement-superieur","status":"publish","type":"page","link":"https:\/\/site.ac-martinique.fr\/lyc-josephzobel\/?page_id=4685","title":{"rendered":"Orientation El\u00e8ves de terminales"},"content":{"rendered":"\n<h2 class=\"wp-block-heading\" id=\"parcoursup-l-orientation-du-lycee-vers-l-enseignement-superieur\">Parcoursup : l\u2019orientation du lyc\u00e9e vers l\u2019enseignement sup\u00e9rieur<\/h2>\n\n\n\n<p><\/p>\n\n\n\n<ul class=\"wp-block-list\">\n<li><a href=\"https:\/\/www.parcoursup.fr\/\" target=\"_blank\" rel=\"noreferrer noopener\">Parcoursup 2023<\/a><\/li>\n\n\n\n<li><a href=\"https:\/\/eduscol.education.fr\/document\/3144\/download?attachment\"><strong>Parcoursup 2023 : le calendrier en 3 \u00e9tapes <\/strong><\/a><\/li>\n\n\n\n<li><strong><a href=\"https:\/\/eduscol.education.fr\/document\/5013\/download?attachment\">Fiche \u00e9l\u00e8ve.\u00a0R\u00e9diger son projet de formation motiv\u00e9<\/a><\/strong>  <\/li>\n\n\n\n<li><strong><a href=\"https:\/\/eduscol.education.fr\/document\/3155\/download?attachment\">Fiche \u00e9l\u00e8ve. Questionnaire &#8211; Je fais le point<\/a><\/strong><\/li>\n\n\n\n<li><strong>Le site de r\u00e9f\u00e9rence des lyc\u00e9ens de terminale : Voir le site<a href=\"https:\/\/www.terminales2021-2022.fr\/\"> IC<\/a><\/strong><a href=\"https:\/\/www.terminales2021-2022.fr\/\">I<\/a><\/li>\n\n\n\n<li><a href=\"https:\/\/www.parcoursup.fr\/\"><strong>Site de parcoursup<\/strong> <\/a><\/li>\n<\/ul>\n\n\n\n<p><\/p>\n","protected":false},"excerpt":{"rendered":"<p>Parcoursup : l\u2019orientation du lyc\u00e9e vers l\u2019enseignement sup\u00e9rieur<\/p>\n","protected":false},"author":96,"featured_media":0,"parent":0,"menu_order":0,"comment_status":"closed","ping_status":"closed","template":"","meta":{"pagelayer_contact_templates":[],"_pagelayer_content":"","footnotes":""},"class_list":["post-4685","page","type-page","status-publish","hentry"],"_links":{"self":[{"href":"https:\/\/site.ac-martinique.fr\/lyc-josephzobel\/index.php?rest_route=\/wp\/v2\/pages\/4685","targetHints":{"allow":["GET"]}}],"collection":[{"href":"https:\/\/site.ac-martinique.fr\/lyc-josephzobel\/index.php?rest_route=\/wp\/v2\/pages"}],"about":[{"href":"https:\/\/site.ac-martinique.fr\/lyc-josephzobel\/index.php?rest_route=\/wp\/v2\/types\/page"}],"author":[{"embeddable":true,"href":"https:\/\/site.ac-martinique.fr\/lyc-josephzobel\/index.php?rest_route=\/wp\/v2\/users\/96"}],"replies":[{"embeddable":true,"href":"https:\/\/site.ac-martinique.fr\/lyc-josephzobel\/index.php?rest_route=%2Fwp%2Fv2%2Fcomments&post=4685"}],"version-history":[{"count":6,"href":"https:\/\/site.ac-martinique.fr\/lyc-josephzobel\/index.php?rest_route=\/wp\/v2\/pages\/4685\/revisions"}],"predecessor-version":[{"id":5398,"href":"https:\/\/site.ac-martinique.fr\/lyc-josephzobel\/index.php?rest_route=\/wp\/v2\/pages\/4685\/revisions\/5398"}],"wp:attachment":[{"href":"https:\/\/site.ac-martinique.fr\/lyc-josephzobel\/index.php?rest_route=%2Fwp%2Fv2%2Fmedia&parent=4685"}],"curies":[{"name":"wp","href":"https:\/\/api.w.org\/{rel}","templated":true}]}}