{"id":4699,"date":"2022-01-27T07:40:00","date_gmt":"2022-01-27T11:40:00","guid":{"rendered":"https:\/\/site.ac-martinique.fr\/lyc-josephzobel\/?page_id=4699"},"modified":"2022-02-04T15:22:58","modified_gmt":"2022-02-04T19:22:58","slug":"orientation-eleves-de-seconde-generale","status":"publish","type":"page","link":"https:\/\/site.ac-martinique.fr\/lyc-josephzobel\/?page_id=4699","title":{"rendered":"Orientation \u00e9l\u00e8ves de seconde g\u00e9n\u00e9rale"},"content":{"rendered":"\n<p>La phase provisoire d&rsquo;orientation des \u00e9l\u00e8ves de seconde est ouverte jusqu\u2019au 4 f\u00e9vrier 2022. Les parents doivent saisir les intentions d&rsquo;orientation via leur compte Educonnect. Pour plus d&rsquo;informations voir les liens suivants : <\/p>\n\n\n\n<ul class=\"wp-block-list\"><li>C<a href=\"https:\/\/site.ac-martinique.fr\/lyc-josephzobel\/wp-content\/uploads\/sites\/37\/2022\/01\/Compte-Educonnect-et-periodes-dorientation.pdf\">ompte Educonnect et p\u00e9riodes d&rsquo;orientation<\/a><\/li><li><a href=\"https:\/\/site.ac-martinique.fr\/lyc-josephzobel\/wp-content\/uploads\/sites\/37\/2022\/01\/presentation_orientation-en-ligne-2de-phase-provisoire-2022.pdf\">Pr\u00e9sentation orientation 2nde<\/a><\/li><li><a href=\"http:\/\/academie.education.gouv.fr\/ac-martinique\/cid157188\/presentation-des-enseignements-de-specialite-dans-l-academie-de-martinique.html?menu=2\">Lien Pr\u00e9sentation EDS<\/a><\/li><\/ul>\n\n\n\n<p><\/p>\n","protected":false},"excerpt":{"rendered":"<p>La phase provisoire d&rsquo;orientation des \u00e9l\u00e8ves de seconde est ouverte jusqu\u2019au 4 f\u00e9vrier 2022. Les parents doivent saisir les intentions d&rsquo;orientation via leur compte Educonnect. Pour plus d&rsquo;informations voir les liens suivants : Compte Educonnect et p\u00e9riodes d&rsquo;orientation Pr\u00e9sentation orientation 2nde Lien Pr\u00e9sentation EDS<\/p>\n","protected":false},"author":96,"featured_media":0,"parent":0,"menu_order":0,"comment_status":"closed","ping_status":"closed","template":"","meta":{"pagelayer_contact_templates":[],"_pagelayer_content":"","footnotes":""},"class_list":["post-4699","page","type-page","status-publish","hentry"],"_links":{"self":[{"href":"https:\/\/site.ac-martinique.fr\/lyc-josephzobel\/index.php?rest_route=\/wp\/v2\/pages\/4699","targetHints":{"allow":["GET"]}}],"collection":[{"href":"https:\/\/site.ac-martinique.fr\/lyc-josephzobel\/index.php?rest_route=\/wp\/v2\/pages"}],"about":[{"href":"https:\/\/site.ac-martinique.fr\/lyc-josephzobel\/index.php?rest_route=\/wp\/v2\/types\/page"}],"author":[{"embeddable":true,"href":"https:\/\/site.ac-martinique.fr\/lyc-josephzobel\/index.php?rest_route=\/wp\/v2\/users\/96"}],"replies":[{"embeddable":true,"href":"https:\/\/site.ac-martinique.fr\/lyc-josephzobel\/index.php?rest_route=%2Fwp%2Fv2%2Fcomments&post=4699"}],"version-history":[{"count":2,"href":"https:\/\/site.ac-martinique.fr\/lyc-josephzobel\/index.php?rest_route=\/wp\/v2\/pages\/4699\/revisions"}],"predecessor-version":[{"id":4753,"href":"https:\/\/site.ac-martinique.fr\/lyc-josephzobel\/index.php?rest_route=\/wp\/v2\/pages\/4699\/revisions\/4753"}],"wp:attachment":[{"href":"https:\/\/site.ac-martinique.fr\/lyc-josephzobel\/index.php?rest_route=%2Fwp%2Fv2%2Fmedia&parent=4699"}],"curies":[{"name":"wp","href":"https:\/\/api.w.org\/{rel}","templated":true}]}}