{"id":4721,"date":"2022-01-28T13:56:43","date_gmt":"2022-01-28T17:56:43","guid":{"rendered":"https:\/\/site.ac-martinique.fr\/lyc-josephzobel\/?page_id=4721"},"modified":"2022-02-16T07:28:52","modified_gmt":"2022-02-16T11:28:52","slug":"que-faire-apres-la-terminale","status":"publish","type":"page","link":"https:\/\/site.ac-martinique.fr\/lyc-josephzobel\/?page_id=4721","title":{"rendered":"Que faire apr\u00e8s la terminale ?"},"content":{"rendered":"\n<p>Sur cette page vous d\u00e9couvrirez diff\u00e9rentes offres de formations<\/p>\n\n\n\n<p> <\/p>\n\n\n\n<p>Le Campus Cara\u00efb\u00e9en des Arts vous convie \u00e0 ses Journ\u00e9es Portes Ouvertes (JPO) les&nbsp;<strong><u>mardi 22 et mercredi 23 f\u00e9vrier de 9 h 00 \u00e0 17 h 00<\/u>&nbsp;<\/strong>dans ses locaux \u00e0 l&rsquo;Ermitage.<\/p>\n\n\n\n<p>Nous avons prolong\u00e9 la proc\u00e9dure d&rsquo;inscription jusqu&rsquo;au&nbsp;<strong><u>18 f\u00e9vrier<\/u><\/strong>&nbsp;via le lien suivant :&nbsp;<a rel=\"noreferrer noopener\" href=\"https:\/\/forms.office.com\/Pages\/ResponsePage.aspx?id=fdnCoPLe-E-VcfTRDHMCQNEA_Fuw7AdBn5HRFqeyh_5URjJGR1o4SUtLOTJJN0ozTFRYS1JLSzdJSC4u\" target=\"_blank\">https:\/\/forms.office.com\/Pages\/ResponsePage.aspx?id=fdnCoPLe-E-VcfTRDHMCQNEA_Fuw7AdBn5HRFqeyh_5URjJGR1o4SUtLOTJJN0ozTFRYS1JLSzdJSC4u<\/a><\/p>\n\n\n\n<figure class=\"wp-block-table\"><table><tbody><tr><td><img loading=\"lazy\" decoding=\"async\" width=\"240\" height=\"180\" src=\"https:\/\/sogomar.ac-martinique.fr\/SOGo\/so\/cabdas\/Mail\/0\/folderINBOX\/5690\/1\/2\/image001.png\"><a rel=\"noreferrer noopener\" href=\"https:\/\/forms.office.com\/Pages\/ResponsePage.aspx?id=fdnCoPLe-E-VcfTRDHMCQNEA_Fuw7AdBn5HRFqeyh_5URjJGR1o4SUtLOTJJN0ozTFRYS1JLSzdJSC4u\" target=\"_blank\"><\/a><\/td><td><a rel=\"noreferrer noopener\" href=\"https:\/\/forms.office.com\/Pages\/ResponsePage.aspx?id=fdnCoPLe-E-VcfTRDHMCQNEA_Fuw7AdBn5HRFqeyh_5URjJGR1o4SUtLOTJJN0ozTFRYS1JLSzdJSC4u\" target=\"_blank\">Fill | CAMPUS CARA\u00cfBEEN DES ARTS \/ ETABLISSEMENTS SCOLAIRE |&nbsp;INSCRIPTION JPO 2022<\/a>Le Campus Cara\u00efb\u00e9en des Arts (CCA) ouvrira \u00e0 nouveau ses portes les 22 &amp; 23 f\u00e9vrier 2022 aux scolaires, partenaires et publics. Compte tenu du contexte sanitaire, nous proc\u00e9derons aux m\u00eames modalit\u00e9s que l&rsquo;ann\u00e9e derni\u00e8re. Les visites seront r\u00e9alis\u00e9es en respectant une certaine jauge par salle et des cr\u00e9neaux pr\u00e9d\u00e9finis sur le formulaire d&rsquo;inscription. Toutefois si l&rsquo;\u00e9tablissement scolaire ne peut organiser la visite, il est possible que les \u00e9l\u00e8ves, int\u00e9ress\u00e9s par notre fili\u00e8re, effectuent des visites individuelles par le biais de ce formulaire \u00e9galement. Les gestes barri\u00e8res et le port du masque seront de rigueur dans l&rsquo;enceinte du CCA.&nbsp; Date limite d&rsquo;inscription : 16 f\u00e9vrier 2022. Ce questionnaire prendra moins de 5 minutes de votre temps pour \u00eatre compl\u00e9t\u00e9. Toutes les informations recueillies seront strictement r\u00e9serv\u00e9es \u00e0 l&rsquo;usage interne du CCA.forms.office.com<\/td><\/tr><\/tbody><\/table><\/figure>\n\n\n\n<p>Ces journ\u00e9es s&rsquo;adressent aux lyc\u00e9ens et \u00e9tudiants d\u00e9sireux de poursuivre des \u00e9tudes sup\u00e9rieures artistiques mais aussi au public sensible aux probl\u00e9matiques li\u00e9es \u00e0 l&rsquo;art et au design.<\/p>\n\n\n\n<p>Venez d\u00e9couvrir les travaux des \u00e9tudiants,&nbsp;les projets p\u00e9dagogiques phares et&nbsp;les cursus et dipl\u00f4mes propos\u00e9s&nbsp;par&nbsp;l&rsquo;\u00e9tablissement.<\/p>\n\n\n\n<p>Vous trouverez en pi\u00e8ces jointes :<\/p>\n\n\n\n<ul class=\"wp-block-list\"><li>la fiche tracing COVID \u00e0 nous retourner d\u00fbment compl\u00e9t\u00e9e au plus tard la veille de votre arriv\u00e9e dans notre \u00e9tablissement.<\/li><\/ul>\n\n\n\n<p><strong>NB :&nbsp;L&rsquo;\u00e9v\u00e9nement se d\u00e9roulera dans le respect des r\u00e8gles sanitaires en vigueur, le port du masque est obligatoire.&nbsp;<\/strong><\/p>\n\n\n\n<p>Dans l&rsquo;attente de vous accueillir,<\/p>\n\n\n\n<p>Cordialement.<\/p>\n\n\n\n<figure class=\"wp-block-image size-full\"><a href=\"https:\/\/site.ac-martinique.fr\/lyc-josephzobel\/wp-content\/uploads\/sites\/37\/2022\/01\/image001.png\"><img loading=\"lazy\" decoding=\"async\" width=\"340\" height=\"561\" src=\"https:\/\/site.ac-martinique.fr\/lyc-josephzobel\/wp-content\/uploads\/sites\/37\/2022\/01\/image001.png\" alt=\"\" class=\"wp-image-4724\" srcset=\"https:\/\/site.ac-martinique.fr\/lyc-josephzobel\/wp-content\/uploads\/sites\/37\/2022\/01\/image001.png 340w, https:\/\/site.ac-martinique.fr\/lyc-josephzobel\/wp-content\/uploads\/sites\/37\/2022\/01\/image001-182x300.png 182w\" sizes=\"auto, (max-width: 340px) 100vw, 340px\" \/><\/a><\/figure>\n\n\n\n<p><\/p>\n\n\n\n<p>*<strong>le samedi 29 janvier<\/strong>&nbsp;pour les lyc\u00e9es du centre et du sud:&nbsp;<strong>LGT Victor&nbsp;Schoelcher, LGT&nbsp;Joseph Gaillard, LGT&nbsp;Bellevue,&nbsp;LGT Centre Sud,&nbsp;LPO Joseph Zobel,&nbsp;&nbsp;LGT Montg\u00e9rald,&nbsp;LPO La Jet\u00e9e, Rama, AMEP<\/strong><\/p>\n\n\n\n<p>Ces deux dates nous permettront d&rsquo;accueillir&nbsp;vos \u00e9l\u00e8ves&nbsp;nombreux dans nos 3 salons virtuels anim\u00e9s par des professeurs et des \u00e9tudiants qui r\u00e9pondront \u00e0 toutes&nbsp;leurs&nbsp;questions.<\/p>\n\n\n\n<p>Vos \u00e9l\u00e8ves n&rsquo;auront aucun logiciel \u00e0 installer. Il leur suffira de copier le lien du salon qui les int\u00e9resse dans la barre d&rsquo;adresse d&rsquo;une page internet.<\/p>\n\n\n\n<p>Vous, Proviseure, Proviseur, Directrice, Directeur, pourrez, si vous le souhaitez, participer aux trois pr\u00e9sentations!<\/p>\n\n\n\n<p><strong><em>G<\/em><\/strong><strong><em>r\u00e2ce \u00e0 vous, nombreux seront nos \u00e9l\u00e8ves \u00e0 \u00ab\u00a0oser l&rsquo;excellence\u00a0\u00bb en Martinique<\/em><\/strong><\/p>\n\n\n\n<p><strong><em>Ci-dessous, le flyer de pr\u00e9sentation de l&rsquo;action (visible sur le site du lyc\u00e9e) ainsi que les liens de connexion pour communication \u00e0 vos \u00e9l\u00e8ves, leurs parents et vos professeurs principaux de terminale.<\/em><\/strong><\/p>\n\n\n\n<p>SALON CPGE SCIENTIFIQUES: 8H\/9H<\/p>\n\n\n\n<p><a href=\"https:\/\/visio-agents.education.fr\/meeting\/signin\/70531\/creator\/33926\/hash\/6045b67110901f897d0f37e1b1b045f3a318ebf0\">https:\/\/visio-agents.education.fr\/meeting\/signin\/70531\/creator\/33926\/hash\/6045b67110901f897d0f37e1b1b045f3a318ebf0<\/a><\/p>\n\n\n\n<p>SALON CPGE LITTERAIRES: 9H\/10H<\/p>\n\n\n\n<p><a href=\"https:\/\/visio-agents.education.fr\/meeting\/signin\/70551\/creator\/33926\/hash\/a4fc4d4ebb99eded6355c69ef4cb014c6b36bede\">https:\/\/visio-agents.education.fr\/meeting\/signin\/70551\/creator\/33926\/hash\/a4fc4d4ebb99eded6355c69ef4cb014c6b36bede<\/a><\/p>\n\n\n\n<p>SALON CPGE ECONOMIQUES: 10H\/11H<\/p>\n\n\n\n<p><a href=\"https:\/\/visio-agents.education.fr\/meeting\/signin\/70641\/creator\/33926\/hash\/51cd7385ad5a5200993d33c98ead45044a5b7d21\">https:\/\/visio-agents.education.fr\/meeting\/signin\/70641\/creator\/33926\/hash\/51cd7385ad5a5200993d33c98ead45044a5b7d21<\/a><\/p>\n\n\n\n<p><strong>Le mercredi 2 f\u00e9vrier 2022, de 14h \u00e0 17h<\/strong><\/p>\n\n\n\n<figure class=\"wp-block-image\"><img decoding=\"async\" src=\"https:\/\/sogomar.ac-martinique.fr\/SOGo\/so\/cabdas\/Mail\/0\/folderINBOX\/5590\/2\/image001.png\" alt=\"JPO-Twitter-publication.png\"\/><\/figure>\n\n\n\n<p><br>Au programme : pr\u00e9sentation de l\u2019\u00e9cole par l\u2019\u00e9quipe de direction, dialogue avec les professeures, les technicien-nes, les coordinatrices p\u00e9dagogiques et les \u00e9tudiant\u00b7es.<br>Pour conna\u00eetre le programme, rendez-vous sur&nbsp;<a rel=\"noreferrer noopener\" href=\"http:\/\/jpo.eesi.eu\/\" target=\"_blank\">jpo.eesi.eu<\/a><br><br>Vous y trouverez \u00e9galement toutes les informations clefs sur le concours d\u2019entr\u00e9e 2022, des vid\u00e9os pr\u00e9sentant la vie des ateliers et le quotidien des \u00e9tudiant\u00b7es \u00e0 l\u2019\u00c9ESI.<\/p>\n\n\n\n<p>Vous pourrez y t\u00e9l\u00e9charger le livret des \u00e9tudes DNA, DNSEP et Master BD, ainsi que les modalit\u00e9s et le r\u00e8glement du concours d&rsquo;entr\u00e9e.<\/p>\n\n\n\n<p>L&rsquo;\u00c9ESI est une \u00e9cole sup\u00e9rieure d&rsquo;art publique, sous tutelle du minist\u00e8re de la Culture. Elle pr\u00e9pare aux dipl\u00f4mes nationaux d&rsquo;art aux niveaux licence, master et doctorat.<\/p>\n","protected":false},"excerpt":{"rendered":"<p>Sur cette page vous d\u00e9couvrirez diff\u00e9rentes offres de formations Le Campus Cara\u00efb\u00e9en des Arts vous convie \u00e0 ses Journ\u00e9es Portes Ouvertes (JPO) les&nbsp;mardi 22 et mercredi 23 f\u00e9vrier de 9 h 00 \u00e0 17 h 00&nbsp;dans ses locaux \u00e0 l&rsquo;Ermitage. Nous avons prolong\u00e9 la proc\u00e9dure d&rsquo;inscription jusqu&rsquo;au&nbsp;18 f\u00e9vrier&nbsp;via le lien suivant :&nbsp;https:\/\/forms.office.com\/Pages\/ResponsePage.aspx?id=fdnCoPLe-E-VcfTRDHMCQNEA_Fuw7AdBn5HRFqeyh_5URjJGR1o4SUtLOTJJN0ozTFRYS1JLSzdJSC4u Fill | CAMPUS [&hellip;]<\/p>\n","protected":false},"author":96,"featured_media":0,"parent":0,"menu_order":0,"comment_status":"closed","ping_status":"closed","template":"","meta":{"pagelayer_contact_templates":[],"_pagelayer_content":"","footnotes":""},"class_list":["post-4721","page","type-page","status-publish","hentry"],"_links":{"self":[{"href":"https:\/\/site.ac-martinique.fr\/lyc-josephzobel\/index.php?rest_route=\/wp\/v2\/pages\/4721","targetHints":{"allow":["GET"]}}],"collection":[{"href":"https:\/\/site.ac-martinique.fr\/lyc-josephzobel\/index.php?rest_route=\/wp\/v2\/pages"}],"about":[{"href":"https:\/\/site.ac-martinique.fr\/lyc-josephzobel\/index.php?rest_route=\/wp\/v2\/types\/page"}],"author":[{"embeddable":true,"href":"https:\/\/site.ac-martinique.fr\/lyc-josephzobel\/index.php?rest_route=\/wp\/v2\/users\/96"}],"replies":[{"embeddable":true,"href":"https:\/\/site.ac-martinique.fr\/lyc-josephzobel\/index.php?rest_route=%2Fwp%2Fv2%2Fcomments&post=4721"}],"version-history":[{"count":4,"href":"https:\/\/site.ac-martinique.fr\/lyc-josephzobel\/index.php?rest_route=\/wp\/v2\/pages\/4721\/revisions"}],"predecessor-version":[{"id":4764,"href":"https:\/\/site.ac-martinique.fr\/lyc-josephzobel\/index.php?rest_route=\/wp\/v2\/pages\/4721\/revisions\/4764"}],"wp:attachment":[{"href":"https:\/\/site.ac-martinique.fr\/lyc-josephzobel\/index.php?rest_route=%2Fwp%2Fv2%2Fmedia&parent=4721"}],"curies":[{"name":"wp","href":"https:\/\/api.w.org\/{rel}","templated":true}]}}