{"id":5974,"date":"2023-11-07T14:58:43","date_gmt":"2023-11-07T18:58:43","guid":{"rendered":"https:\/\/lyceejosephzobel.bleu972.fr\/?page_id=276"},"modified":"2024-01-16T16:27:42","modified_gmt":"2024-01-16T20:27:42","slug":"histoire-du-lycee","status":"publish","type":"page","link":"https:\/\/site.ac-martinique.fr\/lyc-josephzobel\/?page_id=5974","title":{"rendered":"Histoire du lyc\u00e9e"},"content":{"rendered":"\n\n\n<h2>L&rsquo;histoire du lyc\u00e9e Joseph Zobel<\/h2>\n\n\n\n\n\n<p>D\u2019une capacit\u00e9 de <strong>700<\/strong> \u00e9l\u00e8ves, le Lyc\u00e9e Professionnel de Rivi\u00e8re-Sal\u00e9e a ouvert ses portes \u00e0 la rentr\u00e9e de l\u2019ann\u00e9e scolaire <strong>1991 \u2013 1992<\/strong>, suite \u00e0 une d\u00e9cision du Conseil R\u00e9gional de la Martinique.\n<br><br>\nLa construction de notre lyc\u00e9e rentrait dans un projet global d\u2019am\u00e9lioration des conditions de formation et d\u2019enseignement de la collectivit\u00e9 r\u00e9gionale.<\/p>\n\n\n\n\n<p>\nLes objectifs principaux de cette op\u00e9ration \u00e9taient :\n<ul><li>\nD\u2019offrir de nouvelles sections afin de r\u00e9soudre les probl\u00e8mes de surcharge d\u2019effectifs ;&nbsp;<\/li><li>De r\u00e9aliser une op\u00e9ration d\u2019architecture agr\u00e9able et moderne, bien implant\u00e9e dans son environnement ;&nbsp;<\/li><li>D\u2019offrir aux futurs utilisateurs un \u00e9quipement performant et fonctionnel.<\/li><\/ul>\n<br>\nD\u2019une superficie de trois hectares et implant\u00e9 dans un \u00e9crin de verdure, le Lyc\u00e9e Professionnel s\u2019ins\u00e8re dans un vaste programme d\u2019am\u00e9nagement du quartier Thoraille qui comprend :\n<br>\n<p><ul><li>\nUne zone d\u2019habitat collectif de type HLM,&nbsp;<\/li><li>Un secteur d\u2019habitat individuel,&nbsp;<\/li><li>Un centre d\u2019A.D.A.P.E.I.,&nbsp;<\/li><li>Des \u00e9quipements de proximit\u00e9.<\/li><\/ul><\/p>\n\n\n<\/p>\n\n\n\n\n\n\n\nLa structure p\u00e9dagogique de l\u2019\u00e9poque en 1991 \u00e9tait constitu\u00e9e de cinq sections professionnelles.\n<p>\n<\/p>\n<p>A la <strong>rentr\u00e9e scolaire 1993-1994<\/strong>, le Lyc\u00e9e Professionnel devient Lyc\u00e9e Polyvalent. L\u2019\u00e9tablissement subit une mont\u00e9e en charge en accueillant 7 classes de seconde g\u00e9n\u00e9rale et voit son effectif total pass\u00e9 \u00e0 558 \u00e9l\u00e8ves et 48 enseignants.\n<\/p>\n<p>\nEn <strong>1994-1995<\/strong>, la partie professionnelle du Lyc\u00e9e Polyvalent  devient SEP et la partie Lyc\u00e9e g\u00e9n\u00e9ral comprend 9 classes de seconde, 6 classes de premi\u00e8res g\u00e9n\u00e9rales et 1 classe de premi\u00e8re technologique, amor\u00e7ant ainsi sa mont\u00e9e en puissance qui se poursuivit en 1995-1996 avec l\u2019accueil des futurs bacheliers (5 classes de terminale).<\/p>\n\n\n\n\n\nLe <strong>vendredi 14 avril 2000<\/strong>, le Lyc\u00e9e a \u00e9t\u00e9 baptis\u00e9 \u00ab <strong>Lyc\u00e9e Joseph ZOBEL<\/strong> \u00bb, en pr\u00e9sence de <strong>M. ZOBEL<\/strong>, illustre \u00e9crivain et artiste, d\u00e9c\u00e9d\u00e9 r\u00e9cemment.\n<p>\nEn <strong>2002-2003<\/strong> : ouverture d\u2019un <strong>BTS Maintenance Industrielle<\/strong>.\n<\/p>\n<p>\nLa composition de l\u2019\u00e9quipe de direction \u00e9volue au fil des ann\u00e9es. Depuis 2000, on a assist\u00e9 \u00e0 un renouvellement relativement important des personnels (pour des raisons diverses : d\u00e9parts \u00e0 la retraite, nouvelles affectations, \u2026).\n<\/p>\n\n\n\n\n\n\n<p>\nPour la <strong>rentr\u00e9e 2006-2007<\/strong>, le Lyc\u00e9e poursuit son \u00e9volution et accueille 2 nouvelles options en seconde : l\u2019<strong>option scientifique<\/strong> et la <strong>classe eurocarib\u00e9enne<\/strong>.\n<\/p>\n<p>\nEn <strong>2007 \u2013 2008<\/strong> : pas de changements significatifs sinon la cr\u00e9ation d\u2019une \u00bd division de CAP Peinture en Carrosserie.\n<\/p>\n<p><strong>\n2008 \u2013 2009<\/strong> : Implantation d\u2019une section \u00e9lectrotechnique (1\u00e8re et 2\u00e8me ann\u00e9e CAP \u2013 Bac Pro 3 ans)<\/p>\n<p>En <strong>2009\u20132010<\/strong> : transformation des BEP en BAC PRO 3ans et disparition des sections MECSI, MPMI et CPC. Les effectifs de 2 nde diminuent, le lyc\u00e9e ne compte plus que 10 classes.<\/p>\n<p>Entre <strong>2010 et 2012<\/strong>, la structure a subi quelques modifications au rythme des r\u00e9formes.<\/p><p>Cr\u00e9ation d\u2019une seconde option sport, g\u00e9n\u00e9ralisation des bac pro 3 ans, cr\u00e9ation d\u2019un CAP Carrosserie, disparition du CAP MFMMA, r\u00e9novation de la section STI qui devient STI2D.<\/p>\n<p>En <strong>2012-2013<\/strong> : Implantation \u00e0 la SEP d\u2019une classe de troisi\u00e8me pr\u00e9paratoire aux formations professionnelles (3 \u00e8me pr\u00e9pa\u2013pro).<\/p>\n<p>En <strong>2014-2015<\/strong> : Fermeture de la 1 \u00e8re ann\u00e9e de Bac Professionnel Bois.<\/p><p>En <strong>2015-2016<\/strong> : Fermeture de la Terminale Professionnelle Bois.<\/p>\n<p>De <strong>2016 \u00e0 2022<\/strong> : Accueil du GRETA (BAC PRO MEI).<\/p>\n<p>En <strong>2019-2020<\/strong> : Nouvelle appellation de la 3 \u00e8me pr\u00e9pa-pro : 3 \u00e8me pr\u00e9pa-m\u00e9tiers<\/p>\n<p>En <strong>2020-2021<\/strong> : Nouvelle appellation : la fili\u00e8re MEI devient la <a href=\"https:\/\/site.ac-martinique.fr\/lyc-josephzobel\/?page_id=178\">PMIA\/MSPC.<\/a><\/p>\n<p>En <strong>2021-2022<\/strong> : Nouvelle fili\u00e8re <a href=\"https:\/\/site.ac-martinique.fr\/lyc-josephzobel\/?page_id=4648\">Maintenance des V\u00e9hicules Automobiles<\/a> (BAC PRO MVA).<\/p><p>Nouvelles appellations La seconde MELEC devient la seconde MTNE (M\u00e9tiers du num\u00e9rique et des transitions \u00e9nerg\u00e9tiques).<\/p>\n<p>En <strong>2022-2023<\/strong> : Ouverture de la Mention compl\u00e9mentaire (Post Bac) : \u00ab Energie Renouvelable \u00bb, option Energie Electrique (MCER).<\/p><p>Nouvelle fili\u00e8re Pilotage de Lignes de Production (BAC PRO PLP) \u2013 (en alternance).<\/p><p>Nouvelle fili\u00e8re Licence professionnelle en Maintenance de Syst\u00e8mes de Production Industrielle \u2013 (en alternance).<\/p>\nEn<strong> janvier 2024<\/strong>, le nouveau site internet du lyc\u00e9e a \u00e9t\u00e9 lanc\u00e9, arborant un design plus dynamique et contemporain, parfaitement assorti aux couleurs de l&rsquo;uniforme de l&rsquo;\u00e9tablissement.\n\n\n\n\n","protected":false},"excerpt":{"rendered":"","protected":false},"author":327,"featured_media":0,"parent":0,"menu_order":0,"comment_status":"closed","ping_status":"closed","template":"","meta":{"pagelayer_contact_templates":[],"_pagelayer_content":"","footnotes":""},"class_list":["post-5974","page","type-page","status-publish","hentry"],"_links":{"self":[{"href":"https:\/\/site.ac-martinique.fr\/lyc-josephzobel\/index.php?rest_route=\/wp\/v2\/pages\/5974","targetHints":{"allow":["GET"]}}],"collection":[{"href":"https:\/\/site.ac-martinique.fr\/lyc-josephzobel\/index.php?rest_route=\/wp\/v2\/pages"}],"about":[{"href":"https:\/\/site.ac-martinique.fr\/lyc-josephzobel\/index.php?rest_route=\/wp\/v2\/types\/page"}],"author":[{"embeddable":true,"href":"https:\/\/site.ac-martinique.fr\/lyc-josephzobel\/index.php?rest_route=\/wp\/v2\/users\/327"}],"replies":[{"embeddable":true,"href":"https:\/\/site.ac-martinique.fr\/lyc-josephzobel\/index.php?rest_route=%2Fwp%2Fv2%2Fcomments&post=5974"}],"version-history":[{"count":4,"href":"https:\/\/site.ac-martinique.fr\/lyc-josephzobel\/index.php?rest_route=\/wp\/v2\/pages\/5974\/revisions"}],"predecessor-version":[{"id":6304,"href":"https:\/\/site.ac-martinique.fr\/lyc-josephzobel\/index.php?rest_route=\/wp\/v2\/pages\/5974\/revisions\/6304"}],"wp:attachment":[{"href":"https:\/\/site.ac-martinique.fr\/lyc-josephzobel\/index.php?rest_route=%2Fwp%2Fv2%2Fmedia&parent=5974"}],"curies":[{"name":"wp","href":"https:\/\/api.w.org\/{rel}","templated":true}]}}