{"id":601,"date":"2015-12-17T14:10:44","date_gmt":"2015-12-17T18:10:44","guid":{"rendered":"\/lyc-josephzobel\/?page_id=601"},"modified":"2023-01-30T14:59:58","modified_gmt":"2023-01-30T18:59:58","slug":"carrosserie-peinture","status":"publish","type":"page","link":"https:\/\/site.ac-martinique.fr\/lyc-josephzobel\/?page_id=601","title":{"rendered":"CAP\/BEP\/BAC PRO CARROSSERIE \/ PEINTURE"},"content":{"rendered":"\n<figure class=\"wp-block-video\"><video height=\"1080\" style=\"aspect-ratio: 1920 \/ 1080;\" width=\"1920\" autoplay controls src=\"https:\/\/site.ac-martinique.fr\/lyc-josephzobel\/wp-content\/uploads\/sites\/37\/2023\/01\/Filieres-CAP-et-BAC-Pro-Reparation-des-Carrosseries-Pole-Automobile-LPO-Joseph-ZOBEL.mp4\"><\/video><\/figure>\n\n\n\n<h2 class=\"wp-block-heading\"><span style=\"color: #ff0000;\"><strong>Cap Carrosserie\/Peinture&nbsp;:<u> <\/u><\/strong><\/span><\/h2>\n\n\n\n<h3 class=\"wp-block-heading\">Le titulaire de ce CAP d\u00e9pose, r\u00e9pare et repose les \u00e9l\u00e9ments de carrosserie. Il contr\u00f4le les structures, pr\u00e9pare et r\u00e9alise la mise en peinture. Il peut travailler dans un atelier de r\u00e9paration ind\u00e9pendant ou rattach\u00e9 au r\u00e9seau d&rsquo;un constructeur, ou encore dans l&rsquo;atelier int\u00e9gr\u00e9 d&rsquo;une entreprise ou d&rsquo;une collectivit\u00e9 territoriale.<\/h3>\n\n\n\n<h3 class=\"wp-block-heading\">Par la suite, il peut choisir de se sp\u00e9cialiser dans la peinture des carrosseries ou le contr\u00f4le et la remise en ligne des structures.<\/h3>\n\n\n\n<h3 class=\"wp-block-heading\">Pour plus d&rsquo;informations :<\/h3>\n\n\n\n<h3 class=\"wp-block-heading\"><a href=\"http:\/\/www.onisep.fr\/Ressources\/Univers-Formation\/Formations\/Lycees\/CAP-Reparation-des-carrosseries\">http:\/\/www.onisep.fr\/Ressources\/Univers-Formation\/Formations\/Lycees\/CAP-Reparation-des-carrosseries<\/a><\/h3>\n\n\n\n<hr class=\"wp-block-separator has-alpha-channel-opacity\"\/>\n\n\n\n<h2 class=\"wp-block-heading\"><strong><span style=\"color: #ff0000;\">BAC PRO Carrosserie \/ Peinture&nbsp;:<\/span> <\/strong><\/h2>\n\n\n\n<h3 class=\"wp-block-heading\">Les titulaires de ce baccalaur\u00e9at professionnel sont charg\u00e9s, au sein de l&rsquo;\u00e9quipe de r\u00e9paration : d&rsquo;accueillir le&nbsp;client et de&nbsp;r\u00e9ceptionner le v\u00e9hicule ; de rep\u00e9rer ou de remplacer les \u00e9l\u00e9ments d\u00e9t\u00e9rior\u00e9s ; de contr\u00f4ler et de&nbsp;r\u00e9parer les structures ; de pr\u00e9parer et de&nbsp;r\u00e9aliser la mise en peinture des \u00e9l\u00e9ments de carrosserie ; de remettre en conformit\u00e9 le&nbsp;v\u00e9hicule avant de finaliser l&rsquo;intervention.<\/h3>\n\n\n\n<h3 class=\"wp-block-heading\">Ces techniciens contribuent par ailleurs \u00e0 l&rsquo;am\u00e9lioration de la satisfaction de la client\u00e8le en int\u00e9grant une d\u00e9marche qualit\u00e9 dans toutes leurs activit\u00e9s.<\/h3>\n\n\n\n<h3 class=\"wp-block-heading\">Ils peuvent travailler dans tout type d&rsquo;entreprise de r\u00e9paration de carrosseries de v\u00e9hicules automobiles (ateliers ind\u00e9pendants, ateliers rattach\u00e9s au r\u00e9seau d&rsquo;un constructeur ou int\u00e9gr\u00e9s \u00e0 une entreprise ou une collectivit\u00e9, ateliers de r\u00e9paration rapide)<\/h3>\n\n\n\n<h3 class=\"wp-block-heading\">Pour plus d&rsquo;informations :<\/h3>\n\n\n\n<h3 class=\"wp-block-heading\"><a href=\"http:\/\/www.onisep.fr\/Ressources\/Univers-Formation\/Formations\/Lycees\/Bac-pro-Reparation-des-carrosseries\">http:\/\/www.onisep.fr\/Ressources\/Univers-Formation\/Formations\/Lycees\/Bac-pro-Reparation-des-carrosseries<\/a><\/h3>\n","protected":false},"excerpt":{"rendered":"<p>Cap Carrosserie\/Peinture&nbsp;: Le titulaire de ce CAP d\u00e9pose, r\u00e9pare et repose les \u00e9l\u00e9ments de carrosserie. Il contr\u00f4le les structures, pr\u00e9pare et r\u00e9alise la mise en peinture. Il peut travailler dans un atelier de r\u00e9paration ind\u00e9pendant ou rattach\u00e9 au r\u00e9seau d&rsquo;un constructeur, ou encore dans l&rsquo;atelier int\u00e9gr\u00e9 d&rsquo;une entreprise ou d&rsquo;une collectivit\u00e9 territoriale. Par la suite, [&hellip;]<\/p>\n","protected":false},"author":96,"featured_media":0,"parent":0,"menu_order":0,"comment_status":"closed","ping_status":"open","template":"","meta":{"pagelayer_contact_templates":[],"_pagelayer_content":"","footnotes":""},"class_list":["post-601","page","type-page","status-publish","hentry"],"_links":{"self":[{"href":"https:\/\/site.ac-martinique.fr\/lyc-josephzobel\/index.php?rest_route=\/wp\/v2\/pages\/601","targetHints":{"allow":["GET"]}}],"collection":[{"href":"https:\/\/site.ac-martinique.fr\/lyc-josephzobel\/index.php?rest_route=\/wp\/v2\/pages"}],"about":[{"href":"https:\/\/site.ac-martinique.fr\/lyc-josephzobel\/index.php?rest_route=\/wp\/v2\/types\/page"}],"author":[{"embeddable":true,"href":"https:\/\/site.ac-martinique.fr\/lyc-josephzobel\/index.php?rest_route=\/wp\/v2\/users\/96"}],"replies":[{"embeddable":true,"href":"https:\/\/site.ac-martinique.fr\/lyc-josephzobel\/index.php?rest_route=%2Fwp%2Fv2%2Fcomments&post=601"}],"version-history":[{"count":7,"href":"https:\/\/site.ac-martinique.fr\/lyc-josephzobel\/index.php?rest_route=\/wp\/v2\/pages\/601\/revisions"}],"predecessor-version":[{"id":5417,"href":"https:\/\/site.ac-martinique.fr\/lyc-josephzobel\/index.php?rest_route=\/wp\/v2\/pages\/601\/revisions\/5417"}],"wp:attachment":[{"href":"https:\/\/site.ac-martinique.fr\/lyc-josephzobel\/index.php?rest_route=%2Fwp%2Fv2%2Fmedia&parent=601"}],"curies":[{"name":"wp","href":"https:\/\/api.w.org\/{rel}","templated":true}]}}