{"id":8004,"date":"2025-09-22T12:17:06","date_gmt":"2025-09-22T16:17:06","guid":{"rendered":"https:\/\/site.ac-martinique.fr\/lyc-josephzobel\/?page_id=8004"},"modified":"2025-10-01T15:32:35","modified_gmt":"2025-10-01T19:32:35","slug":"erasmus-consortium","status":"publish","type":"page","link":"https:\/\/site.ac-martinique.fr\/lyc-josephzobel\/?page_id=8004","title":{"rendered":"ERASMUS Consortium"},"content":{"rendered":"\n\n\n<p>Mobilit\u00e9 de groupe<\/p>\n\n\n\n<p>Stage VET Courte dur\u00e9e<\/p>\n\n\n\n<p>Mobilit\u00e9 Internationale (Hors Europe)<\/p>\n\n\n\n<p>Concours VET<\/p>\n\n\n\n<p>Visite pr\u00e9paratoire Adultes<\/p>\n\n\n\n<p>Visite Experts invit\u00e9s<\/p>\n\n\n\n<p>Cours et Formation Adultes<\/p>\n\n\n\n<p>Autres \/ observations<\/p>\n\n\n\n<h2>CONSORTIUM<\/h2>\n\n\n\n<p><\/p>\n","protected":false},"excerpt":{"rendered":"<p>Mobilit\u00e9 de groupe Stage VET Courte dur\u00e9e Mobilit\u00e9 Internationale (Hors Europe) Concours VET Visite pr\u00e9paratoire Adultes Visite Experts invit\u00e9s Cours et Formation Adultes Autres \/ observations<\/p>\n","protected":false},"author":585,"featured_media":0,"parent":0,"menu_order":0,"comment_status":"closed","ping_status":"closed","template":"","meta":{"pagelayer_contact_templates":[],"_pagelayer_content":"","footnotes":""},"class_list":["post-8004","page","type-page","status-publish","hentry"],"_links":{"self":[{"href":"https:\/\/site.ac-martinique.fr\/lyc-josephzobel\/index.php?rest_route=\/wp\/v2\/pages\/8004","targetHints":{"allow":["GET"]}}],"collection":[{"href":"https:\/\/site.ac-martinique.fr\/lyc-josephzobel\/index.php?rest_route=\/wp\/v2\/pages"}],"about":[{"href":"https:\/\/site.ac-martinique.fr\/lyc-josephzobel\/index.php?rest_route=\/wp\/v2\/types\/page"}],"author":[{"embeddable":true,"href":"https:\/\/site.ac-martinique.fr\/lyc-josephzobel\/index.php?rest_route=\/wp\/v2\/users\/585"}],"replies":[{"embeddable":true,"href":"https:\/\/site.ac-martinique.fr\/lyc-josephzobel\/index.php?rest_route=%2Fwp%2Fv2%2Fcomments&post=8004"}],"version-history":[{"count":15,"href":"https:\/\/site.ac-martinique.fr\/lyc-josephzobel\/index.php?rest_route=\/wp\/v2\/pages\/8004\/revisions"}],"predecessor-version":[{"id":8079,"href":"https:\/\/site.ac-martinique.fr\/lyc-josephzobel\/index.php?rest_route=\/wp\/v2\/pages\/8004\/revisions\/8079"}],"wp:attachment":[{"href":"https:\/\/site.ac-martinique.fr\/lyc-josephzobel\/index.php?rest_route=%2Fwp%2Fv2%2Fmedia&parent=8004"}],"curies":[{"name":"wp","href":"https:\/\/api.w.org\/{rel}","templated":true}]}}