{"id":8005,"date":"2025-09-14T18:33:24","date_gmt":"2025-09-14T22:33:24","guid":{"rendered":"https:\/\/site.ac-martinique.fr\/lyc-josephzobel\/?page_id=8005"},"modified":"2025-10-01T15:42:29","modified_gmt":"2025-10-01T19:42:29","slug":"groupement-achats","status":"publish","type":"page","link":"https:\/\/site.ac-martinique.fr\/lyc-josephzobel\/?page_id=8005","title":{"rendered":"Erasmus : Groupement ACHATS"},"content":{"rendered":"\n\n\n<p>Pr\u00e9sentation cadre g\u00e9n\u00e9rale<\/p>\n\n\n\n<p>Convention adh\u00e9sion<\/p>\n\n\n\n<p>Identifications des Besoins CCP RC<\/p>\n\n\n\n<p>Consultation DCE<\/p>\n\n\n\n<p>Publicit\u00e9 Analyse des offres<\/p>\n\n\n\n<p>Attribution <\/p>\n\n\n\n<p>Ex\u00e9cution du march\u00e9<\/p>\n\n\n\n<p><\/p>\n","protected":false},"excerpt":{"rendered":"<p>Pr\u00e9sentation cadre g\u00e9n\u00e9rale Convention adh\u00e9sion Identifications des Besoins CCP RC Consultation DCE Publicit\u00e9 Analyse des offres Attribution Ex\u00e9cution du march\u00e9<\/p>\n","protected":false},"author":585,"featured_media":0,"parent":0,"menu_order":0,"comment_status":"closed","ping_status":"closed","template":"","meta":{"pagelayer_contact_templates":[],"_pagelayer_content":"","footnotes":""},"class_list":["post-8005","page","type-page","status-publish","hentry"],"_links":{"self":[{"href":"https:\/\/site.ac-martinique.fr\/lyc-josephzobel\/index.php?rest_route=\/wp\/v2\/pages\/8005","targetHints":{"allow":["GET"]}}],"collection":[{"href":"https:\/\/site.ac-martinique.fr\/lyc-josephzobel\/index.php?rest_route=\/wp\/v2\/pages"}],"about":[{"href":"https:\/\/site.ac-martinique.fr\/lyc-josephzobel\/index.php?rest_route=\/wp\/v2\/types\/page"}],"author":[{"embeddable":true,"href":"https:\/\/site.ac-martinique.fr\/lyc-josephzobel\/index.php?rest_route=\/wp\/v2\/users\/585"}],"replies":[{"embeddable":true,"href":"https:\/\/site.ac-martinique.fr\/lyc-josephzobel\/index.php?rest_route=%2Fwp%2Fv2%2Fcomments&post=8005"}],"version-history":[{"count":14,"href":"https:\/\/site.ac-martinique.fr\/lyc-josephzobel\/index.php?rest_route=\/wp\/v2\/pages\/8005\/revisions"}],"predecessor-version":[{"id":8081,"href":"https:\/\/site.ac-martinique.fr\/lyc-josephzobel\/index.php?rest_route=\/wp\/v2\/pages\/8005\/revisions\/8081"}],"wp:attachment":[{"href":"https:\/\/site.ac-martinique.fr\/lyc-josephzobel\/index.php?rest_route=%2Fwp%2Fv2%2Fmedia&parent=8005"}],"curies":[{"name":"wp","href":"https:\/\/api.w.org\/{rel}","templated":true}]}}