{"id":4943,"date":"2023-01-08T21:14:29","date_gmt":"2023-01-09T01:14:29","guid":{"rendered":"https:\/\/site.ac-martinique.fr\/lyc-lajetee\/?page_id=4943"},"modified":"2024-09-21T18:17:46","modified_gmt":"2024-09-21T22:17:46","slug":"horaires-douverture-et-contacts","status":"publish","type":"page","link":"https:\/\/site.ac-martinique.fr\/lyc-lajetee\/?page_id=4943","title":{"rendered":"Il\u00f4t Saveurs   &#8211;                                                                                                                                                                                                                    Le restaurant p\u00e9dagogique"},"content":{"rendered":"\n<p><strong>Les mardi et jeudi midis<\/strong><\/p>\n\n\n\n<p>12h30 &#8211; 13h45<\/p>\n\n\n\n<p><strong>Les mardi et jeudi soirs<\/strong><\/p>\n\n\n\n<p>19h &#8211; 20h45<\/p>\n\n\n\n<p><strong>Les contacts<\/strong><\/p>\n\n\n\n<p><strong>Professeurs de service et commercialisation :<\/strong>&nbsp;M. MALOUNGILA, M. ABALEA, Mme LEDRON&nbsp;<\/p>\n\n\n\n<p><strong>Professeurs de production culinaire :&nbsp;<\/strong>Mme MARIE-CELINE, Mme SEJEAN et M. ROSINE<\/p>\n\n\n\n<p>Route de la Jet\u00e9e &#8211; 97240 Le Fran\u00e7ois   <\/p>\n\n\n\n<p><strong>T\u00e9l.<\/strong>&nbsp;0596 54 32 26 \/ <strong>Mail<\/strong>&nbsp;ce.9720771f@ac-martinique.fr<\/p>\n\n\n\n<p><\/p>\n","protected":false},"excerpt":{"rendered":"<p>Les mardi et jeudi midis 12h30 &#8211; 13h45 Les mardi et jeudi soirs 19h &#8211; 20h45 Les contacts Professeurs de service et commercialisation :&nbsp;M. MALOUNGILA, M. ABALEA, Mme LEDRON&nbsp; Professeurs de production culinaire :&nbsp;Mme MARIE-CELINE, Mme SEJEAN et M. ROSINE Route de la Jet\u00e9e &#8211; 97240 Le Fran\u00e7ois T\u00e9l.&nbsp;0596 54 32 26 \/ Mail&nbsp;ce.9720771f@ac-martinique.fr<\/p>\n","protected":false},"author":95,"featured_media":5453,"parent":0,"menu_order":0,"comment_status":"closed","ping_status":"closed","template":"","meta":{"footnotes":""},"class_list":["post-4943","page","type-page","status-publish","has-post-thumbnail","hentry"],"_links":{"self":[{"href":"https:\/\/site.ac-martinique.fr\/lyc-lajetee\/index.php?rest_route=\/wp\/v2\/pages\/4943","targetHints":{"allow":["GET"]}}],"collection":[{"href":"https:\/\/site.ac-martinique.fr\/lyc-lajetee\/index.php?rest_route=\/wp\/v2\/pages"}],"about":[{"href":"https:\/\/site.ac-martinique.fr\/lyc-lajetee\/index.php?rest_route=\/wp\/v2\/types\/page"}],"author":[{"embeddable":true,"href":"https:\/\/site.ac-martinique.fr\/lyc-lajetee\/index.php?rest_route=\/wp\/v2\/users\/95"}],"replies":[{"embeddable":true,"href":"https:\/\/site.ac-martinique.fr\/lyc-lajetee\/index.php?rest_route=%2Fwp%2Fv2%2Fcomments&post=4943"}],"version-history":[{"count":17,"href":"https:\/\/site.ac-martinique.fr\/lyc-lajetee\/index.php?rest_route=\/wp\/v2\/pages\/4943\/revisions"}],"predecessor-version":[{"id":5454,"href":"https:\/\/site.ac-martinique.fr\/lyc-lajetee\/index.php?rest_route=\/wp\/v2\/pages\/4943\/revisions\/5454"}],"wp:featuredmedia":[{"embeddable":true,"href":"https:\/\/site.ac-martinique.fr\/lyc-lajetee\/index.php?rest_route=\/wp\/v2\/media\/5453"}],"wp:attachment":[{"href":"https:\/\/site.ac-martinique.fr\/lyc-lajetee\/index.php?rest_route=%2Fwp%2Fv2%2Fmedia&parent=4943"}],"curies":[{"name":"wp","href":"https:\/\/api.w.org\/{rel}","templated":true}]}}