{"id":5294,"date":"2024-05-03T07:45:13","date_gmt":"2024-05-03T11:45:13","guid":{"rendered":"https:\/\/site.ac-martinique.fr\/lyc-lajetee\/?page_id=5294"},"modified":"2024-05-03T08:15:58","modified_gmt":"2024-05-03T12:15:58","slug":"la-taxe-professionnelle-au-lycee-polyvalent-la-jetee-du-francois","status":"publish","type":"page","link":"https:\/\/site.ac-martinique.fr\/lyc-lajetee\/?page_id=5294","title":{"rendered":"La  taxe professionnelle au lyc\u00e9e polyvalent la Jet\u00e9e du Fran\u00e7ois"},"content":{"rendered":"\n<p><strong>Proc\u00e9dures d\u2019entreprise<\/strong><\/p>\n\n\n\n<p>En 2024, vous serez pr\u00e9lev\u00e9 du solde de la taxe d\u2019apprentissage, suite \u00e0 votre d\u00e9claration DSN (D\u00e9claration Sociale Nominative) du mois d\u2019avril.<\/p>\n\n\n\n<p>Vous \u00eates libre de fl\u00e9cher cet imp\u00f4t obligatoire aux b\u00e9n\u00e9ficiaires de votre choix, parmi les \u00e9tablissements d\u2019enseignement habilit\u00e9s afin de soutenir la formation professionnelle et technologique.<\/p>\n\n\n\n<p>Les \u00e9tapes \u00e0 suivre&nbsp;:<\/p>\n\n\n\n<ol class=\"wp-block-list\">\n<li>Connectez-vous sur Net-Entreprises :\u00a0<a href=\"https:\/\/www.net-entreprises.fr\/\">https:\/\/www.net-entreprises.fr<\/a> pour vous enregistrer et acc\u00e9der \u00e0 la plateforme d\u00e9mat\u00e9rialis\u00e9e <strong>SOLT\u00c9A<\/strong>.<\/li>\n\n\n\n<li>Connectez-vous, puis identifier-vous sur SOLT\u00c9A gr\u00e2ce au lien suivant \u00a0<a href=\"https:\/\/www.soltea.education.gouv.fr\/espace-public\/soltea-plateforme-employeurs-solde-taxe-apprentissage\">https:\/\/www.soltea.education.gouv.fr\/espace-public\/soltea-plateforme-employeurs-solde-taxe-apprentissage<\/a>\u00a0<\/li>\n\n\n\n<li>Enregistrez le lyc\u00e9e polyvalent la Jet\u00e9e, en saisissant son code UAI : 9720771f<\/li>\n\n\n\n<li>Compl\u00e9tez le formulaire de soutien \u00e0 notre \u00e9tablissement et nous le renvoyer.<\/li>\n<\/ol>\n\n\n\n<p><strong>Proc\u00e9dure \u00e9tablissement<\/strong><\/p>\n\n\n\n<p><strong>Les \u00e9tapes \u00e0 suivre<\/strong>&nbsp;:<\/p>\n\n\n\n<ol class=\"wp-block-list\">\n<li>Le LPO La Jet\u00e9e du Fran\u00e7ois doit renouveler son habilitation \u00e0 percevoir la taxe d\u2019apprentissage aupr\u00e8s des services comp\u00e9tents de la pr\u00e9fecture de Martinique. Le DDFPT doit contacter les services ordonnateurs du rectorat d\u00e8s le\u00a0<strong>mercredi 13 D\u00e9cembre 2023<\/strong>.<\/li>\n<\/ol>\n\n\n\n<p>Date limite&nbsp;:&nbsp;<strong>19 Janvier 2024.<\/strong><\/p>\n\n\n\n<ul class=\"wp-block-list\">\n<li>Une fois la demande d\u2019habilitation effectu\u00e9e, le DDFPT  doit enregistrer le lyc\u00e9e sur la plateforme d\u00e9mat\u00e9rialis\u00e9e SOLT\u00c9A \u00e0 Effectif depuis la campagne 2023.<\/li>\n\n\n\n<li>Le bureau du DDFPT doit contacter les entreprises afin de leur soumettre sa candidature en tant que b\u00e9n\u00e9ficiaire de la taxe d\u2019apprentissage une formation en visio est pr\u00e9vue par la DRFPIC.<\/li>\n\n\n\n<li>Le bureau du DDFPT et le service gestion assurent le suivi du versement de la taxe sur SOLT\u00c9A.<\/li>\n<\/ul>\n","protected":false},"excerpt":{"rendered":"<p>Proc\u00e9dures d\u2019entreprise En 2024, vous serez pr\u00e9lev\u00e9 du solde de la taxe d\u2019apprentissage, suite \u00e0 votre d\u00e9claration DSN (D\u00e9claration Sociale Nominative) du mois d\u2019avril. Vous \u00eates libre de fl\u00e9cher cet imp\u00f4t obligatoire aux b\u00e9n\u00e9ficiaires de votre choix, parmi les \u00e9tablissements d\u2019enseignement habilit\u00e9s afin de soutenir la formation professionnelle et technologique. Les \u00e9tapes \u00e0 suivre&nbsp;: Proc\u00e9dure &hellip; <a href=\"https:\/\/site.ac-martinique.fr\/lyc-lajetee\/?page_id=5294\" class=\"more-link\">Continuer la lecture de <span class=\"screen-reader-text\">La  taxe professionnelle au lyc\u00e9e polyvalent la Jet\u00e9e du Fran\u00e7ois<\/span> <span class=\"meta-nav\">&rarr;<\/span><\/a><\/p>\n","protected":false},"author":95,"featured_media":0,"parent":0,"menu_order":0,"comment_status":"closed","ping_status":"closed","template":"","meta":{"footnotes":""},"class_list":["post-5294","page","type-page","status-publish","hentry"],"_links":{"self":[{"href":"https:\/\/site.ac-martinique.fr\/lyc-lajetee\/index.php?rest_route=\/wp\/v2\/pages\/5294","targetHints":{"allow":["GET"]}}],"collection":[{"href":"https:\/\/site.ac-martinique.fr\/lyc-lajetee\/index.php?rest_route=\/wp\/v2\/pages"}],"about":[{"href":"https:\/\/site.ac-martinique.fr\/lyc-lajetee\/index.php?rest_route=\/wp\/v2\/types\/page"}],"author":[{"embeddable":true,"href":"https:\/\/site.ac-martinique.fr\/lyc-lajetee\/index.php?rest_route=\/wp\/v2\/users\/95"}],"replies":[{"embeddable":true,"href":"https:\/\/site.ac-martinique.fr\/lyc-lajetee\/index.php?rest_route=%2Fwp%2Fv2%2Fcomments&post=5294"}],"version-history":[{"count":1,"href":"https:\/\/site.ac-martinique.fr\/lyc-lajetee\/index.php?rest_route=\/wp\/v2\/pages\/5294\/revisions"}],"predecessor-version":[{"id":5295,"href":"https:\/\/site.ac-martinique.fr\/lyc-lajetee\/index.php?rest_route=\/wp\/v2\/pages\/5294\/revisions\/5295"}],"wp:attachment":[{"href":"https:\/\/site.ac-martinique.fr\/lyc-lajetee\/index.php?rest_route=%2Fwp%2Fv2%2Fmedia&parent=5294"}],"curies":[{"name":"wp","href":"https:\/\/api.w.org\/{rel}","templated":true}]}}