{"id":5425,"date":"2024-09-14T06:53:21","date_gmt":"2024-09-14T10:53:21","guid":{"rendered":"https:\/\/site.ac-martinique.fr\/lyc-lajetee\/?page_id=5425"},"modified":"2025-12-16T12:42:40","modified_gmt":"2025-12-16T16:42:40","slug":"espace-parents","status":"publish","type":"page","link":"https:\/\/site.ac-martinique.fr\/lyc-lajetee\/?page_id=5425","title":{"rendered":"Espace Parents"},"content":{"rendered":"\n<p class=\"has-white-color has-light-orange-background-color has-text-color has-background has-link-color has-medium-font-size wp-elements-2c29b8ee0ffe3132b0b7e3f4c2cfb0a4\"><strong>Pix, c&rsquo;est aussi pour les Parents !<\/strong><\/p>\n\n\n\n<div class=\"wp-block-media-text is-stacked-on-mobile\" style=\"grid-template-columns:42% auto\"><figure class=\"wp-block-media-text__media\"><img loading=\"lazy\" decoding=\"async\" width=\"464\" height=\"287\" src=\"https:\/\/site.ac-martinique.fr\/lyc-lajetee\/wp-content\/uploads\/sites\/35\/2025\/12\/Image-parents-pix.jpg\" alt=\"\" class=\"wp-image-6043 size-full\" srcset=\"https:\/\/site.ac-martinique.fr\/lyc-lajetee\/wp-content\/uploads\/sites\/35\/2025\/12\/Image-parents-pix.jpg 464w, https:\/\/site.ac-martinique.fr\/lyc-lajetee\/wp-content\/uploads\/sites\/35\/2025\/12\/Image-parents-pix-300x186.jpg 300w\" sizes=\"auto, (max-width: 464px) 100vw, 464px\" \/><\/figure><div class=\"wp-block-media-text__content\">\n<p>Suivre plus facilement la scolarit\u00e9 de son enfant, l\u2019aider dans ses recherches en ligne, mieux le prot\u00e9ger face \u00e0 des contenus violents ou au cyberharc\u00e8lement\u2026 Ce sont aussi des comp\u00e9tences num\u00e9riques !<\/p>\n\n\n\n<p>Le num\u00e9rique, c\u2019est un oc\u00e9an d&rsquo;opportunit\u00e9s sur lequel il faut savoir naviguer et des risques qu&rsquo;il faut conna\u00eetre et savoir \u00e9viter : faites le point sur votre ma\u00eetrise et d\u00e9veloppez vos comp\u00e9tences num\u00e9riques li\u00e9es \u00e0 la parentalit\u00e9.<\/p>\n<\/div><\/div>\n\n\n\n<p><strong><strong>Vous ne savez pas par o\u00f9 commencer ? Suivez notre guide et lancez-vous dans le parcours qui vous correspond !<\/strong> <\/strong>: <a href=\"https:\/\/view.genially.com\/6793688139b577183064408a\">https:\/\/view.genially.com\/6793688139b577183064408a<\/a> <\/p>\n\n\n\n<p><strong>4 parcours de 5 minutes <\/strong>pour les parents pour se tester : <a href=\"https:\/\/pix.fr\/parents#slice-2\">https:\/\/pix.fr\/parents#slice-2<\/a> <\/p>\n\n\n\n<ul class=\"wp-block-list\">\n<li>R\u00e9agir face au cyberharc\u00e8lement<\/li>\n\n\n\n<li>Bien vivre le num\u00e9rique \u00e0 la maison<\/li>\n\n\n\n<li>\u00c0 la d\u00e9couverte du contr\u00f4le parental !<\/li>\n\n\n\n<li>Les jeux vid\u00e9o : comment accompagner mon enfant ?<\/li>\n<\/ul>\n\n\n\n<div class=\"wp-block-media-text is-stacked-on-mobile\"><figure class=\"wp-block-media-text__media\"><img loading=\"lazy\" decoding=\"async\" width=\"612\" height=\"408\" src=\"https:\/\/site.ac-martinique.fr\/lyc-lajetee\/wp-content\/uploads\/sites\/35\/2025\/12\/Parents-deleves.jpg\" alt=\"\" class=\"wp-image-6040 size-full\" srcset=\"https:\/\/site.ac-martinique.fr\/lyc-lajetee\/wp-content\/uploads\/sites\/35\/2025\/12\/Parents-deleves.jpg 612w, https:\/\/site.ac-martinique.fr\/lyc-lajetee\/wp-content\/uploads\/sites\/35\/2025\/12\/Parents-deleves-300x200.jpg 300w\" sizes=\"auto, (max-width: 612px) 100vw, 612px\" \/><\/figure><div class=\"wp-block-media-text__content\">\n<p>Parce qu&rsquo;il est important de se tenir informer de l&rsquo;actualit\u00e9 de l&rsquo;Education Nationale, rendez vous sur :   <a href=\"https:\/\/www.education.gouv.fr\/\">https:\/\/www.education.gouv.fr\/<\/a>                                                                                        <\/p>\n<\/div><\/div>\n\n\n\n<p class=\"has-white-color has-text-color has-background has-link-color has-medium-font-size wp-elements-bc84f970c4bf9d59abe07946a0426d62\" style=\"background:linear-gradient(135deg,rgb(233,139,41) 30%,rgb(238,179,95) 52%)\"><strong>Educonnect et l&rsquo;ENT Colibri<\/strong><\/p>\n\n\n\n<p>Le compte unique EduConnect remplace les identifiants et mot de passe utilis\u00e9s jusqu\u2019\u00e0 pr\u00e9sent par les \u00e9l\u00e8ves et leurs parents.&nbsp;Il<strong>&nbsp;simplifie pour les parents l\u2019acc\u00e8s au suivi et \u00e0 l\u2019accompagnement de la scolarit\u00e9 des enfants et donne acc\u00e8s pour les \u00e9l\u00e8ves \u00e0 l\u2019ensemble des services num\u00e9riques de l\u2019\u00e9cole au lyc\u00e9e.<\/strong><\/p>\n\n\n\n<p>Articul\u00e9 avec le syst\u00e8me FranceConnect, le compte <strong>EduConnect<\/strong>&nbsp;permet l&rsquo;acc\u00e8s&nbsp;:<\/p>\n\n\n\n<ul class=\"wp-block-list\">\n<li>au<strong>&nbsp;portail Scolarit\u00e9 Services&nbsp;<\/strong>du minist\u00e8re \u00e0 l\u2019adresse&nbsp;<a href=\"https:\/\/teleservices.education.gouv.fr\/\" target=\"_blank\" rel=\"noreferrer noopener\">teleservices.education.gouv.fr<\/a>&nbsp;pour effectuer des d\u00e9marches en ligne (par exemple demandes de bourses, orientation, inscription) ou consulter le livret scolaire ;<\/li>\n\n\n\n<li>\u00e0 l\u2019<strong>espace num\u00e9rique de travail (ENT)<\/strong>&nbsp;de l\u2019\u00e9tablissement ou d\u2019autres services (se renseigner aupr\u00e8s de l\u2019\u00e9tablissement).<\/li>\n<\/ul>\n\n\n\n<p>Comment faire pour se connecter ? On vous dit tout ici <\/p>\n\n\n\n<div data-wp-interactive=\"core\/file\" class=\"wp-block-file\"><object data-wp-bind--hidden=\"!state.hasPdfPreview\" hidden class=\"wp-block-file__embed\" data=\"https:\/\/site.ac-martinique.fr\/lyc-lajetee\/wp-content\/uploads\/sites\/35\/2024\/09\/2021_Educonnect-infographie.pdf\" type=\"application\/pdf\" style=\"width:100%;height:600px\" aria-label=\"Contenu embarqu\u00e9 2021_Educonnect-infographie.\"><\/object><a id=\"wp-block-file--media-6db56a72-3e6c-477e-93d7-6590adb75733\" href=\"https:\/\/site.ac-martinique.fr\/lyc-lajetee\/wp-content\/uploads\/sites\/35\/2024\/09\/2021_Educonnect-infographie.pdf\">2021_Educonnect-infographie<\/a><a href=\"https:\/\/site.ac-martinique.fr\/lyc-lajetee\/wp-content\/uploads\/sites\/35\/2024\/09\/2021_Educonnect-infographie.pdf\" class=\"wp-block-file__button wp-element-button\" download aria-describedby=\"wp-block-file--media-6db56a72-3e6c-477e-93d7-6590adb75733\">T\u00e9l\u00e9charger<\/a><\/div>\n","protected":false},"excerpt":{"rendered":"<p>Pix, c&rsquo;est aussi pour les Parents ! Suivre plus facilement la scolarit\u00e9 de son enfant, l\u2019aider dans ses recherches en ligne, mieux le prot\u00e9ger face \u00e0 des contenus violents ou au cyberharc\u00e8lement\u2026 Ce sont aussi des comp\u00e9tences num\u00e9riques ! Le num\u00e9rique, c\u2019est un oc\u00e9an d&rsquo;opportunit\u00e9s sur lequel il faut savoir naviguer et des risques qu&rsquo;il &hellip; <a href=\"https:\/\/site.ac-martinique.fr\/lyc-lajetee\/?page_id=5425\" class=\"more-link\">Continuer la lecture de <span class=\"screen-reader-text\">Espace Parents<\/span> <span class=\"meta-nav\">&rarr;<\/span><\/a><\/p>\n","protected":false},"author":95,"featured_media":5439,"parent":0,"menu_order":0,"comment_status":"closed","ping_status":"closed","template":"","meta":{"footnotes":""},"class_list":["post-5425","page","type-page","status-publish","has-post-thumbnail","hentry"],"_links":{"self":[{"href":"https:\/\/site.ac-martinique.fr\/lyc-lajetee\/index.php?rest_route=\/wp\/v2\/pages\/5425","targetHints":{"allow":["GET"]}}],"collection":[{"href":"https:\/\/site.ac-martinique.fr\/lyc-lajetee\/index.php?rest_route=\/wp\/v2\/pages"}],"about":[{"href":"https:\/\/site.ac-martinique.fr\/lyc-lajetee\/index.php?rest_route=\/wp\/v2\/types\/page"}],"author":[{"embeddable":true,"href":"https:\/\/site.ac-martinique.fr\/lyc-lajetee\/index.php?rest_route=\/wp\/v2\/users\/95"}],"replies":[{"embeddable":true,"href":"https:\/\/site.ac-martinique.fr\/lyc-lajetee\/index.php?rest_route=%2Fwp%2Fv2%2Fcomments&post=5425"}],"version-history":[{"count":4,"href":"https:\/\/site.ac-martinique.fr\/lyc-lajetee\/index.php?rest_route=\/wp\/v2\/pages\/5425\/revisions"}],"predecessor-version":[{"id":6044,"href":"https:\/\/site.ac-martinique.fr\/lyc-lajetee\/index.php?rest_route=\/wp\/v2\/pages\/5425\/revisions\/6044"}],"wp:featuredmedia":[{"embeddable":true,"href":"https:\/\/site.ac-martinique.fr\/lyc-lajetee\/index.php?rest_route=\/wp\/v2\/media\/5439"}],"wp:attachment":[{"href":"https:\/\/site.ac-martinique.fr\/lyc-lajetee\/index.php?rest_route=%2Fwp%2Fv2%2Fmedia&parent=5425"}],"curies":[{"name":"wp","href":"https:\/\/api.w.org\/{rel}","templated":true}]}}