{"id":5803,"date":"2025-06-16T12:19:51","date_gmt":"2025-06-16T16:19:51","guid":{"rendered":"https:\/\/site.ac-martinique.fr\/lyc-lajetee\/?page_id=5803"},"modified":"2025-06-17T15:48:06","modified_gmt":"2025-06-17T19:48:06","slug":"rentree-scolaire-2025-bourses-scolaires","status":"publish","type":"page","link":"https:\/\/site.ac-martinique.fr\/lyc-lajetee\/?page_id=5803","title":{"rendered":"Rentr\u00e9e scolaire 2025                   Bourses scolaires"},"content":{"rendered":"\n<p><strong><mark style=\"background-color:rgba(0, 0, 0, 0)\" class=\"has-inline-color has-red-color\">Rappel important<\/mark><\/strong> : La demande de bourse n\u2019est pas reconductible, la demande doit \u00eatre faite chaque ann\u00e9e. Trois possibilit\u00e9s pour faire cette demande : <\/p>\n\n\n\n<figure class=\"wp-block-image size-full\"><a href=\"https:\/\/site.ac-martinique.fr\/lyc-lajetee\/wp-content\/uploads\/sites\/35\/2025\/06\/3-facons-bourses-scolaires.png\"><img loading=\"lazy\" decoding=\"async\" width=\"821\" height=\"423\" src=\"https:\/\/site.ac-martinique.fr\/lyc-lajetee\/wp-content\/uploads\/sites\/35\/2025\/06\/3-facons-bourses-scolaires.png\" alt=\"\" class=\"wp-image-5804\" srcset=\"https:\/\/site.ac-martinique.fr\/lyc-lajetee\/wp-content\/uploads\/sites\/35\/2025\/06\/3-facons-bourses-scolaires.png 821w, https:\/\/site.ac-martinique.fr\/lyc-lajetee\/wp-content\/uploads\/sites\/35\/2025\/06\/3-facons-bourses-scolaires-300x155.png 300w, https:\/\/site.ac-martinique.fr\/lyc-lajetee\/wp-content\/uploads\/sites\/35\/2025\/06\/3-facons-bourses-scolaires-768x396.png 768w\" sizes=\"auto, (max-width: 821px) 100vw, 821px\" \/><\/a><\/figure>\n\n\n\n<p>1 &#8211; Vous trouverez des informations suppl\u00e9mentaires en cliquant <a href=\"https:\/\/site.ac-martinique.fr\/lyc-lajetee\/wp-content\/uploads\/sites\/35\/2025\/06\/flyer-inscription-lyc-e-2025-227034-1.pdf\"> <strong>ici<\/strong><\/a> pour t\u00e9l\u00e9charger le document. <\/p>\n\n\n\n<p>2 &#8211; La fiche de renseignement est \u00e0 remettre obligatoirement \u00e0 l&rsquo;administration lors de l&rsquo;inscription de votre enfant, vous pouvez la t\u00e9l\u00e9charger <strong><a href=\"https:\/\/site.ac-martinique.fr\/lyc-lajetee\/wp-content\/uploads\/sites\/35\/2025\/06\/Bourse-FICHE-DE-RENSEIGNEMENTS-2025-2026.pdf\">ici<\/a><\/strong> <\/p>\n\n\n\n<p>3 &#8211; Cliquez et t\u00e9l\u00e9charger les instructions <strong><a href=\"https:\/\/site.ac-martinique.fr\/lyc-lajetee\/wp-content\/uploads\/sites\/35\/2025\/06\/Dossier-de-bourse-de-lycee-2025-2026.pdf\">ici <\/a><\/strong>pour faire la demande de bourse.<\/p>\n\n\n\n<p><\/p>\n","protected":false},"excerpt":{"rendered":"<p>Rappel important : La demande de bourse n\u2019est pas reconductible, la demande doit \u00eatre faite chaque ann\u00e9e. Trois possibilit\u00e9s pour faire cette demande : 1 &#8211; Vous trouverez des informations suppl\u00e9mentaires en cliquant ici pour t\u00e9l\u00e9charger le document. 2 &#8211; La fiche de renseignement est \u00e0 remettre obligatoirement \u00e0 l&rsquo;administration lors de l&rsquo;inscription de votre &hellip; <a href=\"https:\/\/site.ac-martinique.fr\/lyc-lajetee\/?page_id=5803\" class=\"more-link\">Continuer la lecture de <span class=\"screen-reader-text\">Rentr\u00e9e scolaire 2025                   Bourses scolaires<\/span> <span class=\"meta-nav\">&rarr;<\/span><\/a><\/p>\n","protected":false},"author":95,"featured_media":0,"parent":0,"menu_order":0,"comment_status":"closed","ping_status":"closed","template":"","meta":{"footnotes":""},"class_list":["post-5803","page","type-page","status-publish","hentry"],"_links":{"self":[{"href":"https:\/\/site.ac-martinique.fr\/lyc-lajetee\/index.php?rest_route=\/wp\/v2\/pages\/5803","targetHints":{"allow":["GET"]}}],"collection":[{"href":"https:\/\/site.ac-martinique.fr\/lyc-lajetee\/index.php?rest_route=\/wp\/v2\/pages"}],"about":[{"href":"https:\/\/site.ac-martinique.fr\/lyc-lajetee\/index.php?rest_route=\/wp\/v2\/types\/page"}],"author":[{"embeddable":true,"href":"https:\/\/site.ac-martinique.fr\/lyc-lajetee\/index.php?rest_route=\/wp\/v2\/users\/95"}],"replies":[{"embeddable":true,"href":"https:\/\/site.ac-martinique.fr\/lyc-lajetee\/index.php?rest_route=%2Fwp%2Fv2%2Fcomments&post=5803"}],"version-history":[{"count":3,"href":"https:\/\/site.ac-martinique.fr\/lyc-lajetee\/index.php?rest_route=\/wp\/v2\/pages\/5803\/revisions"}],"predecessor-version":[{"id":5828,"href":"https:\/\/site.ac-martinique.fr\/lyc-lajetee\/index.php?rest_route=\/wp\/v2\/pages\/5803\/revisions\/5828"}],"wp:attachment":[{"href":"https:\/\/site.ac-martinique.fr\/lyc-lajetee\/index.php?rest_route=%2Fwp%2Fv2%2Fmedia&parent=5803"}],"curies":[{"name":"wp","href":"https:\/\/api.w.org\/{rel}","templated":true}]}}