{"id":5868,"date":"2026-02-26T10:07:02","date_gmt":"2026-02-26T14:07:02","guid":{"rendered":"https:\/\/site.ac-martinique.fr\/lyc-lajetee\/?page_id=5868"},"modified":"2026-02-26T10:07:03","modified_gmt":"2026-02-26T14:07:03","slug":"europe-echanges","status":"publish","type":"page","link":"https:\/\/site.ac-martinique.fr\/lyc-lajetee\/?page_id=5868","title":{"rendered":"Europe &#8211; \u00c9changes &#8211; Projets"},"content":{"rendered":"\n<p><em>Cette page est d\u00e9di\u00e9e aux \u00e9changes avec d&rsquo;autres \u00e9tablissements scolaires<\/em><\/p>\n\n\n\n<p class=\"has-white-color has-light-orange-background-color has-text-color has-background has-link-color has-medium-font-size wp-elements-cec5ce36a6bdfb8a1aa06ce387caa226\"><strong>Erasmus+ : une immersion artistique et europ\u00e9enne \u00e0 La Palma<\/strong><\/p>\n\n\n\n<p>Du <strong>12 au 21 janvier 2026<\/strong>, dix \u00e9l\u00e8ves de Terminale de notre lyc\u00e9e ont particip\u00e9 \u00e0 une mobilit\u00e9 sur l\u2019\u00eele de La Palma, aux Canaries dans le cadre du projet Erasmus+ \u00ab\u00a0Les expressions artistiques au-del\u00e0 de nos fronti\u00e8res insulaires\u00a0\u00bb. Ce s\u00e9jour, organis\u00e9 en partenariat avec la Escuela de Arte Manolo Blahnik, avait pour objectif de d\u00e9velopper les comp\u00e9tences linguistiques, interculturelles, num\u00e9riques et citoyennes des \u00e9l\u00e8ves \u00e0 travers une immersion artistique et culturelle.<\/p>\n\n\n\n<p>Tout au long de la semaine, les \u00e9l\u00e8ves ont pris part \u00e0 de nombreuses activit\u00e9s : dessin en plein air dans le cadre du projet \u00ab&nbsp;Urban Sketchers&nbsp;\u00bb sur une place de Santa Cruz de La Palma, d\u00e9couverte du langage silbado (langage siffl\u00e9 traditionnel), ateliers artistiques, visite des mus\u00e9es ou encore cr\u00e9ation \u00e0 partir de cendres volcaniques, de teintures naturelles ou d\u2019\u00e9cailles de poissons. Ces exp\u00e9riences ont permis aux \u00e9l\u00e8ves d\u2019explorer le lien entre art, territoire et identit\u00e9, tout en d\u00e9veloppant leur cr\u00e9ativit\u00e9 et leur esprit critique.<\/p>\n\n\n\n<p>L\u2019immersion en famille d\u2019accueil et les \u00e9changes quotidiens avec les \u00e9l\u00e8ves canariens ont constitu\u00e9 un v\u00e9ritable levier pour progresser en espagnol. Les \u00e9l\u00e8ves ont gagn\u00e9 en fluidit\u00e9, en confiance et en autonomie dans la communication orale.<\/p>\n\n\n\n<p>La pr\u00e9sentation de la Martinique devant leurs correspondants a \u00e9galement \u00e9t\u00e9 un moment fort, valorisant leur capacit\u00e9 \u00e0 repr\u00e9senter leur territoire et \u00e0 partager leur culture.<\/p>\n\n\n\n<p>Au-del\u00e0 des apprentissages linguistiques et artistiques, cette mobilit\u00e9 a \u00e9t\u00e9 une exp\u00e9rience humaine riche. Les \u00e9l\u00e8ves ont d\u00e9couvert concr\u00e8tement les valeurs europ\u00e9ennes de tol\u00e9rance, de respect et d\u2019inclusion, notamment \u00e0 travers des ateliers autour de la langue des signes et des projets artistiques engag\u00e9s.<\/p>\n\n\n\n<p>Cette mobilit\u00e9 Erasmus+ illustre pleinement l\u2019engagement de notre lyc\u00e9e en faveur d\u2019une \u00e9ducation europ\u00e9enne, inclusive et tourn\u00e9e vers l\u2019avenir.<\/p>\n\n\n\n<p><mark style=\"background-color:rgba(0, 0, 0, 0)\" class=\"has-inline-color has-medium-orange-color\"><strong><a href=\"https:\/\/www.canva.com\/design\/DAHBsAXZtT4\/-p0mUrJadqrQomPGySZtqQ\/watch?utm_content=DAHBsAXZtT4&amp;utm_campaign=designshare&amp;utm_medium=link2&amp;utm_source=uniquelinks&amp;utlId=h645f1643ff\">Retour en images sur cette mobilit\u00e9<\/a><\/strong><\/mark><\/p>\n\n\n\n<p class=\"has-off-white-color has-yellow-background-color has-text-color has-background has-link-color has-medium-font-size wp-elements-6c5c1e2d0e87ab860e4f71c802479591\"><strong>\u00ab Sinton\u00eda escolar \u00bb,&nbsp; un premier podcast pour c\u00e9l\u00e9brer la collaboration \u00e9ducative en Martinique  <\/strong><\/p>\n\n\n\n<div class=\"wp-block-media-text is-stacked-on-mobile\" style=\"grid-template-columns:37% auto\"><figure class=\"wp-block-media-text__media\"><img loading=\"lazy\" decoding=\"async\" width=\"1024\" height=\"1024\" src=\"https:\/\/site.ac-martinique.fr\/lyc-lajetee\/wp-content\/uploads\/sites\/35\/2025\/12\/interview-8837981_1280-1024x1024.png\" alt=\"\" class=\"wp-image-6024 size-full\" srcset=\"https:\/\/site.ac-martinique.fr\/lyc-lajetee\/wp-content\/uploads\/sites\/35\/2025\/12\/interview-8837981_1280-1024x1024.png 1024w, https:\/\/site.ac-martinique.fr\/lyc-lajetee\/wp-content\/uploads\/sites\/35\/2025\/12\/interview-8837981_1280-300x300.png 300w, https:\/\/site.ac-martinique.fr\/lyc-lajetee\/wp-content\/uploads\/sites\/35\/2025\/12\/interview-8837981_1280-150x150.png 150w, https:\/\/site.ac-martinique.fr\/lyc-lajetee\/wp-content\/uploads\/sites\/35\/2025\/12\/interview-8837981_1280-768x768.png 768w, https:\/\/site.ac-martinique.fr\/lyc-lajetee\/wp-content\/uploads\/sites\/35\/2025\/12\/interview-8837981_1280.png 1280w\" sizes=\"auto, (max-width: 1024px) 100vw, 1024px\" \/><\/figure><div class=\"wp-block-media-text__content\">\n<p>Le projet \u00ab <strong>Sinton\u00eda escolar<\/strong> \u00bb                                                                                               Fruit d\u2019une collaboration in\u00e9dite entre cinq \u00e9tablissements scolaires de Martinique  : <strong>les coll\u00e8ges<\/strong> Jane Nardal du Diamant, \u00c9douard Glissant du Lamentin, Terreville de Schoelcher et<strong> les lyc\u00e9es <\/strong>La Jet\u00e9e du Fran\u00e7ois et Nord Atlantique de Sainte Marie), a franchi une \u00e9tape majeure avec la publication de son premier podcast.     <\/p>\n\n\n\n<p>Ce projet vise \u00e0 renforcer les comp\u00e9tences linguistiques et num\u00e9riques des \u00e9l\u00e8ves, tout en favorisant les \u00e9changes interculturels entre les \u00e9tablissements participants et la connaissance&nbsp;des cultures hispanophones notamment celles de la Cara\u00efbe.                                                                                            <\/p>\n<\/div><\/div>\n\n\n\n<p><strong>\u00ab Sinton\u00eda escolar \u00bb<\/strong> s\u2019inscrit dans une d\u00e9marche d\u2019innovation p\u00e9dagogique, combinant l\u2019apprentissage de l\u2019espagnol avec des outils num\u00e9riques modernes et particuli\u00e8rement la webradio. Les \u00e9l\u00e8ves, encadr\u00e9s par leurs enseignants, ont travaill\u00e9 en \u00e9quipe pour concevoir un podcast bilingue. <\/p>\n\n\n\n<p>Ce format permet de d\u00e9velopper des comp\u00e9tences vari\u00e9es :<\/p>\n\n\n\n<ul class=\"wp-block-list\">\n<li>Linguistiques : Pratique de l\u2019espagnol dans un contexte authentique et cr\u00e9atif.<\/li>\n\n\n\n<li>Num\u00e9riques : Utilisation de logiciels de montage audio et de plateformes collaboratives.<\/li>\n\n\n\n<li>Transversales : Travail d\u2019\u00e9quipe, recherche documentaire, et expression orale.<\/li>\n<\/ul>\n\n\n\n<p>Le premier podcast intitul\u00e9 \u201c\u00bf<strong>Qui\u00e9nes somos<\/strong>?\u201d donne l&rsquo;occasion aux \u00e9l\u00e8ves participants de se pr\u00e9senter et de parler de leurs \u00e9tablissements. Les prochains podcasts&nbsp;aborderont des th\u00e8mes vari\u00e9s, allant de la culture hispanophone \u00e0 des sujets d\u2019actualit\u00e9, en passant par des interviews et des cr\u00e9ations sonores originales.<\/p>\n\n\n\n<p>Les cinq \u00e9tablissements partenaires, r\u00e9partis sur l\u2019\u00eele, ont uni leurs forces pour mener \u00e0 bien ce projet. Chaque enseignant membre du projet a r\u00e9uni des \u00e9l\u00e8ves volontaires et a contribu\u00e9 \u00e0 une partie du podcast. Cette collaboration a \u00e9galement permis aux \u00e9l\u00e8ves de d\u00e9couvrir d\u2019autres r\u00e9alit\u00e9s \u00e9ducatives et culturelles en Martinique, renfor\u00e7ant ainsi leur ouverture d\u2019esprit.<\/p>\n\n\n\n<p>Le premier podcast de \u201c<strong>Sinton\u00eda escolar<\/strong>\u201d : <\/p>\n\n\n\n<div class=\"wp-block-media-text is-stacked-on-mobile\" style=\"grid-template-columns:32% auto\"><figure class=\"wp-block-media-text__media\"><img loading=\"lazy\" decoding=\"async\" width=\"266\" height=\"158\" src=\"https:\/\/site.ac-martinique.fr\/lyc-lajetee\/wp-content\/uploads\/sites\/35\/2025\/12\/Radio-espagnole.png\" alt=\"\" class=\"wp-image-6034 size-full\"\/><\/figure><div class=\"wp-block-media-text__content\">\n<p><strong>Pour \u00e9couter le podcast  <\/strong><a href=\"https:\/\/digipad.app\/p\/1484737\/14aa56c3314b8\">https:\/\/digipad.app\/p\/1484737\/14aa56c3314b8<\/a><\/p>\n<\/div><\/div>\n\n\n\n<p>\u00ab <strong>Sinton\u00eda escolar<\/strong> \u00bb illustre parfaitement comment l\u2019innovation p\u00e9dagogique et la collaboration peuvent transformer l\u2019apprentissage des langues. En associant cr\u00e9ativit\u00e9, technologie et travail d\u2019\u00e9quipe, ce projet offre aux \u00e9l\u00e8ves une exp\u00e9rience unique, tout en renfor\u00e7ant les liens entre les \u00e9tablissements de Martinique.<\/p>\n\n\n\n<p class=\"has-off-white-color has-yellow-background-color has-text-color has-background has-link-color has-medium-font-size wp-elements-15845e5314008b8cae34b95435379847\"><strong><mark style=\"background-color:rgba(0, 0, 0, 0)\" class=\"has-inline-color has-medium-orange-color\">Une semaine d\u2019\u00e9change inoubliable<\/mark><\/strong> <\/p>\n\n\n\n<p>Du 13 au 19 mai 2025, le lyc\u00e9e La Jet\u00e9e de Le Fran\u00e7ois a accueilli un groupe d\u2019\u00e9l\u00e8ves venus de l\u2019Escuela de Arte Manolo Blahnik de La Palma, aux \u00eeles Canaries, dans le cadre du projet Erasmus+ \u00ab\u00a0Teatro sin fronteras\u00a0\u00bb.<\/p>\n\n\n\n<p>Pendant une semaine riche en \u00e9motions et en d\u00e9couvertes, les lyc\u00e9ens martiniquais et canariens ont partag\u00e9 des moments forts&nbsp;: ateliers d&rsquo;improvisation, r\u00e9p\u00e9titions, visites culturelles, \u00e9changes linguistiques. Quelle belle aventure humaine&nbsp;! Ce projet a non seulement permis aux \u00e9l\u00e8ves de d\u00e9velopper leurs comp\u00e9tences artistiques, mais aussi de tisser des liens durables au-del\u00e0 des fronti\u00e8res.<\/p>\n\n\n\n<p>Cette aventure humaine et culturelle a \u00e9t\u00e9 rendue possible gr\u00e2ce au soutien du Lyc\u00e9e la Jet\u00e9e du Fran\u00e7ois, du programme Erasmus+ et \u00e0 l\u2019engagement des \u00e9quipes p\u00e9dagogiques des deux \u00e9tablissements.<\/p>\n\n\n\n<figure class=\"wp-block-gallery has-nested-images columns-default is-cropped wp-block-gallery-1 is-layout-flex wp-block-gallery-is-layout-flex\">\n<figure class=\"wp-block-image size-large\"><a href=\"https:\/\/site.ac-martinique.fr\/lyc-lajetee\/wp-content\/uploads\/sites\/35\/2025\/06\/Une-semaine-inoubliable.jpeg\"><img loading=\"lazy\" decoding=\"async\" width=\"819\" height=\"1024\" data-id=\"5884\" src=\"https:\/\/site.ac-martinique.fr\/lyc-lajetee\/wp-content\/uploads\/sites\/35\/2025\/06\/Une-semaine-inoubliable-819x1024.jpeg\" alt=\"\" class=\"wp-image-5884\" srcset=\"https:\/\/site.ac-martinique.fr\/lyc-lajetee\/wp-content\/uploads\/sites\/35\/2025\/06\/Une-semaine-inoubliable-819x1024.jpeg 819w, https:\/\/site.ac-martinique.fr\/lyc-lajetee\/wp-content\/uploads\/sites\/35\/2025\/06\/Une-semaine-inoubliable-240x300.jpeg 240w, https:\/\/site.ac-martinique.fr\/lyc-lajetee\/wp-content\/uploads\/sites\/35\/2025\/06\/Une-semaine-inoubliable-768x960.jpeg 768w, https:\/\/site.ac-martinique.fr\/lyc-lajetee\/wp-content\/uploads\/sites\/35\/2025\/06\/Une-semaine-inoubliable.jpeg 1080w\" sizes=\"auto, (max-width: 819px) 100vw, 819px\" \/><\/a><\/figure>\n\n\n\n<figure class=\"wp-block-image size-large\"><a href=\"https:\/\/site.ac-martinique.fr\/lyc-lajetee\/wp-content\/uploads\/sites\/35\/2025\/06\/Une-semaine-inoubliable-2.jpeg\"><img loading=\"lazy\" decoding=\"async\" width=\"819\" height=\"1024\" data-id=\"5882\" src=\"https:\/\/site.ac-martinique.fr\/lyc-lajetee\/wp-content\/uploads\/sites\/35\/2025\/06\/Une-semaine-inoubliable-2-819x1024.jpeg\" alt=\"\" class=\"wp-image-5882\" srcset=\"https:\/\/site.ac-martinique.fr\/lyc-lajetee\/wp-content\/uploads\/sites\/35\/2025\/06\/Une-semaine-inoubliable-2-819x1024.jpeg 819w, https:\/\/site.ac-martinique.fr\/lyc-lajetee\/wp-content\/uploads\/sites\/35\/2025\/06\/Une-semaine-inoubliable-2-240x300.jpeg 240w, https:\/\/site.ac-martinique.fr\/lyc-lajetee\/wp-content\/uploads\/sites\/35\/2025\/06\/Une-semaine-inoubliable-2-768x960.jpeg 768w, https:\/\/site.ac-martinique.fr\/lyc-lajetee\/wp-content\/uploads\/sites\/35\/2025\/06\/Une-semaine-inoubliable-2.jpeg 1080w\" sizes=\"auto, (max-width: 819px) 100vw, 819px\" \/><\/a><\/figure>\n\n\n\n<figure class=\"wp-block-image size-large\"><a href=\"https:\/\/site.ac-martinique.fr\/lyc-lajetee\/wp-content\/uploads\/sites\/35\/2025\/06\/Une-semaine-inoubliable-3.jpeg\"><img loading=\"lazy\" decoding=\"async\" width=\"794\" height=\"990\" data-id=\"5883\" src=\"https:\/\/site.ac-martinique.fr\/lyc-lajetee\/wp-content\/uploads\/sites\/35\/2025\/06\/Une-semaine-inoubliable-3.jpeg\" alt=\"\" class=\"wp-image-5883\" srcset=\"https:\/\/site.ac-martinique.fr\/lyc-lajetee\/wp-content\/uploads\/sites\/35\/2025\/06\/Une-semaine-inoubliable-3.jpeg 794w, https:\/\/site.ac-martinique.fr\/lyc-lajetee\/wp-content\/uploads\/sites\/35\/2025\/06\/Une-semaine-inoubliable-3-241x300.jpeg 241w, https:\/\/site.ac-martinique.fr\/lyc-lajetee\/wp-content\/uploads\/sites\/35\/2025\/06\/Une-semaine-inoubliable-3-768x958.jpeg 768w\" sizes=\"auto, (max-width: 794px) 100vw, 794px\" \/><\/a><\/figure>\n<\/figure>\n\n\n\n<figure class=\"wp-block-gallery has-nested-images columns-default is-cropped wp-block-gallery-2 is-layout-flex wp-block-gallery-is-layout-flex\">\n<figure class=\"wp-block-image size-large\"><a href=\"https:\/\/site.ac-martinique.fr\/lyc-lajetee\/wp-content\/uploads\/sites\/35\/2025\/06\/Une-semaine-inoubliable-4.jpeg\"><img loading=\"lazy\" decoding=\"async\" width=\"819\" height=\"1024\" data-id=\"5886\" src=\"https:\/\/site.ac-martinique.fr\/lyc-lajetee\/wp-content\/uploads\/sites\/35\/2025\/06\/Une-semaine-inoubliable-4-819x1024.jpeg\" alt=\"\" class=\"wp-image-5886\" srcset=\"https:\/\/site.ac-martinique.fr\/lyc-lajetee\/wp-content\/uploads\/sites\/35\/2025\/06\/Une-semaine-inoubliable-4-819x1024.jpeg 819w, https:\/\/site.ac-martinique.fr\/lyc-lajetee\/wp-content\/uploads\/sites\/35\/2025\/06\/Une-semaine-inoubliable-4-240x300.jpeg 240w, https:\/\/site.ac-martinique.fr\/lyc-lajetee\/wp-content\/uploads\/sites\/35\/2025\/06\/Une-semaine-inoubliable-4-768x960.jpeg 768w, https:\/\/site.ac-martinique.fr\/lyc-lajetee\/wp-content\/uploads\/sites\/35\/2025\/06\/Une-semaine-inoubliable-4.jpeg 1080w\" sizes=\"auto, (max-width: 819px) 100vw, 819px\" \/><\/a><\/figure>\n\n\n\n<figure class=\"wp-block-image size-large\"><a href=\"https:\/\/site.ac-martinique.fr\/lyc-lajetee\/wp-content\/uploads\/sites\/35\/2025\/06\/Une-semaine-inoubliable-5.jpeg\"><img loading=\"lazy\" decoding=\"async\" width=\"819\" height=\"1024\" data-id=\"5888\" src=\"https:\/\/site.ac-martinique.fr\/lyc-lajetee\/wp-content\/uploads\/sites\/35\/2025\/06\/Une-semaine-inoubliable-5-819x1024.jpeg\" alt=\"\" class=\"wp-image-5888\" srcset=\"https:\/\/site.ac-martinique.fr\/lyc-lajetee\/wp-content\/uploads\/sites\/35\/2025\/06\/Une-semaine-inoubliable-5-819x1024.jpeg 819w, https:\/\/site.ac-martinique.fr\/lyc-lajetee\/wp-content\/uploads\/sites\/35\/2025\/06\/Une-semaine-inoubliable-5-240x300.jpeg 240w, https:\/\/site.ac-martinique.fr\/lyc-lajetee\/wp-content\/uploads\/sites\/35\/2025\/06\/Une-semaine-inoubliable-5-768x960.jpeg 768w, https:\/\/site.ac-martinique.fr\/lyc-lajetee\/wp-content\/uploads\/sites\/35\/2025\/06\/Une-semaine-inoubliable-5.jpeg 1080w\" sizes=\"auto, (max-width: 819px) 100vw, 819px\" \/><\/a><\/figure>\n\n\n\n<figure class=\"wp-block-image size-large\"><a href=\"https:\/\/site.ac-martinique.fr\/lyc-lajetee\/wp-content\/uploads\/sites\/35\/2025\/06\/Une-semaine-inoubliable-6.jpeg\"><img loading=\"lazy\" decoding=\"async\" width=\"819\" height=\"1024\" data-id=\"5885\" src=\"https:\/\/site.ac-martinique.fr\/lyc-lajetee\/wp-content\/uploads\/sites\/35\/2025\/06\/Une-semaine-inoubliable-6-819x1024.jpeg\" alt=\"\" class=\"wp-image-5885\" srcset=\"https:\/\/site.ac-martinique.fr\/lyc-lajetee\/wp-content\/uploads\/sites\/35\/2025\/06\/Une-semaine-inoubliable-6-819x1024.jpeg 819w, https:\/\/site.ac-martinique.fr\/lyc-lajetee\/wp-content\/uploads\/sites\/35\/2025\/06\/Une-semaine-inoubliable-6-240x300.jpeg 240w, https:\/\/site.ac-martinique.fr\/lyc-lajetee\/wp-content\/uploads\/sites\/35\/2025\/06\/Une-semaine-inoubliable-6-768x960.jpeg 768w, https:\/\/site.ac-martinique.fr\/lyc-lajetee\/wp-content\/uploads\/sites\/35\/2025\/06\/Une-semaine-inoubliable-6.jpeg 1080w\" sizes=\"auto, (max-width: 819px) 100vw, 819px\" \/><\/a><\/figure>\n\n\n\n<figure class=\"wp-block-image size-large\"><a href=\"https:\/\/site.ac-martinique.fr\/lyc-lajetee\/wp-content\/uploads\/sites\/35\/2025\/06\/Une-semaine-inoubliable-7.jpeg\"><img loading=\"lazy\" decoding=\"async\" width=\"819\" height=\"1024\" data-id=\"5887\" src=\"https:\/\/site.ac-martinique.fr\/lyc-lajetee\/wp-content\/uploads\/sites\/35\/2025\/06\/Une-semaine-inoubliable-7-819x1024.jpeg\" alt=\"\" class=\"wp-image-5887\" srcset=\"https:\/\/site.ac-martinique.fr\/lyc-lajetee\/wp-content\/uploads\/sites\/35\/2025\/06\/Une-semaine-inoubliable-7-819x1024.jpeg 819w, https:\/\/site.ac-martinique.fr\/lyc-lajetee\/wp-content\/uploads\/sites\/35\/2025\/06\/Une-semaine-inoubliable-7-240x300.jpeg 240w, https:\/\/site.ac-martinique.fr\/lyc-lajetee\/wp-content\/uploads\/sites\/35\/2025\/06\/Une-semaine-inoubliable-7-768x960.jpeg 768w, https:\/\/site.ac-martinique.fr\/lyc-lajetee\/wp-content\/uploads\/sites\/35\/2025\/06\/Une-semaine-inoubliable-7.jpeg 1080w\" sizes=\"auto, (max-width: 819px) 100vw, 819px\" \/><\/a><\/figure>\n<\/figure>\n","protected":false},"excerpt":{"rendered":"<p>Cette page est d\u00e9di\u00e9e aux \u00e9changes avec d&rsquo;autres \u00e9tablissements scolaires Erasmus+ : une immersion artistique et europ\u00e9enne \u00e0 La Palma Du 12 au 21 janvier 2026, dix \u00e9l\u00e8ves de Terminale de notre lyc\u00e9e ont particip\u00e9 \u00e0 une mobilit\u00e9 sur l\u2019\u00eele de La Palma, aux Canaries dans le cadre du projet Erasmus+ \u00ab\u00a0Les expressions artistiques au-del\u00e0 &hellip; <a href=\"https:\/\/site.ac-martinique.fr\/lyc-lajetee\/?page_id=5868\" class=\"more-link\">Continuer la lecture de <span class=\"screen-reader-text\">Europe &#8211; \u00c9changes &#8211; Projets<\/span> <span class=\"meta-nav\">&rarr;<\/span><\/a><\/p>\n","protected":false},"author":95,"featured_media":5892,"parent":0,"menu_order":0,"comment_status":"closed","ping_status":"closed","template":"","meta":{"footnotes":""},"class_list":["post-5868","page","type-page","status-publish","has-post-thumbnail","hentry"],"_links":{"self":[{"href":"https:\/\/site.ac-martinique.fr\/lyc-lajetee\/index.php?rest_route=\/wp\/v2\/pages\/5868","targetHints":{"allow":["GET"]}}],"collection":[{"href":"https:\/\/site.ac-martinique.fr\/lyc-lajetee\/index.php?rest_route=\/wp\/v2\/pages"}],"about":[{"href":"https:\/\/site.ac-martinique.fr\/lyc-lajetee\/index.php?rest_route=\/wp\/v2\/types\/page"}],"author":[{"embeddable":true,"href":"https:\/\/site.ac-martinique.fr\/lyc-lajetee\/index.php?rest_route=\/wp\/v2\/users\/95"}],"replies":[{"embeddable":true,"href":"https:\/\/site.ac-martinique.fr\/lyc-lajetee\/index.php?rest_route=%2Fwp%2Fv2%2Fcomments&post=5868"}],"version-history":[{"count":7,"href":"https:\/\/site.ac-martinique.fr\/lyc-lajetee\/index.php?rest_route=\/wp\/v2\/pages\/5868\/revisions"}],"predecessor-version":[{"id":6070,"href":"https:\/\/site.ac-martinique.fr\/lyc-lajetee\/index.php?rest_route=\/wp\/v2\/pages\/5868\/revisions\/6070"}],"wp:featuredmedia":[{"embeddable":true,"href":"https:\/\/site.ac-martinique.fr\/lyc-lajetee\/index.php?rest_route=\/wp\/v2\/media\/5892"}],"wp:attachment":[{"href":"https:\/\/site.ac-martinique.fr\/lyc-lajetee\/index.php?rest_route=%2Fwp%2Fv2%2Fmedia&parent=5868"}],"curies":[{"name":"wp","href":"https:\/\/api.w.org\/{rel}","templated":true}]}}