{"id":1101,"date":"2017-05-13T16:12:41","date_gmt":"2017-05-13T15:12:41","guid":{"rendered":"https:\/\/site.ac-martinique.fr\/lyc-latrinite\/?page_id=1101"},"modified":"2017-06-06T22:09:25","modified_gmt":"2017-06-06T21:09:25","slug":"arts-appliques-et-recyclage","status":"publish","type":"page","link":"https:\/\/site.ac-martinique.fr\/lyc-latrinite\/?page_id=1101","title":{"rendered":"Arts appliqu\u00e9s et Recyclage"},"content":{"rendered":"<ul>\n<li><a href=\"https:\/\/site.ac-martinique.fr\/lyc-latrinite\/wp-content\/uploads\/sites\/43\/2017\/05\/DD-fauteuils.mp4\">Fabrication de fauteuils en carton<\/a><\/li>\n<li><a href=\"https:\/\/site.ac-martinique.fr\/lyc-latrinite\/wp-content\/uploads\/sites\/43\/2017\/05\/DD-th\u00e9atre.mp4\">R\u00e9alisation d&rsquo;un d\u00e9cor de pi\u00e8ce de th\u00e9\u00e2tre<\/a>\u00a0et <a href=\"https:\/\/site.ac-martinique.fr\/lyc-latrinite\/wp-content\/uploads\/sites\/43\/2017\/05\/DD-theatre-2.mp4\">finitions<\/a>.<\/li>\n<li><a href=\"https:\/\/site.ac-martinique.fr\/lyc-latrinite\/wp-content\/uploads\/sites\/43\/2017\/05\/DD-panneaux.mp4\">Elaboration de panneaux pour le spectacle de fin d&rsquo;ann\u00e9e<\/a><\/li>\n<li><a href=\"https:\/\/site.ac-martinique.fr\/lyc-latrinite\/wp-content\/uploads\/sites\/43\/2017\/05\/DDpoubelle.mp4\">Conception de poubelles de tri<\/a><\/li>\n<\/ul>\n<p><img decoding=\"async\" src=\"https:\/\/site.ac-martinique.fr\/lyc-latrinite\/wp-content\/uploads\/sites\/43\/2017\/06\/DD-poubelles-termin%C3%A9es-576x1024.jpg\" \/><\/p>\n","protected":false},"excerpt":{"rendered":"<p>Fabrication de fauteuils en carton R\u00e9alisation d&rsquo;un d\u00e9cor de pi\u00e8ce de th\u00e9\u00e2tre\u00a0et finitions. Elaboration de panneaux pour le spectacle de fin d&rsquo;ann\u00e9e Conception de poubelles de tri<\/p>\n","protected":false},"author":106,"featured_media":0,"parent":1078,"menu_order":4,"comment_status":"closed","ping_status":"closed","template":"","meta":{"footnotes":""},"class_list":["post-1101","page","type-page","status-publish","hentry"],"_links":{"self":[{"href":"https:\/\/site.ac-martinique.fr\/lyc-latrinite\/index.php?rest_route=\/wp\/v2\/pages\/1101","targetHints":{"allow":["GET"]}}],"collection":[{"href":"https:\/\/site.ac-martinique.fr\/lyc-latrinite\/index.php?rest_route=\/wp\/v2\/pages"}],"about":[{"href":"https:\/\/site.ac-martinique.fr\/lyc-latrinite\/index.php?rest_route=\/wp\/v2\/types\/page"}],"author":[{"embeddable":true,"href":"https:\/\/site.ac-martinique.fr\/lyc-latrinite\/index.php?rest_route=\/wp\/v2\/users\/106"}],"replies":[{"embeddable":true,"href":"https:\/\/site.ac-martinique.fr\/lyc-latrinite\/index.php?rest_route=%2Fwp%2Fv2%2Fcomments&post=1101"}],"version-history":[{"count":5,"href":"https:\/\/site.ac-martinique.fr\/lyc-latrinite\/index.php?rest_route=\/wp\/v2\/pages\/1101\/revisions"}],"predecessor-version":[{"id":1136,"href":"https:\/\/site.ac-martinique.fr\/lyc-latrinite\/index.php?rest_route=\/wp\/v2\/pages\/1101\/revisions\/1136"}],"up":[{"embeddable":true,"href":"https:\/\/site.ac-martinique.fr\/lyc-latrinite\/index.php?rest_route=\/wp\/v2\/pages\/1078"}],"wp:attachment":[{"href":"https:\/\/site.ac-martinique.fr\/lyc-latrinite\/index.php?rest_route=%2Fwp%2Fv2%2Fmedia&parent=1101"}],"curies":[{"name":"wp","href":"https:\/\/api.w.org\/{rel}","templated":true}]}}