{"id":1126,"date":"2017-05-29T22:13:42","date_gmt":"2017-05-30T03:13:42","guid":{"rendered":"https:\/\/site.ac-martinique.fr\/lyc-latrinite\/?page_id=1126"},"modified":"2025-06-29T17:44:27","modified_gmt":"2025-06-29T22:44:27","slug":"inscriptions-et-reinscriptions","status":"publish","type":"page","link":"https:\/\/site.ac-martinique.fr\/lyc-latrinite\/?page_id=1126","title":{"rendered":"Inscriptions et R\u00e9inscriptions &#038; Liste Mat\u00e9riels :"},"content":{"rendered":"\n<p><\/p>\n\n\n\n<p class=\"has-text-align-center\"><strong>Ci-joints les documents utiles pour les inscriptions en .doc ou pdf :<\/strong><\/p>\n\n\n\n<div class=\"wp-block-file\"><a id=\"wp-block-file--media-e4868b75-a9da-45f1-b6e0-b86a880fe4b3\" href=\"https:\/\/site.ac-martinique.fr\/lyc-latrinite\/wp-content\/uploads\/sites\/43\/2025\/06\/Autorisation-de-sortie.docx\">Autorisation de sortie<\/a><a href=\"https:\/\/site.ac-martinique.fr\/lyc-latrinite\/wp-content\/uploads\/sites\/43\/2025\/06\/Autorisation-de-sortie.docx\" class=\"wp-block-file__button wp-element-button\" download aria-describedby=\"wp-block-file--media-e4868b75-a9da-45f1-b6e0-b86a880fe4b3\">T\u00e9l\u00e9charger<\/a><\/div>\n\n\n\n<div data-wp-interactive=\"core\/file\" class=\"wp-block-file\"><object data-wp-bind--hidden=\"!state.hasPdfPreview\" hidden class=\"wp-block-file__embed\" data=\"https:\/\/site.ac-martinique.fr\/lyc-latrinite\/wp-content\/uploads\/sites\/43\/2025\/06\/Autorisation-de-sortie.pdf\" type=\"application\/pdf\" style=\"width:100%;height:600px\" aria-label=\"Contenu embarqu\u00e9 Autorisation de sortie.\"><\/object><a id=\"wp-block-file--media-738fdd12-5ed5-4326-b6d5-3e68dcb40ead\" href=\"https:\/\/site.ac-martinique.fr\/lyc-latrinite\/wp-content\/uploads\/sites\/43\/2025\/06\/Autorisation-de-sortie.pdf\">Autorisation de sortie<\/a><a href=\"https:\/\/site.ac-martinique.fr\/lyc-latrinite\/wp-content\/uploads\/sites\/43\/2025\/06\/Autorisation-de-sortie.pdf\" class=\"wp-block-file__button wp-element-button\" download aria-describedby=\"wp-block-file--media-738fdd12-5ed5-4326-b6d5-3e68dcb40ead\">T\u00e9l\u00e9charger<\/a><\/div>\n\n\n\n<div class=\"wp-block-file\"><a id=\"wp-block-file--media-6dfc6068-6415-484a-a025-bfc211a82bc4\" href=\"https:\/\/site.ac-martinique.fr\/lyc-latrinite\/wp-content\/uploads\/sites\/43\/2025\/06\/Autorisation-du-representant-legal-allocation-2025.docx\">Autorisation du repr\u00e9sentant l\u00e9gal allocation 2025<\/a><a href=\"https:\/\/site.ac-martinique.fr\/lyc-latrinite\/wp-content\/uploads\/sites\/43\/2025\/06\/Autorisation-du-representant-legal-allocation-2025.docx\" class=\"wp-block-file__button wp-element-button\" download aria-describedby=\"wp-block-file--media-6dfc6068-6415-484a-a025-bfc211a82bc4\">T\u00e9l\u00e9charger<\/a><\/div>\n\n\n\n<div data-wp-interactive=\"core\/file\" class=\"wp-block-file\"><object data-wp-bind--hidden=\"!state.hasPdfPreview\" hidden class=\"wp-block-file__embed\" data=\"https:\/\/site.ac-martinique.fr\/lyc-latrinite\/wp-content\/uploads\/sites\/43\/2025\/06\/Autorisation-du-representant-legal-allocation-2025.pdf\" type=\"application\/pdf\" style=\"width:100%;height:600px\" aria-label=\"Contenu embarqu\u00e9 Autorisation du repr\u00e9sentant l\u00e9gal allocation 2025.\"><\/object><a id=\"wp-block-file--media-e1a474c0-09a7-4134-baba-7f62e3bb29a2\" href=\"https:\/\/site.ac-martinique.fr\/lyc-latrinite\/wp-content\/uploads\/sites\/43\/2025\/06\/Autorisation-du-representant-legal-allocation-2025.pdf\">Autorisation du repr\u00e9sentant l\u00e9gal allocation 2025<\/a><a href=\"https:\/\/site.ac-martinique.fr\/lyc-latrinite\/wp-content\/uploads\/sites\/43\/2025\/06\/Autorisation-du-representant-legal-allocation-2025.pdf\" class=\"wp-block-file__button wp-element-button\" download aria-describedby=\"wp-block-file--media-e1a474c0-09a7-4134-baba-7f62e3bb29a2\">T\u00e9l\u00e9charger<\/a><\/div>\n\n\n\n<div class=\"wp-block-file\"><a id=\"wp-block-file--media-082fa149-14ad-4bfa-9ae6-bcf778aa8499\" href=\"https:\/\/site.ac-martinique.fr\/lyc-latrinite\/wp-content\/uploads\/sites\/43\/2025\/06\/Autorisation-parentale-DROIT-A-L-IMAGE.docx\">Autorisation parentale DROIT A L IMAGE<\/a><a href=\"https:\/\/site.ac-martinique.fr\/lyc-latrinite\/wp-content\/uploads\/sites\/43\/2025\/06\/Autorisation-parentale-DROIT-A-L-IMAGE.docx\" class=\"wp-block-file__button wp-element-button\" download aria-describedby=\"wp-block-file--media-082fa149-14ad-4bfa-9ae6-bcf778aa8499\">T\u00e9l\u00e9charger<\/a><\/div>\n\n\n\n<div data-wp-interactive=\"core\/file\" class=\"wp-block-file\"><object data-wp-bind--hidden=\"!state.hasPdfPreview\" hidden class=\"wp-block-file__embed\" data=\"https:\/\/site.ac-martinique.fr\/lyc-latrinite\/wp-content\/uploads\/sites\/43\/2025\/06\/Autorisation-parentale-DROIT-A-L-IMAGE.pdf\" type=\"application\/pdf\" style=\"width:100%;height:600px\" aria-label=\"Contenu embarqu\u00e9 Autorisation parentale DROIT A L IMAGE.\"><\/object><a id=\"wp-block-file--media-f5392d72-1a29-477f-96f8-6ff517e322a9\" href=\"https:\/\/site.ac-martinique.fr\/lyc-latrinite\/wp-content\/uploads\/sites\/43\/2025\/06\/Autorisation-parentale-DROIT-A-L-IMAGE.pdf\">Autorisation parentale DROIT A L IMAGE<\/a><a href=\"https:\/\/site.ac-martinique.fr\/lyc-latrinite\/wp-content\/uploads\/sites\/43\/2025\/06\/Autorisation-parentale-DROIT-A-L-IMAGE.pdf\" class=\"wp-block-file__button wp-element-button\" download aria-describedby=\"wp-block-file--media-f5392d72-1a29-477f-96f8-6ff517e322a9\">T\u00e9l\u00e9charger<\/a><\/div>\n\n\n\n<div class=\"wp-block-file\"><a id=\"wp-block-file--media-1a6caeef-c481-4908-9d59-a60d413b3bd4\" href=\"https:\/\/site.ac-martinique.fr\/lyc-latrinite\/wp-content\/uploads\/sites\/43\/2025\/06\/DECLARATION-SUR-LHONNEUR-PSC1-GESTES-QUI-SAUVENT-ET-JDC-ET-ASSR.docx\">DECLARATION SUR L&rsquo;HONNEUR PSC1 GESTES QUI SAUVENT ET JDC ET ASSR<\/a><a href=\"https:\/\/site.ac-martinique.fr\/lyc-latrinite\/wp-content\/uploads\/sites\/43\/2025\/06\/DECLARATION-SUR-LHONNEUR-PSC1-GESTES-QUI-SAUVENT-ET-JDC-ET-ASSR.docx\" class=\"wp-block-file__button wp-element-button\" download aria-describedby=\"wp-block-file--media-1a6caeef-c481-4908-9d59-a60d413b3bd4\">T\u00e9l\u00e9charger<\/a><\/div>\n\n\n\n<div data-wp-interactive=\"core\/file\" class=\"wp-block-file\"><object data-wp-bind--hidden=\"!state.hasPdfPreview\" hidden class=\"wp-block-file__embed\" data=\"https:\/\/site.ac-martinique.fr\/lyc-latrinite\/wp-content\/uploads\/sites\/43\/2025\/06\/DECLARATION-SUR-LHONNEUR-PSC1-GESTES-QUI-SAUVENT-ET-JDC-ET-ASSR.pdf\" type=\"application\/pdf\" style=\"width:100%;height:600px\" aria-label=\"Contenu embarqu\u00e9 DECLARATION SUR L&apos;HONNEUR PSC1 GESTES QUI SAUVENT ET JDC ET ASSR.\"><\/object><a id=\"wp-block-file--media-87d9be8d-4af4-4633-8ae7-38515a903019\" href=\"https:\/\/site.ac-martinique.fr\/lyc-latrinite\/wp-content\/uploads\/sites\/43\/2025\/06\/DECLARATION-SUR-LHONNEUR-PSC1-GESTES-QUI-SAUVENT-ET-JDC-ET-ASSR.pdf\">DECLARATION SUR L&rsquo;HONNEUR PSC1 GESTES QUI SAUVENT ET JDC ET ASSR<\/a><a href=\"https:\/\/site.ac-martinique.fr\/lyc-latrinite\/wp-content\/uploads\/sites\/43\/2025\/06\/DECLARATION-SUR-LHONNEUR-PSC1-GESTES-QUI-SAUVENT-ET-JDC-ET-ASSR.pdf\" class=\"wp-block-file__button wp-element-button\" download aria-describedby=\"wp-block-file--media-87d9be8d-4af4-4633-8ae7-38515a903019\">T\u00e9l\u00e9charger<\/a><\/div>\n\n\n\n<div class=\"wp-block-file\"><a id=\"wp-block-file--media-833095c8-7b7b-4c44-9d26-fa42b4bbe9fb\" href=\"https:\/\/site.ac-martinique.fr\/lyc-latrinite\/wp-content\/uploads\/sites\/43\/2025\/06\/FORMULAIRE-PREINSCRIPTION-DEMI-PENSION-LP.docx\">FORMULAIRE-PREINSCRIPTION-DEMI-PENSION-LP<\/a><a href=\"https:\/\/site.ac-martinique.fr\/lyc-latrinite\/wp-content\/uploads\/sites\/43\/2025\/06\/FORMULAIRE-PREINSCRIPTION-DEMI-PENSION-LP.docx\" class=\"wp-block-file__button wp-element-button\" download aria-describedby=\"wp-block-file--media-833095c8-7b7b-4c44-9d26-fa42b4bbe9fb\">T\u00e9l\u00e9charger<\/a><\/div>\n\n\n\n<div data-wp-interactive=\"core\/file\" class=\"wp-block-file\"><object data-wp-bind--hidden=\"!state.hasPdfPreview\" hidden class=\"wp-block-file__embed\" data=\"https:\/\/site.ac-martinique.fr\/lyc-latrinite\/wp-content\/uploads\/sites\/43\/2025\/06\/FORMULAIRE-PREINSCRIPTION-DEMI-PENSION-LP.pdf\" type=\"application\/pdf\" style=\"width:100%;height:600px\" aria-label=\"Contenu embarqu\u00e9 FORMULAIRE-PREINSCRIPTION-DEMI-PENSION-LP.\"><\/object><a id=\"wp-block-file--media-5fd1a700-4383-4517-9531-2da171284cec\" href=\"https:\/\/site.ac-martinique.fr\/lyc-latrinite\/wp-content\/uploads\/sites\/43\/2025\/06\/FORMULAIRE-PREINSCRIPTION-DEMI-PENSION-LP.pdf\">FORMULAIRE-PREINSCRIPTION-DEMI-PENSION-LP<\/a><a href=\"https:\/\/site.ac-martinique.fr\/lyc-latrinite\/wp-content\/uploads\/sites\/43\/2025\/06\/FORMULAIRE-PREINSCRIPTION-DEMI-PENSION-LP.pdf\" class=\"wp-block-file__button wp-element-button\" download aria-describedby=\"wp-block-file--media-5fd1a700-4383-4517-9531-2da171284cec\">T\u00e9l\u00e9charger<\/a><\/div>\n\n\n\n<p><strong>La liste des fournitures des diff\u00e9rentes sections pour la rentr\u00e9e de Septembre 2025 sera bient\u00f4t disponible dans l\u2019onglet \u00ab&nbsp;Parents&nbsp;\u00bb \u2013 \u00ab&nbsp;Informations Diverses &amp; INSCRIPTIONS &amp; REINSCRIPTIONS &amp; Liste de Mat\u00e9riel &nbsp;\u00bb<\/strong>.<\/p>\n\n\n\n<p><\/p>\n\n\n\n<p><\/p>\n\n\n\n<p class=\"has-text-color has-link-color wp-elements-49a8c590f690fe0d524d154981eaf02e\" style=\"color:#f20303\"><strong>\u00ab\u00a0Chers parents, je vous prie de bien vouloir prendre connaissance de la note suivante pour les inscriptions :<\/strong><\/p>\n\n\n\n<p><\/p>\n\n\n\n<div data-wp-interactive=\"core\/file\" class=\"wp-block-file aligncenter\"><object data-wp-bind--hidden=\"!state.hasPdfPreview\" hidden class=\"wp-block-file__embed\" data=\"https:\/\/site.ac-martinique.fr\/lyc-latrinite\/wp-content\/uploads\/sites\/43\/2025\/06\/NOTE-INSCRIPTION-DES-NOUVEAUX-ELEVES-1.pdf\" type=\"application\/pdf\" style=\"width:100%;height:600px\" aria-label=\"Contenu embarqu\u00e9 NOTE INSCRIPTION DES NOUVEAUX ELEVES.\"><\/object><a id=\"wp-block-file--media-b297be0f-739f-48ae-8bef-b309de2d24f1\" href=\"https:\/\/site.ac-martinique.fr\/lyc-latrinite\/wp-content\/uploads\/sites\/43\/2025\/06\/NOTE-INSCRIPTION-DES-NOUVEAUX-ELEVES-1.pdf\">NOTE INSCRIPTION DES NOUVEAUX ELEVES<\/a><a href=\"https:\/\/site.ac-martinique.fr\/lyc-latrinite\/wp-content\/uploads\/sites\/43\/2025\/06\/NOTE-INSCRIPTION-DES-NOUVEAUX-ELEVES-1.pdf\" class=\"wp-block-file__button wp-element-button\" download aria-describedby=\"wp-block-file--media-b297be0f-739f-48ae-8bef-b309de2d24f1\">T\u00e9l\u00e9charger<\/a><\/div>\n\n\n\n<p><\/p>\n","protected":false},"excerpt":{"rendered":"<p>Ci-joints les documents utiles pour les inscriptions en .doc ou pdf : La liste des fournitures des diff\u00e9rentes sections pour la rentr\u00e9e de Septembre 2025 sera bient\u00f4t disponible dans l\u2019onglet \u00ab&nbsp;Parents&nbsp;\u00bb \u2013 \u00ab&nbsp;Informations Diverses &amp; INSCRIPTIONS &amp; REINSCRIPTIONS &amp; Liste de Mat\u00e9riel &nbsp;\u00bb. \u00ab\u00a0Chers parents, je vous prie de bien vouloir prendre connaissance de la &hellip; <a href=\"https:\/\/site.ac-martinique.fr\/lyc-latrinite\/?page_id=1126\" class=\"more-link\">Continuer la lecture de <span class=\"screen-reader-text\">Inscriptions et R\u00e9inscriptions &#038; Liste Mat\u00e9riels :<\/span>  <span class=\"meta-nav\">&rarr;<\/span><\/a><\/p>\n","protected":false},"author":106,"featured_media":0,"parent":625,"menu_order":0,"comment_status":"closed","ping_status":"closed","template":"","meta":{"footnotes":""},"class_list":["post-1126","page","type-page","status-publish","hentry"],"_links":{"self":[{"href":"https:\/\/site.ac-martinique.fr\/lyc-latrinite\/index.php?rest_route=\/wp\/v2\/pages\/1126","targetHints":{"allow":["GET"]}}],"collection":[{"href":"https:\/\/site.ac-martinique.fr\/lyc-latrinite\/index.php?rest_route=\/wp\/v2\/pages"}],"about":[{"href":"https:\/\/site.ac-martinique.fr\/lyc-latrinite\/index.php?rest_route=\/wp\/v2\/types\/page"}],"author":[{"embeddable":true,"href":"https:\/\/site.ac-martinique.fr\/lyc-latrinite\/index.php?rest_route=\/wp\/v2\/users\/106"}],"replies":[{"embeddable":true,"href":"https:\/\/site.ac-martinique.fr\/lyc-latrinite\/index.php?rest_route=%2Fwp%2Fv2%2Fcomments&post=1126"}],"version-history":[{"count":50,"href":"https:\/\/site.ac-martinique.fr\/lyc-latrinite\/index.php?rest_route=\/wp\/v2\/pages\/1126\/revisions"}],"predecessor-version":[{"id":4232,"href":"https:\/\/site.ac-martinique.fr\/lyc-latrinite\/index.php?rest_route=\/wp\/v2\/pages\/1126\/revisions\/4232"}],"up":[{"embeddable":true,"href":"https:\/\/site.ac-martinique.fr\/lyc-latrinite\/index.php?rest_route=\/wp\/v2\/pages\/625"}],"wp:attachment":[{"href":"https:\/\/site.ac-martinique.fr\/lyc-latrinite\/index.php?rest_route=%2Fwp%2Fv2%2Fmedia&parent=1126"}],"curies":[{"name":"wp","href":"https:\/\/api.w.org\/{rel}","templated":true}]}}