{"id":1316,"date":"2017-12-08T11:13:55","date_gmt":"2017-12-08T10:13:55","guid":{"rendered":"https:\/\/site.ac-martinique.fr\/lyc-latrinite\/?page_id=1316"},"modified":"2018-03-09T12:04:57","modified_gmt":"2018-03-09T11:04:57","slug":"atelier-detente-et-musique-20172018","status":"publish","type":"page","link":"https:\/\/site.ac-martinique.fr\/lyc-latrinite\/?page_id=1316","title":{"rendered":"Atelier \u00ab\u00a0D\u00e9tente et musique\u00a0\u00bb 2017\/2018"},"content":{"rendered":"<p><img decoding=\"async\" src=\"https:\/\/site.ac-martinique.fr\/lyc-latrinite\/wp-admin\/admin-ajax.php?action=imgedit-preview&amp;_ajax_nonce=7055b88153&amp;postid=1308&amp;rand=18547\" \/><\/p>\n<p>L\u2019<strong>atelier \u00ab\u00a0d\u00e9tente et musique\u00a0\u00bb<\/strong>\u00a0mis en place cette ann\u00e9e accueille chaque mois tous les \u00e9l\u00e8ves, parents et personnels volontaires pour partager un moment convivial plac\u00e9 sous le signe de la s\u00e9r\u00e9nit\u00e9. L\u2019objectif est de combiner l\u2019art du coloriage et celui de l\u2019\u00e9coute de soi (\u00ab\u00a0je prends le temps de\u2026 je canalise mon \u00e9nergie et je m\u2019apaise\u00a0\u00bb) dans une ambiance calme et musicale. Les productions des participants feront l\u2019objet d\u2019une\u00a0<strong>exposition en fin d\u2019ann\u00e9e<\/strong>.<\/p>\n<p>********************************************************<\/p>\n<div>\u00a0L&rsquo;atelier rencontre un vif succ\u00e8s !<\/div>\n<div><\/div>\n<div><img decoding=\"async\" src=\"https:\/\/site.ac-martinique.fr\/lyc-latrinite\/wp-admin\/admin-ajax.php?action=imgedit-preview&amp;_ajax_nonce=ce2ced842a&amp;postid=1376&amp;rand=21376\" \/>\u00a0 \u00a0<img decoding=\"async\" src=\"https:\/\/site.ac-martinique.fr\/lyc-latrinite\/wp-admin\/admin-ajax.php?action=imgedit-preview&amp;_ajax_nonce=cd02db30ef&amp;postid=1375&amp;rand=61359\" \/><\/div>\n<div><\/div>\n<div><\/div>\n<div>A compter du mardi 13 mars 2018, 2 s\u00e9ances mensuelles seront organis\u00e9es selon les dates pr\u00e9cis\u00e9es\u00a0<a href=\"https:\/\/site.ac-martinique.fr\/lyc-latrinite\/wp-content\/uploads\/sites\/43\/2018\/03\/dessin-et-musique.pdf\">ici<\/a>.<\/div>\n<div><\/div>\n<div>L&rsquo;atelier ouvert \u00e0 tous !<\/div>\n","protected":false},"excerpt":{"rendered":"<p>L\u2019atelier \u00ab\u00a0d\u00e9tente et musique\u00a0\u00bb\u00a0mis en place cette ann\u00e9e accueille chaque mois tous les \u00e9l\u00e8ves, parents et personnels volontaires pour partager un moment convivial plac\u00e9 sous le signe de la s\u00e9r\u00e9nit\u00e9. L\u2019objectif est de combiner l\u2019art du coloriage et celui de l\u2019\u00e9coute de soi (\u00ab\u00a0je prends le temps de\u2026 je canalise mon \u00e9nergie et je m\u2019apaise\u00a0\u00bb) &hellip; <a href=\"https:\/\/site.ac-martinique.fr\/lyc-latrinite\/?page_id=1316\" class=\"more-link\">Continuer la lecture de <span class=\"screen-reader-text\">Atelier \u00ab\u00a0D\u00e9tente et musique\u00a0\u00bb 2017\/2018<\/span>  <span class=\"meta-nav\">&rarr;<\/span><\/a><\/p>\n","protected":false},"author":106,"featured_media":0,"parent":984,"menu_order":2,"comment_status":"closed","ping_status":"closed","template":"","meta":{"footnotes":""},"class_list":["post-1316","page","type-page","status-publish","hentry"],"_links":{"self":[{"href":"https:\/\/site.ac-martinique.fr\/lyc-latrinite\/index.php?rest_route=\/wp\/v2\/pages\/1316","targetHints":{"allow":["GET"]}}],"collection":[{"href":"https:\/\/site.ac-martinique.fr\/lyc-latrinite\/index.php?rest_route=\/wp\/v2\/pages"}],"about":[{"href":"https:\/\/site.ac-martinique.fr\/lyc-latrinite\/index.php?rest_route=\/wp\/v2\/types\/page"}],"author":[{"embeddable":true,"href":"https:\/\/site.ac-martinique.fr\/lyc-latrinite\/index.php?rest_route=\/wp\/v2\/users\/106"}],"replies":[{"embeddable":true,"href":"https:\/\/site.ac-martinique.fr\/lyc-latrinite\/index.php?rest_route=%2Fwp%2Fv2%2Fcomments&post=1316"}],"version-history":[{"count":3,"href":"https:\/\/site.ac-martinique.fr\/lyc-latrinite\/index.php?rest_route=\/wp\/v2\/pages\/1316\/revisions"}],"predecessor-version":[{"id":1382,"href":"https:\/\/site.ac-martinique.fr\/lyc-latrinite\/index.php?rest_route=\/wp\/v2\/pages\/1316\/revisions\/1382"}],"up":[{"embeddable":true,"href":"https:\/\/site.ac-martinique.fr\/lyc-latrinite\/index.php?rest_route=\/wp\/v2\/pages\/984"}],"wp:attachment":[{"href":"https:\/\/site.ac-martinique.fr\/lyc-latrinite\/index.php?rest_route=%2Fwp%2Fv2%2Fmedia&parent=1316"}],"curies":[{"name":"wp","href":"https:\/\/api.w.org\/{rel}","templated":true}]}}