{"id":1413,"date":"2018-05-19T19:46:46","date_gmt":"2018-05-19T18:46:46","guid":{"rendered":"https:\/\/site.ac-martinique.fr\/lyc-latrinite\/?page_id=1413"},"modified":"2018-05-19T19:47:13","modified_gmt":"2018-05-19T18:47:13","slug":"securite-routiere","status":"publish","type":"page","link":"https:\/\/site.ac-martinique.fr\/lyc-latrinite\/?page_id=1413","title":{"rendered":"S\u00e9curit\u00e9 routi\u00e8re"},"content":{"rendered":"<p>Un ensemble d&rsquo;actions a \u00e9t\u00e9 men\u00e9 en 2017\/2018<\/p>\n<ul>\n<li><a href=\"https:\/\/site.ac-martinique.fr\/lyc-latrinite\/?p=1399\">manifestation de f\u00e9vrier<\/a><\/li>\n<li><a href=\"https:\/\/site.ac-martinique.fr\/lyc-latrinite\/?p=1411\">formation des \u00e9l\u00e8ves\u00a0<\/a><\/li>\n<\/ul>\n<p>&nbsp;<\/p>\n","protected":false},"excerpt":{"rendered":"<p>Un ensemble d&rsquo;actions a \u00e9t\u00e9 men\u00e9 en 2017\/2018 manifestation de f\u00e9vrier formation des \u00e9l\u00e8ves\u00a0 &nbsp;<\/p>\n","protected":false},"author":106,"featured_media":0,"parent":980,"menu_order":18,"comment_status":"closed","ping_status":"closed","template":"","meta":{"footnotes":""},"class_list":["post-1413","page","type-page","status-publish","hentry"],"_links":{"self":[{"href":"https:\/\/site.ac-martinique.fr\/lyc-latrinite\/index.php?rest_route=\/wp\/v2\/pages\/1413","targetHints":{"allow":["GET"]}}],"collection":[{"href":"https:\/\/site.ac-martinique.fr\/lyc-latrinite\/index.php?rest_route=\/wp\/v2\/pages"}],"about":[{"href":"https:\/\/site.ac-martinique.fr\/lyc-latrinite\/index.php?rest_route=\/wp\/v2\/types\/page"}],"author":[{"embeddable":true,"href":"https:\/\/site.ac-martinique.fr\/lyc-latrinite\/index.php?rest_route=\/wp\/v2\/users\/106"}],"replies":[{"embeddable":true,"href":"https:\/\/site.ac-martinique.fr\/lyc-latrinite\/index.php?rest_route=%2Fwp%2Fv2%2Fcomments&post=1413"}],"version-history":[{"count":1,"href":"https:\/\/site.ac-martinique.fr\/lyc-latrinite\/index.php?rest_route=\/wp\/v2\/pages\/1413\/revisions"}],"predecessor-version":[{"id":1414,"href":"https:\/\/site.ac-martinique.fr\/lyc-latrinite\/index.php?rest_route=\/wp\/v2\/pages\/1413\/revisions\/1414"}],"up":[{"embeddable":true,"href":"https:\/\/site.ac-martinique.fr\/lyc-latrinite\/index.php?rest_route=\/wp\/v2\/pages\/980"}],"wp:attachment":[{"href":"https:\/\/site.ac-martinique.fr\/lyc-latrinite\/index.php?rest_route=%2Fwp%2Fv2%2Fmedia&parent=1413"}],"curies":[{"name":"wp","href":"https:\/\/api.w.org\/{rel}","templated":true}]}}