{"id":1596,"date":"2018-10-17T14:29:46","date_gmt":"2018-10-17T19:29:46","guid":{"rendered":"https:\/\/site.ac-martinique.fr\/lyc-latrinite\/?page_id=1596"},"modified":"2025-09-10T12:08:36","modified_gmt":"2025-09-10T17:08:36","slug":"le-plan-particulier-de-mise-en-surete","status":"publish","type":"page","link":"https:\/\/site.ac-martinique.fr\/lyc-latrinite\/?page_id=1596","title":{"rendered":"Assembl\u00e9e G\u00e9n\u00e9rale Rentr\u00e9e 2025 :"},"content":{"rendered":"\n<p><\/p>\n\n\n\n<p><strong><mark>Chers parents, ci-dessous le communique pour notre Assembl\u00e9e G\u00e9n\u00e9rale du LP La Trinit\u00e9 qui aura lieu ce vendredi 12 Septembre 2025\u00a0:<\/mark><\/strong><\/p>\n\n\n<div class=\"wp-block-image\">\n<figure class=\"aligncenter size-full\"><a href=\"https:\/\/site.ac-martinique.fr\/lyc-latrinite\/wp-content\/uploads\/sites\/43\/2025\/09\/AG-LP-LA-Trinite-12-09-2025-3.jpg\"><img loading=\"lazy\" decoding=\"async\" width=\"441\" height=\"602\" src=\"https:\/\/site.ac-martinique.fr\/lyc-latrinite\/wp-content\/uploads\/sites\/43\/2025\/09\/AG-LP-LA-Trinite-12-09-2025-3.jpg\" alt=\"\" class=\"wp-image-4361\" srcset=\"https:\/\/site.ac-martinique.fr\/lyc-latrinite\/wp-content\/uploads\/sites\/43\/2025\/09\/AG-LP-LA-Trinite-12-09-2025-3.jpg 441w, https:\/\/site.ac-martinique.fr\/lyc-latrinite\/wp-content\/uploads\/sites\/43\/2025\/09\/AG-LP-LA-Trinite-12-09-2025-3-220x300.jpg 220w\" sizes=\"auto, (max-width: 441px) 100vw, 441px\" \/><\/a><\/figure>\n<\/div>\n\n\n<div class=\"wp-block-group is-nowrap is-layout-flex wp-container-core-group-is-layout-ad2f72ca wp-block-group-is-layout-flex\">\n<figure class=\"wp-block-image size-full\"><a href=\"https:\/\/site.ac-martinique.fr\/lyc-latrinite\/wp-content\/uploads\/sites\/43\/2025\/09\/AG-LP-LA-Trinite-12-09-2025-2.jpg\"><img loading=\"lazy\" decoding=\"async\" width=\"441\" height=\"602\" src=\"https:\/\/site.ac-martinique.fr\/lyc-latrinite\/wp-content\/uploads\/sites\/43\/2025\/09\/AG-LP-LA-Trinite-12-09-2025-2.jpg\" alt=\"\" class=\"wp-image-4359\" srcset=\"https:\/\/site.ac-martinique.fr\/lyc-latrinite\/wp-content\/uploads\/sites\/43\/2025\/09\/AG-LP-LA-Trinite-12-09-2025-2.jpg 441w, https:\/\/site.ac-martinique.fr\/lyc-latrinite\/wp-content\/uploads\/sites\/43\/2025\/09\/AG-LP-LA-Trinite-12-09-2025-2-220x300.jpg 220w\" sizes=\"auto, (max-width: 441px) 100vw, 441px\" \/><\/a><\/figure>\n\n\n\n<div data-wp-interactive=\"core\/file\" class=\"wp-block-file\"><object data-wp-bind--hidden=\"!state.hasPdfPreview\" hidden class=\"wp-block-file__embed\" data=\"https:\/\/site.ac-martinique.fr\/lyc-latrinite\/wp-content\/uploads\/sites\/43\/2025\/09\/Assemblee-Generale-LP-LA-Trinite-12-09-2025-2.pdf\" type=\"application\/pdf\" style=\"width:100%;height:600px\" aria-label=\"Contenu embarqu\u00e9 Assembl\u00e9e G\u00e9n\u00e9rale LP LA Trinit\u00e9 12 09 2025.\"><\/object><a id=\"wp-block-file--media-ac7121be-aa1c-45db-b1f6-4012e0c7be17\" href=\"https:\/\/site.ac-martinique.fr\/lyc-latrinite\/wp-content\/uploads\/sites\/43\/2025\/09\/Assemblee-Generale-LP-LA-Trinite-12-09-2025-2.pdf\">Assembl\u00e9e G\u00e9n\u00e9rale LP LA Trinit\u00e9 12 09 2025<\/a><a href=\"https:\/\/site.ac-martinique.fr\/lyc-latrinite\/wp-content\/uploads\/sites\/43\/2025\/09\/Assemblee-Generale-LP-LA-Trinite-12-09-2025-2.pdf\" class=\"wp-block-file__button wp-element-button\" download aria-describedby=\"wp-block-file--media-ac7121be-aa1c-45db-b1f6-4012e0c7be17\">T\u00e9l\u00e9charger<\/a><\/div>\n<\/div>\n\n\n\n<p><\/p>\n","protected":false},"excerpt":{"rendered":"<p>Chers parents, ci-dessous le communique pour notre Assembl\u00e9e G\u00e9n\u00e9rale du LP La Trinit\u00e9 qui aura lieu ce vendredi 12 Septembre 2025\u00a0:<\/p>\n","protected":false},"author":106,"featured_media":0,"parent":584,"menu_order":0,"comment_status":"closed","ping_status":"closed","template":"","meta":{"footnotes":""},"class_list":["post-1596","page","type-page","status-publish","hentry"],"_links":{"self":[{"href":"https:\/\/site.ac-martinique.fr\/lyc-latrinite\/index.php?rest_route=\/wp\/v2\/pages\/1596","targetHints":{"allow":["GET"]}}],"collection":[{"href":"https:\/\/site.ac-martinique.fr\/lyc-latrinite\/index.php?rest_route=\/wp\/v2\/pages"}],"about":[{"href":"https:\/\/site.ac-martinique.fr\/lyc-latrinite\/index.php?rest_route=\/wp\/v2\/types\/page"}],"author":[{"embeddable":true,"href":"https:\/\/site.ac-martinique.fr\/lyc-latrinite\/index.php?rest_route=\/wp\/v2\/users\/106"}],"replies":[{"embeddable":true,"href":"https:\/\/site.ac-martinique.fr\/lyc-latrinite\/index.php?rest_route=%2Fwp%2Fv2%2Fcomments&post=1596"}],"version-history":[{"count":11,"href":"https:\/\/site.ac-martinique.fr\/lyc-latrinite\/index.php?rest_route=\/wp\/v2\/pages\/1596\/revisions"}],"predecessor-version":[{"id":4363,"href":"https:\/\/site.ac-martinique.fr\/lyc-latrinite\/index.php?rest_route=\/wp\/v2\/pages\/1596\/revisions\/4363"}],"up":[{"embeddable":true,"href":"https:\/\/site.ac-martinique.fr\/lyc-latrinite\/index.php?rest_route=\/wp\/v2\/pages\/584"}],"wp:attachment":[{"href":"https:\/\/site.ac-martinique.fr\/lyc-latrinite\/index.php?rest_route=%2Fwp%2Fv2%2Fmedia&parent=1596"}],"curies":[{"name":"wp","href":"https:\/\/api.w.org\/{rel}","templated":true}]}}