{"id":1922,"date":"2019-06-06T10:45:26","date_gmt":"2019-06-06T09:45:26","guid":{"rendered":"https:\/\/site.ac-martinique.fr\/lyc-latrinite\/?page_id=1922"},"modified":"2025-06-05T21:34:13","modified_gmt":"2025-06-06T02:34:13","slug":"mcad","status":"publish","type":"page","link":"https:\/\/site.ac-martinique.fr\/lyc-latrinite\/?page_id=1922","title":{"rendered":"CSAD"},"content":{"rendered":"\n<h2 class=\"wp-block-heading\">Certifcat de Sp\u00e9cialisation Aide \u00e0 Domicile :<\/h2>\n\n\n\n<p><strong>Les modalit\u00e9s d\u2019Organisation et de S\u00e9lection \u00e0 la Formation  Certificat de Sp\u00e9cialisation Aide \u00e0 domicile pour la rentr\u00e9e 2025-2026 :<\/strong><\/p>\n\n\n\n<p>Note d&rsquo;Informations CSAD pour la rentr\u00e9e 2025 au LP LA TRINITE :<\/p>\n\n\n\n<div data-wp-interactive=\"core\/file\" class=\"wp-block-file aligncenter\"><object data-wp-bind--hidden=\"!state.hasPdfPreview\" hidden class=\"wp-block-file__embed\" data=\"https:\/\/site.ac-martinique.fr\/lyc-latrinite\/wp-content\/uploads\/sites\/43\/2025\/06\/FLYER_CSAD_2025.pdf\" type=\"application\/pdf\" style=\"width:100%;height:600px\" aria-label=\"Contenu embarqu\u00e9 FLYER_CSAD_2025.\"><\/object><a id=\"wp-block-file--media-1cdf87ba-14fd-4150-ad47-90d252a769f3\" href=\"https:\/\/site.ac-martinique.fr\/lyc-latrinite\/wp-content\/uploads\/sites\/43\/2025\/06\/FLYER_CSAD_2025.pdf\">FLYER_CSAD_2025<\/a><a href=\"https:\/\/site.ac-martinique.fr\/lyc-latrinite\/wp-content\/uploads\/sites\/43\/2025\/06\/FLYER_CSAD_2025.pdf\" class=\"wp-block-file__button wp-element-button\" download aria-describedby=\"wp-block-file--media-1cdf87ba-14fd-4150-ad47-90d252a769f3\">T\u00e9l\u00e9charger<\/a><\/div>\n\n\n\n<p><\/p>\n\n\n\n<p><strong>Modalit\u00e9 de s\u00e9lection et d&rsquo;admission :<\/strong><\/p>\n\n\n<div class=\"wp-block-image\">\n<figure class=\"aligncenter size-full\"><a href=\"https:\/\/site.ac-martinique.fr\/lyc-latrinite\/wp-content\/uploads\/sites\/43\/2025\/06\/Fiche-Candidature-2025-2026.jpg\"><img loading=\"lazy\" decoding=\"async\" width=\"324\" height=\"450\" src=\"https:\/\/site.ac-martinique.fr\/lyc-latrinite\/wp-content\/uploads\/sites\/43\/2025\/06\/Fiche-Candidature-2025-2026.jpg\" alt=\"\" class=\"wp-image-4186\" srcset=\"https:\/\/site.ac-martinique.fr\/lyc-latrinite\/wp-content\/uploads\/sites\/43\/2025\/06\/Fiche-Candidature-2025-2026.jpg 324w, https:\/\/site.ac-martinique.fr\/lyc-latrinite\/wp-content\/uploads\/sites\/43\/2025\/06\/Fiche-Candidature-2025-2026-216x300.jpg 216w\" sizes=\"auto, (max-width: 324px) 100vw, 324px\" \/><\/a><\/figure>\n<\/div>\n\n\n<div class=\"wp-block-file aligncenter\"><a id=\"wp-block-file--media-4e61324d-21df-4dc7-b5b9-8d4b8ee8fc8b\" href=\"https:\/\/site.ac-martinique.fr\/lyc-latrinite\/wp-content\/uploads\/sites\/43\/2025\/06\/FICHE-CANDIDATURE-CSAD-25-26.docx\">FICHE CANDIDATURE CSAD  25 26<\/a><a href=\"https:\/\/site.ac-martinique.fr\/lyc-latrinite\/wp-content\/uploads\/sites\/43\/2025\/06\/FICHE-CANDIDATURE-CSAD-25-26.docx\" class=\"wp-block-file__button wp-element-button\" download aria-describedby=\"wp-block-file--media-4e61324d-21df-4dc7-b5b9-8d4b8ee8fc8b\">T\u00e9l\u00e9charger<\/a><\/div>\n\n\n\n<div data-wp-interactive=\"core\/file\" class=\"wp-block-file aligncenter\"><object data-wp-bind--hidden=\"!state.hasPdfPreview\" hidden class=\"wp-block-file__embed\" data=\"https:\/\/site.ac-martinique.fr\/lyc-latrinite\/wp-content\/uploads\/sites\/43\/2025\/06\/MODALITES-RECRUTEMENT-CSAD-25-26-1.pdf\" type=\"application\/pdf\" style=\"width:100%;height:600px\" aria-label=\"Contenu embarqu\u00e9 MODALITES RECRUTEMENT CSAD 25 26 (1).\"><\/object><a id=\"wp-block-file--media-211d3883-59b0-498f-8cdd-797b9884e13b\" href=\"https:\/\/site.ac-martinique.fr\/lyc-latrinite\/wp-content\/uploads\/sites\/43\/2025\/06\/MODALITES-RECRUTEMENT-CSAD-25-26-1.pdf\">MODALITES RECRUTEMENT CSAD 25 26 (1)<\/a><a href=\"https:\/\/site.ac-martinique.fr\/lyc-latrinite\/wp-content\/uploads\/sites\/43\/2025\/06\/MODALITES-RECRUTEMENT-CSAD-25-26-1.pdf\" class=\"wp-block-file__button wp-element-button\" download aria-describedby=\"wp-block-file--media-211d3883-59b0-498f-8cdd-797b9884e13b\">T\u00e9l\u00e9charger<\/a><\/div>\n\n\n\n<div class=\"wp-block-file\"><a id=\"wp-block-file--media-1681cb94-543e-44a9-897b-70271e89fc41\" href=\"https:\/\/site.ac-martinique.fr\/lyc-latrinite\/wp-content\/uploads\/sites\/43\/2025\/06\/MODALITES-RECRUTEMENT-CSAD-25-26-1-1.docx\">MODALITES RECRUTEMENT CSAD 25 26 (1)<\/a><a href=\"https:\/\/site.ac-martinique.fr\/lyc-latrinite\/wp-content\/uploads\/sites\/43\/2025\/06\/MODALITES-RECRUTEMENT-CSAD-25-26-1-1.docx\" class=\"wp-block-file__button wp-element-button\" download aria-describedby=\"wp-block-file--media-1681cb94-543e-44a9-897b-70271e89fc41\">T\u00e9l\u00e9charger<\/a><\/div>\n\n\n\n<p><\/p>\n\n\n\n<p><\/p>\n","protected":false},"excerpt":{"rendered":"<p>Certifcat de Sp\u00e9cialisation Aide \u00e0 Domicile : Les modalit\u00e9s d\u2019Organisation et de S\u00e9lection \u00e0 la Formation Certificat de Sp\u00e9cialisation Aide \u00e0 domicile pour la rentr\u00e9e 2025-2026 : Note d&rsquo;Informations CSAD pour la rentr\u00e9e 2025 au LP LA TRINITE : Modalit\u00e9 de s\u00e9lection et d&rsquo;admission :<\/p>\n","protected":false},"author":106,"featured_media":0,"parent":0,"menu_order":14,"comment_status":"closed","ping_status":"closed","template":"","meta":{"footnotes":""},"class_list":["post-1922","page","type-page","status-publish","hentry"],"_links":{"self":[{"href":"https:\/\/site.ac-martinique.fr\/lyc-latrinite\/index.php?rest_route=\/wp\/v2\/pages\/1922","targetHints":{"allow":["GET"]}}],"collection":[{"href":"https:\/\/site.ac-martinique.fr\/lyc-latrinite\/index.php?rest_route=\/wp\/v2\/pages"}],"about":[{"href":"https:\/\/site.ac-martinique.fr\/lyc-latrinite\/index.php?rest_route=\/wp\/v2\/types\/page"}],"author":[{"embeddable":true,"href":"https:\/\/site.ac-martinique.fr\/lyc-latrinite\/index.php?rest_route=\/wp\/v2\/users\/106"}],"replies":[{"embeddable":true,"href":"https:\/\/site.ac-martinique.fr\/lyc-latrinite\/index.php?rest_route=%2Fwp%2Fv2%2Fcomments&post=1922"}],"version-history":[{"count":23,"href":"https:\/\/site.ac-martinique.fr\/lyc-latrinite\/index.php?rest_route=\/wp\/v2\/pages\/1922\/revisions"}],"predecessor-version":[{"id":4189,"href":"https:\/\/site.ac-martinique.fr\/lyc-latrinite\/index.php?rest_route=\/wp\/v2\/pages\/1922\/revisions\/4189"}],"wp:attachment":[{"href":"https:\/\/site.ac-martinique.fr\/lyc-latrinite\/index.php?rest_route=%2Fwp%2Fv2%2Fmedia&parent=1922"}],"curies":[{"name":"wp","href":"https:\/\/api.w.org\/{rel}","templated":true}]}}