{"id":3495,"date":"2022-09-16T11:23:42","date_gmt":"2022-09-16T16:23:42","guid":{"rendered":"https:\/\/site.ac-martinique.fr\/lyc-latrinite\/?page_id=3495"},"modified":"2022-09-16T11:31:05","modified_gmt":"2022-09-16T16:31:05","slug":"erasmus-3","status":"publish","type":"page","link":"https:\/\/site.ac-martinique.fr\/lyc-latrinite\/?page_id=3495","title":{"rendered":"ERASMUS +"},"content":{"rendered":"\n<p><strong>Ann\u00e9e scolaire 2018\/2019<\/strong><\/p>\n\n\n\n<p><strong>1.&nbsp;<\/strong><strong>Rapport de s\u00e9jour culturel et p\u00e9dagogique en Floride du 20 au 27 Mars 2019:<\/strong><\/p>\n\n\n\n<p><strong>&nbsp; &nbsp; &nbsp; &nbsp;<a href=\"https:\/\/site.ac-martinique.fr\/lyc-latrinite\/wp-content\/uploads\/sites\/43\/2019\/06\/Rapport-de-s\u00e9jour-culturel-et-p\u00e9dagogique-en-Floride.pdf\">Rapport de s\u00e9jour culturel et p\u00e9dagogique en Floride<\/a><\/strong><\/p>\n\n\n<div class=\"wp-block-image\">\n<figure class=\"aligncenter\"><a href=\"https:\/\/site.ac-martinique.fr\/lyc-latrinite\/wp-content\/uploads\/sites\/43\/2019\/06\/affiche-Miami.jpg\"><img loading=\"lazy\" decoding=\"async\" width=\"214\" height=\"300\" src=\"https:\/\/site.ac-martinique.fr\/lyc-latrinite\/wp-content\/uploads\/sites\/43\/2019\/06\/affiche-Miami-214x300.jpg\" alt=\"\" class=\"wp-image-1975\" srcset=\"https:\/\/site.ac-martinique.fr\/lyc-latrinite\/wp-content\/uploads\/sites\/43\/2019\/06\/affiche-Miami-214x300.jpg 214w, https:\/\/site.ac-martinique.fr\/lyc-latrinite\/wp-content\/uploads\/sites\/43\/2019\/06\/affiche-Miami-768x1078.jpg 768w, https:\/\/site.ac-martinique.fr\/lyc-latrinite\/wp-content\/uploads\/sites\/43\/2019\/06\/affiche-Miami-729x1024.jpg 729w, https:\/\/site.ac-martinique.fr\/lyc-latrinite\/wp-content\/uploads\/sites\/43\/2019\/06\/affiche-Miami.jpg 800w\" sizes=\"auto, (max-width: 214px) 100vw, 214px\" \/><\/a><\/figure>\n<\/div>\n\n\n<p><strong>Ann\u00e9e scolaire 2016\/2017<\/strong><\/p>\n\n\n\n<p><strong>1. Education au Patrimoine via les Parcours Sant\u00e9<\/strong><\/p>\n\n\n\n<ul class=\"wp-block-list\"><li><a href=\"https:\/\/site.ac-martinique.fr\/lyc-latrinite\/wp-content\/uploads\/sites\/43\/2017\/07\/Mobilite-Slovenie.pdf\">Un projet ambitieux<\/a><\/li><li><a href=\"https:\/\/site.ac-martinique.fr\/lyc-latrinite\/wp-content\/uploads\/sites\/43\/2017\/07\/FLYERS-slovenie-martinique.pdf\">Premi\u00e8re \u00e9tape : mobilit\u00e9 Slov\u00e9nie<\/a><\/li><li><a href=\"https:\/\/site.ac-martinique.fr\/lyc-latrinite\/wp-content\/uploads\/sites\/43\/2017\/07\/Mobilite-MARTINIQUE-20170207.pdf\">Deuxi\u00e8me \u00e9tape : mobilit\u00e9 Martinique<\/a><\/li><\/ul>\n","protected":false},"excerpt":{"rendered":"<p>Ann\u00e9e scolaire 2018\/2019 1.&nbsp;Rapport de s\u00e9jour culturel et p\u00e9dagogique en Floride du 20 au 27 Mars 2019: &nbsp; &nbsp; &nbsp; &nbsp;Rapport de s\u00e9jour culturel et p\u00e9dagogique en Floride Ann\u00e9e scolaire 2016\/2017 1. Education au Patrimoine via les Parcours Sant\u00e9 Un projet ambitieux Premi\u00e8re \u00e9tape : mobilit\u00e9 Slov\u00e9nie Deuxi\u00e8me \u00e9tape : mobilit\u00e9 Martinique<\/p>\n","protected":false},"author":106,"featured_media":0,"parent":1195,"menu_order":1,"comment_status":"closed","ping_status":"closed","template":"","meta":{"footnotes":""},"class_list":["post-3495","page","type-page","status-publish","hentry"],"_links":{"self":[{"href":"https:\/\/site.ac-martinique.fr\/lyc-latrinite\/index.php?rest_route=\/wp\/v2\/pages\/3495","targetHints":{"allow":["GET"]}}],"collection":[{"href":"https:\/\/site.ac-martinique.fr\/lyc-latrinite\/index.php?rest_route=\/wp\/v2\/pages"}],"about":[{"href":"https:\/\/site.ac-martinique.fr\/lyc-latrinite\/index.php?rest_route=\/wp\/v2\/types\/page"}],"author":[{"embeddable":true,"href":"https:\/\/site.ac-martinique.fr\/lyc-latrinite\/index.php?rest_route=\/wp\/v2\/users\/106"}],"replies":[{"embeddable":true,"href":"https:\/\/site.ac-martinique.fr\/lyc-latrinite\/index.php?rest_route=%2Fwp%2Fv2%2Fcomments&post=3495"}],"version-history":[{"count":2,"href":"https:\/\/site.ac-martinique.fr\/lyc-latrinite\/index.php?rest_route=\/wp\/v2\/pages\/3495\/revisions"}],"predecessor-version":[{"id":3498,"href":"https:\/\/site.ac-martinique.fr\/lyc-latrinite\/index.php?rest_route=\/wp\/v2\/pages\/3495\/revisions\/3498"}],"up":[{"embeddable":true,"href":"https:\/\/site.ac-martinique.fr\/lyc-latrinite\/index.php?rest_route=\/wp\/v2\/pages\/1195"}],"wp:attachment":[{"href":"https:\/\/site.ac-martinique.fr\/lyc-latrinite\/index.php?rest_route=%2Fwp%2Fv2%2Fmedia&parent=3495"}],"curies":[{"name":"wp","href":"https:\/\/api.w.org\/{rel}","templated":true}]}}