{"id":584,"date":"2016-04-16T00:13:16","date_gmt":"2016-04-15T23:13:16","guid":{"rendered":"https:\/\/site.ac-martinique.fr\/lyc-latrinite\/?page_id=584"},"modified":"2025-09-10T12:05:57","modified_gmt":"2025-09-10T17:05:57","slug":"page-1","status":"publish","type":"page","link":"https:\/\/site.ac-martinique.fr\/lyc-latrinite\/?page_id=584","title":{"rendered":"PARENTS :"},"content":{"rendered":"\n<p><\/p>\n\n\n\n<p class=\"has-text-color has-link-color wp-elements-2833971b6195c09607873a774b6a3254\" style=\"color:#e50e0e\"><strong><em>&nbsp;RENTR\u00c9E 2025 <\/em><\/strong>:<\/p>\n\n\n\n<p><strong><mark style=\"background-color:rgba(0, 0, 0, 0);color:#f41212\" class=\"has-inline-color\">Chers parents, ci-dessous le communique pour notre Assembl\u00e9e   G\u00e9n\u00e9rale du LP La Trinit\u00e9 qui aura lieu ce vendredi 12 Septembre 2025\u00a0:<\/mark><\/strong><\/p>\n\n\n<div class=\"wp-block-image\">\n<figure class=\"aligncenter size-full\"><a href=\"https:\/\/site.ac-martinique.fr\/lyc-latrinite\/wp-content\/uploads\/sites\/43\/2025\/09\/AG-LP-LA-Trinite-12-09-2025-1.jpg\"><img loading=\"lazy\" decoding=\"async\" width=\"441\" height=\"602\" src=\"https:\/\/site.ac-martinique.fr\/lyc-latrinite\/wp-content\/uploads\/sites\/43\/2025\/09\/AG-LP-LA-Trinite-12-09-2025-1.jpg\" alt=\"\" class=\"wp-image-4356\" srcset=\"https:\/\/site.ac-martinique.fr\/lyc-latrinite\/wp-content\/uploads\/sites\/43\/2025\/09\/AG-LP-LA-Trinite-12-09-2025-1.jpg 441w, https:\/\/site.ac-martinique.fr\/lyc-latrinite\/wp-content\/uploads\/sites\/43\/2025\/09\/AG-LP-LA-Trinite-12-09-2025-1-220x300.jpg 220w\" sizes=\"auto, (max-width: 441px) 100vw, 441px\" \/><\/a><\/figure>\n<\/div>\n\n\n<div data-wp-interactive=\"core\/file\" class=\"wp-block-file aligncenter\"><object data-wp-bind--hidden=\"!state.hasPdfPreview\" hidden class=\"wp-block-file__embed\" data=\"https:\/\/site.ac-martinique.fr\/lyc-latrinite\/wp-content\/uploads\/sites\/43\/2025\/09\/Assemblee-Generale-LP-LA-Trinite-12-09-2025-1.pdf\" type=\"application\/pdf\" style=\"width:100%;height:600px\" aria-label=\"Contenu embarqu\u00e9 Assembl\u00e9e G\u00e9n\u00e9rale LP LA Trinit\u00e9 12 09 2025.\"><\/object><a id=\"wp-block-file--media-af063afb-1ee9-4239-ad13-d445b29df1af\" href=\"https:\/\/site.ac-martinique.fr\/lyc-latrinite\/wp-content\/uploads\/sites\/43\/2025\/09\/Assemblee-Generale-LP-LA-Trinite-12-09-2025-1.pdf\">Assembl\u00e9e G\u00e9n\u00e9rale LP LA Trinit\u00e9 12 09 2025<\/a><a href=\"https:\/\/site.ac-martinique.fr\/lyc-latrinite\/wp-content\/uploads\/sites\/43\/2025\/09\/Assemblee-Generale-LP-LA-Trinite-12-09-2025-1.pdf\" class=\"wp-block-file__button wp-element-button\" download aria-describedby=\"wp-block-file--media-af063afb-1ee9-4239-ad13-d445b29df1af\">T\u00e9l\u00e9charger<\/a><\/div>\n\n\n\n<p class=\"has-text-color has-link-color wp-elements-760649e8cef493d5f926fd87295b2c3a\" style=\"color:#e50e0e\"><strong>Ci-dessous, le communiqu\u00e9 d\u2019organisation de la Rentr\u00e9e Septembre 2025 pour les \u00e9l\u00e8ves du LP LA TRINITE  :<\/strong><\/p>\n\n\n\n<p class=\"has-text-align-center has-text-color has-link-color wp-elements-42e66ff08fbf19e70e85f08076c37fe9\" style=\"color:#e50e0e\"><\/p>\n\n\n\n<p class=\"has-text-color has-link-color wp-elements-5f5c54464fb08fcd26eedd8c00b200f4\" style=\"color:#e50e0e\"><strong><em>INSCRIPTION DES NOUVEAUX \u00c9L\u00c8VES<\/em><\/strong>&nbsp;<strong>AU LP LA TRINITE<\/strong><\/p>\n\n\n\n<div data-wp-interactive=\"core\/file\" class=\"wp-block-file aligncenter\"><object data-wp-bind--hidden=\"!state.hasPdfPreview\" hidden class=\"wp-block-file__embed\" data=\"https:\/\/site.ac-martinique.fr\/lyc-latrinite\/wp-content\/uploads\/sites\/43\/2025\/09\/Organisation-pre-rentree-et-rentree-eleves-LP-LA-TRINITE-Sept-2025-3.pdf\" type=\"application\/pdf\" style=\"width:100%;height:600px\" aria-label=\"Contenu embarqu\u00e9 Organisation pr\u00e9 rentr\u00e9e et rentr\u00e9e \u00e9l\u00e8ves LP LA TRINITE Sept 2025.\"><\/object><a id=\"wp-block-file--media-ff5318bd-9af8-4d6b-bb87-11594a6cb0a4\" href=\"https:\/\/site.ac-martinique.fr\/lyc-latrinite\/wp-content\/uploads\/sites\/43\/2025\/09\/Organisation-pre-rentree-et-rentree-eleves-LP-LA-TRINITE-Sept-2025-3.pdf\">Organisation pr\u00e9 rentr\u00e9e et rentr\u00e9e \u00e9l\u00e8ves LP LA TRINITE Sept 2025<\/a><a href=\"https:\/\/site.ac-martinique.fr\/lyc-latrinite\/wp-content\/uploads\/sites\/43\/2025\/09\/Organisation-pre-rentree-et-rentree-eleves-LP-LA-TRINITE-Sept-2025-3.pdf\" class=\"wp-block-file__button wp-element-button\" download aria-describedby=\"wp-block-file--media-ff5318bd-9af8-4d6b-bb87-11594a6cb0a4\">T\u00e9l\u00e9charger<\/a><\/div>\n\n\n\n<p><strong>Ci-dessous la note explicative avec les pi\u00e8ces \u00e0 fournir :<\/strong><\/p>\n\n\n\n<p><\/p>\n\n\n\n<div data-wp-interactive=\"core\/file\" class=\"wp-block-file\"><object data-wp-bind--hidden=\"!state.hasPdfPreview\" hidden class=\"wp-block-file__embed\" data=\"https:\/\/site.ac-martinique.fr\/lyc-latrinite\/wp-content\/uploads\/sites\/43\/2025\/06\/NOTE-INSCRIPTION-DES-NOUVEAUX-ELEVES-2.pdf\" type=\"application\/pdf\" style=\"width:100%;height:600px\" aria-label=\"Contenu embarqu\u00e9 NOTE INSCRIPTION DES NOUVEAUX ELEVES.\"><\/object><a id=\"wp-block-file--media-4692b23e-a417-4238-8db3-43cfcaa6d5ae\" href=\"https:\/\/site.ac-martinique.fr\/lyc-latrinite\/wp-content\/uploads\/sites\/43\/2025\/06\/NOTE-INSCRIPTION-DES-NOUVEAUX-ELEVES-2.pdf\">NOTE INSCRIPTION DES NOUVEAUX ELEVES<\/a><a href=\"https:\/\/site.ac-martinique.fr\/lyc-latrinite\/wp-content\/uploads\/sites\/43\/2025\/06\/NOTE-INSCRIPTION-DES-NOUVEAUX-ELEVES-2.pdf\" class=\"wp-block-file__button wp-element-button\" download aria-describedby=\"wp-block-file--media-4692b23e-a417-4238-8db3-43cfcaa6d5ae\">T\u00e9l\u00e9charger<\/a><\/div>\n\n\n\n<p><strong>Le Lyc\u00e9e Professionnel La Trinit\u00e9 est habilit\u00e9 \u00e0 recevoir la taxe d\u2019apprentissage<\/strong>&nbsp;:<\/p>\n\n\n\n<div data-wp-interactive=\"core\/file\" class=\"wp-block-file\"><object data-wp-bind--hidden=\"!state.hasPdfPreview\" hidden class=\"wp-block-file__embed\" data=\"https:\/\/site.ac-martinique.fr\/lyc-latrinite\/wp-content\/uploads\/sites\/43\/2024\/06\/VERSION_NUMERIQUE_LP_LA_TRINITE_BROCHURE_TAXE_DAPPRENTISSAGE-2.pdf\" type=\"application\/pdf\" style=\"width:100%;height:600px\" aria-label=\"Contenu embarqu\u00e9 VERSION_NUMERIQUE_LP_LA_TRINITE_BROCHURE_TAXE_DAPPRENTISSAGE-2.\"><\/object><a id=\"wp-block-file--media-8c8bae43-fbb0-49dc-9330-defcc0987239\" href=\"https:\/\/site.ac-martinique.fr\/lyc-latrinite\/wp-content\/uploads\/sites\/43\/2024\/06\/VERSION_NUMERIQUE_LP_LA_TRINITE_BROCHURE_TAXE_DAPPRENTISSAGE-2.pdf\">VERSION_NUMERIQUE_LP_LA_TRINITE_BROCHURE_TAXE_DAPPRENTISSAGE-2<\/a><a href=\"https:\/\/site.ac-martinique.fr\/lyc-latrinite\/wp-content\/uploads\/sites\/43\/2024\/06\/VERSION_NUMERIQUE_LP_LA_TRINITE_BROCHURE_TAXE_DAPPRENTISSAGE-2.pdf\" class=\"wp-block-file__button wp-element-button\" download aria-describedby=\"wp-block-file--media-8c8bae43-fbb0-49dc-9330-defcc0987239\">T\u00e9l\u00e9charger<\/a><\/div>\n\n\n\n<p><\/p>\n\n\n\n<p class=\"has-text-color has-link-color wp-elements-991ae1f27998f4ede07cbc807ca3a836\" style=\"color:#df0f0f\"><strong>Chers parents, il y a un onglet Bourse sur lequel il y a les informations afin de faire les demandes de bourse pour la rentr\u00e9e 2024.<\/strong><\/p>\n\n\n\n<p><\/p>\n\n\n\n<p class=\"has-text-color has-link-color wp-elements-0d10317841d43c03fe43e1ca292f9303\" style=\"color:#076008\"><strong>Les informations, formalit\u00e9s sur la Formation MCAD Mention Compl\u00e9mentaire Aide \u00e0 Domicile son dans l\u2019onglet MCAD pour la rentr\u00e9e 2024.<\/strong><\/p>\n\n\n\n<p><strong>Le communiqu\u00e9 d\u2019organisation de la Rentr\u00e9e Septembre 2024 : \u00e0 venir. <\/strong><\/p>\n\n\n\n<p><\/p>\n\n\n\n<p><\/p>\n\n\n\n<p><strong>Notes sur les inscriptions ;<\/strong><\/p>\n\n\n\n<p><\/p>\n\n\n\n<p><\/p>\n\n\n\n<p><\/p>\n\n\n\n<p><\/p>\n","protected":false},"excerpt":{"rendered":"<p>&nbsp;RENTR\u00c9E 2025 : Chers parents, ci-dessous le communique pour notre Assembl\u00e9e G\u00e9n\u00e9rale du LP La Trinit\u00e9 qui aura lieu ce vendredi 12 Septembre 2025\u00a0: Ci-dessous, le communiqu\u00e9 d\u2019organisation de la Rentr\u00e9e Septembre 2025 pour les \u00e9l\u00e8ves du LP LA TRINITE : INSCRIPTION DES NOUVEAUX \u00c9L\u00c8VES&nbsp;AU LP LA TRINITE Ci-dessous la note explicative avec les pi\u00e8ces &hellip; <a href=\"https:\/\/site.ac-martinique.fr\/lyc-latrinite\/?page_id=584\" class=\"more-link\">Continuer la lecture de <span class=\"screen-reader-text\">PARENTS :<\/span>  <span class=\"meta-nav\">&rarr;<\/span><\/a><\/p>\n","protected":false},"author":106,"featured_media":0,"parent":0,"menu_order":4,"comment_status":"closed","ping_status":"closed","template":"","meta":{"footnotes":""},"class_list":["post-584","page","type-page","status-publish","hentry"],"_links":{"self":[{"href":"https:\/\/site.ac-martinique.fr\/lyc-latrinite\/index.php?rest_route=\/wp\/v2\/pages\/584","targetHints":{"allow":["GET"]}}],"collection":[{"href":"https:\/\/site.ac-martinique.fr\/lyc-latrinite\/index.php?rest_route=\/wp\/v2\/pages"}],"about":[{"href":"https:\/\/site.ac-martinique.fr\/lyc-latrinite\/index.php?rest_route=\/wp\/v2\/types\/page"}],"author":[{"embeddable":true,"href":"https:\/\/site.ac-martinique.fr\/lyc-latrinite\/index.php?rest_route=\/wp\/v2\/users\/106"}],"replies":[{"embeddable":true,"href":"https:\/\/site.ac-martinique.fr\/lyc-latrinite\/index.php?rest_route=%2Fwp%2Fv2%2Fcomments&post=584"}],"version-history":[{"count":45,"href":"https:\/\/site.ac-martinique.fr\/lyc-latrinite\/index.php?rest_route=\/wp\/v2\/pages\/584\/revisions"}],"predecessor-version":[{"id":4358,"href":"https:\/\/site.ac-martinique.fr\/lyc-latrinite\/index.php?rest_route=\/wp\/v2\/pages\/584\/revisions\/4358"}],"wp:attachment":[{"href":"https:\/\/site.ac-martinique.fr\/lyc-latrinite\/index.php?rest_route=%2Fwp%2Fv2%2Fmedia&parent=584"}],"curies":[{"name":"wp","href":"https:\/\/api.w.org\/{rel}","templated":true}]}}