{"id":674,"date":"2016-04-16T14:11:45","date_gmt":"2016-04-16T13:11:45","guid":{"rendered":"https:\/\/site.ac-martinique.fr\/lyc-latrinite\/?page_id=674"},"modified":"2025-09-01T15:52:02","modified_gmt":"2025-09-01T20:52:02","slug":"liens-utiles","status":"publish","type":"page","link":"https:\/\/site.ac-martinique.fr\/lyc-latrinite\/?page_id=674","title":{"rendered":"Rentr\u00e9e &#8211; Liens utiles :"},"content":{"rendered":"\n<p><\/p>\n\n\n\n<p><\/p>\n\n\n<p><a href=\"http:\/\/www.ac-martinique.fr\/\">Acad\u00e9mie Martinique<\/a><\/p>\n<p><a href=\"http:\/\/www.education.gouv.fr\/\">MEN<\/a><\/p>\n<p><a href=\"http:\/\/eduscol.education.fr\/\">Eduscol<\/a><\/p>\n<p><a href=\"http:\/\/www.edutheque.fr\/accueil.html\">Eduth\u00e8que<\/a><\/p>\n<p><a href=\"https:\/\/www.reseau-canope.fr\/sialle\/\">Sialle<\/a><\/p>\n<p><a href=\"http:\/\/www.cafepedagogique.net\/Pages\/Accueil.aspx\">Caf\u00e9 p\u00e9dagogique<\/a><\/p>","protected":false},"excerpt":{"rendered":"<p>Acad\u00e9mie Martinique MEN Eduscol Eduth\u00e8que Sialle Caf\u00e9 p\u00e9dagogique<\/p>\n","protected":false},"author":106,"featured_media":0,"parent":663,"menu_order":2,"comment_status":"closed","ping_status":"closed","template":"","meta":{"footnotes":""},"class_list":["post-674","page","type-page","status-publish","hentry"],"_links":{"self":[{"href":"https:\/\/site.ac-martinique.fr\/lyc-latrinite\/index.php?rest_route=\/wp\/v2\/pages\/674","targetHints":{"allow":["GET"]}}],"collection":[{"href":"https:\/\/site.ac-martinique.fr\/lyc-latrinite\/index.php?rest_route=\/wp\/v2\/pages"}],"about":[{"href":"https:\/\/site.ac-martinique.fr\/lyc-latrinite\/index.php?rest_route=\/wp\/v2\/types\/page"}],"author":[{"embeddable":true,"href":"https:\/\/site.ac-martinique.fr\/lyc-latrinite\/index.php?rest_route=\/wp\/v2\/users\/106"}],"replies":[{"embeddable":true,"href":"https:\/\/site.ac-martinique.fr\/lyc-latrinite\/index.php?rest_route=%2Fwp%2Fv2%2Fcomments&post=674"}],"version-history":[{"count":12,"href":"https:\/\/site.ac-martinique.fr\/lyc-latrinite\/index.php?rest_route=\/wp\/v2\/pages\/674\/revisions"}],"predecessor-version":[{"id":4337,"href":"https:\/\/site.ac-martinique.fr\/lyc-latrinite\/index.php?rest_route=\/wp\/v2\/pages\/674\/revisions\/4337"}],"up":[{"embeddable":true,"href":"https:\/\/site.ac-martinique.fr\/lyc-latrinite\/index.php?rest_route=\/wp\/v2\/pages\/663"}],"wp:attachment":[{"href":"https:\/\/site.ac-martinique.fr\/lyc-latrinite\/index.php?rest_route=%2Fwp%2Fv2%2Fmedia&parent=674"}],"curies":[{"name":"wp","href":"https:\/\/api.w.org\/{rel}","templated":true}]}}