{"id":685,"date":"2016-04-16T14:42:36","date_gmt":"2016-04-16T13:42:36","guid":{"rendered":"https:\/\/site.ac-martinique.fr\/lyc-latrinite\/?page_id=685"},"modified":"2016-04-16T14:42:36","modified_gmt":"2016-04-16T13:42:36","slug":"e-sidoc","status":"publish","type":"page","link":"https:\/\/site.ac-martinique.fr\/lyc-latrinite\/?page_id=685","title":{"rendered":"e-sidoc"},"content":{"rendered":"<p><a href=\"http:\/\/9720430k.esidoc.fr\/\">Se connecter \u00e0 e-sidoc , portail d&rsquo;information et de recherche documentaire destin\u00e9e aux \u00e9l\u00e8ves\/\u00e9tudiants de l&rsquo;\u00e9tablissement<\/a><\/p>\n","protected":false},"excerpt":{"rendered":"<p>Se connecter \u00e0 e-sidoc , portail d&rsquo;information et de recherche documentaire destin\u00e9e aux \u00e9l\u00e8ves\/\u00e9tudiants de l&rsquo;\u00e9tablissement<\/p>\n","protected":false},"author":106,"featured_media":0,"parent":680,"menu_order":0,"comment_status":"closed","ping_status":"closed","template":"","meta":{"footnotes":""},"class_list":["post-685","page","type-page","status-publish","hentry"],"_links":{"self":[{"href":"https:\/\/site.ac-martinique.fr\/lyc-latrinite\/index.php?rest_route=\/wp\/v2\/pages\/685","targetHints":{"allow":["GET"]}}],"collection":[{"href":"https:\/\/site.ac-martinique.fr\/lyc-latrinite\/index.php?rest_route=\/wp\/v2\/pages"}],"about":[{"href":"https:\/\/site.ac-martinique.fr\/lyc-latrinite\/index.php?rest_route=\/wp\/v2\/types\/page"}],"author":[{"embeddable":true,"href":"https:\/\/site.ac-martinique.fr\/lyc-latrinite\/index.php?rest_route=\/wp\/v2\/users\/106"}],"replies":[{"embeddable":true,"href":"https:\/\/site.ac-martinique.fr\/lyc-latrinite\/index.php?rest_route=%2Fwp%2Fv2%2Fcomments&post=685"}],"version-history":[{"count":1,"href":"https:\/\/site.ac-martinique.fr\/lyc-latrinite\/index.php?rest_route=\/wp\/v2\/pages\/685\/revisions"}],"predecessor-version":[{"id":686,"href":"https:\/\/site.ac-martinique.fr\/lyc-latrinite\/index.php?rest_route=\/wp\/v2\/pages\/685\/revisions\/686"}],"up":[{"embeddable":true,"href":"https:\/\/site.ac-martinique.fr\/lyc-latrinite\/index.php?rest_route=\/wp\/v2\/pages\/680"}],"wp:attachment":[{"href":"https:\/\/site.ac-martinique.fr\/lyc-latrinite\/index.php?rest_route=%2Fwp%2Fv2%2Fmedia&parent=685"}],"curies":[{"name":"wp","href":"https:\/\/api.w.org\/{rel}","templated":true}]}}