{"id":970,"date":"2016-12-12T16:36:37","date_gmt":"2016-12-12T15:36:37","guid":{"rendered":"https:\/\/site.ac-martinique.fr\/lyc-latrinite\/?page_id=970"},"modified":"2017-11-29T23:11:42","modified_gmt":"2017-11-29T22:11:42","slug":"lancement-de-loperation-lutte-contre-lillettrisme","status":"publish","type":"page","link":"https:\/\/site.ac-martinique.fr\/lyc-latrinite\/?page_id=970","title":{"rendered":"Op\u00e9rations \u00ab\u00a0Lutte contre l&rsquo;illettrisme\u00a0\u00bb"},"content":{"rendered":"<p style=\"text-align: justify;\">\u00a0 L\u2019agence nationale de lutte contre l\u2019illettrisme (ANLCI)\u00a0 renouvelle<img loading=\"lazy\" decoding=\"async\" class=\"size-full wp-image-838 alignleft\" src=\"https:\/\/site.ac-martinique.fr\/lyc-latrinite\/wp-content\/uploads\/sites\/43\/2016\/07\/ANLCI.jpg\" alt=\"ANLCI\" width=\"123\" height=\"163\" \/>\u00a0chaque ann\u00e9e les \u00ab Journ\u00e9es nationales d\u2019action contre l\u2019illettrisme \u00bb qui se d\u00e9roulent au cours du mois de septembre. Le LP La Trinit\u00e9 participe \u00e0 la manifestation par l\u2019interm\u00e9diaire de professeurs de Lettres-Histoire qui animent un atelier d\u2019\u00e9criture dans leurs classes. Pour en savoir plus sur l\u2019ANLCI, cliquez <a href=\"http:\/\/www.anlci.gouv.fr\/\">ici <\/a>et pour conna\u00eetre toute l\u2019actualit\u00e9 de notre r\u00e9gion concernant la lutte contre l\u2019illettrisme, cliquez <a href=\"http:\/\/www.anlci.gouv.fr\/Portail-des-regions\/Martinique\">l\u00e0<\/a>.<\/p>\n<p style=\"text-align: justify;\">************************************************************************<\/p>\n<p style=\"text-align: justify;\">En <strong>septembre 2016<\/strong>, nos \u00e9l\u00e8ves et \u00e9tudiants se sont mobilis\u00e9s contre l&rsquo;illettrisme.<\/p>\n<p style=\"text-align: justify;\">D\u00e9couvrez <a href=\"https:\/\/site.ac-martinique.fr\/lyc-latrinite\/wp-content\/uploads\/sites\/43\/2016\/10\/Productions-JNLCI-2016-corrig%C3%A9.pdf\">ici <\/a>leurs productions originales \u00a0sur le th\u00e8me \u00ab\u00a0Et si on [re]faisait la rentr\u00e9e\u00a0\u00bb.<\/p>\n<p style=\"text-align: justify;\">**************************************************************************<\/p>\n<p style=\"text-align: justify;\">En <strong>septembre 2017<\/strong>, les \u00e9l\u00e8ves ont renouvel\u00e9 leur engagement contre l&rsquo;illettrisme en \u00e9crivant, encore, \u00e0 partir d&rsquo;un th\u00e8me impos\u00e9.<\/p>\n<p style=\"text-align: justify;\">Cliquez <a href=\"https:\/\/site.ac-martinique.fr\/lyc-latrinite\/wp-content\/uploads\/sites\/43\/2017\/11\/SI-J-ETAIS-PROF-ANLCI-2017.pdf\">ici <\/a>pour avoir acc\u00e8s au recueil de productions remarquables.<\/p>\n<p style=\"text-align: justify;\">Bonne lecture !<\/p>\n","protected":false},"excerpt":{"rendered":"<p>\u00a0 L\u2019agence nationale de lutte contre l\u2019illettrisme (ANLCI)\u00a0 renouvelle\u00a0chaque ann\u00e9e les \u00ab Journ\u00e9es nationales d\u2019action contre l\u2019illettrisme \u00bb qui se d\u00e9roulent au cours du mois de septembre. Le LP La Trinit\u00e9 participe \u00e0 la manifestation par l\u2019interm\u00e9diaire de professeurs de Lettres-Histoire qui animent un atelier d\u2019\u00e9criture dans leurs classes. Pour en savoir plus sur l\u2019ANLCI, &hellip; <a href=\"https:\/\/site.ac-martinique.fr\/lyc-latrinite\/?page_id=970\" class=\"more-link\">Continuer la lecture de <span class=\"screen-reader-text\">Op\u00e9rations \u00ab\u00a0Lutte contre l&rsquo;illettrisme\u00a0\u00bb<\/span>  <span class=\"meta-nav\">&rarr;<\/span><\/a><\/p>\n","protected":false},"author":106,"featured_media":0,"parent":980,"menu_order":3,"comment_status":"closed","ping_status":"closed","template":"","meta":{"footnotes":""},"class_list":["post-970","page","type-page","status-publish","hentry"],"_links":{"self":[{"href":"https:\/\/site.ac-martinique.fr\/lyc-latrinite\/index.php?rest_route=\/wp\/v2\/pages\/970","targetHints":{"allow":["GET"]}}],"collection":[{"href":"https:\/\/site.ac-martinique.fr\/lyc-latrinite\/index.php?rest_route=\/wp\/v2\/pages"}],"about":[{"href":"https:\/\/site.ac-martinique.fr\/lyc-latrinite\/index.php?rest_route=\/wp\/v2\/types\/page"}],"author":[{"embeddable":true,"href":"https:\/\/site.ac-martinique.fr\/lyc-latrinite\/index.php?rest_route=\/wp\/v2\/users\/106"}],"replies":[{"embeddable":true,"href":"https:\/\/site.ac-martinique.fr\/lyc-latrinite\/index.php?rest_route=%2Fwp%2Fv2%2Fcomments&post=970"}],"version-history":[{"count":6,"href":"https:\/\/site.ac-martinique.fr\/lyc-latrinite\/index.php?rest_route=\/wp\/v2\/pages\/970\/revisions"}],"predecessor-version":[{"id":1306,"href":"https:\/\/site.ac-martinique.fr\/lyc-latrinite\/index.php?rest_route=\/wp\/v2\/pages\/970\/revisions\/1306"}],"up":[{"embeddable":true,"href":"https:\/\/site.ac-martinique.fr\/lyc-latrinite\/index.php?rest_route=\/wp\/v2\/pages\/980"}],"wp:attachment":[{"href":"https:\/\/site.ac-martinique.fr\/lyc-latrinite\/index.php?rest_route=%2Fwp%2Fv2%2Fmedia&parent=970"}],"curies":[{"name":"wp","href":"https:\/\/api.w.org\/{rel}","templated":true}]}}