{"id":986,"date":"2016-12-12T23:28:22","date_gmt":"2016-12-12T22:28:22","guid":{"rendered":"https:\/\/site.ac-martinique.fr\/lyc-latrinite\/?page_id=986"},"modified":"2017-12-08T11:15:17","modified_gmt":"2017-12-08T10:15:17","slug":"journee-du-sport-scolaire","status":"publish","type":"page","link":"https:\/\/site.ac-martinique.fr\/lyc-latrinite\/?page_id=986","title":{"rendered":"Journ\u00e9e du sport scolaire 2016\/2017"},"content":{"rendered":"<p style=\"text-align: justify;\">Mercredi 14 septembre 2016, le LP a particip\u00e9 \u00e0 une grande manifestation sportive. La <span style=\"color: #ff00ff;\">journ\u00e9e du sport scolaire<\/span> a \u00e9t\u00e9 l\u2019occasion de soutenir \u00e9galement l\u2019association <a href=\"http:\/\/ela-asso.com\/\">ELA<\/a>\u00a0qui lutte contre les leucodystrophies. Retour\u00a0sur cette matin\u00e9e citoyenne au LP en cliquant\u00a0<strong><a href=\"https:\/\/site.ac-martinique.fr\/lyc-latrinite\/wp-content\/uploads\/sites\/43\/2016\/09\/Journ%C3%A9e-contre-la-maladie-ELA.pdf\">ici<\/a><\/strong>.<\/p>\n<p style=\"text-align: justify;\"><img decoding=\"async\" class=\"aligncenter\" src=\"https:\/\/site.ac-martinique.fr\/lyc-latrinite\/wp-content\/uploads\/sites\/43\/2016\/09\/journee-sport-sco-300x92.jpg\" alt=\"journee-sport-sco\" \/><\/p>\n","protected":false},"excerpt":{"rendered":"<p>Mercredi 14 septembre 2016, le LP a particip\u00e9 \u00e0 une grande manifestation sportive. La journ\u00e9e du sport scolaire a \u00e9t\u00e9 l\u2019occasion de soutenir \u00e9galement l\u2019association ELA\u00a0qui lutte contre les leucodystrophies. Retour\u00a0sur cette matin\u00e9e citoyenne au LP en cliquant\u00a0ici.<\/p>\n","protected":false},"author":106,"featured_media":0,"parent":984,"menu_order":4,"comment_status":"closed","ping_status":"closed","template":"","meta":{"footnotes":""},"class_list":["post-986","page","type-page","status-publish","hentry"],"_links":{"self":[{"href":"https:\/\/site.ac-martinique.fr\/lyc-latrinite\/index.php?rest_route=\/wp\/v2\/pages\/986","targetHints":{"allow":["GET"]}}],"collection":[{"href":"https:\/\/site.ac-martinique.fr\/lyc-latrinite\/index.php?rest_route=\/wp\/v2\/pages"}],"about":[{"href":"https:\/\/site.ac-martinique.fr\/lyc-latrinite\/index.php?rest_route=\/wp\/v2\/types\/page"}],"author":[{"embeddable":true,"href":"https:\/\/site.ac-martinique.fr\/lyc-latrinite\/index.php?rest_route=\/wp\/v2\/users\/106"}],"replies":[{"embeddable":true,"href":"https:\/\/site.ac-martinique.fr\/lyc-latrinite\/index.php?rest_route=%2Fwp%2Fv2%2Fcomments&post=986"}],"version-history":[{"count":3,"href":"https:\/\/site.ac-martinique.fr\/lyc-latrinite\/index.php?rest_route=\/wp\/v2\/pages\/986\/revisions"}],"predecessor-version":[{"id":1300,"href":"https:\/\/site.ac-martinique.fr\/lyc-latrinite\/index.php?rest_route=\/wp\/v2\/pages\/986\/revisions\/1300"}],"up":[{"embeddable":true,"href":"https:\/\/site.ac-martinique.fr\/lyc-latrinite\/index.php?rest_route=\/wp\/v2\/pages\/984"}],"wp:attachment":[{"href":"https:\/\/site.ac-martinique.fr\/lyc-latrinite\/index.php?rest_route=%2Fwp%2Fv2%2Fmedia&parent=986"}],"curies":[{"name":"wp","href":"https:\/\/api.w.org\/{rel}","templated":true}]}}