{"id":989,"date":"2016-12-14T17:41:45","date_gmt":"2016-12-14T16:41:45","guid":{"rendered":"https:\/\/site.ac-martinique.fr\/lyc-latrinite\/?page_id=989"},"modified":"2026-04-13T05:51:14","modified_gmt":"2026-04-13T10:51:14","slug":"deas","status":"publish","type":"page","link":"https:\/\/site.ac-martinique.fr\/lyc-latrinite\/?page_id=989","title":{"rendered":"DEAS :"},"content":{"rendered":"\n<p>Les d\u00e9p\u00f4ts des dossiers de candidatures ont lieu du 20 avril au 29 Mai 2026. <\/p>\n\n\n\n<p>D\u00e9p\u00f4t direct par les candidats au bureau de la Vie Scolaire<br><\/p>\n\n\n\n<p><\/p>\n\n\n\n<div data-wp-interactive=\"core\/file\" class=\"wp-block-file\"><object data-wp-bind--hidden=\"!state.hasPdfPreview\" hidden class=\"wp-block-file__embed\" data=\"https:\/\/site.ac-martinique.fr\/lyc-latrinite\/wp-content\/uploads\/sites\/43\/2026\/04\/CALENDRIER-SELECTION-2026.pdf\" type=\"application\/pdf\" style=\"width:100%;height:600px\" aria-label=\"Contenu embarqu\u00e9 CALENDRIER SELECTION 2026.\"><\/object><a id=\"wp-block-file--media-b9eaaa5f-37d5-466f-a149-ae3def768d24\" href=\"https:\/\/site.ac-martinique.fr\/lyc-latrinite\/wp-content\/uploads\/sites\/43\/2026\/04\/CALENDRIER-SELECTION-2026.pdf\">CALENDRIER SELECTION 2026<\/a><a href=\"https:\/\/site.ac-martinique.fr\/lyc-latrinite\/wp-content\/uploads\/sites\/43\/2026\/04\/CALENDRIER-SELECTION-2026.pdf\" class=\"wp-block-file__button wp-element-button\" download aria-describedby=\"wp-block-file--media-b9eaaa5f-37d5-466f-a149-ae3def768d24\">T\u00e9l\u00e9charger<\/a><\/div>\n\n\n\n<p><\/p>\n\n\n\n<p><\/p>\n\n\n\n<div data-wp-interactive=\"core\/file\" class=\"wp-block-file aligncenter\"><object data-wp-bind--hidden=\"!state.hasPdfPreview\" hidden class=\"wp-block-file__embed\" data=\"https:\/\/site.ac-martinique.fr\/lyc-latrinite\/wp-content\/uploads\/sites\/43\/2026\/04\/fiche-metier-AS.pdf\" type=\"application\/pdf\" style=\"width:100%;height:600px\" aria-label=\"Contenu embarqu\u00e9 fiche metier AS.\"><\/object><a id=\"wp-block-file--media-544c5c9b-f6e5-4dbc-a9cb-b8712bf6cbe4\" href=\"https:\/\/site.ac-martinique.fr\/lyc-latrinite\/wp-content\/uploads\/sites\/43\/2026\/04\/fiche-metier-AS.pdf\">fiche metier AS<\/a><a href=\"https:\/\/site.ac-martinique.fr\/lyc-latrinite\/wp-content\/uploads\/sites\/43\/2026\/04\/fiche-metier-AS.pdf\" class=\"wp-block-file__button wp-element-button\" download aria-describedby=\"wp-block-file--media-544c5c9b-f6e5-4dbc-a9cb-b8712bf6cbe4\">T\u00e9l\u00e9charger<\/a><\/div>\n\n\n\n<p class=\"has-text-color\" style=\"color:#353952\"><strong>Ci-dessous les modalit\u00e9s d\u2019Organisation et de S\u00e9lection \u00e0 la Formation d&rsquo;Aide Soignant(e) pour la rentr\u00e9e Septembre 2026 :<\/strong><\/p>\n\n\n\n<div data-wp-interactive=\"core\/file\" class=\"wp-block-file aligncenter\"><object data-wp-bind--hidden=\"!state.hasPdfPreview\" hidden class=\"wp-block-file__embed\" data=\"https:\/\/site.ac-martinique.fr\/lyc-latrinite\/wp-content\/uploads\/sites\/43\/2026\/04\/MODALITES-ET-ORGANISATION-SELECTION-DEAS_2026-2027.pdf\" type=\"application\/pdf\" style=\"width:100%;height:600px\" aria-label=\"Contenu embarqu\u00e9 MODALITES ET ORGANISATION SELECTION  DEAS_2026-2027.\"><\/object><a id=\"wp-block-file--media-d28daec4-4d20-4c82-881a-a0c03712659a\" href=\"https:\/\/site.ac-martinique.fr\/lyc-latrinite\/wp-content\/uploads\/sites\/43\/2026\/04\/MODALITES-ET-ORGANISATION-SELECTION-DEAS_2026-2027.pdf\">MODALITES ET ORGANISATION SELECTION  DEAS_2026-2027<\/a><a href=\"https:\/\/site.ac-martinique.fr\/lyc-latrinite\/wp-content\/uploads\/sites\/43\/2026\/04\/MODALITES-ET-ORGANISATION-SELECTION-DEAS_2026-2027.pdf\" class=\"wp-block-file__button wp-element-button\" download aria-describedby=\"wp-block-file--media-d28daec4-4d20-4c82-881a-a0c03712659a\">T\u00e9l\u00e9charger<\/a><\/div>\n\n\n\n<div data-wp-interactive=\"core\/file\" class=\"wp-block-file aligncenter\"><object data-wp-bind--hidden=\"!state.hasPdfPreview\" hidden class=\"wp-block-file__embed\" data=\"https:\/\/site.ac-martinique.fr\/lyc-latrinite\/wp-content\/uploads\/sites\/43\/2026\/04\/FICHE-COMPOSITION-DU-DOSSIER-DE-CANDIDATURE-FORMATION-AIDES-SOIGNANTS-2026-27.pdf\" type=\"application\/pdf\" style=\"width:100%;height:600px\" aria-label=\"Contenu embarqu\u00e9 FICHE COMPOSITION DU DOSSIER  DE CANDIDATURE - FORMATION AIDES SOIGNANTS 2026-27.\"><\/object><a id=\"wp-block-file--media-9a4adcb1-ade5-411f-a2f9-6a8dbf12b51f\" href=\"https:\/\/site.ac-martinique.fr\/lyc-latrinite\/wp-content\/uploads\/sites\/43\/2026\/04\/FICHE-COMPOSITION-DU-DOSSIER-DE-CANDIDATURE-FORMATION-AIDES-SOIGNANTS-2026-27.pdf\">FICHE COMPOSITION DU DOSSIER  DE CANDIDATURE &#8211; FORMATION AIDES SOIGNANTS 2026-27<\/a><a href=\"https:\/\/site.ac-martinique.fr\/lyc-latrinite\/wp-content\/uploads\/sites\/43\/2026\/04\/FICHE-COMPOSITION-DU-DOSSIER-DE-CANDIDATURE-FORMATION-AIDES-SOIGNANTS-2026-27.pdf\" class=\"wp-block-file__button wp-element-button\" download aria-describedby=\"wp-block-file--media-9a4adcb1-ade5-411f-a2f9-6a8dbf12b51f\">T\u00e9l\u00e9charger<\/a><\/div>\n\n\n\n<p><\/p>\n\n\n\n<p>Ci-joint la fiche de candidature \u00e0 t\u00e9l\u00e9charger et \u00e0 compl\u00e9ter selon les modalit\u00e9s d&rsquo;organisation :<\/p>\n\n\n\n<div data-wp-interactive=\"core\/file\" class=\"wp-block-file aligncenter\"><object data-wp-bind--hidden=\"!state.hasPdfPreview\" hidden class=\"wp-block-file__embed\" data=\"https:\/\/site.ac-martinique.fr\/lyc-latrinite\/wp-content\/uploads\/sites\/43\/2026\/04\/FICHE-INDIVIDUELLE-DE-CANDIDATURE-A-LA-FORMATION-DES-AIDES-SOIGNANTS-2026-2027.pdf\" type=\"application\/pdf\" style=\"width:100%;height:600px\" aria-label=\"Contenu embarqu\u00e9 FICHE INDIVIDUELLE DE CANDIDATURE A LA FORMATION DES AIDES-SOIGNANTS 2026-2027.\"><\/object><a id=\"wp-block-file--media-1a42f8bb-f152-4378-851e-a8fbef204573\" href=\"https:\/\/site.ac-martinique.fr\/lyc-latrinite\/wp-content\/uploads\/sites\/43\/2026\/04\/FICHE-INDIVIDUELLE-DE-CANDIDATURE-A-LA-FORMATION-DES-AIDES-SOIGNANTS-2026-2027.pdf\">FICHE INDIVIDUELLE DE CANDIDATURE A LA FORMATION DES AIDES-SOIGNANTS 2026-2027<\/a><a href=\"https:\/\/site.ac-martinique.fr\/lyc-latrinite\/wp-content\/uploads\/sites\/43\/2026\/04\/FICHE-INDIVIDUELLE-DE-CANDIDATURE-A-LA-FORMATION-DES-AIDES-SOIGNANTS-2026-2027.pdf\" class=\"wp-block-file__button wp-element-button\" download aria-describedby=\"wp-block-file--media-1a42f8bb-f152-4378-851e-a8fbef204573\">T\u00e9l\u00e9charger<\/a><\/div>\n\n\n\n<p><\/p>\n\n\n\n<p><\/p>\n\n\n\n<p>Ci-joint La liste des m\u00e9decins :<\/p>\n\n\n\n<div data-wp-interactive=\"core\/file\" class=\"wp-block-file aligncenter\"><object data-wp-bind--hidden=\"!state.hasPdfPreview\" hidden class=\"wp-block-file__embed\" data=\"https:\/\/site.ac-martinique.fr\/lyc-latrinite\/wp-content\/uploads\/sites\/43\/2026\/04\/Liste-actualisee-des-medecins-agrees-juillet-2025.pdf\" type=\"application\/pdf\" style=\"width:100%;height:600px\" aria-label=\"Contenu embarqu\u00e9 Liste actualis\u00e9e des m\u00e9decins agr\u00e9\u00e9s juillet 2025.\"><\/object><a id=\"wp-block-file--media-4bf64ee5-4645-4045-8251-2c7b5a0d90c9\" href=\"https:\/\/site.ac-martinique.fr\/lyc-latrinite\/wp-content\/uploads\/sites\/43\/2026\/04\/Liste-actualisee-des-medecins-agrees-juillet-2025.pdf\">Liste actualis\u00e9e des m\u00e9decins agr\u00e9\u00e9s juillet 2025<\/a><a href=\"https:\/\/site.ac-martinique.fr\/lyc-latrinite\/wp-content\/uploads\/sites\/43\/2026\/04\/Liste-actualisee-des-medecins-agrees-juillet-2025.pdf\" class=\"wp-block-file__button wp-element-button\" download aria-describedby=\"wp-block-file--media-4bf64ee5-4645-4045-8251-2c7b5a0d90c9\">T\u00e9l\u00e9charger<\/a><\/div>\n\n\n\n<p><\/p>\n\n\n\n<p><\/p>\n","protected":false},"excerpt":{"rendered":"<p>Les d\u00e9p\u00f4ts des dossiers de candidatures ont lieu du 20 avril au 29 Mai 2026. D\u00e9p\u00f4t direct par les candidats au bureau de la Vie Scolaire Ci-dessous les modalit\u00e9s d\u2019Organisation et de S\u00e9lection \u00e0 la Formation d&rsquo;Aide Soignant(e) pour la rentr\u00e9e Septembre 2026 : Ci-joint la fiche de candidature \u00e0 t\u00e9l\u00e9charger et \u00e0 compl\u00e9ter selon &hellip; <a href=\"https:\/\/site.ac-martinique.fr\/lyc-latrinite\/?page_id=989\" class=\"more-link\">Continuer la lecture de <span class=\"screen-reader-text\">DEAS :<\/span>  <span class=\"meta-nav\">&rarr;<\/span><\/a><\/p>\n","protected":false},"author":106,"featured_media":0,"parent":0,"menu_order":15,"comment_status":"closed","ping_status":"closed","template":"","meta":{"footnotes":""},"class_list":["post-989","page","type-page","status-publish","hentry"],"_links":{"self":[{"href":"https:\/\/site.ac-martinique.fr\/lyc-latrinite\/index.php?rest_route=\/wp\/v2\/pages\/989","targetHints":{"allow":["GET"]}}],"collection":[{"href":"https:\/\/site.ac-martinique.fr\/lyc-latrinite\/index.php?rest_route=\/wp\/v2\/pages"}],"about":[{"href":"https:\/\/site.ac-martinique.fr\/lyc-latrinite\/index.php?rest_route=\/wp\/v2\/types\/page"}],"author":[{"embeddable":true,"href":"https:\/\/site.ac-martinique.fr\/lyc-latrinite\/index.php?rest_route=\/wp\/v2\/users\/106"}],"replies":[{"embeddable":true,"href":"https:\/\/site.ac-martinique.fr\/lyc-latrinite\/index.php?rest_route=%2Fwp%2Fv2%2Fcomments&post=989"}],"version-history":[{"count":46,"href":"https:\/\/site.ac-martinique.fr\/lyc-latrinite\/index.php?rest_route=\/wp\/v2\/pages\/989\/revisions"}],"predecessor-version":[{"id":4395,"href":"https:\/\/site.ac-martinique.fr\/lyc-latrinite\/index.php?rest_route=\/wp\/v2\/pages\/989\/revisions\/4395"}],"wp:attachment":[{"href":"https:\/\/site.ac-martinique.fr\/lyc-latrinite\/index.php?rest_route=%2Fwp%2Fv2%2Fmedia&parent=989"}],"curies":[{"name":"wp","href":"https:\/\/api.w.org\/{rel}","templated":true}]}}