{"id":1038,"date":"2025-02-03T00:07:37","date_gmt":"2025-02-03T04:07:37","guid":{"rendered":"https:\/\/site.ac-martinique.fr\/lyc-leopoldbissol\/?page_id=1038"},"modified":"2026-01-20T15:53:18","modified_gmt":"2026-01-20T19:53:18","slug":"espace-formation-melec","status":"publish","type":"page","link":"https:\/\/site.ac-martinique.fr\/lyc-leopoldbissol\/nos-formations\/bac-pro-3-ans\/bac-pro-mtne-melec\/espace-formation-melec\/","title":{"rendered":"Espace formation BAC PRO MELEC"},"content":{"rendered":"\n<div class=\"wp-block-columns are-vertically-aligned-center is-layout-flex wp-container-core-columns-is-layout-d0b3c9c8 wp-block-columns-is-layout-flex\">\n<div class=\"wp-block-column is-vertically-aligned-center is-layout-flow wp-block-column-is-layout-flow\" style=\"--col-width:33.33%;flex-basis:33.33%\">\n<div class=\"wp-block-buttons is-layout-flex wp-block-buttons-is-layout-flex\">\n<div class=\"wp-block-button\"><a class=\"wp-block-button__link wp-element-button\" href=\"https:\/\/www.cpro-education.fr\/9720091S\/\" target=\"_blank\" rel=\"noreferrer noopener\">C PRO<\/a><\/div>\n<\/div>\n<\/div>\n\n\n\n<div class=\"wp-block-column is-vertically-aligned-center is-layout-flow wp-block-column-is-layout-flow\" style=\"--col-width:66.66%;flex-basis:66.66%\">\n<p>Cpro \u00e9ducation est une application en ligne d\u00e9di\u00e9e aux formateurs et apprenants de la voie professionnelle<\/p>\n<\/div>\n<\/div>\n\n\n\n<div class=\"wp-block-group alignfull has-global-padding is-layout-constrained wp-container-core-group-is-layout-d89aad35 wp-block-group-is-layout-constrained\" style=\"margin-top:0;margin-bottom:0;padding-top:var(--wp--preset--spacing--50);padding-right:var(--wp--preset--spacing--50);padding-bottom:var(--wp--preset--spacing--50);padding-left:var(--wp--preset--spacing--50)\">\n<h2 class=\"wp-block-heading alignwide has-x-large-font-size\" style=\"margin-top:0;margin-bottom:var(--wp--preset--spacing--40);line-height:1\">2MTNE<\/h2>\n\n\n\n<div class=\"wp-block-group alignwide has-global-padding is-layout-constrained wp-block-group-is-layout-constrained\">\n<div class=\"wp-block-query alignwide is-layout-flow wp-block-query-is-layout-flow\"><ul class=\"wp-block-post-template is-layout-flow wp-block-post-template-is-layout-flow\"><li class=\"wp-block-post post-3283 post type-post status-publish format-standard has-post-thumbnail hentry category-bacpro category-evenement category-melec category-mtne tag-bandeau-actualite tag-banniere2mtne\">\n\n<hr class=\"wp-block-separator has-text-color has-contrast-3-color has-alpha-channel-opacity has-contrast-3-background-color has-background alignwide is-style-wide\"\/>\n\n\n\n<div class=\"wp-block-columns alignwide are-vertically-aligned-center is-layout-flex wp-container-core-columns-is-layout-c4d7f78d wp-block-columns-is-layout-flex\" style=\"margin-top:var(--wp--preset--spacing--20);margin-bottom:var(--wp--preset--spacing--20)\">\n<div class=\"wp-block-column is-vertically-aligned-center is-layout-flow wp-block-column-is-layout-flow\" style=\"--col-width:72%;flex-basis:72%\"><h2 style=\"font-size:clamp(1.125rem, 1.125rem + ((1vw - 0.2rem) * 0.625), 1.5rem);line-height:1.1;\" class=\"wp-block-post-title\"><a href=\"https:\/\/site.ac-martinique.fr\/lyc-leopoldbissol\/2026\/03\/11\/visite-de-lhabitation-gradis-a-basse-pointe\/\" target=\"_self\" >Visite de l&rsquo;Habitation Gradis, \u00e0 Basse-Pointe.<\/a><\/h2><\/div>\n\n\n\n<div class=\"wp-block-column is-vertically-aligned-center is-layout-flow wp-block-column-is-layout-flow\" style=\"--col-width:28%;flex-basis:28%\"><div class=\"wp-block-template-part\">\n<div class=\"wp-block-group has-global-padding is-layout-constrained wp-block-group-is-layout-constrained\">\n<div class=\"wp-block-group is-content-justification-left is-layout-flex wp-container-core-group-is-layout-dfe8e91f wp-block-group-is-layout-flex\"><div class=\"wp-block-post-date\"><time datetime=\"2026-03-11T15:23:57-04:00\"><a href=\"https:\/\/site.ac-martinique.fr\/lyc-leopoldbissol\/2026\/03\/11\/visite-de-lhabitation-gradis-a-basse-pointe\/\">Mar 11, 2026<\/a><\/time><\/div>\n\n\n<p class=\"has-contrast-2-color has-text-color\">\u2014<\/p>\n\n\n\n<p class=\"has-contrast-2-color has-text-color has-small-font-size\">par<\/p>\n\n\n<div class=\"wp-block-post-author-name\"><a href=\"https:\/\/site.ac-martinique.fr\/lyc-leopoldbissol\/author\/nlecerf\/\" target=\"_self\" class=\"wp-block-post-author-name__link\">nlecerf<\/a><\/div>\n\n<div class=\"taxonomy-category wp-block-post-terms\"><span class=\"wp-block-post-terms__prefix\">dans <\/span><a href=\"https:\/\/site.ac-martinique.fr\/lyc-leopoldbissol\/category\/bacpro\/\" rel=\"tag\">BACPRO<\/a><span class=\"wp-block-post-terms__separator\">, <\/span><a href=\"https:\/\/site.ac-martinique.fr\/lyc-leopoldbissol\/category\/evenement\/\" rel=\"tag\">\u00c9v\u00e9nement<\/a><span class=\"wp-block-post-terms__separator\">, <\/span><a href=\"https:\/\/site.ac-martinique.fr\/lyc-leopoldbissol\/category\/bacpro\/melec\/\" rel=\"tag\">MELEC<\/a><span class=\"wp-block-post-terms__separator\">, <\/span><a href=\"https:\/\/site.ac-martinique.fr\/lyc-leopoldbissol\/category\/famille-des-metiers\/mtne\/\" rel=\"tag\">MTNE<\/a><\/div><\/div>\n<\/div>\n<\/div><\/div>\n<\/div>\n\n<\/li><li class=\"wp-block-post post-1111 post type-post status-publish format-standard post-password-required hentry category-tp-melec tag-banniere2mtne\">\n\n<hr class=\"wp-block-separator has-text-color has-contrast-3-color has-alpha-channel-opacity has-contrast-3-background-color has-background alignwide is-style-wide\"\/>\n\n\n\n<div class=\"wp-block-columns alignwide are-vertically-aligned-center is-layout-flex wp-container-core-columns-is-layout-c4d7f78d wp-block-columns-is-layout-flex\" style=\"margin-top:var(--wp--preset--spacing--20);margin-bottom:var(--wp--preset--spacing--20)\">\n<div class=\"wp-block-column is-vertically-aligned-center is-layout-flow wp-block-column-is-layout-flow\" style=\"--col-width:72%;flex-basis:72%\"><h2 style=\"font-size:clamp(1.125rem, 1.125rem + ((1vw - 0.2rem) * 0.625), 1.5rem);line-height:1.1;\" class=\"wp-block-post-title\"><a href=\"https:\/\/site.ac-martinique.fr\/lyc-leopoldbissol\/2025\/02\/10\/schema-electrique-sur-qelectrotech\/\" target=\"_self\" >Prot\u00e9g\u00e9\u00a0: Sch\u00e9ma \u00e9lectrique sur QElectroTech<\/a><\/h2><\/div>\n\n\n\n<div class=\"wp-block-column is-vertically-aligned-center is-layout-flow wp-block-column-is-layout-flow\" style=\"--col-width:28%;flex-basis:28%\"><div class=\"wp-block-template-part\">\n<div class=\"wp-block-group has-global-padding is-layout-constrained wp-block-group-is-layout-constrained\">\n<div class=\"wp-block-group is-content-justification-left is-layout-flex wp-container-core-group-is-layout-dfe8e91f wp-block-group-is-layout-flex\">\n\n\n<p class=\"has-contrast-2-color has-text-color\">\u2014<\/p>\n\n\n\n<p class=\"has-contrast-2-color has-text-color has-small-font-size\">par<\/p>\n\n\n<div class=\"wp-block-post-author-name\"><a href=\"https:\/\/site.ac-martinique.fr\/lyc-leopoldbissol\/author\/nlecerf\/\" target=\"_self\" class=\"wp-block-post-author-name__link\">nlecerf<\/a><\/div>\n\n<div class=\"taxonomy-category wp-block-post-terms\"><span class=\"wp-block-post-terms__prefix\">dans <\/span><a href=\"https:\/\/site.ac-martinique.fr\/lyc-leopoldbissol\/category\/bacpro\/melec\/tp-melec\/\" rel=\"tag\">TP<\/a><\/div><\/div>\n<\/div>\n<\/div><\/div>\n<\/div>\n\n<\/li><li class=\"wp-block-post post-1028 post type-post status-publish format-standard post-password-required hentry category-tp-melec tag-banniere2mtne\">\n\n<hr class=\"wp-block-separator has-text-color has-contrast-3-color has-alpha-channel-opacity has-contrast-3-background-color has-background alignwide is-style-wide\"\/>\n\n\n\n<div class=\"wp-block-columns alignwide are-vertically-aligned-center is-layout-flex wp-container-core-columns-is-layout-c4d7f78d wp-block-columns-is-layout-flex\" style=\"margin-top:var(--wp--preset--spacing--20);margin-bottom:var(--wp--preset--spacing--20)\">\n<div class=\"wp-block-column is-vertically-aligned-center is-layout-flow wp-block-column-is-layout-flow\" style=\"--col-width:72%;flex-basis:72%\"><h2 style=\"font-size:clamp(1.125rem, 1.125rem + ((1vw - 0.2rem) * 0.625), 1.5rem);line-height:1.1;\" class=\"wp-block-post-title\"><a href=\"https:\/\/site.ac-martinique.fr\/lyc-leopoldbissol\/2025\/02\/03\/schema-architectural\/\" target=\"_self\" >Prot\u00e9g\u00e9\u00a0: Sch\u00e9ma architectural<\/a><\/h2><\/div>\n\n\n\n<div class=\"wp-block-column is-vertically-aligned-center is-layout-flow wp-block-column-is-layout-flow\" style=\"--col-width:28%;flex-basis:28%\"><div class=\"wp-block-template-part\">\n<div class=\"wp-block-group has-global-padding is-layout-constrained wp-block-group-is-layout-constrained\">\n<div class=\"wp-block-group is-content-justification-left is-layout-flex wp-container-core-group-is-layout-dfe8e91f wp-block-group-is-layout-flex\">\n\n\n<p class=\"has-contrast-2-color has-text-color\">\u2014<\/p>\n\n\n\n<p class=\"has-contrast-2-color has-text-color has-small-font-size\">par<\/p>\n\n\n<div class=\"wp-block-post-author-name\"><a href=\"https:\/\/site.ac-martinique.fr\/lyc-leopoldbissol\/author\/nlecerf\/\" target=\"_self\" class=\"wp-block-post-author-name__link\">nlecerf<\/a><\/div>\n\n<div class=\"taxonomy-category wp-block-post-terms\"><span class=\"wp-block-post-terms__prefix\">dans <\/span><a href=\"https:\/\/site.ac-martinique.fr\/lyc-leopoldbissol\/category\/bacpro\/melec\/tp-melec\/\" rel=\"tag\">TP<\/a><\/div><\/div>\n<\/div>\n<\/div><\/div>\n<\/div>\n\n<\/li><\/ul>\n\n\n<div style=\"height:var(--wp--preset--spacing--30)\" aria-hidden=\"true\" class=\"wp-block-spacer\"><\/div>\n\n\n\n\n<\/div>\n<\/div>\n<\/div>\n\n\n\n<div class=\"wp-block-group alignfull has-global-padding is-layout-constrained wp-container-core-group-is-layout-d89aad35 wp-block-group-is-layout-constrained\" style=\"margin-top:0;margin-bottom:0;padding-top:var(--wp--preset--spacing--50);padding-right:var(--wp--preset--spacing--50);padding-bottom:var(--wp--preset--spacing--50);padding-left:var(--wp--preset--spacing--50)\">\n<h2 class=\"wp-block-heading alignwide has-x-large-font-size\" style=\"margin-top:0;margin-bottom:var(--wp--preset--spacing--40);line-height:1\">1er Melec<\/h2>\n\n\n\n<div class=\"wp-block-buttons alignwide is-layout-flex wp-block-buttons-is-layout-flex\">\n<div class=\"wp-block-button\"><a class=\"wp-block-button__link wp-element-button\" href=\"https:\/\/site.ac-martinique.fr\/lyc-leopoldbissol\/projet-pedagogique-a-la-decouverte-dedf-et-de-son-organisation\/\">Projet EDF<\/a><\/div>\n\n\n\n<div class=\"wp-block-button\"><a class=\"wp-block-button__link wp-element-button\" href=\"https:\/\/site.ac-martinique.fr\/lyc-leopoldbissol\/projet-pv-2026\/\">Projet PV 2026<\/a><\/div>\n<\/div>\n\n\n\n<div class=\"wp-block-group alignwide has-global-padding is-layout-constrained wp-block-group-is-layout-constrained\">\n<div class=\"wp-block-query alignwide is-layout-flow wp-block-query-is-layout-flow\"><ul class=\"wp-block-post-template is-layout-flow wp-block-post-template-is-layout-flow\"><li class=\"wp-block-post post-3094 post type-post status-publish format-standard post-password-required hentry category-tp-melec tag-banniere1melec\">\n\n<hr class=\"wp-block-separator has-text-color has-contrast-3-color has-alpha-channel-opacity has-contrast-3-background-color has-background alignwide is-style-wide\"\/>\n\n\n\n<div class=\"wp-block-columns alignwide are-vertically-aligned-center is-layout-flex wp-container-core-columns-is-layout-c4d7f78d wp-block-columns-is-layout-flex\" style=\"margin-top:var(--wp--preset--spacing--20);margin-bottom:var(--wp--preset--spacing--20)\">\n<div class=\"wp-block-column is-vertically-aligned-center is-layout-flow wp-block-column-is-layout-flow\" style=\"--col-width:72%;flex-basis:72%\"><h2 style=\"font-size:clamp(1.125rem, 1.125rem + ((1vw - 0.2rem) * 0.625), 1.5rem);line-height:1.1;\" class=\"wp-block-post-title\"><a href=\"https:\/\/site.ac-martinique.fr\/lyc-leopoldbissol\/2026\/01\/25\/technologie-depart-moteur\/\" target=\"_self\" >Prot\u00e9g\u00e9\u00a0: Technologie : d\u00e9part-moteur<\/a><\/h2><\/div>\n\n\n\n<div class=\"wp-block-column is-vertically-aligned-center is-layout-flow wp-block-column-is-layout-flow\" style=\"--col-width:28%;flex-basis:28%\"><div class=\"wp-block-template-part\">\n<div class=\"wp-block-group has-global-padding is-layout-constrained wp-block-group-is-layout-constrained\">\n<div class=\"wp-block-group is-content-justification-left is-layout-flex wp-container-core-group-is-layout-dfe8e91f wp-block-group-is-layout-flex\">\n\n\n<p class=\"has-contrast-2-color has-text-color\">\u2014<\/p>\n\n\n\n<p class=\"has-contrast-2-color has-text-color has-small-font-size\">par<\/p>\n\n\n<div class=\"wp-block-post-author-name\"><a href=\"https:\/\/site.ac-martinique.fr\/lyc-leopoldbissol\/author\/nlecerf\/\" target=\"_self\" class=\"wp-block-post-author-name__link\">nlecerf<\/a><\/div>\n\n<div class=\"taxonomy-category wp-block-post-terms\"><span class=\"wp-block-post-terms__prefix\">dans <\/span><a href=\"https:\/\/site.ac-martinique.fr\/lyc-leopoldbissol\/category\/bacpro\/melec\/tp-melec\/\" rel=\"tag\">TP<\/a><\/div><\/div>\n<\/div>\n<\/div><\/div>\n<\/div>\n\n<\/li><li class=\"wp-block-post post-2299 post type-post status-publish format-standard post-password-required hentry category-tp-melec tag-banniere1melec\">\n\n<hr class=\"wp-block-separator has-text-color has-contrast-3-color has-alpha-channel-opacity has-contrast-3-background-color has-background alignwide is-style-wide\"\/>\n\n\n\n<div class=\"wp-block-columns alignwide are-vertically-aligned-center is-layout-flex wp-container-core-columns-is-layout-c4d7f78d wp-block-columns-is-layout-flex\" style=\"margin-top:var(--wp--preset--spacing--20);margin-bottom:var(--wp--preset--spacing--20)\">\n<div class=\"wp-block-column is-vertically-aligned-center is-layout-flow wp-block-column-is-layout-flow\" style=\"--col-width:72%;flex-basis:72%\"><h2 style=\"font-size:clamp(1.125rem, 1.125rem + ((1vw - 0.2rem) * 0.625), 1.5rem);line-height:1.1;\" class=\"wp-block-post-title\"><a href=\"https:\/\/site.ac-martinique.fr\/lyc-leopoldbissol\/2025\/11\/02\/recherche-dentreprises-en-martinique\/\" target=\"_self\" >Prot\u00e9g\u00e9\u00a0: Recherche d\u2019entreprises en Martinique<\/a><\/h2><\/div>\n\n\n\n<div class=\"wp-block-column is-vertically-aligned-center is-layout-flow wp-block-column-is-layout-flow\" style=\"--col-width:28%;flex-basis:28%\"><div class=\"wp-block-template-part\">\n<div class=\"wp-block-group has-global-padding is-layout-constrained wp-block-group-is-layout-constrained\">\n<div class=\"wp-block-group is-content-justification-left is-layout-flex wp-container-core-group-is-layout-dfe8e91f wp-block-group-is-layout-flex\">\n\n\n<p class=\"has-contrast-2-color has-text-color\">\u2014<\/p>\n\n\n\n<p class=\"has-contrast-2-color has-text-color has-small-font-size\">par<\/p>\n\n\n<div class=\"wp-block-post-author-name\"><a href=\"https:\/\/site.ac-martinique.fr\/lyc-leopoldbissol\/author\/nlecerf\/\" target=\"_self\" class=\"wp-block-post-author-name__link\">nlecerf<\/a><\/div>\n\n<div class=\"taxonomy-category wp-block-post-terms\"><span class=\"wp-block-post-terms__prefix\">dans <\/span><a href=\"https:\/\/site.ac-martinique.fr\/lyc-leopoldbissol\/category\/bacpro\/melec\/tp-melec\/\" rel=\"tag\">TP<\/a><\/div><\/div>\n<\/div>\n<\/div><\/div>\n<\/div>\n\n<\/li><li class=\"wp-block-post post-1197 post type-post status-publish format-standard post-password-required hentry category-tp-melec tag-banniere1melec\">\n\n<hr class=\"wp-block-separator has-text-color has-contrast-3-color has-alpha-channel-opacity has-contrast-3-background-color has-background alignwide is-style-wide\"\/>\n\n\n\n<div class=\"wp-block-columns alignwide are-vertically-aligned-center is-layout-flex wp-container-core-columns-is-layout-c4d7f78d wp-block-columns-is-layout-flex\" style=\"margin-top:var(--wp--preset--spacing--20);margin-bottom:var(--wp--preset--spacing--20)\">\n<div class=\"wp-block-column is-vertically-aligned-center is-layout-flow wp-block-column-is-layout-flow\" style=\"--col-width:72%;flex-basis:72%\"><h2 style=\"font-size:clamp(1.125rem, 1.125rem + ((1vw - 0.2rem) * 0.625), 1.5rem);line-height:1.1;\" class=\"wp-block-post-title\"><a href=\"https:\/\/site.ac-martinique.fr\/lyc-leopoldbissol\/2025\/02\/18\/liste-des-schemas-industriels\/\" target=\"_self\" >Prot\u00e9g\u00e9\u00a0: Liste des sch\u00e9mas industriels<\/a><\/h2><\/div>\n\n\n\n<div class=\"wp-block-column is-vertically-aligned-center is-layout-flow wp-block-column-is-layout-flow\" style=\"--col-width:28%;flex-basis:28%\"><div class=\"wp-block-template-part\">\n<div class=\"wp-block-group has-global-padding is-layout-constrained wp-block-group-is-layout-constrained\">\n<div class=\"wp-block-group is-content-justification-left is-layout-flex wp-container-core-group-is-layout-dfe8e91f wp-block-group-is-layout-flex\">\n\n\n<p class=\"has-contrast-2-color has-text-color\">\u2014<\/p>\n\n\n\n<p class=\"has-contrast-2-color has-text-color has-small-font-size\">par<\/p>\n\n\n<div class=\"wp-block-post-author-name\"><a href=\"https:\/\/site.ac-martinique.fr\/lyc-leopoldbissol\/author\/nlecerf\/\" target=\"_self\" class=\"wp-block-post-author-name__link\">nlecerf<\/a><\/div>\n\n<div class=\"taxonomy-category wp-block-post-terms\"><span class=\"wp-block-post-terms__prefix\">dans <\/span><a href=\"https:\/\/site.ac-martinique.fr\/lyc-leopoldbissol\/category\/bacpro\/melec\/tp-melec\/\" rel=\"tag\">TP<\/a><\/div><\/div>\n<\/div>\n<\/div><\/div>\n<\/div>\n\n<\/li><li class=\"wp-block-post post-1007 post type-post status-publish format-standard post-password-required hentry category-tp-melec tag-banniere1melec\">\n\n<hr class=\"wp-block-separator has-text-color has-contrast-3-color has-alpha-channel-opacity has-contrast-3-background-color has-background alignwide is-style-wide\"\/>\n\n\n\n<div class=\"wp-block-columns alignwide are-vertically-aligned-center is-layout-flex wp-container-core-columns-is-layout-c4d7f78d wp-block-columns-is-layout-flex\" style=\"margin-top:var(--wp--preset--spacing--20);margin-bottom:var(--wp--preset--spacing--20)\">\n<div class=\"wp-block-column is-vertically-aligned-center is-layout-flow wp-block-column-is-layout-flow\" style=\"--col-width:72%;flex-basis:72%\"><h2 style=\"font-size:clamp(1.125rem, 1.125rem + ((1vw - 0.2rem) * 0.625), 1.5rem);line-height:1.1;\" class=\"wp-block-post-title\"><a href=\"https:\/\/site.ac-martinique.fr\/lyc-leopoldbissol\/2025\/01\/25\/etude-demarrage-moteur-asynchrone\/\" target=\"_self\" >Prot\u00e9g\u00e9\u00a0: \u00c9tude d\u00e9marrage moteur asynchrone<\/a><\/h2><\/div>\n\n\n\n<div class=\"wp-block-column is-vertically-aligned-center is-layout-flow wp-block-column-is-layout-flow\" style=\"--col-width:28%;flex-basis:28%\"><div class=\"wp-block-template-part\">\n<div class=\"wp-block-group has-global-padding is-layout-constrained wp-block-group-is-layout-constrained\">\n<div class=\"wp-block-group is-content-justification-left is-layout-flex wp-container-core-group-is-layout-dfe8e91f wp-block-group-is-layout-flex\">\n\n\n<p class=\"has-contrast-2-color has-text-color\">\u2014<\/p>\n\n\n\n<p class=\"has-contrast-2-color has-text-color has-small-font-size\">par<\/p>\n\n\n<div class=\"wp-block-post-author-name\"><a href=\"https:\/\/site.ac-martinique.fr\/lyc-leopoldbissol\/author\/nlecerf\/\" target=\"_self\" class=\"wp-block-post-author-name__link\">nlecerf<\/a><\/div>\n\n<div class=\"taxonomy-category wp-block-post-terms\"><span class=\"wp-block-post-terms__prefix\">dans <\/span><a href=\"https:\/\/site.ac-martinique.fr\/lyc-leopoldbissol\/category\/bacpro\/melec\/tp-melec\/\" rel=\"tag\">TP<\/a><\/div><\/div>\n<\/div>\n<\/div><\/div>\n<\/div>\n\n<\/li><\/ul>\n\n\n<div style=\"height:var(--wp--preset--spacing--30)\" aria-hidden=\"true\" class=\"wp-block-spacer\"><\/div>\n\n\n\n\n<\/div>\n<\/div>\n<\/div>\n\n\n\n<div class=\"wp-block-group alignfull has-global-padding is-layout-constrained wp-container-core-group-is-layout-d89aad35 wp-block-group-is-layout-constrained\" style=\"margin-top:0;margin-bottom:0;padding-top:var(--wp--preset--spacing--50);padding-right:var(--wp--preset--spacing--50);padding-bottom:var(--wp--preset--spacing--50);padding-left:var(--wp--preset--spacing--50)\">\n<h2 class=\"wp-block-heading alignwide has-x-large-font-size\" style=\"margin-top:0;margin-bottom:var(--wp--preset--spacing--40);line-height:1\">Ter Melec<\/h2>\n\n\n\n<div class=\"wp-block-group alignwide has-global-padding is-layout-constrained wp-block-group-is-layout-constrained\">\n<div class=\"wp-block-query alignwide is-layout-flow wp-block-query-is-layout-flow\">\n\n\n<div style=\"height:var(--wp--preset--spacing--30)\" aria-hidden=\"true\" class=\"wp-block-spacer\"><\/div>\n\n\n\n\n<div class=\"wp-block-query-no-results\">\n\n<p>Aucune publication n\u2019a \u00e9t\u00e9 trouv\u00e9e.<\/p>\n\n<\/div><\/div>\n<\/div>\n<\/div>\n","protected":false},"excerpt":{"rendered":"<p>Cpro \u00e9ducation est une application en ligne d\u00e9di\u00e9e aux formateurs et apprenants de la voie professionnelle 2MTNE 1er Melec Ter Melec<\/p>\n","protected":false},"author":327,"featured_media":0,"parent":233,"menu_order":0,"comment_status":"closed","ping_status":"closed","template":"","meta":{"footnotes":""},"class_list":["post-1038","page","type-page","status-publish","hentry"],"_links":{"self":[{"href":"https:\/\/site.ac-martinique.fr\/lyc-leopoldbissol\/wp-json\/wp\/v2\/pages\/1038","targetHints":{"allow":["GET"]}}],"collection":[{"href":"https:\/\/site.ac-martinique.fr\/lyc-leopoldbissol\/wp-json\/wp\/v2\/pages"}],"about":[{"href":"https:\/\/site.ac-martinique.fr\/lyc-leopoldbissol\/wp-json\/wp\/v2\/types\/page"}],"author":[{"embeddable":true,"href":"https:\/\/site.ac-martinique.fr\/lyc-leopoldbissol\/wp-json\/wp\/v2\/users\/327"}],"replies":[{"embeddable":true,"href":"https:\/\/site.ac-martinique.fr\/lyc-leopoldbissol\/wp-json\/wp\/v2\/comments?post=1038"}],"version-history":[{"count":8,"href":"https:\/\/site.ac-martinique.fr\/lyc-leopoldbissol\/wp-json\/wp\/v2\/pages\/1038\/revisions"}],"predecessor-version":[{"id":3072,"href":"https:\/\/site.ac-martinique.fr\/lyc-leopoldbissol\/wp-json\/wp\/v2\/pages\/1038\/revisions\/3072"}],"up":[{"embeddable":true,"href":"https:\/\/site.ac-martinique.fr\/lyc-leopoldbissol\/wp-json\/wp\/v2\/pages\/233"}],"wp:attachment":[{"href":"https:\/\/site.ac-martinique.fr\/lyc-leopoldbissol\/wp-json\/wp\/v2\/media?parent=1038"}],"curies":[{"name":"wp","href":"https:\/\/api.w.org\/{rel}","templated":true}]}}