{"id":13,"date":"2024-09-24T14:00:59","date_gmt":"2024-09-24T18:00:59","guid":{"rendered":"https:\/\/site.ac-martinique.fr\/lyc-leopoldbissol\/?page_id=13"},"modified":"2025-11-30T10:24:08","modified_gmt":"2025-11-30T14:24:08","slug":"presentation","status":"publish","type":"page","link":"https:\/\/site.ac-martinique.fr\/lyc-leopoldbissol\/presentation\/","title":{"rendered":"Pr\u00e9sentation"},"content":{"rendered":"\n<div class=\"wp-block-group alignfull has-base-2-background-color has-background has-global-padding is-layout-constrained wp-block-group-is-layout-constrained\">\n<div class=\"wp-block-columns alignwide are-vertically-aligned-center tw-cols-stack-md is-layout-flex wp-container-core-columns-is-layout-1ea52bbf wp-block-columns-is-layout-flex tw-block-animation tw-animation-fade-in tw-large-gap\">\n<div class=\"wp-block-column is-vertically-aligned-center has-global-padding is-layout-constrained wp-block-column-is-layout-constrained\">\n<h1 class=\"wp-block-heading has-4-x-large-font-size\">L\u00e9opold Bissol<\/h1>\n\n\n\n<p style=\"font-size:clamp(1.125rem, 1.125rem + ((1vw - 0.2rem) * 0.625), 1.5rem);line-height:1.4\"><strong>L\u00e9opold Bissol<\/strong>, n\u00e9 le&nbsp;8 octobre 1889&nbsp;au&nbsp;Robert&nbsp;en&nbsp;Martinique&nbsp;et mort le&nbsp;18 septembre 1982&nbsp;est un homme politique fran\u00e7ais. Apr\u00e8s des \u00e9tudes primaires, commence alors son apprentissage du m\u00e9tier d&rsquo;\u00e9b\u00e9niste. Il continuera dans la politique&#8230;<\/p>\n\n\n\n<p style=\"font-size:clamp(1.125rem, 1.125rem + ((1vw - 0.2rem) * 0.625), 1.5rem);line-height:1.4\">En son hommage, le lyc\u00e9e professionnel Petit-Manoir du&nbsp;Le Lamentin&nbsp;en Martinique est baptis\u00e9 officiellement <a href=\"http:\/\/www.lycee-leopold-bissol.com\/\">lyc\u00e9e professionnel L\u00e9opold Bissol<\/a>, le&nbsp;20 janvier 2015.<\/p>\n\n\n\n<div class=\"wp-block-buttons tw-lg-hidden tw-md-hidden tw-sm-hidden is-layout-flex wp-block-buttons-is-layout-flex\" style=\"margin-top:32px\">\n<div class=\"wp-block-button\"><a class=\"wp-block-button__link wp-element-button\" href=\"https:\/\/site.ac-martinique.fr\/lyc-leopoldbissol\/mr-leopold-bissol\/\">En savoir plus<\/a><\/div>\n<\/div>\n<\/div>\n\n\n\n<div class=\"wp-block-column is-vertically-aligned-center has-global-padding is-layout-constrained wp-block-column-is-layout-constrained\">\n<figure class=\"wp-block-image size-full tw-block-animation tw-animation-fade-in-up\"><img loading=\"lazy\" decoding=\"async\" width=\"796\" height=\"882\" src=\"https:\/\/site.ac-martinique.fr\/lyc-leopoldbissol\/wp-content\/uploads\/sites\/151\/2024\/12\/LP-BISSOL-Blanc-Portrait.jpg\" alt=\"\" class=\"wp-image-401\" srcset=\"https:\/\/site.ac-martinique.fr\/lyc-leopoldbissol\/wp-content\/uploads\/sites\/151\/2024\/12\/LP-BISSOL-Blanc-Portrait.jpg 796w, https:\/\/site.ac-martinique.fr\/lyc-leopoldbissol\/wp-content\/uploads\/sites\/151\/2024\/12\/LP-BISSOL-Blanc-Portrait-271x300.jpg 271w, https:\/\/site.ac-martinique.fr\/lyc-leopoldbissol\/wp-content\/uploads\/sites\/151\/2024\/12\/LP-BISSOL-Blanc-Portrait-768x851.jpg 768w\" sizes=\"auto, (max-width: 796px) 100vw, 796px\" \/><\/figure>\n<\/div>\n<\/div>\n<\/div>\n\n\n\n<div class=\"wp-block-group alignfull has-base-2-background-color has-background has-global-padding is-layout-constrained wp-block-group-is-layout-constrained tw-block-animation tw-animation-fade-in-up\">\n<div class=\"wp-block-columns alignwide are-vertically-aligned-center tw-cols-stack-md is-layout-flex wp-container-core-columns-is-layout-1ea52bbf wp-block-columns-is-layout-flex tw-large-gap\">\n<div class=\"wp-block-column is-vertically-aligned-center has-global-padding is-layout-constrained wp-block-column-is-layout-constrained\">\n<figure class=\"wp-block-image aligncenter size-full is-style-tw-rounded-corners tw-block-animation tw-animation-fade-in-up\"><img loading=\"lazy\" decoding=\"async\" width=\"181\" height=\"320\" src=\"https:\/\/site.ac-martinique.fr\/lyc-leopoldbissol\/wp-content\/uploads\/sites\/151\/2024\/12\/photo-OC.png\" alt=\"\" class=\"wp-image-714\" srcset=\"https:\/\/site.ac-martinique.fr\/lyc-leopoldbissol\/wp-content\/uploads\/sites\/151\/2024\/12\/photo-OC.png 181w, https:\/\/site.ac-martinique.fr\/lyc-leopoldbissol\/wp-content\/uploads\/sites\/151\/2024\/12\/photo-OC-170x300.png 170w\" sizes=\"auto, (max-width: 181px) 100vw, 181px\" \/><\/figure>\n<\/div>\n\n\n\n<div class=\"wp-block-column is-vertically-aligned-center has-global-padding is-layout-constrained wp-block-column-is-layout-constrained\">\n<h1 class=\"wp-block-heading has-4-x-large-font-size\">Le mot du Proviseur<\/h1>\n\n\n\n<p style=\"font-size:clamp(1.125rem, 1.125rem + ((1vw - 0.2rem) * 0.625), 1.5rem);line-height:1.4\">Mr Olivier CATAYEE &#8211; Proviseur du lyc\u00e9e Professionnel L\u00e9opold Bissol<\/p>\n\n\n\n<div class=\"wp-block-buttons is-layout-flex wp-block-buttons-is-layout-flex\" style=\"margin-top:32px\">\n<div class=\"wp-block-button\"><a class=\"wp-block-button__link wp-element-button\" href=\"https:\/\/site.ac-martinique.fr\/lyc-leopoldbissol\/le-mot-du-proviseur\/\">En savoir plus<\/a><\/div>\n<\/div>\n<\/div>\n<\/div>\n<\/div>\n\n\n\n<div class=\"wp-block-group alignfull has-global-padding is-layout-constrained wp-block-group-is-layout-constrained\" id=\"equipe\">\n<h2 class=\"wp-block-heading has-text-align-center\">Organigramme de l&rsquo;\u00e9tablissement<\/h2>\n\n\n\n<div class=\"wp-block-columns alignwide tw-cols-stack-md-2 is-layout-flex wp-container-core-columns-is-layout-c52fce0c wp-block-columns-is-layout-flex\" style=\"font-size:clamp(1.125rem, 1.125rem + ((1vw - 0.2rem) * 0.625), 1.5rem);\">\n<div class=\"wp-block-column is-layout-flow wp-block-column-is-layout-flow\">\n<h3 class=\"wp-block-heading has-text-align-center has-large-font-size\">L&rsquo;administration<\/h3>\n\n\n\n<ul class=\"wp-block-list is-style-tw-border\">\n<li>Proviseur : M. Olivier CATAYEE<\/li>\n\n\n\n<li>Proviseure adjointe : Mme Fabienne ABYSIQUE<\/li>\n\n\n\n<li>Gestionnaire : M. Joseph DANSICARE<\/li>\n<\/ul>\n<\/div>\n\n\n\n<div class=\"wp-block-column tw-stretched-link is-layout-flow wp-block-column-is-layout-flow\">\n<h3 class=\"wp-block-heading has-text-align-center has-large-font-size\">La vie scolaire<\/h3>\n\n\n\n<p class=\"has-text-align-center has-contrast-color has-text-color has-link-color wp-elements-a482e31ce804a2aff0028932ff728eb2\">Conseiller Principal d&rsquo;\u00c9ducation<\/p>\n\n\n\n<ul class=\"wp-block-list is-style-tw-border\">\n<li>Mme Jessica MONRAPHA<\/li>\n\n\n\n<li>Mme R\u00e9nae LEDOUX<\/li>\n\n\n\n<li>M. Guillaume OBRINGER<\/li>\n\n\n\n<li>Mme Danielle EBROIN<\/li>\n<\/ul>\n\n\n\n<div class=\"wp-block-buttons is-content-justification-center is-layout-flex wp-container-core-buttons-is-layout-a89b3969 wp-block-buttons-is-layout-flex\">\n<div class=\"wp-block-button has-custom-width wp-block-button__width-75\"><a class=\"wp-block-button__link wp-element-button\" href=\"https:\/\/site.ac-martinique.fr\/lyc-leopoldbissol\/services-educatifs\/#viescolaire\">Consulter<\/a><\/div>\n<\/div>\n<\/div>\n\n\n\n<div class=\"wp-block-column is-layout-flow wp-block-column-is-layout-flow\">\n<h3 class=\"wp-block-heading has-text-align-center has-large-font-size\">Les services professionnels<\/h3>\n\n\n\n<ul class=\"wp-block-list is-style-tw-border\">\n<li><a href=\"https:\/\/site.ac-martinique.fr\/lyc-leopoldbissol\/services-educatifs\/#ddfpt\" data-type=\"page\" data-id=\"180\">DDFPT : Mme No\u00eblla BOISNOIR<\/a><\/li>\n\n\n\n<li><a href=\"https:\/\/site.ac-martinique.fr\/lyc-leopoldbissol\/services-educatifs\/#bde\" data-type=\"page\" data-id=\"180\">BDE : Mme Ga\u00eblle ALAIN<\/a><\/li>\n<\/ul>\n<\/div>\n<\/div>\n<\/div>\n\n\n\n<p class=\"has-text-align-right has-small-font-size\">Mise \u00e0 jour : d\u00e9cembre 2025<\/p>\n\n\n\n<div class=\"wp-block-columns alignwide is-layout-flex wp-container-core-columns-is-layout-d0b3c9c8 wp-block-columns-is-layout-flex\">\n<div class=\"wp-block-column is-layout-flow wp-block-column-is-layout-flow\">\n<div class=\"wp-block-group alignfull has-base-2-background-color has-background has-global-padding is-layout-constrained wp-block-group-is-layout-constrained\">\n<h2 class=\"wp-block-heading has-text-align-center\">R\u00e8glement int\u00e9rieur<\/h2>\n\n\n\n<div class=\"wp-block-buttons is-content-justification-center is-layout-flex wp-container-core-buttons-is-layout-e7f25eb7 wp-block-buttons-is-layout-flex\" style=\"margin-top:32px\">\n<div class=\"wp-block-button\"><a class=\"wp-block-button__link wp-element-button\" href=\"https:\/\/site.ac-martinique.fr\/lyc-leopoldbissol\/reglement-interieur\/\">Consulter<\/a><\/div>\n<\/div>\n<\/div>\n<\/div>\n\n\n\n<div class=\"wp-block-column is-layout-flow wp-block-column-is-layout-flow\">\n<div class=\"wp-block-group alignfull has-base-2-background-color has-background has-global-padding is-layout-constrained wp-block-group-is-layout-constrained\">\n<h2 class=\"wp-block-heading has-text-align-center\">March\u00e9 Public<\/h2>\n\n\n\n<div class=\"wp-block-buttons is-content-justification-center is-layout-flex wp-container-core-buttons-is-layout-e7f25eb7 wp-block-buttons-is-layout-flex\" style=\"margin-top:32px\">\n<div class=\"wp-block-button\"><a class=\"wp-block-button__link wp-element-button\" href=\"https:\/\/site.ac-martinique.fr\/lyc-leopoldbissol\/marche-public\/\">Consulter<\/a><\/div>\n<\/div>\n<\/div>\n<\/div>\n<\/div>\n\n\n\n<div class=\"wp-block-cover alignfull is-light has-parallax has-white-color has-text-color\" style=\"min-height:500px;aspect-ratio:unset;\" id=\"projet\"><div class=\"wp-block-cover__image-background wp-image-557 has-parallax\" style=\"background-position:50% 50%;background-image:url(https:\/\/site.ac-martinique.fr\/lyc-leopoldbissol\/wp-content\/uploads\/sites\/151\/2024\/12\/LOGO_CMJN-01.jpg)\"><\/div><span aria-hidden=\"true\" class=\"wp-block-cover__background has-background-dim\" style=\"background-color:#f5f5f2\"><\/span><div class=\"wp-block-cover__inner-container has-global-padding is-layout-constrained wp-block-cover-is-layout-constrained\">\n<h1 class=\"wp-block-heading has-text-align-center has-accent-2-color has-text-color has-link-color wp-elements-31d5de42897115b12b4b2a67a7ba4bbc\">Projet d&rsquo;\u00e9tablissement<\/h1>\n\n\n\n<div class=\"wp-block-buttons is-content-justification-center is-layout-flex wp-container-core-buttons-is-layout-e7f25eb7 wp-block-buttons-is-layout-flex\" style=\"margin-top:32px\">\n<div class=\"wp-block-button has-custom-width wp-block-button__width-75 is-style-fill\"><a class=\"wp-block-button__link has-black-color has-white-background-color has-text-color has-background has-large-font-size has-custom-font-size wp-element-button\" href=\"https:\/\/site.ac-martinique.fr\/lyc-leopoldbissol\/projet-detablissement\/\" style=\"border-width:7px;border-radius:17px\">Le d\u00e9couvrir<\/a><\/div>\n<\/div>\n<\/div><\/div>\n\n\n\n<div style=\"height:77px\" aria-hidden=\"true\" class=\"wp-block-spacer\"><\/div>\n\n\n\n<div class=\"wp-block-cover alignfull is-light has-parallax has-custom-content-position is-position-bottom-center has-white-color has-text-color has-aspect-ratio\" style=\"min-height:500px;aspect-ratio:3\/2;min-height:unset;\" id=\"instance\"><div class=\"wp-block-cover__image-background wp-image-681 has-parallax\" style=\"background-position:50% 50%;background-image:url(https:\/\/site.ac-martinique.fr\/lyc-leopoldbissol\/wp-content\/uploads\/sites\/151\/2024\/12\/Leopold_CMJN.jpg)\"><\/div><span aria-hidden=\"true\" class=\"wp-block-cover__background has-background-dim\" style=\"background-color:#ebece7\"><\/span><div class=\"wp-block-cover__inner-container has-global-padding is-layout-constrained wp-block-cover-is-layout-constrained\">\n<div class=\"wp-block-group alignwide has-global-padding is-layout-constrained wp-container-core-group-is-layout-1026f38c wp-block-group-is-layout-constrained\">\n<h1 class=\"wp-block-heading has-text-align-center has-accent-2-color has-text-color has-link-color wp-elements-3a71a064e654fa83e46279b9ea94aa4d\">Nos instances<\/h1>\n\n\n\n<div style=\"--tw-animation-delay:1s;\" class=\"wp-block-columns alignwide has-accent-2-color has-text-color has-link-color wp-elements-6879e951007949a8807ec88a6f44ab7f is-layout-flex wp-container-core-columns-is-layout-fa6b1ff9 wp-block-columns-is-layout-flex tw-block-animation tw-animation-fade-in-up\">\n<div class=\"wp-block-column has-base-background-color has-background is-layout-flow wp-block-column-is-layout-flow\" style=\"padding-top:40px;padding-right:32px;padding-bottom:40px;padding-left:32px\">\n<h3 class=\"wp-block-heading\">Le <strong>C<\/strong>onseil d&rsquo;<strong>A<\/strong>dministration<\/h3>\n\n\n\n<p class=\"has-contrast-color has-text-color has-link-color wp-elements-609924c36b8c7694163ebc4acd7ee994\" style=\"margin-top:16px\">Le conseil d\u2019administration d\u2019un lyc\u00e9e professionnel est l\u2019organe d\u00e9cisionnel charg\u00e9 de d\u00e9finir les orientations strat\u00e9giques de l\u2019\u00e9tablissement. Il vote le budget, adopte le r\u00e8glement int\u00e9rieur et valide le projet d\u2019\u00e9tablissement pour assurer une gestion efficace et adapt\u00e9e aux besoins des \u00e9l\u00e8ves et personnels.<\/p>\n\n\n\n<div class=\"wp-block-buttons is-content-justification-right is-layout-flex wp-container-core-buttons-is-layout-d445cf74 wp-block-buttons-is-layout-flex\">\n<div class=\"wp-block-button\"><a class=\"wp-block-button__link wp-element-button\" href=\"https:\/\/site.ac-martinique.fr\/lyc-leopoldbissol\/le-conseil-dadministration\/\">Les actualit\u00e9s du CA<\/a><\/div>\n<\/div>\n<\/div>\n\n\n\n<div class=\"wp-block-column has-base-background-color has-background is-layout-flow wp-block-column-is-layout-flow\" style=\"padding-top:40px;padding-right:32px;padding-bottom:40px;padding-left:32px\">\n<h3 class=\"wp-block-heading\">La <strong>C<\/strong>ommission d&rsquo;<strong>H<\/strong>ygi\u00e8ne et de <strong>S<\/strong>\u00e9curit\u00e9<\/h3>\n\n\n\n<p class=\"has-contrast-color has-text-color has-link-color wp-elements-e69fe3211dd6215eaab4a76e5323dbf8\" style=\"margin-top:16px\">La commission Hygi\u00e8ne et S\u00e9curit\u00e9 d\u2019un lyc\u00e9e professionnel veille \u00e0 la s\u00e9curit\u00e9 des \u00e9l\u00e8ves et personnels. Elle identifie les risques, propose des actions pr\u00e9ventives et s&rsquo;assure du respect des normes d\u2019hygi\u00e8ne et de s\u00e9curit\u00e9 pour garantir un environnement sain et s\u00e9curis\u00e9 au sein de l&rsquo;\u00e9tablissement.<\/p>\n\n\n\n<div class=\"wp-block-buttons is-content-justification-right is-layout-flex wp-container-core-buttons-is-layout-d445cf74 wp-block-buttons-is-layout-flex\">\n<div class=\"wp-block-button\"><a class=\"wp-block-button__link wp-element-button\" href=\"https:\/\/site.ac-martinique.fr\/lyc-leopoldbissol\/la-commission-dhygiene-et-de-securite\/\">Les actualit\u00e9s de la CHS<\/a><\/div>\n<\/div>\n<\/div>\n<\/div>\n\n\n\n<div style=\"--tw-animation-delay:1s;\" class=\"wp-block-columns alignwide is-layout-flex wp-container-core-columns-is-layout-fa6b1ff9 wp-block-columns-is-layout-flex tw-block-animation tw-animation-fade-in-up\">\n<div class=\"wp-block-column has-base-background-color has-background is-layout-flow wp-block-column-is-layout-flow\" style=\"padding-top:40px;padding-right:32px;padding-bottom:40px;padding-left:32px\">\n<h3 class=\"wp-block-heading has-accent-2-color has-text-color has-link-color wp-elements-8164e4f5da34b22b63d249d4ad93c4a0\">Le <strong>C<\/strong>onseil de <strong>V<\/strong>ie <strong>L<\/strong>yc\u00e9enne<\/h3>\n\n\n\n<p class=\"has-contrast-color has-text-color has-link-color wp-elements-be4db7ad4c078038a61ea3febb4ebff1\" style=\"margin-top:16px\">Le Conseil de Vie Lyc\u00e9enne (CVL) repr\u00e9sente les \u00e9l\u00e8ves d&rsquo;un lyc\u00e9e professionnel. Il permet d&rsquo;\u00e9changer avec l&rsquo;administration sur la vie scolaire, les projets \u00e9ducatifs et le bien-\u00eatre des lyc\u00e9ens. Les \u00e9lus proposent des id\u00e9es pour am\u00e9liorer le quotidien et s&rsquo;impliquent dans les d\u00e9cisions du lyc\u00e9e.<\/p>\n\n\n\n<div class=\"wp-block-buttons is-content-justification-right is-layout-flex wp-container-core-buttons-is-layout-d445cf74 wp-block-buttons-is-layout-flex\">\n<div class=\"wp-block-button\"><a class=\"wp-block-button__link wp-element-button\" href=\"https:\/\/site.ac-martinique.fr\/lyc-leopoldbissol\/le-conseil-de-vie-lyceenne\/\">Les actualit\u00e9s du cvl<\/a><\/div>\n<\/div>\n<\/div>\n\n\n\n<div class=\"wp-block-column has-base-background-color has-background is-layout-flow wp-block-column-is-layout-flow\" style=\"padding-top:40px;padding-right:32px;padding-bottom:40px;padding-left:32px\">\n<h3 class=\"wp-block-heading has-accent-2-color has-text-color has-link-color wp-elements-f7484cd2d5eb872f4ba4bae866dbd542\">Le <strong>C<\/strong>omit\u00e9 d&rsquo;<strong>\u00c9<\/strong>ducation \u00e0 la <strong>S<\/strong>ant\u00e9, la <strong>C<\/strong>itoyennet\u00e9 et l&rsquo;<strong>E<\/strong>nvironnement<\/h3>\n\n\n\n<p class=\"has-contrast-color has-text-color has-link-color wp-elements-67689bb3e7d07033a8bc6e4c49948a56\" style=\"margin-top:16px\">Le Comit\u00e9 d&rsquo;\u00c9ducation \u00e0 la Sant\u00e9, la Citoyennet\u00e9 et l&rsquo;Environnement (CESCE) du lyc\u00e9e professionnel sensibilise les \u00e9l\u00e8ves aux enjeux de sant\u00e9, de citoyennet\u00e9 et d\u2019\u00e9cologie. Il encourage les actions solidaires, le respect des valeurs r\u00e9publicaines et la pr\u00e9servation de l&rsquo;environnement dans un cadre \u00e9ducatif.<\/p>\n\n\n\n<div class=\"wp-block-buttons is-content-justification-right is-layout-flex wp-container-core-buttons-is-layout-d445cf74 wp-block-buttons-is-layout-flex\">\n<div class=\"wp-block-button\"><a class=\"wp-block-button__link wp-element-button\" href=\"https:\/\/site.ac-martinique.fr\/lyc-leopoldbissol\/cesce\/\">Les actualit\u00e9s du cesce<\/a><\/div>\n<\/div>\n<\/div>\n<\/div>\n<\/div>\n<\/div><\/div>\n\n\n\n<div style=\"height:77px\" aria-hidden=\"true\" class=\"wp-block-spacer\"><\/div>\n","protected":false},"excerpt":{"rendered":"<p>L\u00e9opold Bissol L\u00e9opold Bissol, n\u00e9 le&nbsp;8 octobre 1889&nbsp;au&nbsp;Robert&nbsp;en&nbsp;Martinique&nbsp;et mort le&nbsp;18 septembre 1982&nbsp;est un homme politique fran\u00e7ais. Apr\u00e8s des \u00e9tudes primaires, commence alors son apprentissage du m\u00e9tier d&rsquo;\u00e9b\u00e9niste. Il continuera dans la politique&#8230; En son hommage, le lyc\u00e9e professionnel Petit-Manoir du&nbsp;Le Lamentin&nbsp;en Martinique est baptis\u00e9 officiellement lyc\u00e9e professionnel L\u00e9opold Bissol, le&nbsp;20 janvier 2015. Le mot du [&hellip;]<\/p>\n","protected":false},"author":327,"featured_media":0,"parent":0,"menu_order":0,"comment_status":"closed","ping_status":"closed","template":"page-no-title","meta":{"footnotes":""},"class_list":["post-13","page","type-page","status-publish","hentry"],"_links":{"self":[{"href":"https:\/\/site.ac-martinique.fr\/lyc-leopoldbissol\/wp-json\/wp\/v2\/pages\/13","targetHints":{"allow":["GET"]}}],"collection":[{"href":"https:\/\/site.ac-martinique.fr\/lyc-leopoldbissol\/wp-json\/wp\/v2\/pages"}],"about":[{"href":"https:\/\/site.ac-martinique.fr\/lyc-leopoldbissol\/wp-json\/wp\/v2\/types\/page"}],"author":[{"embeddable":true,"href":"https:\/\/site.ac-martinique.fr\/lyc-leopoldbissol\/wp-json\/wp\/v2\/users\/327"}],"replies":[{"embeddable":true,"href":"https:\/\/site.ac-martinique.fr\/lyc-leopoldbissol\/wp-json\/wp\/v2\/comments?post=13"}],"version-history":[{"count":46,"href":"https:\/\/site.ac-martinique.fr\/lyc-leopoldbissol\/wp-json\/wp\/v2\/pages\/13\/revisions"}],"predecessor-version":[{"id":2703,"href":"https:\/\/site.ac-martinique.fr\/lyc-leopoldbissol\/wp-json\/wp\/v2\/pages\/13\/revisions\/2703"}],"wp:attachment":[{"href":"https:\/\/site.ac-martinique.fr\/lyc-leopoldbissol\/wp-json\/wp\/v2\/media?parent=13"}],"curies":[{"name":"wp","href":"https:\/\/api.w.org\/{rel}","templated":true}]}}