{"id":1326,"date":"2025-04-07T11:37:23","date_gmt":"2025-04-07T15:37:23","guid":{"rendered":"https:\/\/site.ac-martinique.fr\/lyc-leopoldbissol\/?page_id=1326"},"modified":"2025-04-07T22:21:14","modified_gmt":"2025-04-08T02:21:14","slug":"la-tribune-des-batisseurs","status":"publish","type":"page","link":"https:\/\/site.ac-martinique.fr\/lyc-leopoldbissol\/la-tribune-des-batisseurs\/","title":{"rendered":"La Tribune des B\u00e2tisseurs"},"content":{"rendered":"\n<div class=\"wp-block-columns alignwide is-layout-flex wp-container-core-columns-is-layout-90bf361f wp-block-columns-is-layout-flex\">\n<div class=\"wp-block-column is-layout-flow wp-block-column-is-layout-flow\" style=\"--col-width:60%;flex-basis:60%\">\n<div class=\"wp-block-query is-layout-flow wp-block-query-is-layout-flow\"><ul class=\"wp-block-post-template is-layout-flow wp-container-core-post-template-is-layout-ea1fff98 wp-block-post-template-is-layout-flow\"><li class=\"wp-block-post post-1390 post type-post status-publish format-standard has-post-thumbnail hentry category-actualite-du-lycee category-la-tribune-des-batisseurs\">\n<figure style=\"aspect-ratio:3\/4;\" class=\"wp-block-post-featured-image tw-block-animation tw-animation-fade-in\"><a href=\"https:\/\/site.ac-martinique.fr\/lyc-leopoldbissol\/2025\/04\/07\/a-la-decouverte-des-medias-la-semaine-de-la-presse-sinvite-au-lycee-leopold-bissol\/\" target=\"_self\"  ><img loading=\"lazy\" decoding=\"async\" width=\"357\" height=\"285\" src=\"https:\/\/site.ac-martinique.fr\/lyc-leopoldbissol\/wp-content\/uploads\/sites\/151\/2025\/04\/Capture-decran-du-2025-04-07-22-43-19.png\" class=\"attachment-post-thumbnail size-post-thumbnail wp-post-image\" alt=\"\u00c0 la d\u00e9couverte des m\u00e9dias : la semaine de la presse s&rsquo;invite au lyc\u00e9e L\u00e9opold Bissol\" style=\"width:100%;height:100%;object-fit:cover;\" srcset=\"https:\/\/site.ac-martinique.fr\/lyc-leopoldbissol\/wp-content\/uploads\/sites\/151\/2025\/04\/Capture-decran-du-2025-04-07-22-43-19.png 357w, https:\/\/site.ac-martinique.fr\/lyc-leopoldbissol\/wp-content\/uploads\/sites\/151\/2025\/04\/Capture-decran-du-2025-04-07-22-43-19-300x239.png 300w\" sizes=\"auto, (max-width: 357px) 100vw, 357px\" \/><\/a><\/figure>\n\n\n<div style=\"height:var(--wp--preset--spacing--10)\" aria-hidden=\"true\" class=\"wp-block-spacer\"><\/div>\n\n\n\n<div class=\"wp-block-group is-vertical is-nowrap is-layout-flex wp-container-core-group-is-layout-027a86ef wp-block-group-is-layout-flex\"><h3 class=\"wp-block-post-title has-x-large-font-size\"><a href=\"https:\/\/site.ac-martinique.fr\/lyc-leopoldbissol\/2025\/04\/07\/a-la-decouverte-des-medias-la-semaine-de-la-presse-sinvite-au-lycee-leopold-bissol\/\" target=\"_self\" >\u00c0 la d\u00e9couverte des m\u00e9dias : la semaine de la presse s&rsquo;invite au lyc\u00e9e L\u00e9opold Bissol<\/a><\/h3>\n\n<div class=\"wp-block-post-excerpt\"><p class=\"wp-block-post-excerpt__excerpt\">Du lundi 24 au vendredi 28 mars, le lyc\u00e9e L\u00e9opold Bissol vivra au rythme de l&rsquo;information \u00e0 l&rsquo;occasion de la Semaine de la Presse et des M\u00e9dias. Une initiative port\u00e9e par Madame Betty Levy, r\u00e9f\u00e9rente\u2026 <\/p><\/div>\n\n<div class=\"wp-block-template-part\">\n<div class=\"wp-block-group has-global-padding is-layout-constrained wp-block-group-is-layout-constrained\">\n<div class=\"wp-block-group is-content-justification-left is-layout-flex wp-container-core-group-is-layout-dfe8e91f wp-block-group-is-layout-flex\"><div class=\"wp-block-post-date\"><time datetime=\"2025-04-07T22:39:10-04:00\"><a href=\"https:\/\/site.ac-martinique.fr\/lyc-leopoldbissol\/2025\/04\/07\/a-la-decouverte-des-medias-la-semaine-de-la-presse-sinvite-au-lycee-leopold-bissol\/\">Avr 7, 2025<\/a><\/time><\/div>\n\n\n<p class=\"has-contrast-2-color has-text-color\">\u2014<\/p>\n\n\n\n<p class=\"has-contrast-2-color has-text-color has-small-font-size\">par<\/p>\n\n\n<div class=\"wp-block-post-author-name\"><a href=\"https:\/\/site.ac-martinique.fr\/lyc-leopoldbissol\/author\/blevy\/\" target=\"_self\" class=\"wp-block-post-author-name__link\">Betty-Lucette LEVY<\/a><\/div>\n\n<div class=\"taxonomy-category wp-block-post-terms\"><span class=\"wp-block-post-terms__prefix\">dans <\/span><a href=\"https:\/\/site.ac-martinique.fr\/lyc-leopoldbissol\/category\/la-tribune-des-batisseurs\/actualite-du-lycee\/\" rel=\"tag\">actualit\u00e9 du lyc\u00e9e<\/a><span class=\"wp-block-post-terms__separator\">, <\/span><a href=\"https:\/\/site.ac-martinique.fr\/lyc-leopoldbissol\/category\/la-tribune-des-batisseurs\/\" rel=\"tag\">La tribune des b\u00e2tisseurs<\/a><\/div><\/div>\n<\/div>\n<\/div><\/div>\n\n<\/li><\/ul><\/div>\n<\/div>\n\n\n\n<div class=\"wp-block-column is-layout-flow wp-block-column-is-layout-flow\" style=\"--col-width:40%;flex-basis:40%\">\n<div class=\"wp-block-query is-layout-flow wp-block-query-is-layout-flow\"><ul class=\"wp-block-post-template is-layout-flow wp-container-core-post-template-is-layout-6b084be1 wp-block-post-template-is-layout-flow\"><li class=\"wp-block-post post-1379 post type-post status-publish format-standard has-post-thumbnail hentry category-la-tribune-des-batisseurs category-litterature\">\n<figure style=\"aspect-ratio:4\/3;\" class=\"wp-block-post-featured-image\"><a href=\"https:\/\/site.ac-martinique.fr\/lyc-leopoldbissol\/2025\/04\/07\/jacaranda-le-deuxieme-roman-bouleversant-de-gael-faye\/\" target=\"_self\"  ><img loading=\"lazy\" decoding=\"async\" width=\"1260\" height=\"1849\" src=\"https:\/\/site.ac-martinique.fr\/lyc-leopoldbissol\/wp-content\/uploads\/sites\/151\/2025\/04\/gael-faye-jacaranda.png\" class=\"attachment-post-thumbnail size-post-thumbnail wp-post-image\" alt=\"\u00ab\u00a0Jacaranda\u00a0\u00bb, le deuxi\u00e8me roman bouleversant de Ga\u00ebl Faye\" style=\"width:100%;height:100%;object-fit:cover;\" srcset=\"https:\/\/site.ac-martinique.fr\/lyc-leopoldbissol\/wp-content\/uploads\/sites\/151\/2025\/04\/gael-faye-jacaranda.png 1260w, https:\/\/site.ac-martinique.fr\/lyc-leopoldbissol\/wp-content\/uploads\/sites\/151\/2025\/04\/gael-faye-jacaranda-204x300.png 204w, https:\/\/site.ac-martinique.fr\/lyc-leopoldbissol\/wp-content\/uploads\/sites\/151\/2025\/04\/gael-faye-jacaranda-698x1024.png 698w, https:\/\/site.ac-martinique.fr\/lyc-leopoldbissol\/wp-content\/uploads\/sites\/151\/2025\/04\/gael-faye-jacaranda-768x1127.png 768w, https:\/\/site.ac-martinique.fr\/lyc-leopoldbissol\/wp-content\/uploads\/sites\/151\/2025\/04\/gael-faye-jacaranda-1047x1536.png 1047w\" sizes=\"auto, (max-width: 1260px) 100vw, 1260px\" \/><\/a><\/figure>\n\n\n<div style=\"height:5px\" aria-hidden=\"true\" class=\"wp-block-spacer\"><\/div>\n\n\n\n<div class=\"wp-block-group is-vertical is-nowrap is-layout-flex wp-container-core-group-is-layout-9bc6ff26 wp-block-group-is-layout-flex\"><h3 class=\"wp-block-post-title has-large-font-size\"><a href=\"https:\/\/site.ac-martinique.fr\/lyc-leopoldbissol\/2025\/04\/07\/jacaranda-le-deuxieme-roman-bouleversant-de-gael-faye\/\" target=\"_self\" >\u00ab\u00a0Jacaranda\u00a0\u00bb, le deuxi\u00e8me roman bouleversant de Ga\u00ebl Faye<\/a><\/h3>\n\n<div class=\"wp-block-post-excerpt has-small-font-size\"><p class=\"wp-block-post-excerpt__excerpt\">Huit ans apr\u00e8s la publication de Petit pays, Ga\u00ebl Faye revient avec Jacaranda, un\u2026 <\/p><\/div>\n\n<div class=\"wp-block-template-part\">\n<div class=\"wp-block-group has-global-padding is-layout-constrained wp-block-group-is-layout-constrained\">\n<div class=\"wp-block-group is-content-justification-left is-layout-flex wp-container-core-group-is-layout-dfe8e91f wp-block-group-is-layout-flex\"><div class=\"wp-block-post-date\"><time datetime=\"2025-04-07T22:08:00-04:00\"><a href=\"https:\/\/site.ac-martinique.fr\/lyc-leopoldbissol\/2025\/04\/07\/jacaranda-le-deuxieme-roman-bouleversant-de-gael-faye\/\">Avr 7, 2025<\/a><\/time><\/div>\n\n\n<p class=\"has-contrast-2-color has-text-color\">\u2014<\/p>\n\n\n\n<p class=\"has-contrast-2-color has-text-color has-small-font-size\">par<\/p>\n\n\n<div class=\"wp-block-post-author-name\"><a href=\"https:\/\/site.ac-martinique.fr\/lyc-leopoldbissol\/author\/blevy\/\" target=\"_self\" class=\"wp-block-post-author-name__link\">Betty-Lucette LEVY<\/a><\/div>\n\n<div class=\"taxonomy-category wp-block-post-terms\"><span class=\"wp-block-post-terms__prefix\">dans <\/span><a href=\"https:\/\/site.ac-martinique.fr\/lyc-leopoldbissol\/category\/la-tribune-des-batisseurs\/\" rel=\"tag\">La tribune des b\u00e2tisseurs<\/a><span class=\"wp-block-post-terms__separator\">, <\/span><a href=\"https:\/\/site.ac-martinique.fr\/lyc-leopoldbissol\/category\/la-tribune-des-batisseurs\/litterature\/\" rel=\"tag\">litt\u00e9rature<\/a><\/div><\/div>\n<\/div>\n<\/div><\/div>\n\n<\/li><li class=\"wp-block-post post-1365 post type-post status-publish format-standard has-post-thumbnail hentry category-la-tribune-des-batisseurs category-portrait\">\n<figure style=\"aspect-ratio:4\/3;\" class=\"wp-block-post-featured-image\"><a href=\"https:\/\/site.ac-martinique.fr\/lyc-leopoldbissol\/2025\/04\/07\/naella-yzidee-une-eleve-qui-fait-bouger-les-lignes\/\" target=\"_self\"  ><img loading=\"lazy\" decoding=\"async\" width=\"794\" height=\"972\" src=\"https:\/\/site.ac-martinique.fr\/lyc-leopoldbissol\/wp-content\/uploads\/sites\/151\/2025\/04\/naella-yzidee.png\" class=\"attachment-post-thumbnail size-post-thumbnail wp-post-image\" alt=\"NAELLA YZIDEE : UNE \u00c9L\u00c8VE QUI FAIT BOUGER LES LIGNES !\" style=\"width:100%;height:100%;object-fit:cover;\" srcset=\"https:\/\/site.ac-martinique.fr\/lyc-leopoldbissol\/wp-content\/uploads\/sites\/151\/2025\/04\/naella-yzidee.png 794w, https:\/\/site.ac-martinique.fr\/lyc-leopoldbissol\/wp-content\/uploads\/sites\/151\/2025\/04\/naella-yzidee-245x300.png 245w, https:\/\/site.ac-martinique.fr\/lyc-leopoldbissol\/wp-content\/uploads\/sites\/151\/2025\/04\/naella-yzidee-768x940.png 768w\" sizes=\"auto, (max-width: 794px) 100vw, 794px\" \/><\/a><\/figure>\n\n\n<div style=\"height:5px\" aria-hidden=\"true\" class=\"wp-block-spacer\"><\/div>\n\n\n\n<div class=\"wp-block-group is-vertical is-nowrap is-layout-flex wp-container-core-group-is-layout-9bc6ff26 wp-block-group-is-layout-flex\"><h3 class=\"wp-block-post-title has-large-font-size\"><a href=\"https:\/\/site.ac-martinique.fr\/lyc-leopoldbissol\/2025\/04\/07\/naella-yzidee-une-eleve-qui-fait-bouger-les-lignes\/\" target=\"_self\" >NAELLA YZIDEE : UNE \u00c9L\u00c8VE QUI FAIT BOUGER LES LIGNES !<\/a><\/h3>\n\n<div class=\"wp-block-post-excerpt has-small-font-size\"><p class=\"wp-block-post-excerpt__excerpt\">Dynamique, engag\u00e9e et toujours pr\u00eate \u00e0 relever de nouveaux d\u00e9fis, Naella Yzidee est bien\u2026 <\/p><\/div>\n\n<div class=\"wp-block-template-part\">\n<div class=\"wp-block-group has-global-padding is-layout-constrained wp-block-group-is-layout-constrained\">\n<div class=\"wp-block-group is-content-justification-left is-layout-flex wp-container-core-group-is-layout-dfe8e91f wp-block-group-is-layout-flex\"><div class=\"wp-block-post-date\"><time datetime=\"2025-04-07T16:53:54-04:00\"><a href=\"https:\/\/site.ac-martinique.fr\/lyc-leopoldbissol\/2025\/04\/07\/naella-yzidee-une-eleve-qui-fait-bouger-les-lignes\/\">Avr 7, 2025<\/a><\/time><\/div>\n\n\n<p class=\"has-contrast-2-color has-text-color\">\u2014<\/p>\n\n\n\n<p class=\"has-contrast-2-color has-text-color has-small-font-size\">par<\/p>\n\n\n<div class=\"wp-block-post-author-name\"><a href=\"https:\/\/site.ac-martinique.fr\/lyc-leopoldbissol\/author\/blevy\/\" target=\"_self\" class=\"wp-block-post-author-name__link\">Betty-Lucette LEVY<\/a><\/div>\n\n<div class=\"taxonomy-category wp-block-post-terms\"><span class=\"wp-block-post-terms__prefix\">dans <\/span><a href=\"https:\/\/site.ac-martinique.fr\/lyc-leopoldbissol\/category\/la-tribune-des-batisseurs\/\" rel=\"tag\">La tribune des b\u00e2tisseurs<\/a><span class=\"wp-block-post-terms__separator\">, <\/span><a href=\"https:\/\/site.ac-martinique.fr\/lyc-leopoldbissol\/category\/la-tribune-des-batisseurs\/portrait\/\" rel=\"tag\">Portrait<\/a><\/div><\/div>\n<\/div>\n<\/div><\/div>\n\n<\/li><\/ul><\/div>\n<\/div>\n<\/div>\n\n\n\n<hr class=\"wp-block-separator has-alpha-channel-opacity is-style-wide\" style=\"margin-top:64px;margin-bottom:64px\"\/>\n\n\n\n<div data-wp-context=\"{}\" data-wp-interactive=\"core\/query\" data-wp-key=\"26\" data-wp-router-region=\"query-26\" class=\"wp-block-query alignfull has-global-padding is-content-justification-center is-layout-constrained wp-block-query-is-layout-constrained\"><ul class=\"columns-3 alignwide wp-block-post-template is-layout-grid wp-container-core-post-template-is-layout-14bc0c8a wp-block-post-template-is-layout-grid tw-cols-large\"><li data-wp-key=\"post-template-item-1330\" class=\"wp-block-post post-1330 post type-post status-publish format-standard has-post-thumbnail hentry category-la-tribune-des-batisseurs category-litterature\">\n\n<div class=\"wp-block-group tw-stretched-link is-layout-flow wp-block-group-is-layout-flow\" style=\"margin-bottom:32px\"><figure style=\"aspect-ratio:3\/2;\" class=\"wp-block-post-featured-image tw-block-animation tw-animation-fade-in-up\"><img loading=\"lazy\" decoding=\"async\" width=\"794\" height=\"1021\" src=\"https:\/\/site.ac-martinique.fr\/lyc-leopoldbissol\/wp-content\/uploads\/sites\/151\/2025\/04\/Miguel-bonnefoy-lereve-du-jaguar.png\" class=\"attachment-post-thumbnail size-post-thumbnail wp-post-image\" alt=\"\" style=\"width:100%;height:100%;object-fit:cover;\" srcset=\"https:\/\/site.ac-martinique.fr\/lyc-leopoldbissol\/wp-content\/uploads\/sites\/151\/2025\/04\/Miguel-bonnefoy-lereve-du-jaguar.png 794w, https:\/\/site.ac-martinique.fr\/lyc-leopoldbissol\/wp-content\/uploads\/sites\/151\/2025\/04\/Miguel-bonnefoy-lereve-du-jaguar-233x300.png 233w, https:\/\/site.ac-martinique.fr\/lyc-leopoldbissol\/wp-content\/uploads\/sites\/151\/2025\/04\/Miguel-bonnefoy-lereve-du-jaguar-768x988.png 768w\" sizes=\"auto, (max-width: 794px) 100vw, 794px\" \/><\/figure>\n\n<h2 class=\"wp-block-post-title has-large-font-size\"><a href=\"https:\/\/site.ac-martinique.fr\/lyc-leopoldbissol\/2025\/04\/07\/le-reve-du-jaguar-miguel-bonnefoy\/\" target=\"_self\" >Le r\u00eave du jaguar &#8211; Miguel Bonnefoy<\/a><\/h2>\n\n\n<div class=\"wp-block-group has-secondary-color has-text-color has-small-font-size is-layout-flex wp-container-core-group-is-layout-9eb09daa wp-block-group-is-layout-flex\"><div class=\"wp-block-post-date\"><time datetime=\"2025-04-07T11:53:33-04:00\">7 avril 2025<\/time><\/div><\/div>\n<\/div>\n\n<\/li><li data-wp-key=\"post-template-item-1300\" class=\"wp-block-post post-1300 post type-post status-publish format-standard has-post-thumbnail hentry category-evenement category-la-tribune-des-batisseurs tag-bandeau-actualite\">\n\n<div class=\"wp-block-group tw-stretched-link is-layout-flow wp-block-group-is-layout-flow\" style=\"margin-bottom:32px\"><figure style=\"aspect-ratio:3\/2;\" class=\"wp-block-post-featured-image tw-block-animation tw-animation-fade-in-up\"><img loading=\"lazy\" decoding=\"async\" width=\"940\" height=\"285\" src=\"https:\/\/site.ac-martinique.fr\/lyc-leopoldbissol\/wp-content\/uploads\/sites\/151\/2025\/04\/LA-TRIBUNE.png\" class=\"attachment-post-thumbnail size-post-thumbnail wp-post-image\" alt=\"\" style=\"width:100%;height:100%;object-fit:cover;\" srcset=\"https:\/\/site.ac-martinique.fr\/lyc-leopoldbissol\/wp-content\/uploads\/sites\/151\/2025\/04\/LA-TRIBUNE.png 940w, https:\/\/site.ac-martinique.fr\/lyc-leopoldbissol\/wp-content\/uploads\/sites\/151\/2025\/04\/LA-TRIBUNE-300x91.png 300w, https:\/\/site.ac-martinique.fr\/lyc-leopoldbissol\/wp-content\/uploads\/sites\/151\/2025\/04\/LA-TRIBUNE-768x233.png 768w\" sizes=\"auto, (max-width: 940px) 100vw, 940px\" \/><\/figure>\n\n<h2 class=\"wp-block-post-title has-large-font-size\"><a href=\"https:\/\/site.ac-martinique.fr\/lyc-leopoldbissol\/2025\/04\/03\/la-tribune-des-batisseurs-1\/\" target=\"_self\" >La tribune des b\u00e2tisseurs #1<\/a><\/h2>\n\n\n<div class=\"wp-block-group has-secondary-color has-text-color has-small-font-size is-layout-flex wp-container-core-group-is-layout-9eb09daa wp-block-group-is-layout-flex\"><div class=\"wp-block-post-date\"><time datetime=\"2025-04-03T16:39:15-04:00\">3 avril 2025<\/time><\/div><\/div>\n<\/div>\n\n<\/li><\/ul>\n\n<\/div>\n","protected":false},"excerpt":{"rendered":"","protected":false},"author":327,"featured_media":1302,"parent":0,"menu_order":0,"comment_status":"closed","ping_status":"closed","template":"wp-custom-template-la-tribune-des-b-tisseurs","meta":{"footnotes":""},"class_list":["post-1326","page","type-page","status-publish","has-post-thumbnail","hentry"],"_links":{"self":[{"href":"https:\/\/site.ac-martinique.fr\/lyc-leopoldbissol\/wp-json\/wp\/v2\/pages\/1326","targetHints":{"allow":["GET"]}}],"collection":[{"href":"https:\/\/site.ac-martinique.fr\/lyc-leopoldbissol\/wp-json\/wp\/v2\/pages"}],"about":[{"href":"https:\/\/site.ac-martinique.fr\/lyc-leopoldbissol\/wp-json\/wp\/v2\/types\/page"}],"author":[{"embeddable":true,"href":"https:\/\/site.ac-martinique.fr\/lyc-leopoldbissol\/wp-json\/wp\/v2\/users\/327"}],"replies":[{"embeddable":true,"href":"https:\/\/site.ac-martinique.fr\/lyc-leopoldbissol\/wp-json\/wp\/v2\/comments?post=1326"}],"version-history":[{"count":12,"href":"https:\/\/site.ac-martinique.fr\/lyc-leopoldbissol\/wp-json\/wp\/v2\/pages\/1326\/revisions"}],"predecessor-version":[{"id":1389,"href":"https:\/\/site.ac-martinique.fr\/lyc-leopoldbissol\/wp-json\/wp\/v2\/pages\/1326\/revisions\/1389"}],"wp:featuredmedia":[{"embeddable":true,"href":"https:\/\/site.ac-martinique.fr\/lyc-leopoldbissol\/wp-json\/wp\/v2\/media\/1302"}],"wp:attachment":[{"href":"https:\/\/site.ac-martinique.fr\/lyc-leopoldbissol\/wp-json\/wp\/v2\/media?parent=1326"}],"curies":[{"name":"wp","href":"https:\/\/api.w.org\/{rel}","templated":true}]}}