{"id":1358,"date":"2025-04-07T15:10:54","date_gmt":"2025-04-07T19:10:54","guid":{"rendered":"https:\/\/site.ac-martinique.fr\/lyc-leopoldbissol\/?page_id=1358"},"modified":"2025-04-07T16:29:41","modified_gmt":"2025-04-07T20:29:41","slug":"la-tribune-des-batisseurs-culture-et-litterature","status":"publish","type":"page","link":"https:\/\/site.ac-martinique.fr\/lyc-leopoldbissol\/la-tribune-des-batisseurs\/la-tribune-des-batisseurs-culture-et-litterature\/","title":{"rendered":"La Tribune des B\u00e2tisseurs &#8211; Culture et Litt\u00e9rature"},"content":{"rendered":"\n<div class=\"wp-block-query alignwide is-layout-flow wp-block-query-is-layout-flow\"><ul class=\"wp-block-post-template is-layout-flow wp-block-post-template-is-layout-flow\"><li class=\"wp-block-post post-1379 post type-post status-publish format-standard has-post-thumbnail hentry category-la-tribune-des-batisseurs category-litterature\">\n\n<div class=\"wp-block-columns is-layout-flex wp-container-core-columns-is-layout-d4273f21 wp-block-columns-is-layout-flex tw-large-gap\">\n<div class=\"wp-block-column is-layout-flow wp-block-column-is-layout-flow\"><figure style=\"aspect-ratio:auto;\" class=\"wp-block-post-featured-image\"><a href=\"https:\/\/site.ac-martinique.fr\/lyc-leopoldbissol\/2025\/04\/07\/jacaranda-le-deuxieme-roman-bouleversant-de-gael-faye\/\" target=\"_self\"  ><img loading=\"lazy\" decoding=\"async\" width=\"1260\" height=\"1849\" src=\"https:\/\/site.ac-martinique.fr\/lyc-leopoldbissol\/wp-content\/uploads\/sites\/151\/2025\/04\/gael-faye-jacaranda.png\" class=\"attachment-post-thumbnail size-post-thumbnail wp-post-image\" alt=\"\u00ab\u00a0Jacaranda\u00a0\u00bb, le deuxi\u00e8me roman bouleversant de Ga\u00ebl Faye\" style=\"width:100%;height:100%;object-fit:cover;\" srcset=\"https:\/\/site.ac-martinique.fr\/lyc-leopoldbissol\/wp-content\/uploads\/sites\/151\/2025\/04\/gael-faye-jacaranda.png 1260w, https:\/\/site.ac-martinique.fr\/lyc-leopoldbissol\/wp-content\/uploads\/sites\/151\/2025\/04\/gael-faye-jacaranda-204x300.png 204w, https:\/\/site.ac-martinique.fr\/lyc-leopoldbissol\/wp-content\/uploads\/sites\/151\/2025\/04\/gael-faye-jacaranda-698x1024.png 698w, https:\/\/site.ac-martinique.fr\/lyc-leopoldbissol\/wp-content\/uploads\/sites\/151\/2025\/04\/gael-faye-jacaranda-768x1127.png 768w, https:\/\/site.ac-martinique.fr\/lyc-leopoldbissol\/wp-content\/uploads\/sites\/151\/2025\/04\/gael-faye-jacaranda-1047x1536.png 1047w\" sizes=\"auto, (max-width: 1260px) 100vw, 1260px\" \/><\/a><\/figure><\/div>\n\n\n\n<div class=\"wp-block-column is-vertically-aligned-center is-layout-flow wp-block-column-is-layout-flow\"><h2 class=\"wp-block-post-title has-x-large-font-size\"><a href=\"https:\/\/site.ac-martinique.fr\/lyc-leopoldbissol\/2025\/04\/07\/jacaranda-le-deuxieme-roman-bouleversant-de-gael-faye\/\" target=\"_self\" >\u00ab\u00a0Jacaranda\u00a0\u00bb, le deuxi\u00e8me roman bouleversant de Ga\u00ebl Faye<\/a><\/h2>\n\n<div style=\"margin-top:16px;\" class=\"wp-block-post-excerpt\"><p class=\"wp-block-post-excerpt__excerpt\">Huit ans apr\u00e8s la publication de Petit pays, Ga\u00ebl Faye revient avec Jacaranda, un roman qui explore l&rsquo;histoire du Rwanda \u00e0 travers les r\u00e9cits de quatre g\u00e9n\u00e9rations. Dans Petit pays,\u2026 <\/p><\/div>\n\n\n<div class=\"wp-block-group has-secondary-color has-text-color has-small-font-size is-layout-flex wp-container-core-group-is-layout-4e869bc5 wp-block-group-is-layout-flex\" style=\"margin-top:24px\"><div class=\"wp-block-post-date\"><time datetime=\"2025-04-07T22:08:00-04:00\">7 avril 2025<\/time><\/div>\n\n\n<p>\u00b7<\/p>\n\n\n<div class=\"taxonomy-category wp-block-post-terms\"><a href=\"https:\/\/site.ac-martinique.fr\/lyc-leopoldbissol\/category\/la-tribune-des-batisseurs\/\" rel=\"tag\">La tribune des b\u00e2tisseurs<\/a><span class=\"wp-block-post-terms__separator\">, <\/span><a href=\"https:\/\/site.ac-martinique.fr\/lyc-leopoldbissol\/category\/la-tribune-des-batisseurs\/litterature\/\" rel=\"tag\">litt\u00e9rature<\/a><\/div><\/div>\n<\/div>\n<\/div>\n\n\n\n<hr class=\"wp-block-separator has-alpha-channel-opacity is-style-wide\" style=\"margin-top:64px;margin-bottom:64px\"\/>\n\n<\/li><li class=\"wp-block-post post-1330 post type-post status-publish format-standard has-post-thumbnail hentry category-la-tribune-des-batisseurs category-litterature\">\n\n<div class=\"wp-block-columns is-layout-flex wp-container-core-columns-is-layout-d4273f21 wp-block-columns-is-layout-flex tw-large-gap\">\n<div class=\"wp-block-column is-layout-flow wp-block-column-is-layout-flow\"><figure style=\"aspect-ratio:auto;\" class=\"wp-block-post-featured-image\"><a href=\"https:\/\/site.ac-martinique.fr\/lyc-leopoldbissol\/2025\/04\/07\/le-reve-du-jaguar-miguel-bonnefoy\/\" target=\"_self\"  ><img loading=\"lazy\" decoding=\"async\" width=\"794\" height=\"1021\" src=\"https:\/\/site.ac-martinique.fr\/lyc-leopoldbissol\/wp-content\/uploads\/sites\/151\/2025\/04\/Miguel-bonnefoy-lereve-du-jaguar.png\" class=\"attachment-post-thumbnail size-post-thumbnail wp-post-image\" alt=\"Le r\u00eave du jaguar &#8211; Miguel Bonnefoy\" style=\"width:100%;height:100%;object-fit:cover;\" srcset=\"https:\/\/site.ac-martinique.fr\/lyc-leopoldbissol\/wp-content\/uploads\/sites\/151\/2025\/04\/Miguel-bonnefoy-lereve-du-jaguar.png 794w, https:\/\/site.ac-martinique.fr\/lyc-leopoldbissol\/wp-content\/uploads\/sites\/151\/2025\/04\/Miguel-bonnefoy-lereve-du-jaguar-233x300.png 233w, https:\/\/site.ac-martinique.fr\/lyc-leopoldbissol\/wp-content\/uploads\/sites\/151\/2025\/04\/Miguel-bonnefoy-lereve-du-jaguar-768x988.png 768w\" sizes=\"auto, (max-width: 794px) 100vw, 794px\" \/><\/a><\/figure><\/div>\n\n\n\n<div class=\"wp-block-column is-vertically-aligned-center is-layout-flow wp-block-column-is-layout-flow\"><h2 class=\"wp-block-post-title has-x-large-font-size\"><a href=\"https:\/\/site.ac-martinique.fr\/lyc-leopoldbissol\/2025\/04\/07\/le-reve-du-jaguar-miguel-bonnefoy\/\" target=\"_self\" >Le r\u00eave du jaguar &#8211; Miguel Bonnefoy<\/a><\/h2>\n\n<div style=\"margin-top:16px;\" class=\"wp-block-post-excerpt\"><p class=\"wp-block-post-excerpt__excerpt\">\u00ab\u00a0Le R\u00eave du jaguar\u00a0\u00bb : l&rsquo;\u00e9pop\u00e9e fantastique de Miguel Bonnefoy croisant le destin d&rsquo;une famille et l&rsquo;histoire du Venezuela Le R\u00eave du jaguar ne se r\u00e9sume pas, il se lit,\u2026 <\/p><\/div>\n\n\n<div class=\"wp-block-group has-secondary-color has-text-color has-small-font-size is-layout-flex wp-container-core-group-is-layout-4e869bc5 wp-block-group-is-layout-flex\" style=\"margin-top:24px\"><div class=\"wp-block-post-date\"><time datetime=\"2025-04-07T11:53:33-04:00\">7 avril 2025<\/time><\/div>\n\n\n<p>\u00b7<\/p>\n\n\n<div class=\"taxonomy-category wp-block-post-terms\"><a href=\"https:\/\/site.ac-martinique.fr\/lyc-leopoldbissol\/category\/la-tribune-des-batisseurs\/\" rel=\"tag\">La tribune des b\u00e2tisseurs<\/a><span class=\"wp-block-post-terms__separator\">, <\/span><a href=\"https:\/\/site.ac-martinique.fr\/lyc-leopoldbissol\/category\/la-tribune-des-batisseurs\/litterature\/\" rel=\"tag\">litt\u00e9rature<\/a><\/div><\/div>\n<\/div>\n<\/div>\n\n\n\n<hr class=\"wp-block-separator has-alpha-channel-opacity is-style-wide\" style=\"margin-top:64px;margin-bottom:64px\"\/>\n\n<\/li><\/ul>\n\n<\/div>\n","protected":false},"excerpt":{"rendered":"","protected":false},"author":327,"featured_media":1302,"parent":1326,"menu_order":0,"comment_status":"closed","ping_status":"closed","template":"wp-custom-template-la-tribune-des-b-tisseurs","meta":{"footnotes":""},"class_list":["post-1358","page","type-page","status-publish","has-post-thumbnail","hentry"],"_links":{"self":[{"href":"https:\/\/site.ac-martinique.fr\/lyc-leopoldbissol\/wp-json\/wp\/v2\/pages\/1358","targetHints":{"allow":["GET"]}}],"collection":[{"href":"https:\/\/site.ac-martinique.fr\/lyc-leopoldbissol\/wp-json\/wp\/v2\/pages"}],"about":[{"href":"https:\/\/site.ac-martinique.fr\/lyc-leopoldbissol\/wp-json\/wp\/v2\/types\/page"}],"author":[{"embeddable":true,"href":"https:\/\/site.ac-martinique.fr\/lyc-leopoldbissol\/wp-json\/wp\/v2\/users\/327"}],"replies":[{"embeddable":true,"href":"https:\/\/site.ac-martinique.fr\/lyc-leopoldbissol\/wp-json\/wp\/v2\/comments?post=1358"}],"version-history":[{"count":2,"href":"https:\/\/site.ac-martinique.fr\/lyc-leopoldbissol\/wp-json\/wp\/v2\/pages\/1358\/revisions"}],"predecessor-version":[{"id":1360,"href":"https:\/\/site.ac-martinique.fr\/lyc-leopoldbissol\/wp-json\/wp\/v2\/pages\/1358\/revisions\/1360"}],"up":[{"embeddable":true,"href":"https:\/\/site.ac-martinique.fr\/lyc-leopoldbissol\/wp-json\/wp\/v2\/pages\/1326"}],"wp:featuredmedia":[{"embeddable":true,"href":"https:\/\/site.ac-martinique.fr\/lyc-leopoldbissol\/wp-json\/wp\/v2\/media\/1302"}],"wp:attachment":[{"href":"https:\/\/site.ac-martinique.fr\/lyc-leopoldbissol\/wp-json\/wp\/v2\/media?parent=1358"}],"curies":[{"name":"wp","href":"https:\/\/api.w.org\/{rel}","templated":true}]}}