{"id":1368,"date":"2025-04-07T16:59:20","date_gmt":"2025-04-07T20:59:20","guid":{"rendered":"https:\/\/site.ac-martinique.fr\/lyc-leopoldbissol\/?page_id=1368"},"modified":"2025-04-07T17:00:32","modified_gmt":"2025-04-07T21:00:32","slug":"la-tribune-des-batisseurs-vie-lyceenne-et-temoignage","status":"publish","type":"page","link":"https:\/\/site.ac-martinique.fr\/lyc-leopoldbissol\/la-tribune-des-batisseurs\/la-tribune-des-batisseurs-vie-lyceenne-et-temoignage\/","title":{"rendered":"La Tribune des B\u00e2tisseurs &#8211; Vie lyc\u00e9enne et t\u00e9moignage"},"content":{"rendered":"\n<div class=\"wp-block-query alignwide is-layout-flow wp-block-query-is-layout-flow\"><ul class=\"wp-block-post-template is-layout-flow wp-block-post-template-is-layout-flow\"><li class=\"wp-block-post post-1922 post type-post status-publish format-standard has-post-thumbnail hentry category-administration category-evenement category-services-educatifs category-vie-lyceenne tag-bandeau-actualite tag-banniere-vie-scolaire\">\n\n<div class=\"wp-block-columns is-layout-flex wp-container-core-columns-is-layout-d4273f21 wp-block-columns-is-layout-flex tw-large-gap\">\n<div class=\"wp-block-column is-layout-flow wp-block-column-is-layout-flow\"><figure style=\"aspect-ratio:auto;\" class=\"wp-block-post-featured-image\"><a href=\"https:\/\/site.ac-martinique.fr\/lyc-leopoldbissol\/2025\/09\/09\/rentree-annee-scolaire-2025-2026-une-semaine-riche-en-rencontres-et-en-integration-pour-passer-une-bonne-annee\/\" target=\"_self\"  ><img loading=\"lazy\" decoding=\"async\" width=\"2240\" height=\"1260\" src=\"https:\/\/site.ac-martinique.fr\/lyc-leopoldbissol\/wp-content\/uploads\/sites\/151\/2025\/09\/rentree.png\" class=\"attachment-post-thumbnail size-post-thumbnail wp-post-image\" alt=\"Rentr\u00e9e ann\u00e9e scolaire 2025\/2026 : une semaine riche en rencontres et en int\u00e9gration pour passer une bonne ann\u00e9e !\" style=\"width:100%;height:100%;object-fit:cover;\" srcset=\"https:\/\/site.ac-martinique.fr\/lyc-leopoldbissol\/wp-content\/uploads\/sites\/151\/2025\/09\/rentree.png 2240w, https:\/\/site.ac-martinique.fr\/lyc-leopoldbissol\/wp-content\/uploads\/sites\/151\/2025\/09\/rentree-300x169.png 300w, https:\/\/site.ac-martinique.fr\/lyc-leopoldbissol\/wp-content\/uploads\/sites\/151\/2025\/09\/rentree-1024x576.png 1024w, https:\/\/site.ac-martinique.fr\/lyc-leopoldbissol\/wp-content\/uploads\/sites\/151\/2025\/09\/rentree-768x432.png 768w, https:\/\/site.ac-martinique.fr\/lyc-leopoldbissol\/wp-content\/uploads\/sites\/151\/2025\/09\/rentree-1536x864.png 1536w, https:\/\/site.ac-martinique.fr\/lyc-leopoldbissol\/wp-content\/uploads\/sites\/151\/2025\/09\/rentree-2048x1152.png 2048w\" sizes=\"auto, (max-width: 2240px) 100vw, 2240px\" \/><\/a><\/figure><\/div>\n\n\n\n<div class=\"wp-block-column is-vertically-aligned-center is-layout-flow wp-block-column-is-layout-flow\"><h2 class=\"wp-block-post-title has-x-large-font-size\"><a href=\"https:\/\/site.ac-martinique.fr\/lyc-leopoldbissol\/2025\/09\/09\/rentree-annee-scolaire-2025-2026-une-semaine-riche-en-rencontres-et-en-integration-pour-passer-une-bonne-annee\/\" target=\"_self\" >Rentr\u00e9e ann\u00e9e scolaire 2025\/2026 : une semaine riche en rencontres et en int\u00e9gration pour passer une bonne ann\u00e9e !<\/a><\/h2>\n\n<div style=\"margin-top:16px;\" class=\"wp-block-post-excerpt\"><p class=\"wp-block-post-excerpt__excerpt\">Back to school year 2025\/2026: a week rich in meetings and integration to meet, integrate and have a good year! RENCONTRES DE PRE-RENTREE &#8211; PRE-SCHOOL MEETINGS La semaine du 1er\u2026 <\/p><\/div>\n\n\n<div class=\"wp-block-group has-secondary-color has-text-color has-small-font-size is-layout-flex wp-container-core-group-is-layout-4e869bc5 wp-block-group-is-layout-flex\" style=\"margin-top:24px\"><div class=\"wp-block-post-date\"><time datetime=\"2025-09-09T06:45:39-04:00\">9 septembre 2025<\/time><\/div>\n\n\n<p>\u00b7<\/p>\n\n\n<div class=\"taxonomy-category wp-block-post-terms\"><a href=\"https:\/\/site.ac-martinique.fr\/lyc-leopoldbissol\/category\/administration\/\" rel=\"tag\">Administration<\/a><span class=\"wp-block-post-terms__separator\">, <\/span><a href=\"https:\/\/site.ac-martinique.fr\/lyc-leopoldbissol\/category\/evenement\/\" rel=\"tag\">\u00c9v\u00e9nement<\/a><span class=\"wp-block-post-terms__separator\">, <\/span><a href=\"https:\/\/site.ac-martinique.fr\/lyc-leopoldbissol\/category\/services-educatifs\/\" rel=\"tag\">Services \u00e9ducatifs<\/a><span class=\"wp-block-post-terms__separator\">, <\/span><a href=\"https:\/\/site.ac-martinique.fr\/lyc-leopoldbissol\/category\/la-tribune-des-batisseurs\/vie-lyceenne\/\" rel=\"tag\">Vie lyc\u00e9enne<\/a><\/div><\/div>\n<\/div>\n<\/div>\n\n\n\n<hr class=\"wp-block-separator has-alpha-channel-opacity is-style-wide\" style=\"margin-top:64px;margin-bottom:64px\"\/>\n\n<\/li><li class=\"wp-block-post post-1829 post type-post status-publish format-standard has-post-thumbnail hentry category-actualite-du-lycee category-cvl category-evenement category-vie-lyceenne tag-bandeau-actualite\">\n\n<div class=\"wp-block-columns is-layout-flex wp-container-core-columns-is-layout-d4273f21 wp-block-columns-is-layout-flex tw-large-gap\">\n<div class=\"wp-block-column is-layout-flow wp-block-column-is-layout-flow\"><figure style=\"aspect-ratio:auto;\" class=\"wp-block-post-featured-image\"><a href=\"https:\/\/site.ac-martinique.fr\/lyc-leopoldbissol\/2025\/07\/01\/ceremonie-des-recompenses-2024-2025-lecole-de-tous-pour-la-reussite-de-chacun\/\" target=\"_self\"  ><img loading=\"lazy\" decoding=\"async\" width=\"2000\" height=\"943\" src=\"https:\/\/site.ac-martinique.fr\/lyc-leopoldbissol\/wp-content\/uploads\/sites\/151\/2025\/06\/Ceremonie-Recompenses-Lycee-Leopold-BISSOL-2025-6.png\" class=\"attachment-post-thumbnail size-post-thumbnail wp-post-image\" alt=\"C\u00e9r\u00e9monie des r\u00e9compenses 2024\/2025 : L\u2019\u00e9cole de tous pour la r\u00e9ussite de chacun\" style=\"width:100%;height:100%;object-fit:cover;\" srcset=\"https:\/\/site.ac-martinique.fr\/lyc-leopoldbissol\/wp-content\/uploads\/sites\/151\/2025\/06\/Ceremonie-Recompenses-Lycee-Leopold-BISSOL-2025-6.png 2000w, https:\/\/site.ac-martinique.fr\/lyc-leopoldbissol\/wp-content\/uploads\/sites\/151\/2025\/06\/Ceremonie-Recompenses-Lycee-Leopold-BISSOL-2025-6-300x141.png 300w, https:\/\/site.ac-martinique.fr\/lyc-leopoldbissol\/wp-content\/uploads\/sites\/151\/2025\/06\/Ceremonie-Recompenses-Lycee-Leopold-BISSOL-2025-6-1024x483.png 1024w, https:\/\/site.ac-martinique.fr\/lyc-leopoldbissol\/wp-content\/uploads\/sites\/151\/2025\/06\/Ceremonie-Recompenses-Lycee-Leopold-BISSOL-2025-6-768x362.png 768w, https:\/\/site.ac-martinique.fr\/lyc-leopoldbissol\/wp-content\/uploads\/sites\/151\/2025\/06\/Ceremonie-Recompenses-Lycee-Leopold-BISSOL-2025-6-1536x724.png 1536w\" sizes=\"auto, (max-width: 2000px) 100vw, 2000px\" \/><\/a><\/figure><\/div>\n\n\n\n<div class=\"wp-block-column is-vertically-aligned-center is-layout-flow wp-block-column-is-layout-flow\"><h2 class=\"wp-block-post-title has-x-large-font-size\"><a href=\"https:\/\/site.ac-martinique.fr\/lyc-leopoldbissol\/2025\/07\/01\/ceremonie-des-recompenses-2024-2025-lecole-de-tous-pour-la-reussite-de-chacun\/\" target=\"_self\" >C\u00e9r\u00e9monie des r\u00e9compenses 2024\/2025 : L\u2019\u00e9cole de tous pour la r\u00e9ussite de chacun<\/a><\/h2>\n\n<div style=\"margin-top:16px;\" class=\"wp-block-post-excerpt\"><p class=\"wp-block-post-excerpt__excerpt\">C\u00e9l\u00e9brer la r\u00e9ussite, c\u2019est semer l\u2019envie d\u2019aller plus loin. Le vendredi 20 juin 2025 restera grav\u00e9 dans les m\u00e9moires du lyc\u00e9e comme un moment d\u2019\u00e9motion, de reconnaissance et de fiert\u00e9\u2026 <\/p><\/div>\n\n\n<div class=\"wp-block-group has-secondary-color has-text-color has-small-font-size is-layout-flex wp-container-core-group-is-layout-4e869bc5 wp-block-group-is-layout-flex\" style=\"margin-top:24px\"><div class=\"wp-block-post-date\"><time datetime=\"2025-07-01T11:01:07-04:00\">1 juillet 2025<\/time><\/div>\n\n\n<p>\u00b7<\/p>\n\n\n<div class=\"taxonomy-category wp-block-post-terms\"><a href=\"https:\/\/site.ac-martinique.fr\/lyc-leopoldbissol\/category\/la-tribune-des-batisseurs\/actualite-du-lycee\/\" rel=\"tag\">actualit\u00e9 du lyc\u00e9e<\/a><span class=\"wp-block-post-terms__separator\">, <\/span><a href=\"https:\/\/site.ac-martinique.fr\/lyc-leopoldbissol\/category\/les-instances-educatives\/cvl\/\" rel=\"tag\">CVL<\/a><span class=\"wp-block-post-terms__separator\">, <\/span><a href=\"https:\/\/site.ac-martinique.fr\/lyc-leopoldbissol\/category\/evenement\/\" rel=\"tag\">\u00c9v\u00e9nement<\/a><span class=\"wp-block-post-terms__separator\">, <\/span><a href=\"https:\/\/site.ac-martinique.fr\/lyc-leopoldbissol\/category\/la-tribune-des-batisseurs\/vie-lyceenne\/\" rel=\"tag\">Vie lyc\u00e9enne<\/a><\/div><\/div>\n<\/div>\n<\/div>\n\n\n\n<hr class=\"wp-block-separator has-alpha-channel-opacity is-style-wide\" style=\"margin-top:64px;margin-bottom:64px\"\/>\n\n<\/li><li class=\"wp-block-post post-1365 post type-post status-publish format-standard has-post-thumbnail hentry category-la-tribune-des-batisseurs category-portrait\">\n\n<div class=\"wp-block-columns is-layout-flex wp-container-core-columns-is-layout-d4273f21 wp-block-columns-is-layout-flex tw-large-gap\">\n<div class=\"wp-block-column is-layout-flow wp-block-column-is-layout-flow\"><figure style=\"aspect-ratio:auto;\" class=\"wp-block-post-featured-image\"><a href=\"https:\/\/site.ac-martinique.fr\/lyc-leopoldbissol\/2025\/04\/07\/naella-yzidee-une-eleve-qui-fait-bouger-les-lignes\/\" target=\"_self\"  ><img loading=\"lazy\" decoding=\"async\" width=\"794\" height=\"972\" src=\"https:\/\/site.ac-martinique.fr\/lyc-leopoldbissol\/wp-content\/uploads\/sites\/151\/2025\/04\/naella-yzidee.png\" class=\"attachment-post-thumbnail size-post-thumbnail wp-post-image\" alt=\"NAELLA YZIDEE : UNE \u00c9L\u00c8VE QUI FAIT BOUGER LES LIGNES !\" style=\"width:100%;height:100%;object-fit:cover;\" srcset=\"https:\/\/site.ac-martinique.fr\/lyc-leopoldbissol\/wp-content\/uploads\/sites\/151\/2025\/04\/naella-yzidee.png 794w, https:\/\/site.ac-martinique.fr\/lyc-leopoldbissol\/wp-content\/uploads\/sites\/151\/2025\/04\/naella-yzidee-245x300.png 245w, https:\/\/site.ac-martinique.fr\/lyc-leopoldbissol\/wp-content\/uploads\/sites\/151\/2025\/04\/naella-yzidee-768x940.png 768w\" sizes=\"auto, (max-width: 794px) 100vw, 794px\" \/><\/a><\/figure><\/div>\n\n\n\n<div class=\"wp-block-column is-vertically-aligned-center is-layout-flow wp-block-column-is-layout-flow\"><h2 class=\"wp-block-post-title has-x-large-font-size\"><a href=\"https:\/\/site.ac-martinique.fr\/lyc-leopoldbissol\/2025\/04\/07\/naella-yzidee-une-eleve-qui-fait-bouger-les-lignes\/\" target=\"_self\" >NAELLA YZIDEE : UNE \u00c9L\u00c8VE QUI FAIT BOUGER LES LIGNES !<\/a><\/h2>\n\n<div style=\"margin-top:16px;\" class=\"wp-block-post-excerpt\"><p class=\"wp-block-post-excerpt__excerpt\">Dynamique, engag\u00e9e et toujours pr\u00eate \u00e0 relever de nouveaux d\u00e9fis, Naella Yzidee est bien plus qu&rsquo;une simple \u00e9l\u00e8ve de notre \u00e9tablissement. Que ce soit au sein du lyc\u00e9e ou en\u2026 <\/p><\/div>\n\n\n<div class=\"wp-block-group has-secondary-color has-text-color has-small-font-size is-layout-flex wp-container-core-group-is-layout-4e869bc5 wp-block-group-is-layout-flex\" style=\"margin-top:24px\"><div class=\"wp-block-post-date\"><time datetime=\"2025-04-07T16:53:54-04:00\">7 avril 2025<\/time><\/div>\n\n\n<p>\u00b7<\/p>\n\n\n<div class=\"taxonomy-category wp-block-post-terms\"><a href=\"https:\/\/site.ac-martinique.fr\/lyc-leopoldbissol\/category\/la-tribune-des-batisseurs\/\" rel=\"tag\">La tribune des b\u00e2tisseurs<\/a><span class=\"wp-block-post-terms__separator\">, <\/span><a href=\"https:\/\/site.ac-martinique.fr\/lyc-leopoldbissol\/category\/la-tribune-des-batisseurs\/portrait\/\" rel=\"tag\">Portrait<\/a><\/div><\/div>\n<\/div>\n<\/div>\n\n\n\n<hr class=\"wp-block-separator has-alpha-channel-opacity is-style-wide\" style=\"margin-top:64px;margin-bottom:64px\"\/>\n\n<\/li><\/ul>\n\n<\/div>\n","protected":false},"excerpt":{"rendered":"","protected":false},"author":327,"featured_media":1302,"parent":1326,"menu_order":0,"comment_status":"closed","ping_status":"closed","template":"wp-custom-template-la-tribune-des-b-tisseurs","meta":{"footnotes":""},"class_list":["post-1368","page","type-page","status-publish","has-post-thumbnail","hentry"],"_links":{"self":[{"href":"https:\/\/site.ac-martinique.fr\/lyc-leopoldbissol\/wp-json\/wp\/v2\/pages\/1368","targetHints":{"allow":["GET"]}}],"collection":[{"href":"https:\/\/site.ac-martinique.fr\/lyc-leopoldbissol\/wp-json\/wp\/v2\/pages"}],"about":[{"href":"https:\/\/site.ac-martinique.fr\/lyc-leopoldbissol\/wp-json\/wp\/v2\/types\/page"}],"author":[{"embeddable":true,"href":"https:\/\/site.ac-martinique.fr\/lyc-leopoldbissol\/wp-json\/wp\/v2\/users\/327"}],"replies":[{"embeddable":true,"href":"https:\/\/site.ac-martinique.fr\/lyc-leopoldbissol\/wp-json\/wp\/v2\/comments?post=1368"}],"version-history":[{"count":2,"href":"https:\/\/site.ac-martinique.fr\/lyc-leopoldbissol\/wp-json\/wp\/v2\/pages\/1368\/revisions"}],"predecessor-version":[{"id":1370,"href":"https:\/\/site.ac-martinique.fr\/lyc-leopoldbissol\/wp-json\/wp\/v2\/pages\/1368\/revisions\/1370"}],"up":[{"embeddable":true,"href":"https:\/\/site.ac-martinique.fr\/lyc-leopoldbissol\/wp-json\/wp\/v2\/pages\/1326"}],"wp:featuredmedia":[{"embeddable":true,"href":"https:\/\/site.ac-martinique.fr\/lyc-leopoldbissol\/wp-json\/wp\/v2\/media\/1302"}],"wp:attachment":[{"href":"https:\/\/site.ac-martinique.fr\/lyc-leopoldbissol\/wp-json\/wp\/v2\/media?parent=1368"}],"curies":[{"name":"wp","href":"https:\/\/api.w.org\/{rel}","templated":true}]}}