{"id":1404,"date":"2025-04-07T23:03:27","date_gmt":"2025-04-08T03:03:27","guid":{"rendered":"https:\/\/site.ac-martinique.fr\/lyc-leopoldbissol\/?page_id=1404"},"modified":"2025-04-07T23:03:28","modified_gmt":"2025-04-08T03:03:28","slug":"la-tribune-des-batisseurs-actualite-du-lycee","status":"publish","type":"page","link":"https:\/\/site.ac-martinique.fr\/lyc-leopoldbissol\/la-tribune-des-batisseurs\/la-tribune-des-batisseurs-actualite-du-lycee\/","title":{"rendered":"La Tribune des B\u00e2tisseurs &#8211; Actualit\u00e9 du lyc\u00e9e"},"content":{"rendered":"\n<div class=\"wp-block-query alignwide is-layout-flow wp-block-query-is-layout-flow\"><ul class=\"wp-block-post-template is-layout-flow wp-block-post-template-is-layout-flow\"><li class=\"wp-block-post post-1829 post type-post status-publish format-standard has-post-thumbnail hentry category-actualite-du-lycee category-cvl category-evenement category-vie-lyceenne tag-bandeau-actualite\">\n\n<div class=\"wp-block-columns is-layout-flex wp-container-core-columns-is-layout-d4273f21 wp-block-columns-is-layout-flex tw-large-gap\">\n<div class=\"wp-block-column is-layout-flow wp-block-column-is-layout-flow\"><figure style=\"aspect-ratio:auto;\" class=\"wp-block-post-featured-image\"><a href=\"https:\/\/site.ac-martinique.fr\/lyc-leopoldbissol\/2025\/07\/01\/ceremonie-des-recompenses-2024-2025-lecole-de-tous-pour-la-reussite-de-chacun\/\" target=\"_self\"  ><img loading=\"lazy\" decoding=\"async\" width=\"2000\" height=\"943\" src=\"https:\/\/site.ac-martinique.fr\/lyc-leopoldbissol\/wp-content\/uploads\/sites\/151\/2025\/06\/Ceremonie-Recompenses-Lycee-Leopold-BISSOL-2025-6.png\" class=\"attachment-post-thumbnail size-post-thumbnail wp-post-image\" alt=\"C\u00e9r\u00e9monie des r\u00e9compenses 2024\/2025 : L\u2019\u00e9cole de tous pour la r\u00e9ussite de chacun\" style=\"width:100%;height:100%;object-fit:cover;\" srcset=\"https:\/\/site.ac-martinique.fr\/lyc-leopoldbissol\/wp-content\/uploads\/sites\/151\/2025\/06\/Ceremonie-Recompenses-Lycee-Leopold-BISSOL-2025-6.png 2000w, https:\/\/site.ac-martinique.fr\/lyc-leopoldbissol\/wp-content\/uploads\/sites\/151\/2025\/06\/Ceremonie-Recompenses-Lycee-Leopold-BISSOL-2025-6-300x141.png 300w, https:\/\/site.ac-martinique.fr\/lyc-leopoldbissol\/wp-content\/uploads\/sites\/151\/2025\/06\/Ceremonie-Recompenses-Lycee-Leopold-BISSOL-2025-6-1024x483.png 1024w, https:\/\/site.ac-martinique.fr\/lyc-leopoldbissol\/wp-content\/uploads\/sites\/151\/2025\/06\/Ceremonie-Recompenses-Lycee-Leopold-BISSOL-2025-6-768x362.png 768w, https:\/\/site.ac-martinique.fr\/lyc-leopoldbissol\/wp-content\/uploads\/sites\/151\/2025\/06\/Ceremonie-Recompenses-Lycee-Leopold-BISSOL-2025-6-1536x724.png 1536w\" sizes=\"auto, (max-width: 2000px) 100vw, 2000px\" \/><\/a><\/figure><\/div>\n\n\n\n<div class=\"wp-block-column is-vertically-aligned-center is-layout-flow wp-block-column-is-layout-flow\"><h2 class=\"wp-block-post-title has-x-large-font-size\"><a href=\"https:\/\/site.ac-martinique.fr\/lyc-leopoldbissol\/2025\/07\/01\/ceremonie-des-recompenses-2024-2025-lecole-de-tous-pour-la-reussite-de-chacun\/\" target=\"_self\" >C\u00e9r\u00e9monie des r\u00e9compenses 2024\/2025 : L\u2019\u00e9cole de tous pour la r\u00e9ussite de chacun<\/a><\/h2>\n\n<div style=\"margin-top:16px;\" class=\"wp-block-post-excerpt\"><p class=\"wp-block-post-excerpt__excerpt\">C\u00e9l\u00e9brer la r\u00e9ussite, c\u2019est semer l\u2019envie d\u2019aller plus loin. Le vendredi 20 juin 2025 restera grav\u00e9 dans les m\u00e9moires du lyc\u00e9e comme un moment d\u2019\u00e9motion, de reconnaissance et de fiert\u00e9\u2026<\/p><p class=\"wp-block-post-excerpt__more-text\"><a class=\"wp-block-post-excerpt__more-link\" href=\"https:\/\/site.ac-martinique.fr\/lyc-leopoldbissol\/2025\/07\/01\/ceremonie-des-recompenses-2024-2025-lecole-de-tous-pour-la-reussite-de-chacun\/\">Lire la suite<\/a><\/p><\/div>\n\n\n<div class=\"wp-block-group has-secondary-color has-text-color has-small-font-size is-layout-flex wp-container-core-group-is-layout-4e869bc5 wp-block-group-is-layout-flex\" style=\"margin-top:24px\"><div class=\"wp-block-post-date\"><time datetime=\"2025-07-01T11:01:07-04:00\">1 juillet 2025<\/time><\/div>\n\n\n<p>\u00b7<\/p>\n\n\n<div class=\"taxonomy-category wp-block-post-terms\"><a href=\"https:\/\/site.ac-martinique.fr\/lyc-leopoldbissol\/category\/la-tribune-des-batisseurs\/actualite-du-lycee\/\" rel=\"tag\">actualit\u00e9 du lyc\u00e9e<\/a><span class=\"wp-block-post-terms__separator\">, <\/span><a href=\"https:\/\/site.ac-martinique.fr\/lyc-leopoldbissol\/category\/les-instances-educatives\/cvl\/\" rel=\"tag\">CVL<\/a><span class=\"wp-block-post-terms__separator\">, <\/span><a href=\"https:\/\/site.ac-martinique.fr\/lyc-leopoldbissol\/category\/evenement\/\" rel=\"tag\">\u00c9v\u00e9nement<\/a><span class=\"wp-block-post-terms__separator\">, <\/span><a href=\"https:\/\/site.ac-martinique.fr\/lyc-leopoldbissol\/category\/la-tribune-des-batisseurs\/vie-lyceenne\/\" rel=\"tag\">Vie lyc\u00e9enne<\/a><\/div><\/div>\n<\/div>\n<\/div>\n\n\n\n<hr class=\"wp-block-separator has-alpha-channel-opacity is-style-wide\" style=\"margin-top:64px;margin-bottom:64px\"\/>\n\n<\/li><li class=\"wp-block-post post-1390 post type-post status-publish format-standard has-post-thumbnail hentry category-actualite-du-lycee category-la-tribune-des-batisseurs\">\n\n<div class=\"wp-block-columns is-layout-flex wp-container-core-columns-is-layout-d4273f21 wp-block-columns-is-layout-flex tw-large-gap\">\n<div class=\"wp-block-column is-layout-flow wp-block-column-is-layout-flow\"><figure style=\"aspect-ratio:auto;\" class=\"wp-block-post-featured-image\"><a href=\"https:\/\/site.ac-martinique.fr\/lyc-leopoldbissol\/2025\/04\/07\/a-la-decouverte-des-medias-la-semaine-de-la-presse-sinvite-au-lycee-leopold-bissol\/\" target=\"_self\"  ><img loading=\"lazy\" decoding=\"async\" width=\"357\" height=\"285\" src=\"https:\/\/site.ac-martinique.fr\/lyc-leopoldbissol\/wp-content\/uploads\/sites\/151\/2025\/04\/Capture-decran-du-2025-04-07-22-43-19.png\" class=\"attachment-post-thumbnail size-post-thumbnail wp-post-image\" alt=\"\u00c0 la d\u00e9couverte des m\u00e9dias : la semaine de la presse s&rsquo;invite au lyc\u00e9e L\u00e9opold Bissol\" style=\"width:100%;height:100%;object-fit:cover;\" srcset=\"https:\/\/site.ac-martinique.fr\/lyc-leopoldbissol\/wp-content\/uploads\/sites\/151\/2025\/04\/Capture-decran-du-2025-04-07-22-43-19.png 357w, https:\/\/site.ac-martinique.fr\/lyc-leopoldbissol\/wp-content\/uploads\/sites\/151\/2025\/04\/Capture-decran-du-2025-04-07-22-43-19-300x239.png 300w\" sizes=\"auto, (max-width: 357px) 100vw, 357px\" \/><\/a><\/figure><\/div>\n\n\n\n<div class=\"wp-block-column is-vertically-aligned-center is-layout-flow wp-block-column-is-layout-flow\"><h2 class=\"wp-block-post-title has-x-large-font-size\"><a href=\"https:\/\/site.ac-martinique.fr\/lyc-leopoldbissol\/2025\/04\/07\/a-la-decouverte-des-medias-la-semaine-de-la-presse-sinvite-au-lycee-leopold-bissol\/\" target=\"_self\" >\u00c0 la d\u00e9couverte des m\u00e9dias : la semaine de la presse s&rsquo;invite au lyc\u00e9e L\u00e9opold Bissol<\/a><\/h2>\n\n<div style=\"margin-top:16px;\" class=\"wp-block-post-excerpt\"><p class=\"wp-block-post-excerpt__excerpt\">Du lundi 24 au vendredi 28 mars, le lyc\u00e9e L\u00e9opold Bissol vivra au rythme de l&rsquo;information \u00e0 l&rsquo;occasion de la Semaine de la Presse et des M\u00e9dias. Une initiative port\u00e9e\u2026<\/p><p class=\"wp-block-post-excerpt__more-text\"><a class=\"wp-block-post-excerpt__more-link\" href=\"https:\/\/site.ac-martinique.fr\/lyc-leopoldbissol\/2025\/04\/07\/a-la-decouverte-des-medias-la-semaine-de-la-presse-sinvite-au-lycee-leopold-bissol\/\">Lire la suite<\/a><\/p><\/div>\n\n\n<div class=\"wp-block-group has-secondary-color has-text-color has-small-font-size is-layout-flex wp-container-core-group-is-layout-4e869bc5 wp-block-group-is-layout-flex\" style=\"margin-top:24px\"><div class=\"wp-block-post-date\"><time datetime=\"2025-04-07T22:39:10-04:00\">7 avril 2025<\/time><\/div>\n\n\n<p>\u00b7<\/p>\n\n\n<div class=\"taxonomy-category wp-block-post-terms\"><a href=\"https:\/\/site.ac-martinique.fr\/lyc-leopoldbissol\/category\/la-tribune-des-batisseurs\/actualite-du-lycee\/\" rel=\"tag\">actualit\u00e9 du lyc\u00e9e<\/a><span class=\"wp-block-post-terms__separator\">, <\/span><a href=\"https:\/\/site.ac-martinique.fr\/lyc-leopoldbissol\/category\/la-tribune-des-batisseurs\/\" rel=\"tag\">La tribune des b\u00e2tisseurs<\/a><\/div><\/div>\n<\/div>\n<\/div>\n\n\n\n<hr class=\"wp-block-separator has-alpha-channel-opacity is-style-wide\" style=\"margin-top:64px;margin-bottom:64px\"\/>\n\n<\/li><li class=\"wp-block-post post-1416 post type-post status-publish format-standard has-post-thumbnail hentry category-actualite-du-lycee category-cvl category-evenement tag-bandeau-actualite tag-banniere-vie-scolaire\">\n\n<div class=\"wp-block-columns is-layout-flex wp-container-core-columns-is-layout-d4273f21 wp-block-columns-is-layout-flex tw-large-gap\">\n<div class=\"wp-block-column is-layout-flow wp-block-column-is-layout-flow\"><figure style=\"aspect-ratio:auto;\" class=\"wp-block-post-featured-image\"><a href=\"https:\/\/site.ac-martinique.fr\/lyc-leopoldbissol\/2025\/02\/21\/bissol-groov-mada-edition-2025-creativite-et-tradition\/\" target=\"_self\"  ><img loading=\"lazy\" decoding=\"async\" width=\"2560\" height=\"1284\" src=\"https:\/\/site.ac-martinique.fr\/lyc-leopoldbissol\/wp-content\/uploads\/sites\/151\/2025\/04\/IMG_0626-scaled.jpg\" class=\"attachment-post-thumbnail size-post-thumbnail wp-post-image\" alt=\"BISSOL GROOV MADA \u2013 \u00c9dition 2025 : Cr\u00e9ativit\u00e9 et  tradition\" style=\"width:100%;height:100%;object-fit:cover;\" srcset=\"https:\/\/site.ac-martinique.fr\/lyc-leopoldbissol\/wp-content\/uploads\/sites\/151\/2025\/04\/IMG_0626-scaled.jpg 2560w, https:\/\/site.ac-martinique.fr\/lyc-leopoldbissol\/wp-content\/uploads\/sites\/151\/2025\/04\/IMG_0626-300x150.jpg 300w, https:\/\/site.ac-martinique.fr\/lyc-leopoldbissol\/wp-content\/uploads\/sites\/151\/2025\/04\/IMG_0626-1024x514.jpg 1024w, https:\/\/site.ac-martinique.fr\/lyc-leopoldbissol\/wp-content\/uploads\/sites\/151\/2025\/04\/IMG_0626-768x385.jpg 768w, https:\/\/site.ac-martinique.fr\/lyc-leopoldbissol\/wp-content\/uploads\/sites\/151\/2025\/04\/IMG_0626-1536x770.jpg 1536w, https:\/\/site.ac-martinique.fr\/lyc-leopoldbissol\/wp-content\/uploads\/sites\/151\/2025\/04\/IMG_0626-2048x1027.jpg 2048w\" sizes=\"auto, (max-width: 2560px) 100vw, 2560px\" \/><\/a><\/figure><\/div>\n\n\n\n<div class=\"wp-block-column is-vertically-aligned-center is-layout-flow wp-block-column-is-layout-flow\"><h2 class=\"wp-block-post-title has-x-large-font-size\"><a href=\"https:\/\/site.ac-martinique.fr\/lyc-leopoldbissol\/2025\/02\/21\/bissol-groov-mada-edition-2025-creativite-et-tradition\/\" target=\"_self\" >BISSOL GROOV MADA \u2013 \u00c9dition 2025 : Cr\u00e9ativit\u00e9 et  tradition<\/a><\/h2>\n\n<div style=\"margin-top:16px;\" class=\"wp-block-post-excerpt\"><p class=\"wp-block-post-excerpt__excerpt\">Dans le cadre de notre projet d&rsquo;animation carnavalesque, le lyc\u00e9e s&rsquo;est par\u00e9 de joie, de couleurs et de traditions pour offrir \u00e0 nos \u00e9l\u00e8ves et \u00e0 la communaut\u00e9 scolaire un\u2026<\/p><p class=\"wp-block-post-excerpt__more-text\"><a class=\"wp-block-post-excerpt__more-link\" href=\"https:\/\/site.ac-martinique.fr\/lyc-leopoldbissol\/2025\/02\/21\/bissol-groov-mada-edition-2025-creativite-et-tradition\/\">Lire la suite<\/a><\/p><\/div>\n\n\n<div class=\"wp-block-group has-secondary-color has-text-color has-small-font-size is-layout-flex wp-container-core-group-is-layout-4e869bc5 wp-block-group-is-layout-flex\" style=\"margin-top:24px\"><div class=\"wp-block-post-date\"><time datetime=\"2025-02-21T10:15:07-04:00\">21 f\u00e9vrier 2025<\/time><\/div>\n\n\n<p>\u00b7<\/p>\n\n\n<div class=\"taxonomy-category wp-block-post-terms\"><a href=\"https:\/\/site.ac-martinique.fr\/lyc-leopoldbissol\/category\/la-tribune-des-batisseurs\/actualite-du-lycee\/\" rel=\"tag\">actualit\u00e9 du lyc\u00e9e<\/a><span class=\"wp-block-post-terms__separator\">, <\/span><a href=\"https:\/\/site.ac-martinique.fr\/lyc-leopoldbissol\/category\/les-instances-educatives\/cvl\/\" rel=\"tag\">CVL<\/a><span class=\"wp-block-post-terms__separator\">, <\/span><a href=\"https:\/\/site.ac-martinique.fr\/lyc-leopoldbissol\/category\/evenement\/\" rel=\"tag\">\u00c9v\u00e9nement<\/a><\/div><\/div>\n<\/div>\n<\/div>\n\n\n\n<hr class=\"wp-block-separator has-alpha-channel-opacity is-style-wide\" style=\"margin-top:64px;margin-bottom:64px\"\/>\n\n<\/li><\/ul>\n\n<\/div>\n","protected":false},"excerpt":{"rendered":"","protected":false},"author":327,"featured_media":1302,"parent":1326,"menu_order":0,"comment_status":"closed","ping_status":"closed","template":"wp-custom-template-la-tribune-des-b-tisseurs","meta":{"footnotes":""},"class_list":["post-1404","page","type-page","status-publish","has-post-thumbnail","hentry"],"_links":{"self":[{"href":"https:\/\/site.ac-martinique.fr\/lyc-leopoldbissol\/wp-json\/wp\/v2\/pages\/1404","targetHints":{"allow":["GET"]}}],"collection":[{"href":"https:\/\/site.ac-martinique.fr\/lyc-leopoldbissol\/wp-json\/wp\/v2\/pages"}],"about":[{"href":"https:\/\/site.ac-martinique.fr\/lyc-leopoldbissol\/wp-json\/wp\/v2\/types\/page"}],"author":[{"embeddable":true,"href":"https:\/\/site.ac-martinique.fr\/lyc-leopoldbissol\/wp-json\/wp\/v2\/users\/327"}],"replies":[{"embeddable":true,"href":"https:\/\/site.ac-martinique.fr\/lyc-leopoldbissol\/wp-json\/wp\/v2\/comments?post=1404"}],"version-history":[{"count":1,"href":"https:\/\/site.ac-martinique.fr\/lyc-leopoldbissol\/wp-json\/wp\/v2\/pages\/1404\/revisions"}],"predecessor-version":[{"id":1405,"href":"https:\/\/site.ac-martinique.fr\/lyc-leopoldbissol\/wp-json\/wp\/v2\/pages\/1404\/revisions\/1405"}],"up":[{"embeddable":true,"href":"https:\/\/site.ac-martinique.fr\/lyc-leopoldbissol\/wp-json\/wp\/v2\/pages\/1326"}],"wp:featuredmedia":[{"embeddable":true,"href":"https:\/\/site.ac-martinique.fr\/lyc-leopoldbissol\/wp-json\/wp\/v2\/media\/1302"}],"wp:attachment":[{"href":"https:\/\/site.ac-martinique.fr\/lyc-leopoldbissol\/wp-json\/wp\/v2\/media?parent=1404"}],"curies":[{"name":"wp","href":"https:\/\/api.w.org\/{rel}","templated":true}]}}