{"id":1611,"date":"2025-05-19T10:42:45","date_gmt":"2025-05-19T14:42:45","guid":{"rendered":"https:\/\/site.ac-martinique.fr\/lyc-leopoldbissol\/?page_id=1611"},"modified":"2025-12-09T21:07:47","modified_gmt":"2025-12-10T01:07:47","slug":"projet-ecole-des-reseaux-bac-pro-melec","status":"publish","type":"page","link":"https:\/\/site.ac-martinique.fr\/lyc-leopoldbissol\/nos-projets-pedagogiques\/projet-ecole-des-reseaux-bac-pro-melec\/","title":{"rendered":"Projet \u00ab \u00c9cole des R\u00e9seaux \u00bb \u2013 Bac Pro MELEC"},"content":{"rendered":"\n<div class=\"wp-block-columns alignwide is-layout-flex wp-container-core-columns-is-layout-d0b3c9c8 wp-block-columns-is-layout-flex\">\n<div class=\"wp-block-column is-layout-flow wp-block-column-is-layout-flow\">\n<div class=\"wp-block-columns is-layout-flex wp-container-core-columns-is-layout-d0b3c9c8 wp-block-columns-is-layout-flex\">\n<div class=\"wp-block-column is-layout-flow wp-block-column-is-layout-flow\" style=\"--col-width:66.66%;flex-basis:66.66%\">\n<p>Le lyc\u00e9e professionnel L\u00e9opold Bissol renforce les liens entre formation et monde professionnel \u00e0 travers le projet <strong>\u00ab \u00c9cole des R\u00e9seaux \u00bb<\/strong>, mis en place au sein de la <strong>fili\u00e8re Bac Pro MELEC (M\u00e9tiers de l\u2019\u00c9lectricit\u00e9 et de ses Environnements Connect\u00e9s)<\/strong>.<\/p>\n\n\n\n<p>Ce projet ambitieux repose sur un <strong>partenariat \u00e9troit entre l\u2019\u00c9ducation nationale, EDF Martinique<\/strong> et des <strong>entreprises locales du secteur \u00e9lectrique<\/strong>, dans une logique de <strong>co-construction des comp\u00e9tences<\/strong> et de <strong>pr\u00e9paration active \u00e0 l\u2019insertion professionnelle<\/strong>.<\/p>\n<\/div>\n\n\n\n<div class=\"wp-block-column is-layout-flow wp-block-column-is-layout-flow\" style=\"--col-width:33.33%;flex-basis:33.33%\">\n<figure class=\"wp-block-image size-full is-resized\"><img loading=\"lazy\" decoding=\"async\" width=\"1024\" height=\"1024\" src=\"https:\/\/site.ac-martinique.fr\/lyc-leopoldbissol\/wp-content\/uploads\/sites\/151\/2025\/05\/ecole-des-reseaux.png\" alt=\"\" class=\"wp-image-1643\" style=\"width:232px;height:auto\" srcset=\"https:\/\/site.ac-martinique.fr\/lyc-leopoldbissol\/wp-content\/uploads\/sites\/151\/2025\/05\/ecole-des-reseaux.png 1024w, https:\/\/site.ac-martinique.fr\/lyc-leopoldbissol\/wp-content\/uploads\/sites\/151\/2025\/05\/ecole-des-reseaux-300x300.png 300w, https:\/\/site.ac-martinique.fr\/lyc-leopoldbissol\/wp-content\/uploads\/sites\/151\/2025\/05\/ecole-des-reseaux-150x150.png 150w\" sizes=\"auto, (max-width: 1024px) 100vw, 1024px\" \/><\/figure>\n<\/div>\n<\/div>\n\n\n\n<h3 class=\"wp-block-heading\">Un partenariat local au service de la r\u00e9ussite des \u00e9l\u00e8ves<\/h3>\n\n\n\n<p>Lanc\u00e9 en Martinique pour r\u00e9pondre aux <strong>besoins en main-d&rsquo;\u0153uvre qualifi\u00e9e dans les m\u00e9tiers de l\u2019\u00e9lectricit\u00e9 et des r\u00e9seaux<\/strong>, le projet mobilise :<\/p>\n\n\n\n<ul class=\"wp-block-list\">\n<li>des entreprises comme :\n<ul class=\"wp-block-list\">\n<li><a href=\"https:\/\/www.cee-caraibe.com\/\" data-type=\"link\" data-id=\"https:\/\/www.cee-caraibe.com\/\" target=\"_blank\" rel=\"noreferrer noopener\">C2E<\/a><\/li>\n\n\n\n<li><a href=\"https:\/\/www.edf.mq\/edf-en-martinique\/nos-installations-en-martinique\/nos-moyens-de-production-electrique-en-martinique\" data-type=\"link\" data-id=\"https:\/\/www.edf.mq\/edf-en-martinique\/nos-installations-en-martinique\/nos-moyens-de-production-electrique-en-martinique\" target=\"_blank\" rel=\"noreferrer noopener\">EDF Martinique<\/a><\/li>\n\n\n\n<li>ETE Sarl \u00e0 Ducos<\/li>\n\n\n\n<li><a href=\"https:\/\/www.getelec-martinique.fr\/\" data-type=\"link\" data-id=\"https:\/\/www.getelec-martinique.fr\/\" target=\"_blank\" rel=\"noreferrer noopener\">G\u00c9T\u00c9LEC<\/a><\/li>\n\n\n\n<li>PAT&rsquo;ELECK \u00e0 Fort de France<\/li>\n<\/ul>\n<\/li>\n\n\n\n<li>ainsi que des <strong>enseignants sp\u00e9cialis\u00e9s<\/strong> de notre lyc\u00e9e.<\/li>\n<\/ul>\n\n\n\n<p>Ensemble, ils accompagnent les \u00e9l\u00e8ves dans la d\u00e9couverte et la ma\u00eetrise des technologies et savoir-faire d\u2019aujourd\u2019hui : <strong>r\u00e9seaux \u00e9lectriques intelligents (smart grids), raccordements, installations basse et moyenne tension<\/strong>, etc.<\/p>\n\n\n\n<h3 class=\"wp-block-heading\">Objectifs du projet<\/h3>\n\n\n\n<ul class=\"wp-block-list\">\n<li><strong>Renforcer l\u2019attractivit\u00e9 des m\u00e9tiers de l\u2019\u00e9lectricit\u00e9<\/strong> aupr\u00e8s des jeunes martiniquais.<\/li>\n\n\n\n<li><strong>Adapter les formations aux r\u00e9alit\u00e9s du terrain<\/strong> en Martinique, et pr\u00e9voir les d\u00e9parts \u00e0 la retraite futur.<\/li>\n\n\n\n<li><strong>D\u00e9velopper les comp\u00e9tences techniques et professionnelles<\/strong> par des mises en situation concr\u00e8tes.<\/li>\n\n\n\n<li><strong>Favoriser l\u2019insertion professionnelle<\/strong> gr\u00e2ce \u00e0 un r\u00e9seau de partenaires engag\u00e9s.<\/li>\n<\/ul>\n\n\n\n<h3 class=\"wp-block-heading\">Des actions concr\u00e8tes<\/h3>\n\n\n\n<ul class=\"wp-block-list\">\n<li>Interventions r\u00e9guli\u00e8res de professionnels en classe.<\/li>\n\n\n\n<li>Visites de sites techniques d\u2019EDF ou de chantiers en cours.<\/li>\n\n\n\n<li>Stages en entreprise chez nos partenaires locaux.<\/li>\n\n\n\n<li>Projets p\u00e9dagogiques en lien avec les r\u00e9alit\u00e9s du territoire.<\/li>\n\n\n\n<li>Ateliers de sensibilisation \u00e0 la s\u00e9curit\u00e9, \u00e0 l\u2019environnement et aux innovations du secteur.<\/li>\n<\/ul>\n\n\n\n<h3 class=\"wp-block-heading\">Une ouverture sur les enjeux de demain<\/h3>\n\n\n\n<p>\u00c0 travers ce projet, les \u00e9l\u00e8ves prennent \u00e9galement conscience des enjeux actuels li\u00e9s \u00e0 la <strong>transition \u00e9nerg\u00e9tique<\/strong>, \u00e0 la <strong>sobri\u00e9t\u00e9 \u00e9lectrique<\/strong> et \u00e0 l\u2019<strong>\u00e9lectrification durable<\/strong> de la Martinique. L\u2019\u00ab \u00c9cole des R\u00e9seaux \u00bb s\u2019inscrit pleinement dans une d\u00e9marche de <strong>d\u00e9veloppement durable et d\u2019engagement citoyen<\/strong>.<\/p>\n\n\n\n<hr style=\"width: 80%; max-width: 100%;\" class=\"wp-block-separator aligncenter has-alpha-channel-opacity\"\/>\n\n\n\n<h3 class=\"wp-block-heading has-text-align-center\">Les actions r\u00e9alis\u00e9es dans le cadre du r\u00e9seaux des Entreprises<\/h3>\n\n\n\n<div data-wp-context=\"{}\" data-wp-interactive=\"core\/query\" data-wp-key=\"12\" data-wp-router-region=\"query-12\" class=\"wp-block-query alignwide has-global-padding is-layout-constrained wp-block-query-is-layout-constrained\"><ul class=\"columns-3 alignwide wp-block-post-template is-layout-grid wp-container-core-post-template-is-layout-14bc0c8a wp-block-post-template-is-layout-grid tw-cols-large\"><li data-wp-key=\"post-template-item-2677\" class=\"wp-block-post post-2677 post type-post status-publish format-standard has-post-thumbnail hentry category-bacpro category-ecole-des-reseaux category-melec tag-bandeau-actualite\">\n\n<div class=\"wp-block-group tw-stretched-link is-layout-flow wp-block-group-is-layout-flow\" style=\"margin-bottom:32px\"><figure style=\"aspect-ratio:3\/2;\" class=\"aligncenter wp-block-post-featured-image\"><img loading=\"lazy\" decoding=\"async\" width=\"2560\" height=\"1152\" src=\"https:\/\/site.ac-martinique.fr\/lyc-leopoldbissol\/wp-content\/uploads\/sites\/151\/2025\/11\/IMG_20251120_145200-scaled.jpg\" class=\"attachment-full size-full wp-post-image\" alt=\"\" style=\"width:100%;height:100%;object-fit:cover;\" srcset=\"https:\/\/site.ac-martinique.fr\/lyc-leopoldbissol\/wp-content\/uploads\/sites\/151\/2025\/11\/IMG_20251120_145200-scaled.jpg 2560w, https:\/\/site.ac-martinique.fr\/lyc-leopoldbissol\/wp-content\/uploads\/sites\/151\/2025\/11\/IMG_20251120_145200-300x135.jpg 300w, https:\/\/site.ac-martinique.fr\/lyc-leopoldbissol\/wp-content\/uploads\/sites\/151\/2025\/11\/IMG_20251120_145200-1024x461.jpg 1024w, https:\/\/site.ac-martinique.fr\/lyc-leopoldbissol\/wp-content\/uploads\/sites\/151\/2025\/11\/IMG_20251120_145200-768x346.jpg 768w, https:\/\/site.ac-martinique.fr\/lyc-leopoldbissol\/wp-content\/uploads\/sites\/151\/2025\/11\/IMG_20251120_145200-1536x691.jpg 1536w, https:\/\/site.ac-martinique.fr\/lyc-leopoldbissol\/wp-content\/uploads\/sites\/151\/2025\/11\/IMG_20251120_145200-2048x922.jpg 2048w\" sizes=\"auto, (max-width: 2560px) 100vw, 2560px\" \/><\/figure>\n\n<h5 class=\"wp-block-post-title has-medium-font-size\"><a href=\"https:\/\/site.ac-martinique.fr\/lyc-leopoldbissol\/2025\/11\/26\/lecole-des-reseaux-en-martinique-une-immersion-professionnelle-pour-nos-eleves-de-bac-pro-melec\/\" target=\"_self\" >L\u2019\u00c9cole des R\u00e9seaux en Martinique : former les techniciens de la transition \u00e9nerg\u00e9tique de demain<\/a><\/h5>\n\n<div style=\"margin-top:16px;\" class=\"wp-block-post-excerpt has-medium-font-size\"><p class=\"wp-block-post-excerpt__excerpt\">Le 20 novembre 2025, quatre \u00e9l\u00e8ves de Bac Pro MELEC (M\u00e9tiers de l\u2019\u00c9lectricit\u00e9 et de ses Environnements Connect\u00e9s) ont repr\u00e9sent\u00e9\u2026<\/p><p class=\"wp-block-post-excerpt__more-text\"><a class=\"wp-block-post-excerpt__more-link\" href=\"https:\/\/site.ac-martinique.fr\/lyc-leopoldbissol\/2025\/11\/26\/lecole-des-reseaux-en-martinique-une-immersion-professionnelle-pour-nos-eleves-de-bac-pro-melec\/\">LIre la suite&#8230;<\/a><\/p><\/div>\n\n\n<div class=\"wp-block-group has-secondary-color has-text-color has-small-font-size is-layout-flex wp-container-core-group-is-layout-9eb09daa wp-block-group-is-layout-flex\"><div class=\"wp-block-post-date\"><time datetime=\"2025-11-26T10:23:29-04:00\">26 novembre 2025<\/time><\/div><\/div>\n<\/div>\n\n<\/li><li data-wp-key=\"post-template-item-1620\" class=\"wp-block-post post-1620 post type-post status-publish format-standard has-post-thumbnail hentry category-ecole-des-reseaux category-evenement category-melec category-mtne tag-bandeau-actualite\">\n\n<div class=\"wp-block-group tw-stretched-link is-layout-flow wp-block-group-is-layout-flow\" style=\"margin-bottom:32px\"><figure style=\"aspect-ratio:3\/2;\" class=\"aligncenter wp-block-post-featured-image\"><img loading=\"lazy\" decoding=\"async\" width=\"1600\" height=\"1200\" src=\"https:\/\/site.ac-martinique.fr\/lyc-leopoldbissol\/wp-content\/uploads\/sites\/151\/2025\/02\/WhatsApp-Image-2025-05-19-at-13.57.34.jpeg\" class=\"attachment-full size-full wp-post-image\" alt=\"\" style=\"width:100%;height:100%;object-fit:cover;\" srcset=\"https:\/\/site.ac-martinique.fr\/lyc-leopoldbissol\/wp-content\/uploads\/sites\/151\/2025\/02\/WhatsApp-Image-2025-05-19-at-13.57.34.jpeg 1600w, https:\/\/site.ac-martinique.fr\/lyc-leopoldbissol\/wp-content\/uploads\/sites\/151\/2025\/02\/WhatsApp-Image-2025-05-19-at-13.57.34-300x225.jpeg 300w, https:\/\/site.ac-martinique.fr\/lyc-leopoldbissol\/wp-content\/uploads\/sites\/151\/2025\/02\/WhatsApp-Image-2025-05-19-at-13.57.34-1024x768.jpeg 1024w, https:\/\/site.ac-martinique.fr\/lyc-leopoldbissol\/wp-content\/uploads\/sites\/151\/2025\/02\/WhatsApp-Image-2025-05-19-at-13.57.34-768x576.jpeg 768w, https:\/\/site.ac-martinique.fr\/lyc-leopoldbissol\/wp-content\/uploads\/sites\/151\/2025\/02\/WhatsApp-Image-2025-05-19-at-13.57.34-1536x1152.jpeg 1536w\" sizes=\"auto, (max-width: 1600px) 100vw, 1600px\" \/><\/figure>\n\n<h5 class=\"wp-block-post-title has-medium-font-size\"><a href=\"https:\/\/site.ac-martinique.fr\/lyc-leopoldbissol\/2025\/02\/14\/seance-de-job-dating-dans-le-cadre-du-reseau-des-entreprises\/\" target=\"_self\" >S\u00e9ance de \u00ab\u00a0Job Dating\u00a0\u00bb dans le cadre du r\u00e9seau des entreprises<\/a><\/h5>\n\n<div style=\"margin-top:16px;\" class=\"wp-block-post-excerpt has-medium-font-size\"><p class=\"wp-block-post-excerpt__excerpt\">Dans le cadre du partenariat \u00e9cole-entreprise, les \u00e9l\u00e8ves des lyc\u00e9es L\u00e9opold Bissol au Lamentin, Joseph Zobel \u00e0 Rivi\u00e8re Sal\u00e9e et\u2026<\/p><p class=\"wp-block-post-excerpt__more-text\"><a class=\"wp-block-post-excerpt__more-link\" href=\"https:\/\/site.ac-martinique.fr\/lyc-leopoldbissol\/2025\/02\/14\/seance-de-job-dating-dans-le-cadre-du-reseau-des-entreprises\/\">LIre la suite&#8230;<\/a><\/p><\/div>\n\n\n<div class=\"wp-block-group has-secondary-color has-text-color has-small-font-size is-layout-flex wp-container-core-group-is-layout-9eb09daa wp-block-group-is-layout-flex\"><div class=\"wp-block-post-date\"><time datetime=\"2025-02-14T12:44:00-04:00\">14 f\u00e9vrier 2025<\/time><\/div><\/div>\n<\/div>\n\n<\/li><li data-wp-key=\"post-template-item-960\" class=\"wp-block-post post-960 post type-post status-publish format-standard has-post-thumbnail hentry category-bacpro category-ecole-des-reseaux category-evenement category-famille-des-metiers category-melec category-mtne tag-bandeau-actualite\">\n\n<div class=\"wp-block-group tw-stretched-link is-layout-flow wp-block-group-is-layout-flow\" style=\"margin-bottom:32px\"><figure style=\"aspect-ratio:3\/2;\" class=\"aligncenter wp-block-post-featured-image\"><img loading=\"lazy\" decoding=\"async\" width=\"459\" height=\"344\" src=\"https:\/\/site.ac-martinique.fr\/lyc-leopoldbissol\/wp-content\/uploads\/sites\/151\/2025\/01\/bellefontaine.jpg\" class=\"attachment-full size-full wp-post-image\" alt=\"\" style=\"width:100%;height:100%;object-fit:cover;\" srcset=\"https:\/\/site.ac-martinique.fr\/lyc-leopoldbissol\/wp-content\/uploads\/sites\/151\/2025\/01\/bellefontaine.jpg 459w, https:\/\/site.ac-martinique.fr\/lyc-leopoldbissol\/wp-content\/uploads\/sites\/151\/2025\/01\/bellefontaine-300x225.jpg 300w\" sizes=\"auto, (max-width: 459px) 100vw, 459px\" \/><\/figure>\n\n<h5 class=\"wp-block-post-title has-medium-font-size\"><a href=\"https:\/\/site.ac-martinique.fr\/lyc-leopoldbissol\/2025\/01\/14\/presentation-de-la-sortie-scolaire-a-lusine-edf-de-bellefontaine\/\" target=\"_self\" >Sortie scolaire \u00e0 l&rsquo;usine EDF de Bellefontaine<\/a><\/h5>\n\n<div style=\"margin-top:16px;\" class=\"wp-block-post-excerpt has-medium-font-size\"><p class=\"wp-block-post-excerpt__excerpt\">Dans le cadre du R\u00e9seau des \u00c9coles et du partenariat entre EDF, le Rectorat de la Martinique et le lyc\u00e9e\u2026<\/p><p class=\"wp-block-post-excerpt__more-text\"><a class=\"wp-block-post-excerpt__more-link\" href=\"https:\/\/site.ac-martinique.fr\/lyc-leopoldbissol\/2025\/01\/14\/presentation-de-la-sortie-scolaire-a-lusine-edf-de-bellefontaine\/\">LIre la suite&#8230;<\/a><\/p><\/div>\n\n\n<div class=\"wp-block-group has-secondary-color has-text-color has-small-font-size is-layout-flex wp-container-core-group-is-layout-9eb09daa wp-block-group-is-layout-flex\"><div class=\"wp-block-post-date\"><time datetime=\"2025-01-14T07:25:20-04:00\">14 janvier 2025<\/time><\/div><\/div>\n<\/div>\n\n<\/li><li data-wp-key=\"post-template-item-456\" class=\"wp-block-post post-456 post type-post status-publish format-standard has-post-thumbnail hentry category-bacpro category-ecole-des-reseaux category-famille-des-metiers category-melec category-mtne tag-bandeau-actualite\">\n\n<div class=\"wp-block-group tw-stretched-link is-layout-flow wp-block-group-is-layout-flow\" style=\"margin-bottom:32px\"><figure style=\"aspect-ratio:3\/2;\" class=\"aligncenter wp-block-post-featured-image\"><img loading=\"lazy\" decoding=\"async\" width=\"2065\" height=\"1151\" src=\"https:\/\/site.ac-martinique.fr\/lyc-leopoldbissol\/wp-content\/uploads\/sites\/151\/2024\/12\/WhatsApp-Image-2024-12-02-at-23.24.48-scaled-e1733197375196.jpeg\" class=\"attachment-full size-full wp-post-image\" alt=\"\" style=\"width:100%;height:100%;object-fit:cover;\" srcset=\"https:\/\/site.ac-martinique.fr\/lyc-leopoldbissol\/wp-content\/uploads\/sites\/151\/2024\/12\/WhatsApp-Image-2024-12-02-at-23.24.48-scaled-e1733197375196.jpeg 2065w, https:\/\/site.ac-martinique.fr\/lyc-leopoldbissol\/wp-content\/uploads\/sites\/151\/2024\/12\/WhatsApp-Image-2024-12-02-at-23.24.48-scaled-e1733197375196-300x167.jpeg 300w, https:\/\/site.ac-martinique.fr\/lyc-leopoldbissol\/wp-content\/uploads\/sites\/151\/2024\/12\/WhatsApp-Image-2024-12-02-at-23.24.48-scaled-e1733197375196-1024x571.jpeg 1024w, https:\/\/site.ac-martinique.fr\/lyc-leopoldbissol\/wp-content\/uploads\/sites\/151\/2024\/12\/WhatsApp-Image-2024-12-02-at-23.24.48-scaled-e1733197375196-768x428.jpeg 768w, https:\/\/site.ac-martinique.fr\/lyc-leopoldbissol\/wp-content\/uploads\/sites\/151\/2024\/12\/WhatsApp-Image-2024-12-02-at-23.24.48-scaled-e1733197375196-1536x856.jpeg 1536w, https:\/\/site.ac-martinique.fr\/lyc-leopoldbissol\/wp-content\/uploads\/sites\/151\/2024\/12\/WhatsApp-Image-2024-12-02-at-23.24.48-scaled-e1733197375196-2048x1142.jpeg 2048w\" sizes=\"auto, (max-width: 2065px) 100vw, 2065px\" \/><\/figure>\n\n<h5 class=\"wp-block-post-title has-medium-font-size\"><a href=\"https:\/\/site.ac-martinique.fr\/lyc-leopoldbissol\/2024\/11\/18\/visite-de-limfpa-dans-le-cadre-du-reseau-des-metiers\/\" target=\"_self\" >Visite de l&rsquo;IMFPA dans le cadre du r\u00e9seau des M\u00e9tiers<\/a><\/h5>\n\n<div style=\"margin-top:16px;\" class=\"wp-block-post-excerpt has-medium-font-size\"><p class=\"wp-block-post-excerpt__excerpt\">Toujours dans le cadre du projet du r\u00e9seaux des entreprises, nos \u00e9l\u00e8ves de 2nd MTNE sont all\u00e9s visiter un site\u2026<\/p><p class=\"wp-block-post-excerpt__more-text\"><a class=\"wp-block-post-excerpt__more-link\" href=\"https:\/\/site.ac-martinique.fr\/lyc-leopoldbissol\/2024\/11\/18\/visite-de-limfpa-dans-le-cadre-du-reseau-des-metiers\/\">LIre la suite&#8230;<\/a><\/p><\/div>\n\n\n<div class=\"wp-block-group has-secondary-color has-text-color has-small-font-size is-layout-flex wp-container-core-group-is-layout-9eb09daa wp-block-group-is-layout-flex\"><div class=\"wp-block-post-date\"><time datetime=\"2024-11-18T10:00:00-04:00\">18 novembre 2024<\/time><\/div><\/div>\n<\/div>\n\n<\/li><\/ul>\n\n<\/div>\n\n\n\n<hr style=\"width: 80%; max-width: 100%;\" class=\"wp-block-separator aligncenter has-alpha-channel-opacity\"\/>\n\n\n\n<p>\ud83d\udce3 Pour en savoir plus sur les actions men\u00e9es dans le cadre de ce projet, ou pour devenir partenaire, contactez le <a href=\"https:\/\/site.ac-martinique.fr\/lyc-leopoldbissol\/services-educatifs\/#ddfpt-bde\">DDFPT ou le responsable du Bureau des Entreprises<\/a><\/p>\n<\/div>\n<\/div>\n","protected":false},"excerpt":{"rendered":"<p>Le lyc\u00e9e professionnel L\u00e9opold Bissol renforce les liens entre formation et monde professionnel \u00e0 travers le projet \u00ab \u00c9cole des R\u00e9seaux \u00bb, mis en place au sein de la fili\u00e8re Bac Pro MELEC (M\u00e9tiers de l\u2019\u00c9lectricit\u00e9 et de ses Environnements Connect\u00e9s). Ce projet ambitieux repose sur un partenariat \u00e9troit entre l\u2019\u00c9ducation nationale, EDF Martinique et [&hellip;]<\/p>\n","protected":false},"author":327,"featured_media":0,"parent":26,"menu_order":0,"comment_status":"closed","ping_status":"closed","template":"","meta":{"footnotes":""},"class_list":["post-1611","page","type-page","status-publish","hentry"],"_links":{"self":[{"href":"https:\/\/site.ac-martinique.fr\/lyc-leopoldbissol\/wp-json\/wp\/v2\/pages\/1611","targetHints":{"allow":["GET"]}}],"collection":[{"href":"https:\/\/site.ac-martinique.fr\/lyc-leopoldbissol\/wp-json\/wp\/v2\/pages"}],"about":[{"href":"https:\/\/site.ac-martinique.fr\/lyc-leopoldbissol\/wp-json\/wp\/v2\/types\/page"}],"author":[{"embeddable":true,"href":"https:\/\/site.ac-martinique.fr\/lyc-leopoldbissol\/wp-json\/wp\/v2\/users\/327"}],"replies":[{"embeddable":true,"href":"https:\/\/site.ac-martinique.fr\/lyc-leopoldbissol\/wp-json\/wp\/v2\/comments?post=1611"}],"version-history":[{"count":8,"href":"https:\/\/site.ac-martinique.fr\/lyc-leopoldbissol\/wp-json\/wp\/v2\/pages\/1611\/revisions"}],"predecessor-version":[{"id":2825,"href":"https:\/\/site.ac-martinique.fr\/lyc-leopoldbissol\/wp-json\/wp\/v2\/pages\/1611\/revisions\/2825"}],"up":[{"embeddable":true,"href":"https:\/\/site.ac-martinique.fr\/lyc-leopoldbissol\/wp-json\/wp\/v2\/pages\/26"}],"wp:attachment":[{"href":"https:\/\/site.ac-martinique.fr\/lyc-leopoldbissol\/wp-json\/wp\/v2\/media?parent=1611"}],"curies":[{"name":"wp","href":"https:\/\/api.w.org\/{rel}","templated":true}]}}