{"id":20,"date":"2024-09-24T14:34:53","date_gmt":"2024-09-24T18:34:53","guid":{"rendered":"https:\/\/site.ac-martinique.fr\/lyc-leopoldbissol\/?page_id=20"},"modified":"2024-12-10T22:38:29","modified_gmt":"2024-12-11T02:38:29","slug":"nos-formations-famille-metiers","status":"publish","type":"page","link":"https:\/\/site.ac-martinique.fr\/lyc-leopoldbissol\/nos-formations\/nos-formations-famille-metiers\/","title":{"rendered":"Nos Formations par famille des M\u00c9TIERS"},"content":{"rendered":"\n<div class=\"wp-block-group alignfull has-background has-global-padding is-layout-constrained wp-container-core-group-is-layout-b25ccd55 wp-block-group-is-layout-constrained\" style=\"background-color:#121c1c;margin-top:0;margin-bottom:0;padding-top:var(--wp--preset--spacing--50);padding-right:var(--wp--preset--spacing--50);padding-bottom:var(--wp--preset--spacing--50);padding-left:var(--wp--preset--spacing--50)\">\n<h2 class=\"wp-block-heading has-text-align-center\" style=\"font-size:clamp(27.894px, 1.743rem + ((1vw - 3.2px) * 2.094), 48px);font-style:normal;font-weight:700;line-height:1.15\">Nos 4 familles des M\u00c9TIERS<\/h2>\n\n\n\n<p class=\"has-text-align-center has-base-color has-text-color has-link-color wp-elements-eed652f221acef2feee688fe90f8b893\">En fin de 3<sup>e<\/sup>, l&rsquo;\u00e9l\u00e8ve choisit une<strong>&nbsp;famille de m\u00e9tiers&nbsp;<\/strong>pour son ann\u00e9e de 2<sup>de<\/sup>. <br>Il choisira sa sp\u00e9cialit\u00e9 de bac pro en fin de 2<sup>de<\/sup><\/p>\n\n\n\n<figure style=\"--tw-animation-delay:1s;\" class=\"wp-block-image aligncenter size-full is-resized is-style-rounded tw-lg-hidden tw-md-hidden is-style-rounded--1 tw-block-animation tw-animation-scale-in tw-duration-5\"><img loading=\"lazy\" decoding=\"async\" width=\"400\" height=\"400\" src=\"https:\/\/site.ac-martinique.fr\/lyc-leopoldbissol\/wp-content\/uploads\/sites\/151\/2024\/09\/unnamed.jpg\" alt=\"\" class=\"wp-image-147\" style=\"width:342px;height:auto\" srcset=\"https:\/\/site.ac-martinique.fr\/lyc-leopoldbissol\/wp-content\/uploads\/sites\/151\/2024\/09\/unnamed.jpg 400w, https:\/\/site.ac-martinique.fr\/lyc-leopoldbissol\/wp-content\/uploads\/sites\/151\/2024\/09\/unnamed-300x300.jpg 300w, https:\/\/site.ac-martinique.fr\/lyc-leopoldbissol\/wp-content\/uploads\/sites\/151\/2024\/09\/unnamed-150x150.jpg 150w\" sizes=\"auto, (max-width: 400px) 100vw, 400px\" \/><\/figure>\n\n\n\n<div style=\"height:32px\" aria-hidden=\"true\" class=\"wp-block-spacer\"><\/div>\n\n\n\n<div class=\"wp-block-columns alignwide is-layout-flex wp-container-core-columns-is-layout-f43dd543 wp-block-columns-is-layout-flex\" style=\"margin-top:0;margin-bottom:0\">\n<div class=\"wp-block-column is-layout-flow wp-container-core-column-is-layout-8a368f38 wp-block-column-is-layout-flow\">\n<div class=\"wp-block-group tw-stretched-link has-global-padding is-layout-constrained wp-block-group-is-layout-constrained tw-block-animation tw-animation-scale-in\">\n<h3 class=\"wp-block-heading has-text-align-center has-large-font-size\"><strong>M\u00c9TIERS DE <strong>LA TRANSITION<\/strong><\/strong> <strong>NUM\u00c9RIQUE ET \u00c9NERG\u00c9TIQUE<\/strong><br>2nd TNE<\/h3>\n\n\n\n<figure class=\"wp-block-image size-full is-style-rounded is-style-rounded--2\"><a href=\"https:\/\/site.ac-martinique.fr\/lyc-leopoldbissol\/nos-formations\/bac-pro-3-ans\/#MTNE\"><img loading=\"lazy\" decoding=\"async\" width=\"1024\" height=\"1024\" src=\"https:\/\/site.ac-martinique.fr\/lyc-leopoldbissol\/wp-content\/uploads\/sites\/151\/2024\/11\/MTNE.jpeg\" alt=\"\" class=\"wp-image-303\" srcset=\"https:\/\/site.ac-martinique.fr\/lyc-leopoldbissol\/wp-content\/uploads\/sites\/151\/2024\/11\/MTNE.jpeg 1024w, https:\/\/site.ac-martinique.fr\/lyc-leopoldbissol\/wp-content\/uploads\/sites\/151\/2024\/11\/MTNE-300x300.jpeg 300w, https:\/\/site.ac-martinique.fr\/lyc-leopoldbissol\/wp-content\/uploads\/sites\/151\/2024\/11\/MTNE-150x150.jpeg 150w, https:\/\/site.ac-martinique.fr\/lyc-leopoldbissol\/wp-content\/uploads\/sites\/151\/2024\/11\/MTNE-768x768.jpeg 768w\" sizes=\"auto, (max-width: 1024px) 100vw, 1024px\" \/><\/a><\/figure>\n<\/div>\n\n\n\n<div style=\"height:110px\" aria-hidden=\"true\" class=\"wp-block-spacer\"><\/div>\n\n\n\n<div class=\"wp-block-group tw-stretched-link has-global-padding is-layout-constrained wp-block-group-is-layout-constrained tw-block-animation tw-animation-scale-in\">\n<h3 class=\"wp-block-heading has-text-align-center has-large-font-size\"><strong>M\u00c9TIERS DE L&rsquo;AGENCEMENT, DE LA MENUISERIE ET DE L&rsquo;AMEUBLEMENT<\/strong><br>2nd AMA<\/h3>\n\n\n\n<figure class=\"wp-block-image size-full is-style-rounded is-style-rounded--3\"><a href=\"https:\/\/site.ac-martinique.fr\/lyc-leopoldbissol\/nos-formations\/bac-pro-3-ans\/#MAMA\"><img loading=\"lazy\" decoding=\"async\" width=\"1024\" height=\"1024\" src=\"https:\/\/site.ac-martinique.fr\/lyc-leopoldbissol\/wp-content\/uploads\/sites\/151\/2024\/11\/MAMA.jpeg\" alt=\"\" class=\"wp-image-305\" srcset=\"https:\/\/site.ac-martinique.fr\/lyc-leopoldbissol\/wp-content\/uploads\/sites\/151\/2024\/11\/MAMA.jpeg 1024w, https:\/\/site.ac-martinique.fr\/lyc-leopoldbissol\/wp-content\/uploads\/sites\/151\/2024\/11\/MAMA-300x300.jpeg 300w, https:\/\/site.ac-martinique.fr\/lyc-leopoldbissol\/wp-content\/uploads\/sites\/151\/2024\/11\/MAMA-150x150.jpeg 150w, https:\/\/site.ac-martinique.fr\/lyc-leopoldbissol\/wp-content\/uploads\/sites\/151\/2024\/11\/MAMA-768x768.jpeg 768w\" sizes=\"auto, (max-width: 1024px) 100vw, 1024px\" \/><\/a><\/figure>\n<\/div>\n<\/div>\n\n\n\n<div class=\"wp-block-column tw-sm-hidden is-layout-flow wp-container-core-column-is-layout-8a368f38 wp-block-column-is-layout-flow\">\n<div style=\"height:97px\" aria-hidden=\"true\" class=\"wp-block-spacer\"><\/div>\n\n\n\n<figure class=\"wp-block-image size-full is-style-rounded is-style-rounded--4\"><img loading=\"lazy\" decoding=\"async\" width=\"400\" height=\"400\" src=\"https:\/\/site.ac-martinique.fr\/lyc-leopoldbissol\/wp-content\/uploads\/sites\/151\/2024\/09\/unnamed.jpg\" alt=\"\" class=\"wp-image-147\" srcset=\"https:\/\/site.ac-martinique.fr\/lyc-leopoldbissol\/wp-content\/uploads\/sites\/151\/2024\/09\/unnamed.jpg 400w, https:\/\/site.ac-martinique.fr\/lyc-leopoldbissol\/wp-content\/uploads\/sites\/151\/2024\/09\/unnamed-300x300.jpg 300w, https:\/\/site.ac-martinique.fr\/lyc-leopoldbissol\/wp-content\/uploads\/sites\/151\/2024\/09\/unnamed-150x150.jpg 150w\" sizes=\"auto, (max-width: 400px) 100vw, 400px\" \/><\/figure>\n\n\n\n<div style=\"height:var(--wp--preset--spacing--50)\" aria-hidden=\"true\" class=\"wp-block-spacer\"><\/div>\n<\/div>\n\n\n\n<div class=\"wp-block-column is-layout-flow wp-container-core-column-is-layout-8a368f38 wp-block-column-is-layout-flow\">\n<div style=\"height:76px\" aria-hidden=\"true\" class=\"wp-block-spacer tw-md-hidden tw-lg-hidden\"><\/div>\n\n\n\n<div class=\"wp-block-group tw-stretched-link has-global-padding is-layout-constrained wp-block-group-is-layout-constrained tw-block-animation tw-animation-scale-in\">\n<h3 class=\"wp-block-heading has-text-align-center has-large-font-size\"><strong>M\u00c9TIERS DE LA CONSTRUCTION DURABLE<strong>, DU B\u00c2TIMENT ET DES TRAVAUX PUBLICS<\/strong><\/strong><br>2nd CDBTP<\/h3>\n\n\n\n<figure class=\"wp-block-image size-full is-style-rounded is-style-rounded--5\"><a href=\"https:\/\/site.ac-martinique.fr\/lyc-leopoldbissol\/nos-formations\/bac-pro-3-ans\/#MCDBTP\"><img loading=\"lazy\" decoding=\"async\" width=\"1024\" height=\"1024\" src=\"https:\/\/site.ac-martinique.fr\/lyc-leopoldbissol\/wp-content\/uploads\/sites\/151\/2024\/11\/MCDBTP.jpeg\" alt=\"\" class=\"wp-image-306\" srcset=\"https:\/\/site.ac-martinique.fr\/lyc-leopoldbissol\/wp-content\/uploads\/sites\/151\/2024\/11\/MCDBTP.jpeg 1024w, https:\/\/site.ac-martinique.fr\/lyc-leopoldbissol\/wp-content\/uploads\/sites\/151\/2024\/11\/MCDBTP-300x300.jpeg 300w, https:\/\/site.ac-martinique.fr\/lyc-leopoldbissol\/wp-content\/uploads\/sites\/151\/2024\/11\/MCDBTP-150x150.jpeg 150w, https:\/\/site.ac-martinique.fr\/lyc-leopoldbissol\/wp-content\/uploads\/sites\/151\/2024\/11\/MCDBTP-768x768.jpeg 768w\" sizes=\"auto, (max-width: 1024px) 100vw, 1024px\" \/><\/a><\/figure>\n<\/div>\n\n\n\n<div style=\"height:76px\" aria-hidden=\"true\" class=\"wp-block-spacer\"><\/div>\n\n\n\n<div class=\"wp-block-group tw-stretched-link has-global-padding is-layout-constrained wp-block-group-is-layout-constrained tw-block-animation tw-animation-scale-in\">\n<h3 class=\"wp-block-heading has-text-align-center has-large-font-size\"><strong>M\u00c9TIERS DES \u00c9TUDES ET DE LA MOD\u00c9LISATION&nbsp;<\/strong><br><strong>NUM\u00c9RIQUE DU B\u00c2TIMENT<\/strong><br>2nd EMNB<strong>&nbsp;<\/strong><\/h3>\n\n\n\n<figure class=\"wp-block-image size-full is-style-rounded is-style-rounded--6\"><a href=\"https:\/\/site.ac-martinique.fr\/lyc-leopoldbissol\/nos-formations\/bac-pro-3-ans\/#MEMNB\"><img loading=\"lazy\" decoding=\"async\" width=\"1024\" height=\"1024\" src=\"https:\/\/site.ac-martinique.fr\/lyc-leopoldbissol\/wp-content\/uploads\/sites\/151\/2024\/11\/MEMNB.jpeg\" alt=\"\" class=\"wp-image-304\" srcset=\"https:\/\/site.ac-martinique.fr\/lyc-leopoldbissol\/wp-content\/uploads\/sites\/151\/2024\/11\/MEMNB.jpeg 1024w, https:\/\/site.ac-martinique.fr\/lyc-leopoldbissol\/wp-content\/uploads\/sites\/151\/2024\/11\/MEMNB-300x300.jpeg 300w, https:\/\/site.ac-martinique.fr\/lyc-leopoldbissol\/wp-content\/uploads\/sites\/151\/2024\/11\/MEMNB-150x150.jpeg 150w, https:\/\/site.ac-martinique.fr\/lyc-leopoldbissol\/wp-content\/uploads\/sites\/151\/2024\/11\/MEMNB-768x768.jpeg 768w\" sizes=\"auto, (max-width: 1024px) 100vw, 1024px\" \/><\/a><\/figure>\n<\/div>\n<\/div>\n<\/div>\n<\/div>\n\n\n\n<div style=\"--tw-animation-delay:1s;\" class=\"wp-block-query alignwide is-layout-flow wp-block-query-is-layout-flow tw-block-animation tw-animation-fade-in tw-duration-5\">\n<h2 class=\"wp-block-heading\">Actualit\u00e9s des formations<\/h2>\n\n\n<ul class=\"columns-3 wp-block-post-template is-layout-grid wp-container-core-post-template-is-layout-fdbc5ac1 wp-block-post-template-is-layout-grid\"><li class=\"wp-block-post post-2826 post type-post status-publish format-standard has-post-thumbnail hentry category-bacpro category-bts-tp category-famille-des-metiers category-mcdbtp category-tp tag-bandeau-actualite\">\n\n<div class=\"wp-block-group has-base-2-background-color has-background tw-stretched-link is-vertical is-layout-flex wp-container-core-group-is-layout-1744349a wp-block-group-is-layout-flex\" style=\"border-radius:16px;min-height:100%\">\n<div class=\"wp-block-group is-layout-flow wp-block-group-is-layout-flow\"><figure style=\"aspect-ratio:16\/9;\" class=\"wp-block-post-featured-image tw-hover-zoom\"><img loading=\"lazy\" decoding=\"async\" width=\"750\" height=\"564\" src=\"https:\/\/site.ac-martinique.fr\/lyc-leopoldbissol\/wp-content\/uploads\/sites\/151\/2025\/12\/ea7ddddf-a509-4085-aa2d-adf3f2f50d3f.jpg\" class=\"attachment-large size-large wp-post-image\" alt=\"\" style=\"border-radius:0px;width:100%;height:100%;object-fit:cover;\" srcset=\"https:\/\/site.ac-martinique.fr\/lyc-leopoldbissol\/wp-content\/uploads\/sites\/151\/2025\/12\/ea7ddddf-a509-4085-aa2d-adf3f2f50d3f.jpg 750w, https:\/\/site.ac-martinique.fr\/lyc-leopoldbissol\/wp-content\/uploads\/sites\/151\/2025\/12\/ea7ddddf-a509-4085-aa2d-adf3f2f50d3f-300x226.jpg 300w\" sizes=\"auto, (max-width: 750px) 100vw, 750px\" \/><\/figure>\n\n<h2 style=\"padding-left:24px;padding-right:24px;padding-top:24px;margin-top:0;margin-bottom:0;\" class=\"tw-link-no-underline wp-block-post-title has-large-font-size\"><a href=\"https:\/\/site.ac-martinique.fr\/lyc-leopoldbissol\/2025\/12\/09\/formation-r-408-preparer-les-eleves-du-lycee-aux-travaux-en-hauteur\/\" target=\"_self\" >Formation R 408 : Pr\u00e9parer les \u00e9l\u00e8ves du lyc\u00e9e aux travaux en hauteur<\/a><\/h2><\/div>\n\n\n\n<div class=\"wp-block-group has-contrast-2-color has-text-color has-link-color has-small-font-size wp-elements-add751c36b444b36c0381b41e69a90f0 is-layout-flex wp-container-core-group-is-layout-66a3e2b5 wp-block-group-is-layout-flex\" style=\"padding-right:24px;padding-bottom:24px;padding-left:24px;line-height:1.3\"><div class=\"taxonomy-category wp-block-post-terms\"><a href=\"https:\/\/site.ac-martinique.fr\/lyc-leopoldbissol\/category\/bacpro\/\" rel=\"tag\">BACPRO<\/a><span class=\"wp-block-post-terms__separator\">, <\/span><a href=\"https:\/\/site.ac-martinique.fr\/lyc-leopoldbissol\/category\/bts-tp\/\" rel=\"tag\">BTS TP<\/a><span class=\"wp-block-post-terms__separator\">, <\/span><a href=\"https:\/\/site.ac-martinique.fr\/lyc-leopoldbissol\/category\/famille-des-metiers\/\" rel=\"tag\">Famille des m\u00e9tiers<\/a><span class=\"wp-block-post-terms__separator\">, <\/span><a href=\"https:\/\/site.ac-martinique.fr\/lyc-leopoldbissol\/category\/famille-des-metiers\/mcdbtp\/\" rel=\"tag\">MCDBTP<\/a><span class=\"wp-block-post-terms__separator\">, <\/span><a href=\"https:\/\/site.ac-martinique.fr\/lyc-leopoldbissol\/category\/bacpro\/tp\/\" rel=\"tag\">TP<\/a><\/div>\n\n\n<p>\u00b7<\/p>\n\n\n<div class=\"wp-block-post-date\"><time datetime=\"2025-12-09T21:30:43-04:00\">9 d\u00e9cembre 2025<\/time><\/div><\/div>\n<\/div>\n\n<\/li><li class=\"wp-block-post post-960 post type-post status-publish format-standard has-post-thumbnail hentry category-bacpro category-ecole-des-reseaux category-evenement category-famille-des-metiers category-melec category-mtne tag-bandeau-actualite\">\n\n<div class=\"wp-block-group has-base-2-background-color has-background tw-stretched-link is-vertical is-layout-flex wp-container-core-group-is-layout-1744349a wp-block-group-is-layout-flex\" style=\"border-radius:16px;min-height:100%\">\n<div class=\"wp-block-group is-layout-flow wp-block-group-is-layout-flow\"><figure style=\"aspect-ratio:16\/9;\" class=\"wp-block-post-featured-image tw-hover-zoom\"><img loading=\"lazy\" decoding=\"async\" width=\"459\" height=\"344\" src=\"https:\/\/site.ac-martinique.fr\/lyc-leopoldbissol\/wp-content\/uploads\/sites\/151\/2025\/01\/bellefontaine.jpg\" class=\"attachment-large size-large wp-post-image\" alt=\"\" style=\"border-radius:0px;width:100%;height:100%;object-fit:cover;\" srcset=\"https:\/\/site.ac-martinique.fr\/lyc-leopoldbissol\/wp-content\/uploads\/sites\/151\/2025\/01\/bellefontaine.jpg 459w, https:\/\/site.ac-martinique.fr\/lyc-leopoldbissol\/wp-content\/uploads\/sites\/151\/2025\/01\/bellefontaine-300x225.jpg 300w\" sizes=\"auto, (max-width: 459px) 100vw, 459px\" \/><\/figure>\n\n<h2 style=\"padding-left:24px;padding-right:24px;padding-top:24px;margin-top:0;margin-bottom:0;\" class=\"tw-link-no-underline wp-block-post-title has-large-font-size\"><a href=\"https:\/\/site.ac-martinique.fr\/lyc-leopoldbissol\/2025\/01\/14\/presentation-de-la-sortie-scolaire-a-lusine-edf-de-bellefontaine\/\" target=\"_self\" >Sortie scolaire \u00e0 l&rsquo;usine EDF de Bellefontaine<\/a><\/h2><\/div>\n\n\n\n<div class=\"wp-block-group has-contrast-2-color has-text-color has-link-color has-small-font-size wp-elements-add751c36b444b36c0381b41e69a90f0 is-layout-flex wp-container-core-group-is-layout-66a3e2b5 wp-block-group-is-layout-flex\" style=\"padding-right:24px;padding-bottom:24px;padding-left:24px;line-height:1.3\"><div class=\"taxonomy-category wp-block-post-terms\"><a href=\"https:\/\/site.ac-martinique.fr\/lyc-leopoldbissol\/category\/bacpro\/\" rel=\"tag\">BACPRO<\/a><span class=\"wp-block-post-terms__separator\">, <\/span><a href=\"https:\/\/site.ac-martinique.fr\/lyc-leopoldbissol\/category\/projets-structures-pedagogiques\/ecole-des-reseaux\/\" rel=\"tag\">\u00c9cole des r\u00e9seaux<\/a><span class=\"wp-block-post-terms__separator\">, <\/span><a href=\"https:\/\/site.ac-martinique.fr\/lyc-leopoldbissol\/category\/evenement\/\" rel=\"tag\">\u00c9v\u00e9nement<\/a><span class=\"wp-block-post-terms__separator\">, <\/span><a href=\"https:\/\/site.ac-martinique.fr\/lyc-leopoldbissol\/category\/famille-des-metiers\/\" rel=\"tag\">Famille des m\u00e9tiers<\/a><span class=\"wp-block-post-terms__separator\">, <\/span><a href=\"https:\/\/site.ac-martinique.fr\/lyc-leopoldbissol\/category\/bacpro\/melec\/\" rel=\"tag\">MELEC<\/a><span class=\"wp-block-post-terms__separator\">, <\/span><a href=\"https:\/\/site.ac-martinique.fr\/lyc-leopoldbissol\/category\/famille-des-metiers\/mtne\/\" rel=\"tag\">MTNE<\/a><\/div>\n\n\n<p>\u00b7<\/p>\n\n\n<div class=\"wp-block-post-date\"><time datetime=\"2025-01-14T07:25:20-04:00\">14 janvier 2025<\/time><\/div><\/div>\n<\/div>\n\n<\/li><li class=\"wp-block-post post-632 post type-post status-publish format-standard has-post-thumbnail hentry category-bacpro category-enseignement category-famille-des-metiers category-melec tag-bandeau-actualite\">\n\n<div class=\"wp-block-group has-base-2-background-color has-background tw-stretched-link is-vertical is-layout-flex wp-container-core-group-is-layout-1744349a wp-block-group-is-layout-flex\" style=\"border-radius:16px;min-height:100%\">\n<div class=\"wp-block-group is-layout-flow wp-block-group-is-layout-flow\"><figure style=\"aspect-ratio:16\/9;\" class=\"wp-block-post-featured-image tw-hover-zoom\"><img loading=\"lazy\" decoding=\"async\" width=\"768\" height=\"432\" src=\"https:\/\/site.ac-martinique.fr\/lyc-leopoldbissol\/wp-content\/uploads\/sites\/151\/2024\/12\/les-dossiers-rci-rci-martinique.png\" class=\"attachment-large size-large wp-post-image\" alt=\"\" style=\"border-radius:0px;width:100%;height:100%;object-fit:cover;\" srcset=\"https:\/\/site.ac-martinique.fr\/lyc-leopoldbissol\/wp-content\/uploads\/sites\/151\/2024\/12\/les-dossiers-rci-rci-martinique.png 768w, https:\/\/site.ac-martinique.fr\/lyc-leopoldbissol\/wp-content\/uploads\/sites\/151\/2024\/12\/les-dossiers-rci-rci-martinique-300x169.png 300w\" sizes=\"auto, (max-width: 768px) 100vw, 768px\" \/><\/figure>\n\n<h2 style=\"padding-left:24px;padding-right:24px;padding-top:24px;margin-top:0;margin-bottom:0;\" class=\"tw-link-no-underline wp-block-post-title has-large-font-size\"><a href=\"https:\/\/site.ac-martinique.fr\/lyc-leopoldbissol\/2024\/12\/08\/semaine-des-lycees-professionnels-replays\/\" target=\"_self\" >Semaine des Lyc\u00e9es Professionnels : Replays<\/a><\/h2><\/div>\n\n\n\n<div class=\"wp-block-group has-contrast-2-color has-text-color has-link-color has-small-font-size wp-elements-add751c36b444b36c0381b41e69a90f0 is-layout-flex wp-container-core-group-is-layout-66a3e2b5 wp-block-group-is-layout-flex\" style=\"padding-right:24px;padding-bottom:24px;padding-left:24px;line-height:1.3\"><div class=\"taxonomy-category wp-block-post-terms\"><a href=\"https:\/\/site.ac-martinique.fr\/lyc-leopoldbissol\/category\/bacpro\/\" rel=\"tag\">BACPRO<\/a><span class=\"wp-block-post-terms__separator\">, <\/span><a href=\"https:\/\/site.ac-martinique.fr\/lyc-leopoldbissol\/category\/enseignement\/\" rel=\"tag\">Enseignement<\/a><span class=\"wp-block-post-terms__separator\">, <\/span><a href=\"https:\/\/site.ac-martinique.fr\/lyc-leopoldbissol\/category\/famille-des-metiers\/\" rel=\"tag\">Famille des m\u00e9tiers<\/a><span class=\"wp-block-post-terms__separator\">, <\/span><a href=\"https:\/\/site.ac-martinique.fr\/lyc-leopoldbissol\/category\/bacpro\/melec\/\" rel=\"tag\">MELEC<\/a><\/div>\n\n\n<p>\u00b7<\/p>\n\n\n<div class=\"wp-block-post-date\"><time datetime=\"2024-12-08T22:55:55-04:00\">8 d\u00e9cembre 2024<\/time><\/div><\/div>\n<\/div>\n\n<\/li><\/ul>\n\n<nav class=\"tw-mt-8 tw-link-hover-underline wp-block-query-pagination is-content-justification-center is-layout-flex wp-container-core-query-pagination-is-layout-a89b3969 wp-block-query-pagination-is-layout-flex\" aria-label=\"Pagination\">\n\n\n<div class=\"is-style-tw-circle wp-block-query-pagination-numbers\"><span aria-current=\"page\" class=\"page-numbers current\">1<\/span>\n<a class=\"page-numbers\" href=\"?query-11-page=2\">2<\/a><\/div>\n\n<a href=\"\/lyc-leopoldbissol\/wp-json\/wp\/v2\/pages\/20?query-11-page=2\" class=\"wp-block-query-pagination-next\">Suivant<\/a>\n<\/nav><\/div>\n","protected":false},"excerpt":{"rendered":"<p>Nos 4 familles des M\u00c9TIERS En fin de 3e, l&rsquo;\u00e9l\u00e8ve choisit une&nbsp;famille de m\u00e9tiers&nbsp;pour son ann\u00e9e de 2de. Il choisira sa sp\u00e9cialit\u00e9 de bac pro en fin de 2de M\u00c9TIERS DE LA TRANSITION NUM\u00c9RIQUE ET \u00c9NERG\u00c9TIQUE2nd TNE M\u00c9TIERS DE L&rsquo;AGENCEMENT, DE LA MENUISERIE ET DE L&rsquo;AMEUBLEMENT2nd AMA M\u00c9TIERS DE LA CONSTRUCTION DURABLE, DU B\u00c2TIMENT ET [&hellip;]<\/p>\n","protected":false},"author":327,"featured_media":0,"parent":255,"menu_order":0,"comment_status":"closed","ping_status":"closed","template":"page-no-title","meta":{"footnotes":""},"class_list":["post-20","page","type-page","status-publish","hentry"],"_links":{"self":[{"href":"https:\/\/site.ac-martinique.fr\/lyc-leopoldbissol\/wp-json\/wp\/v2\/pages\/20","targetHints":{"allow":["GET"]}}],"collection":[{"href":"https:\/\/site.ac-martinique.fr\/lyc-leopoldbissol\/wp-json\/wp\/v2\/pages"}],"about":[{"href":"https:\/\/site.ac-martinique.fr\/lyc-leopoldbissol\/wp-json\/wp\/v2\/types\/page"}],"author":[{"embeddable":true,"href":"https:\/\/site.ac-martinique.fr\/lyc-leopoldbissol\/wp-json\/wp\/v2\/users\/327"}],"replies":[{"embeddable":true,"href":"https:\/\/site.ac-martinique.fr\/lyc-leopoldbissol\/wp-json\/wp\/v2\/comments?post=20"}],"version-history":[{"count":30,"href":"https:\/\/site.ac-martinique.fr\/lyc-leopoldbissol\/wp-json\/wp\/v2\/pages\/20\/revisions"}],"predecessor-version":[{"id":711,"href":"https:\/\/site.ac-martinique.fr\/lyc-leopoldbissol\/wp-json\/wp\/v2\/pages\/20\/revisions\/711"}],"up":[{"embeddable":true,"href":"https:\/\/site.ac-martinique.fr\/lyc-leopoldbissol\/wp-json\/wp\/v2\/pages\/255"}],"wp:attachment":[{"href":"https:\/\/site.ac-martinique.fr\/lyc-leopoldbissol\/wp-json\/wp\/v2\/media?parent=20"}],"curies":[{"name":"wp","href":"https:\/\/api.w.org\/{rel}","templated":true}]}}