{"id":255,"date":"2024-11-26T16:57:55","date_gmt":"2024-11-26T20:57:55","guid":{"rendered":"https:\/\/site.ac-martinique.fr\/lyc-leopoldbissol\/?page_id=255"},"modified":"2024-12-10T22:35:30","modified_gmt":"2024-12-11T02:35:30","slug":"nos-formations","status":"publish","type":"page","link":"https:\/\/site.ac-martinique.fr\/lyc-leopoldbissol\/nos-formations\/","title":{"rendered":"Nos Formations"},"content":{"rendered":"\n<div class=\"wp-block-group alignfull has-accent-5-background-color has-background has-global-padding is-layout-constrained wp-container-core-group-is-layout-d89aad35 wp-block-group-is-layout-constrained\" style=\"margin-top:0;margin-bottom:0;padding-top:var(--wp--preset--spacing--50);padding-right:var(--wp--preset--spacing--50);padding-bottom:var(--wp--preset--spacing--50);padding-left:var(--wp--preset--spacing--50)\">\n<h2 class=\"wp-block-heading has-text-align-center is-style-default\">Le lyc\u00e9e L\u00e9opold Bissol, l\u2019\u00e9tablissement des m\u00e9tiers du B\u00e2timent<\/h2>\n\n\n\n<p class=\"has-text-align-center\">De la 3\u00e9me Pr\u00e9pa-M\u00e9tiers au BTS, une formation complete<\/p>\n\n\n\n<div class=\"wp-block-columns alignwide is-layout-flex wp-container-core-columns-is-layout-b51554c2 wp-block-columns-is-layout-flex tw-block-animation tw-animation-scale-in tw-duration-5\" style=\"--tw-animation-delay:1.5s;padding-right:0;padding-left:0\">\n<div class=\"wp-block-column is-vertically-aligned-center is-layout-flow wp-block-column-is-layout-flow\" style=\"--col-width:33%;flex-basis:33%\">\n<figure class=\"wp-block-image size-full is-style-rounded wp-duotone-unset-2 is-style-rounded--1\"><img loading=\"lazy\" decoding=\"async\" width=\"500\" height=\"500\" src=\"https:\/\/site.ac-martinique.fr\/lyc-leopoldbissol\/wp-content\/uploads\/sites\/151\/2024\/09\/1_Bienvenue_LP-leopold-bissol.jpg\" alt=\"\" class=\"wp-image-154\" style=\"aspect-ratio:4\/3;object-fit:cover\" srcset=\"https:\/\/site.ac-martinique.fr\/lyc-leopoldbissol\/wp-content\/uploads\/sites\/151\/2024\/09\/1_Bienvenue_LP-leopold-bissol.jpg 500w, https:\/\/site.ac-martinique.fr\/lyc-leopoldbissol\/wp-content\/uploads\/sites\/151\/2024\/09\/1_Bienvenue_LP-leopold-bissol-300x300.jpg 300w, https:\/\/site.ac-martinique.fr\/lyc-leopoldbissol\/wp-content\/uploads\/sites\/151\/2024\/09\/1_Bienvenue_LP-leopold-bissol-150x150.jpg 150w\" sizes=\"auto, (max-width: 500px) 100vw, 500px\" \/><\/figure>\n<\/div>\n\n\n\n<div class=\"wp-block-column is-layout-flow wp-block-column-is-layout-flow\" style=\"--col-width:66%;flex-basis:66%\">\n<div class=\"wp-block-columns alignwide tw-cols-stack-md-2 is-layout-flex wp-container-core-columns-is-layout-73315c37 wp-block-columns-is-layout-flex\">\n<div class=\"wp-block-column is-layout-flow wp-block-column-is-layout-flow\">\n<h3 class=\"wp-block-heading has-text-align-center has-large-font-size\">6 CAP en 2 ans<\/h3>\n\n\n\n<figure class=\"wp-block-image size-full is-style-rounded wp-duotone-duotone-3 is-style-rounded--3\"><img loading=\"lazy\" decoding=\"async\" width=\"314\" height=\"156\" src=\"https:\/\/site.ac-martinique.fr\/lyc-leopoldbissol\/wp-content\/uploads\/sites\/151\/2024\/09\/nos-formations.jpg\" alt=\"\" class=\"wp-image-148\" srcset=\"https:\/\/site.ac-martinique.fr\/lyc-leopoldbissol\/wp-content\/uploads\/sites\/151\/2024\/09\/nos-formations.jpg 314w, https:\/\/site.ac-martinique.fr\/lyc-leopoldbissol\/wp-content\/uploads\/sites\/151\/2024\/09\/nos-formations-300x149.jpg 300w\" sizes=\"auto, (max-width: 314px) 100vw, 314px\" \/><\/figure>\n\n\n\n<p>En 2 ans apr\u00e8s la 3eme. Le CAP m\u00eale enseignements g\u00e9n\u00e9raux (fran\u00e7ais, maths, langues\u2026), enseignements professionnels et stages destin\u00e9s \u00e0 pr\u00e9parer \u00e0 un metier pr\u00e9cis.<\/p>\n\n\n\n<div class=\"wp-block-buttons is-layout-flex wp-block-buttons-is-layout-flex\">\n<div class=\"wp-block-button\"><a class=\"wp-block-button__link wp-element-button\" href=\"https:\/\/site.ac-martinique.fr\/lyc-leopoldbissol\/nos-formations\/cap-2-ans\/\">NOS CAP<\/a><\/div>\n<\/div>\n<\/div>\n\n\n\n<div class=\"wp-block-column is-layout-flow wp-block-column-is-layout-flow\">\n<h3 class=\"wp-block-heading has-text-align-center has-large-font-size\">9 BAC PRO en 3 ans<\/h3>\n\n\n\n<figure class=\"wp-block-image size-full is-style-rounded wp-duotone-duotone-4 is-style-rounded--4\"><img loading=\"lazy\" decoding=\"async\" width=\"314\" height=\"156\" src=\"https:\/\/site.ac-martinique.fr\/lyc-leopoldbissol\/wp-content\/uploads\/sites\/151\/2024\/09\/nos-formations.jpg\" alt=\"\" class=\"wp-image-148\" srcset=\"https:\/\/site.ac-martinique.fr\/lyc-leopoldbissol\/wp-content\/uploads\/sites\/151\/2024\/09\/nos-formations.jpg 314w, https:\/\/site.ac-martinique.fr\/lyc-leopoldbissol\/wp-content\/uploads\/sites\/151\/2024\/09\/nos-formations-300x149.jpg 300w\" sizes=\"auto, (max-width: 314px) 100vw, 314px\" \/><\/figure>\n\n\n\n<p>En 3 ans apr\u00e8s la 3eme. En seconde professionnelle, vous ne choisirez pas un m\u00e9tier pr\u00e9cis, mais une famille de m\u00e9tier.&nbsp;<\/p>\n\n\n\n<div class=\"wp-block-buttons is-layout-flex wp-block-buttons-is-layout-flex\">\n<div class=\"wp-block-button\"><a class=\"wp-block-button__link wp-element-button\" href=\"https:\/\/site.ac-martinique.fr\/lyc-leopoldbissol\/nos-formations\/nos-formations-famille-metiers\/\">Nos Familles des M\u00e9tiers<\/a><\/div>\n\n\n\n<div class=\"wp-block-button\"><a class=\"wp-block-button__link wp-element-button\" href=\"https:\/\/site.ac-martinique.fr\/lyc-leopoldbissol\/nos-formations\/bac-pro-3-ans\/\">Nos BAC PRO<\/a><\/div>\n<\/div>\n<\/div>\n<\/div>\n<\/div>\n<\/div>\n\n\n\n<div style=\"--tw-animation-delay:1.5s;\" class=\"wp-block-group alignfull has-global-padding is-layout-constrained wp-block-group-is-layout-constrained tw-block-animation tw-animation-scale-in tw-duration-5\">\n<div class=\"wp-block-columns alignwide tw-cols-stack-md is-layout-flex wp-container-core-columns-is-layout-207311c6 wp-block-columns-is-layout-flex tw-large-gap\">\n<div class=\"wp-block-column is-vertically-aligned-center has-global-padding is-content-justification-left is-layout-constrained wp-container-core-column-is-layout-12dd3699 wp-block-column-is-layout-constrained\">\n<h2 class=\"wp-block-heading\">3\u00e8me Pr\u00e9pa M\u00e9tiers<\/h2>\n\n\n\n<p>La 3e Pr\u00e9pa M\u00e9tiers permet \u00e0 des jeunes de pr\u00e9parer leur projet d\u2019orientation avant de s&rsquo;orienter vers la voie professionnelle.<\/p>\n\n\n\n<div class=\"wp-block-buttons is-layout-flex wp-block-buttons-is-layout-flex\">\n<div class=\"wp-block-button\"><a class=\"wp-block-button__link wp-element-button\" href=\"https:\/\/site.ac-martinique.fr\/lyc-leopoldbissol\/nos-formations\/3eme-prepa-pro-2\/\">Notre 3\u00e9me pr\u00e9pa m\u00e9tiers<\/a><\/div>\n<\/div>\n<\/div>\n\n\n\n<div class=\"wp-block-column tw-md-order-first is-layout-flow wp-block-column-is-layout-flow\">\n<figure class=\"wp-block-image size-large is-style-rounded is-style-rounded--5\"><img loading=\"lazy\" decoding=\"async\" width=\"1024\" height=\"597\" src=\"https:\/\/site.ac-martinique.fr\/lyc-leopoldbissol\/wp-content\/uploads\/sites\/151\/2024\/11\/3eme-prepa-pro-1024x597.webp\" alt=\"\" class=\"wp-image-301\" srcset=\"https:\/\/site.ac-martinique.fr\/lyc-leopoldbissol\/wp-content\/uploads\/sites\/151\/2024\/11\/3eme-prepa-pro-1024x597.webp 1024w, https:\/\/site.ac-martinique.fr\/lyc-leopoldbissol\/wp-content\/uploads\/sites\/151\/2024\/11\/3eme-prepa-pro-300x175.webp 300w, https:\/\/site.ac-martinique.fr\/lyc-leopoldbissol\/wp-content\/uploads\/sites\/151\/2024\/11\/3eme-prepa-pro-768x448.webp 768w, https:\/\/site.ac-martinique.fr\/lyc-leopoldbissol\/wp-content\/uploads\/sites\/151\/2024\/11\/3eme-prepa-pro.webp 1500w\" sizes=\"auto, (max-width: 1024px) 100vw, 1024px\" \/><\/figure>\n<\/div>\n<\/div>\n<\/div>\n\n\n\n<div style=\"--tw-animation-delay:1.5s;\" class=\"wp-block-group alignfull has-global-padding is-layout-constrained wp-block-group-is-layout-constrained tw-block-animation tw-animation-scale-in tw-duration-5\">\n<div class=\"wp-block-columns alignwide tw-cols-stack-md is-layout-flex wp-container-core-columns-is-layout-207311c6 wp-block-columns-is-layout-flex tw-large-gap\">\n<div class=\"wp-block-column is-vertically-aligned-center has-global-padding is-content-justification-left is-layout-constrained wp-container-core-column-is-layout-12dd3699 wp-block-column-is-layout-constrained\">\n<h2 class=\"wp-block-heading\">BTS Travaux Publics en 2 ans<\/h2>\n\n\n\n<p>Apres votre BAC PRO dans la famille des <a href=\"https:\/\/site.ac-martinique.fr\/lyc-leopoldbissol\/nos-formations\/bac-pro-3-ans\/#MCDBTP\">M\u00c9TIERS DE LA CONSTRUCTION DURABLE, DU B\u00c2TIMENT ET DES TRAVAUX PUBLICS\u00a0<\/a>, int\u00e9grer la formation de technicien sup\u00e9rieur.<\/p>\n\n\n\n<div class=\"wp-block-buttons is-layout-flex wp-block-buttons-is-layout-flex\">\n<div class=\"wp-block-button\"><a class=\"wp-block-button__link wp-element-button\" href=\"https:\/\/site.ac-martinique.fr\/lyc-leopoldbissol\/nos-formations\/bts-travaux-publics\/\">NOtre BTS<\/a><\/div>\n<\/div>\n<\/div>\n\n\n\n<div class=\"wp-block-column tw-md-order-first is-layout-flow wp-block-column-is-layout-flow\">\n<figure class=\"wp-block-image size-large is-style-rounded is-style-rounded--6\"><img loading=\"lazy\" decoding=\"async\" width=\"1024\" height=\"512\" src=\"https:\/\/site.ac-martinique.fr\/lyc-leopoldbissol\/wp-content\/uploads\/sites\/151\/2024\/11\/BTS-TP-1024x512.jpeg\" alt=\"\" class=\"wp-image-309\" srcset=\"https:\/\/site.ac-martinique.fr\/lyc-leopoldbissol\/wp-content\/uploads\/sites\/151\/2024\/11\/BTS-TP-1024x512.jpeg 1024w, https:\/\/site.ac-martinique.fr\/lyc-leopoldbissol\/wp-content\/uploads\/sites\/151\/2024\/11\/BTS-TP-300x150.jpeg 300w, https:\/\/site.ac-martinique.fr\/lyc-leopoldbissol\/wp-content\/uploads\/sites\/151\/2024\/11\/BTS-TP-768x384.jpeg 768w, https:\/\/site.ac-martinique.fr\/lyc-leopoldbissol\/wp-content\/uploads\/sites\/151\/2024\/11\/BTS-TP.jpeg 1408w\" sizes=\"auto, (max-width: 1024px) 100vw, 1024px\" \/><\/figure>\n<\/div>\n<\/div>\n<\/div>\n\n\n\n<div style=\"--tw-animation-delay:1.5s;\" class=\"wp-block-group alignfull has-global-padding is-layout-constrained wp-block-group-is-layout-constrained tw-block-animation tw-animation-scale-in tw-duration-5\">\n<div class=\"wp-block-columns alignwide tw-cols-stack-md is-layout-flex wp-container-core-columns-is-layout-207311c6 wp-block-columns-is-layout-flex tw-large-gap\">\n<div class=\"wp-block-column is-vertically-aligned-center has-global-padding is-content-justification-left is-layout-constrained wp-container-core-column-is-layout-12dd3699 wp-block-column-is-layout-constrained\">\n<h2 class=\"wp-block-heading\">FCTLV<\/h2>\n\n\n\n<p>Formation Continue Tout au Long de la Vie<\/p>\n\n\n\n<div class=\"wp-block-buttons is-layout-flex wp-block-buttons-is-layout-flex\">\n<div class=\"wp-block-button\"><a class=\"wp-block-button__link wp-element-button\" href=\"https:\/\/site.ac-martinique.fr\/lyc-leopoldbissol\/nos-formations\/greta\/\">GRETA<\/a><\/div>\n\n\n\n<div class=\"wp-block-button\"><a class=\"wp-block-button__link wp-element-button\" href=\"https:\/\/site.ac-martinique.fr\/lyc-leopoldbissol\/nos-formations\/vae\/\">VAE<\/a><\/div>\n<\/div>\n<\/div>\n\n\n\n<div class=\"wp-block-column tw-md-order-first is-layout-flow wp-block-column-is-layout-flow\">\n<figure class=\"wp-block-image size-full is-style-rounded is-style-rounded--7\"><img loading=\"lazy\" decoding=\"async\" width=\"1408\" height=\"704\" src=\"https:\/\/site.ac-martinique.fr\/lyc-leopoldbissol\/wp-content\/uploads\/sites\/151\/2024\/12\/FCTLV.jpeg\" alt=\"\" class=\"wp-image-708\" srcset=\"https:\/\/site.ac-martinique.fr\/lyc-leopoldbissol\/wp-content\/uploads\/sites\/151\/2024\/12\/FCTLV.jpeg 1408w, https:\/\/site.ac-martinique.fr\/lyc-leopoldbissol\/wp-content\/uploads\/sites\/151\/2024\/12\/FCTLV-300x150.jpeg 300w, https:\/\/site.ac-martinique.fr\/lyc-leopoldbissol\/wp-content\/uploads\/sites\/151\/2024\/12\/FCTLV-1024x512.jpeg 1024w, https:\/\/site.ac-martinique.fr\/lyc-leopoldbissol\/wp-content\/uploads\/sites\/151\/2024\/12\/FCTLV-768x384.jpeg 768w\" sizes=\"auto, (max-width: 1408px) 100vw, 1408px\" \/><\/figure>\n<\/div>\n<\/div>\n<\/div>\n<\/div>\n\n\n\n<div style=\"--tw-animation-delay:1s;\" class=\"wp-block-query alignwide is-layout-flow wp-block-query-is-layout-flow tw-block-animation tw-animation-fade-in tw-duration-5\">\n<h2 class=\"wp-block-heading\">Actualit\u00e9s des formations<\/h2>\n\n\n<ul class=\"columns-3 wp-block-post-template is-layout-grid wp-container-core-post-template-is-layout-fdbc5ac1 wp-block-post-template-is-layout-grid\"><li class=\"wp-block-post post-2382 post type-post status-publish format-standard has-post-thumbnail hentry category-administration category-cesce category-enseignement category-evenement category-les-instances-educatives tag-bandeau-actualite tag-banniere-vie-scolaire\">\n\n<div class=\"wp-block-group has-base-2-background-color has-background tw-stretched-link is-vertical is-layout-flex wp-container-core-group-is-layout-1744349a wp-block-group-is-layout-flex\" style=\"border-radius:16px;min-height:100%\">\n<div class=\"wp-block-group is-layout-flow wp-block-group-is-layout-flow\"><figure style=\"aspect-ratio:16\/9;\" class=\"wp-block-post-featured-image tw-hover-zoom\"><img loading=\"lazy\" decoding=\"async\" width=\"1024\" height=\"576\" src=\"https:\/\/site.ac-martinique.fr\/lyc-leopoldbissol\/wp-content\/uploads\/sites\/151\/2025\/11\/Bissol-sans-chaines-1-1024x576.png\" class=\"attachment-large size-large wp-post-image\" alt=\"\" style=\"border-radius:0px;width:100%;height:100%;object-fit:cover;\" srcset=\"https:\/\/site.ac-martinique.fr\/lyc-leopoldbissol\/wp-content\/uploads\/sites\/151\/2025\/11\/Bissol-sans-chaines-1-1024x576.png 1024w, https:\/\/site.ac-martinique.fr\/lyc-leopoldbissol\/wp-content\/uploads\/sites\/151\/2025\/11\/Bissol-sans-chaines-1-300x169.png 300w, https:\/\/site.ac-martinique.fr\/lyc-leopoldbissol\/wp-content\/uploads\/sites\/151\/2025\/11\/Bissol-sans-chaines-1-768x432.png 768w, https:\/\/site.ac-martinique.fr\/lyc-leopoldbissol\/wp-content\/uploads\/sites\/151\/2025\/11\/Bissol-sans-chaines-1-1536x864.png 1536w, https:\/\/site.ac-martinique.fr\/lyc-leopoldbissol\/wp-content\/uploads\/sites\/151\/2025\/11\/Bissol-sans-chaines-1-2048x1152.png 2048w\" sizes=\"auto, (max-width: 1024px) 100vw, 1024px\" \/><\/figure>\n\n<h2 style=\"padding-left:24px;padding-right:24px;padding-top:24px;margin-top:0;margin-bottom:0;\" class=\"tw-link-no-underline wp-block-post-title has-large-font-size\"><a href=\"https:\/\/site.ac-martinique.fr\/lyc-leopoldbissol\/2025\/11\/13\/commemoration-de-larmistice-en-souvenir-du-11-novembre-1918\/\" target=\"_self\" >Comm\u00e9moration de l\u2019Armistice en souvenir du 11 Novembre 1918<\/a><\/h2><\/div>\n\n\n\n<div class=\"wp-block-group has-contrast-2-color has-text-color has-link-color has-small-font-size wp-elements-add751c36b444b36c0381b41e69a90f0 is-layout-flex wp-container-core-group-is-layout-66a3e2b5 wp-block-group-is-layout-flex\" style=\"padding-right:24px;padding-bottom:24px;padding-left:24px;line-height:1.3\"><div class=\"taxonomy-category wp-block-post-terms\"><a href=\"https:\/\/site.ac-martinique.fr\/lyc-leopoldbissol\/category\/administration\/\" rel=\"tag\">Administration<\/a><span class=\"wp-block-post-terms__separator\">, <\/span><a href=\"https:\/\/site.ac-martinique.fr\/lyc-leopoldbissol\/category\/les-instances-educatives\/cesce\/\" rel=\"tag\">CESCE<\/a><span class=\"wp-block-post-terms__separator\">, <\/span><a href=\"https:\/\/site.ac-martinique.fr\/lyc-leopoldbissol\/category\/enseignement\/\" rel=\"tag\">Enseignement<\/a><span class=\"wp-block-post-terms__separator\">, <\/span><a href=\"https:\/\/site.ac-martinique.fr\/lyc-leopoldbissol\/category\/evenement\/\" rel=\"tag\">\u00c9v\u00e9nement<\/a><span class=\"wp-block-post-terms__separator\">, <\/span><a href=\"https:\/\/site.ac-martinique.fr\/lyc-leopoldbissol\/category\/les-instances-educatives\/\" rel=\"tag\">les instances \u00e9ducatives<\/a><\/div>\n\n\n<p>\u00b7<\/p>\n\n\n<div class=\"wp-block-post-date\"><time datetime=\"2025-11-13T13:42:44-04:00\">13 novembre 2025<\/time><\/div><\/div>\n<\/div>\n\n<\/li><li class=\"wp-block-post post-1972 post type-post status-publish format-standard has-post-thumbnail hentry category-administration category-enseignement category-evenement category-non-classe tag-bandeau-information\">\n\n<div class=\"wp-block-group has-base-2-background-color has-background tw-stretched-link is-vertical is-layout-flex wp-container-core-group-is-layout-1744349a wp-block-group-is-layout-flex\" style=\"border-radius:16px;min-height:100%\">\n<div class=\"wp-block-group is-layout-flow wp-block-group-is-layout-flow\"><figure style=\"aspect-ratio:16\/9;\" class=\"wp-block-post-featured-image tw-hover-zoom\"><img loading=\"lazy\" decoding=\"async\" width=\"1024\" height=\"874\" src=\"https:\/\/site.ac-martinique.fr\/lyc-leopoldbissol\/wp-content\/uploads\/sites\/151\/2025\/09\/test-de-positionnement.png\" class=\"attachment-large size-large wp-post-image\" alt=\"\" style=\"border-radius:0px;width:100%;height:100%;object-fit:cover;\" srcset=\"https:\/\/site.ac-martinique.fr\/lyc-leopoldbissol\/wp-content\/uploads\/sites\/151\/2025\/09\/test-de-positionnement.png 1024w, https:\/\/site.ac-martinique.fr\/lyc-leopoldbissol\/wp-content\/uploads\/sites\/151\/2025\/09\/test-de-positionnement-300x256.png 300w, https:\/\/site.ac-martinique.fr\/lyc-leopoldbissol\/wp-content\/uploads\/sites\/151\/2025\/09\/test-de-positionnement-768x656.png 768w\" sizes=\"auto, (max-width: 1024px) 100vw, 1024px\" \/><\/figure>\n\n<h2 style=\"padding-left:24px;padding-right:24px;padding-top:24px;margin-top:0;margin-bottom:0;\" class=\"tw-link-no-underline wp-block-post-title has-large-font-size\"><a href=\"https:\/\/site.ac-martinique.fr\/lyc-leopoldbissol\/2025\/09\/15\/les-tests-de-positionnement-un-outil-pour-mieux-accompagner-les-eleves\/\" target=\"_self\" >Les tests de positionnement : un outil pour mieux accompagner les \u00e9l\u00e8ves<\/a><\/h2><\/div>\n\n\n\n<div class=\"wp-block-group has-contrast-2-color has-text-color has-link-color has-small-font-size wp-elements-add751c36b444b36c0381b41e69a90f0 is-layout-flex wp-container-core-group-is-layout-66a3e2b5 wp-block-group-is-layout-flex\" style=\"padding-right:24px;padding-bottom:24px;padding-left:24px;line-height:1.3\"><div class=\"taxonomy-category wp-block-post-terms\"><a href=\"https:\/\/site.ac-martinique.fr\/lyc-leopoldbissol\/category\/administration\/\" rel=\"tag\">Administration<\/a><span class=\"wp-block-post-terms__separator\">, <\/span><a href=\"https:\/\/site.ac-martinique.fr\/lyc-leopoldbissol\/category\/enseignement\/\" rel=\"tag\">Enseignement<\/a><span class=\"wp-block-post-terms__separator\">, <\/span><a href=\"https:\/\/site.ac-martinique.fr\/lyc-leopoldbissol\/category\/evenement\/\" rel=\"tag\">\u00c9v\u00e9nement<\/a><span class=\"wp-block-post-terms__separator\">, <\/span><a href=\"https:\/\/site.ac-martinique.fr\/lyc-leopoldbissol\/category\/non-classe\/\" rel=\"tag\">Non class\u00e9<\/a><\/div>\n\n\n<p>\u00b7<\/p>\n\n\n<div class=\"wp-block-post-date\"><time datetime=\"2025-09-15T08:21:13-04:00\">15 septembre 2025<\/time><\/div><\/div>\n<\/div>\n\n<\/li><li class=\"wp-block-post post-1286 post type-post status-publish format-standard has-post-thumbnail hentry category-enseignement category-evenement category-melec tag-bandeau-actualite\">\n\n<div class=\"wp-block-group has-base-2-background-color has-background tw-stretched-link is-vertical is-layout-flex wp-container-core-group-is-layout-1744349a wp-block-group-is-layout-flex\" style=\"border-radius:16px;min-height:100%\">\n<div class=\"wp-block-group is-layout-flow wp-block-group-is-layout-flow\"><figure style=\"aspect-ratio:16\/9;\" class=\"wp-block-post-featured-image tw-hover-zoom\"><img loading=\"lazy\" decoding=\"async\" width=\"1024\" height=\"768\" src=\"https:\/\/site.ac-martinique.fr\/lyc-leopoldbissol\/wp-content\/uploads\/sites\/151\/2025\/04\/sanna-et-proviseur-1024x768.jpeg\" class=\"attachment-large size-large wp-post-image\" alt=\"\" style=\"border-radius:0px;width:100%;height:100%;object-fit:cover;\" srcset=\"https:\/\/site.ac-martinique.fr\/lyc-leopoldbissol\/wp-content\/uploads\/sites\/151\/2025\/04\/sanna-et-proviseur-1024x768.jpeg 1024w, https:\/\/site.ac-martinique.fr\/lyc-leopoldbissol\/wp-content\/uploads\/sites\/151\/2025\/04\/sanna-et-proviseur-1536x1152.jpeg 1536w\" sizes=\"auto, (max-width: 1024px) 100vw, 1024px\" \/><\/figure>\n\n<h2 style=\"padding-left:24px;padding-right:24px;padding-top:24px;margin-top:0;margin-bottom:0;\" class=\"tw-link-no-underline wp-block-post-title has-large-font-size\"><a href=\"https:\/\/site.ac-martinique.fr\/lyc-leopoldbissol\/2025\/03\/31\/une-collegue-finlandaise-en-visite-dans-notre-lycee\/\" target=\"_self\" >Une coll\u00e8gue finlandaise en visite dans notre lyc\u00e9e !<\/a><\/h2><\/div>\n\n\n\n<div class=\"wp-block-group has-contrast-2-color has-text-color has-link-color has-small-font-size wp-elements-add751c36b444b36c0381b41e69a90f0 is-layout-flex wp-container-core-group-is-layout-66a3e2b5 wp-block-group-is-layout-flex\" style=\"padding-right:24px;padding-bottom:24px;padding-left:24px;line-height:1.3\"><div class=\"taxonomy-category wp-block-post-terms\"><a href=\"https:\/\/site.ac-martinique.fr\/lyc-leopoldbissol\/category\/enseignement\/\" rel=\"tag\">Enseignement<\/a><span class=\"wp-block-post-terms__separator\">, <\/span><a href=\"https:\/\/site.ac-martinique.fr\/lyc-leopoldbissol\/category\/evenement\/\" rel=\"tag\">\u00c9v\u00e9nement<\/a><span class=\"wp-block-post-terms__separator\">, <\/span><a href=\"https:\/\/site.ac-martinique.fr\/lyc-leopoldbissol\/category\/bacpro\/melec\/\" rel=\"tag\">MELEC<\/a><\/div>\n\n\n<p>\u00b7<\/p>\n\n\n<div class=\"wp-block-post-date\"><time datetime=\"2025-03-31T16:43:00-04:00\">31 mars 2025<\/time><\/div><\/div>\n<\/div>\n\n<\/li><\/ul>\n\n<nav class=\"tw-mt-8 tw-link-hover-underline wp-block-query-pagination is-content-justification-center is-layout-flex wp-container-core-query-pagination-is-layout-a89b3969 wp-block-query-pagination-is-layout-flex\" aria-label=\"Pagination\">\n\n\n<div class=\"is-style-tw-circle wp-block-query-pagination-numbers\"><span aria-current=\"page\" class=\"page-numbers current\">1<\/span>\n<a class=\"page-numbers\" href=\"?query-11-page=2\">2<\/a><\/div>\n\n<a href=\"\/lyc-leopoldbissol\/wp-json\/wp\/v2\/pages\/255?query-11-page=2\" class=\"wp-block-query-pagination-next\">Suivant<\/a>\n<\/nav><\/div>\n","protected":false},"excerpt":{"rendered":"<p>Le lyc\u00e9e L\u00e9opold Bissol, l\u2019\u00e9tablissement des m\u00e9tiers du B\u00e2timent De la 3\u00e9me Pr\u00e9pa-M\u00e9tiers au BTS, une formation complete 6 CAP en 2 ans En 2 ans apr\u00e8s la 3eme. Le CAP m\u00eale enseignements g\u00e9n\u00e9raux (fran\u00e7ais, maths, langues\u2026), enseignements professionnels et stages destin\u00e9s \u00e0 pr\u00e9parer \u00e0 un metier pr\u00e9cis. 9 BAC PRO en 3 ans En [&hellip;]<\/p>\n","protected":false},"author":327,"featured_media":0,"parent":0,"menu_order":0,"comment_status":"closed","ping_status":"closed","template":"page-no-title","meta":{"footnotes":""},"class_list":["post-255","page","type-page","status-publish","hentry"],"_links":{"self":[{"href":"https:\/\/site.ac-martinique.fr\/lyc-leopoldbissol\/wp-json\/wp\/v2\/pages\/255","targetHints":{"allow":["GET"]}}],"collection":[{"href":"https:\/\/site.ac-martinique.fr\/lyc-leopoldbissol\/wp-json\/wp\/v2\/pages"}],"about":[{"href":"https:\/\/site.ac-martinique.fr\/lyc-leopoldbissol\/wp-json\/wp\/v2\/types\/page"}],"author":[{"embeddable":true,"href":"https:\/\/site.ac-martinique.fr\/lyc-leopoldbissol\/wp-json\/wp\/v2\/users\/327"}],"replies":[{"embeddable":true,"href":"https:\/\/site.ac-martinique.fr\/lyc-leopoldbissol\/wp-json\/wp\/v2\/comments?post=255"}],"version-history":[{"count":20,"href":"https:\/\/site.ac-martinique.fr\/lyc-leopoldbissol\/wp-json\/wp\/v2\/pages\/255\/revisions"}],"predecessor-version":[{"id":710,"href":"https:\/\/site.ac-martinique.fr\/lyc-leopoldbissol\/wp-json\/wp\/v2\/pages\/255\/revisions\/710"}],"wp:attachment":[{"href":"https:\/\/site.ac-martinique.fr\/lyc-leopoldbissol\/wp-json\/wp\/v2\/media?parent=255"}],"curies":[{"name":"wp","href":"https:\/\/api.w.org\/{rel}","templated":true}]}}