{"id":26,"date":"2024-09-24T14:36:11","date_gmt":"2024-09-24T18:36:11","guid":{"rendered":"https:\/\/site.ac-martinique.fr\/lyc-leopoldbissol\/?page_id=26"},"modified":"2025-05-20T00:31:48","modified_gmt":"2025-05-20T04:31:48","slug":"nos-projets-pedagogiques","status":"publish","type":"page","link":"https:\/\/site.ac-martinique.fr\/lyc-leopoldbissol\/nos-projets-pedagogiques\/","title":{"rendered":"Nos Projets &amp; Structures P\u00e9dagogiques"},"content":{"rendered":"\n<p class=\"has-text-align-center\">Bienvenue sur la page d\u00e9di\u00e9e \u00e0 nos projets et structures p\u00e9dagogiques ! <\/p>\n\n\n\n<div class=\"wp-block-group alignfull has-global-padding is-layout-constrained wp-container-core-group-is-layout-a29f7d37 wp-block-group-is-layout-constrained\">\n<h2 class=\"wp-block-heading has-text-align-center\">D\u00e9couvrez les initiatives de notre lyc\u00e9e, qui mettent en avant diversit\u00e9 et apprentissages innovants.<\/h2>\n\n\n\n<div class=\"wp-block-columns alignwide tw-justify-center tw-cols-stack-md-2 is-layout-flex wp-container-core-columns-is-layout-d0b3c9c8 wp-block-columns-is-layout-flex\">\n<div class=\"wp-block-column tw-stretched-link is-layout-flow wp-block-column-is-layout-flow\">\n<figure class=\"wp-block-image aligncenter size-full is-resized\"><img loading=\"lazy\" decoding=\"async\" width=\"1024\" height=\"1024\" src=\"https:\/\/site.ac-martinique.fr\/lyc-leopoldbissol\/wp-content\/uploads\/sites\/151\/2025\/05\/ecole-des-reseaux.png\" alt=\"\" class=\"wp-image-1643\" style=\"width:120px\" srcset=\"https:\/\/site.ac-martinique.fr\/lyc-leopoldbissol\/wp-content\/uploads\/sites\/151\/2025\/05\/ecole-des-reseaux.png 1024w, https:\/\/site.ac-martinique.fr\/lyc-leopoldbissol\/wp-content\/uploads\/sites\/151\/2025\/05\/ecole-des-reseaux-300x300.png 300w, https:\/\/site.ac-martinique.fr\/lyc-leopoldbissol\/wp-content\/uploads\/sites\/151\/2025\/05\/ecole-des-reseaux-150x150.png 150w\" sizes=\"auto, (max-width: 1024px) 100vw, 1024px\" \/><\/figure>\n\n\n\n<h3 class=\"wp-block-heading has-text-align-center has-large-font-size\">L&rsquo;\u00e9cole des R\u00e9seaux<\/h3>\n\n\n\n<p class=\"has-text-align-center\">Renforcer les liens entre formation et monde professionnel<\/p>\n<\/div>\n\n\n\n<div class=\"wp-block-column tw-stretched-link is-layout-flow wp-block-column-is-layout-flow\">\n<figure class=\"wp-block-image aligncenter size-large is-resized\"><a href=\"https:\/\/site.ac-martinique.fr\/lyc-leopoldbissol\/upe2a\/\"><img loading=\"lazy\" decoding=\"async\" width=\"1024\" height=\"552\" src=\"https:\/\/site.ac-martinique.fr\/lyc-leopoldbissol\/wp-content\/uploads\/sites\/151\/2025\/01\/upe2a-fond-transparent-1024x552.png\" alt=\"\" class=\"wp-image-981\" style=\"width:120px\" srcset=\"https:\/\/site.ac-martinique.fr\/lyc-leopoldbissol\/wp-content\/uploads\/sites\/151\/2025\/01\/upe2a-fond-transparent-1024x552.png 1024w, https:\/\/site.ac-martinique.fr\/lyc-leopoldbissol\/wp-content\/uploads\/sites\/151\/2025\/01\/upe2a-fond-transparent-300x162.png 300w, https:\/\/site.ac-martinique.fr\/lyc-leopoldbissol\/wp-content\/uploads\/sites\/151\/2025\/01\/upe2a-fond-transparent-768x414.png 768w, https:\/\/site.ac-martinique.fr\/lyc-leopoldbissol\/wp-content\/uploads\/sites\/151\/2025\/01\/upe2a-fond-transparent.png 1201w\" sizes=\"auto, (max-width: 1024px) 100vw, 1024px\" \/><\/a><\/figure>\n\n\n\n<h3 class=\"wp-block-heading has-text-align-center has-large-font-size\">UPE2A<\/h3>\n\n\n\n<p class=\"has-text-align-center\">Une unit\u00e9 d\u2019accompagnement pour les \u00e9l\u00e8ves allophones<\/p>\n<\/div>\n\n\n\n<div class=\"wp-block-column is-layout-flow wp-block-column-is-layout-flow\">\n<figure class=\"wp-block-image aligncenter size-full is-resized\"><img loading=\"lazy\" decoding=\"async\" width=\"942\" height=\"701\" src=\"https:\/\/site.ac-martinique.fr\/lyc-leopoldbissol\/wp-content\/uploads\/sites\/151\/2024\/12\/Leopold_CMJN.jpg\" alt=\"\" class=\"wp-image-681\" style=\"width:120px\" srcset=\"https:\/\/site.ac-martinique.fr\/lyc-leopoldbissol\/wp-content\/uploads\/sites\/151\/2024\/12\/Leopold_CMJN.jpg 942w, https:\/\/site.ac-martinique.fr\/lyc-leopoldbissol\/wp-content\/uploads\/sites\/151\/2024\/12\/Leopold_CMJN-300x223.jpg 300w, https:\/\/site.ac-martinique.fr\/lyc-leopoldbissol\/wp-content\/uploads\/sites\/151\/2024\/12\/Leopold_CMJN-768x572.jpg 768w\" sizes=\"auto, (max-width: 942px) 100vw, 942px\" \/><\/figure>\n\n\n\n<h3 class=\"wp-block-heading has-text-align-center has-large-font-size\">&#8230;A venir<\/h3>\n\n\n\n<p class=\"has-text-align-center\"><\/p>\n<\/div>\n<\/div>\n<\/div>\n\n\n\n<p><\/p>\n","protected":false},"excerpt":{"rendered":"<p>Bienvenue sur la page d\u00e9di\u00e9e \u00e0 nos projets et structures p\u00e9dagogiques ! D\u00e9couvrez les initiatives de notre lyc\u00e9e, qui mettent en avant diversit\u00e9 et apprentissages innovants. L&rsquo;\u00e9cole des R\u00e9seaux Renforcer les liens entre formation et monde professionnel UPE2A Une unit\u00e9 d\u2019accompagnement pour les \u00e9l\u00e8ves allophones &#8230;A venir<\/p>\n","protected":false},"author":327,"featured_media":0,"parent":0,"menu_order":0,"comment_status":"closed","ping_status":"closed","template":"","meta":{"footnotes":""},"class_list":["post-26","page","type-page","status-publish","hentry"],"_links":{"self":[{"href":"https:\/\/site.ac-martinique.fr\/lyc-leopoldbissol\/wp-json\/wp\/v2\/pages\/26","targetHints":{"allow":["GET"]}}],"collection":[{"href":"https:\/\/site.ac-martinique.fr\/lyc-leopoldbissol\/wp-json\/wp\/v2\/pages"}],"about":[{"href":"https:\/\/site.ac-martinique.fr\/lyc-leopoldbissol\/wp-json\/wp\/v2\/types\/page"}],"author":[{"embeddable":true,"href":"https:\/\/site.ac-martinique.fr\/lyc-leopoldbissol\/wp-json\/wp\/v2\/users\/327"}],"replies":[{"embeddable":true,"href":"https:\/\/site.ac-martinique.fr\/lyc-leopoldbissol\/wp-json\/wp\/v2\/comments?post=26"}],"version-history":[{"count":8,"href":"https:\/\/site.ac-martinique.fr\/lyc-leopoldbissol\/wp-json\/wp\/v2\/pages\/26\/revisions"}],"predecessor-version":[{"id":1645,"href":"https:\/\/site.ac-martinique.fr\/lyc-leopoldbissol\/wp-json\/wp\/v2\/pages\/26\/revisions\/1645"}],"wp:attachment":[{"href":"https:\/\/site.ac-martinique.fr\/lyc-leopoldbissol\/wp-json\/wp\/v2\/media?parent=26"}],"curies":[{"name":"wp","href":"https:\/\/api.w.org\/{rel}","templated":true}]}}