{"id":260,"date":"2024-11-26T17:01:23","date_gmt":"2024-11-26T21:01:23","guid":{"rendered":"https:\/\/site.ac-martinique.fr\/lyc-leopoldbissol\/?page_id=260"},"modified":"2024-12-02T23:00:30","modified_gmt":"2024-12-03T03:00:30","slug":"bac-pro-3-ans","status":"publish","type":"page","link":"https:\/\/site.ac-martinique.fr\/lyc-leopoldbissol\/nos-formations\/bac-pro-3-ans\/","title":{"rendered":"Nos BAC PRO en 3 ans"},"content":{"rendered":"\n<div class=\"wp-block-columns alignwide is-layout-flex wp-container-core-columns-is-layout-d0b3c9c8 wp-block-columns-is-layout-flex\">\n<div class=\"wp-block-column is-layout-flow wp-block-column-is-layout-flow\">\n<p>Les baccalaur\u00e9ats professionnels se pr\u00e9parent en 3 ans apr\u00e8s la 3<sup>e<\/sup>&nbsp;(2<sup>de<\/sup>&nbsp;pro, 1<sup>re<\/sup>&nbsp;pro et T<sup>le<\/sup>&nbsp;pro) en lyc\u00e9e professionnel. Le cursus commence par une classe de 2<sup>de<\/sup>&nbsp;pro commune \u00e0 plusieurs sp\u00e9cialit\u00e9s de baccalaur\u00e9ats professionnels du m\u00eame secteur. Ce dipl\u00f4me est \u00e9galement accessible apr\u00e8s un CAP ou une 2<sup>de<\/sup>&nbsp;g\u00e9n\u00e9rale et technologique.&nbsp;<\/p>\n\n\n\n<p>L&rsquo;enseignement comprend des p\u00e9riodes de formation en milieu professionnel (PFMP- ou stages en entreprise) obligatoires qui, depuis la rentr\u00e9e 2023 sont gratifi\u00e9es d&rsquo;une allocation vers\u00e9e par l\u2019\u00c9tat cumulable avec celle \u00e9ventuellement vers\u00e9e par l&#8217;employeur.<\/p>\n\n\n\n<p>Le dipl\u00f4me pr\u00e9pare \u00e0 l&rsquo;entr\u00e9e dans la vie active, mais permet aussi la poursuite d&rsquo;\u00e9tudes, notamment en BTS.<\/p>\n<\/div>\n<\/div>\n\n\n\n<div style=\"--tw-animation-delay:1s;\" class=\"wp-block-group alignfull has-global-padding is-content-justification-center is-layout-constrained wp-block-group-is-layout-constrained tw-block-animation tw-animation-scale-in tw-duration-5\" id=\"MTNE\">\n<h2 class=\"wp-block-heading has-text-align-center has-large-font-size\">M\u00c9TIERS DE&nbsp;LA TRANSITION&nbsp;NUM\u00c9RIQUE ET \u00c9NERG\u00c9TIQUE<\/h2>\n\n\n\n<div class=\"wp-block-columns alignwide tw-cols-stack-md is-layout-flex wp-container-core-columns-is-layout-207311c6 wp-block-columns-is-layout-flex tw-large-gap\">\n<div class=\"wp-block-column is-layout-flow wp-block-column-is-layout-flow\" style=\"--col-width:30%;flex-basis:30%\">\n<figure class=\"wp-block-image size-full is-style-rounded is-style-rounded--1\"><img loading=\"lazy\" decoding=\"async\" width=\"1024\" height=\"1024\" src=\"https:\/\/site.ac-martinique.fr\/lyc-leopoldbissol\/wp-content\/uploads\/sites\/151\/2024\/11\/MTNE.jpeg\" alt=\"\" class=\"wp-image-303\" style=\"aspect-ratio:3\/2;object-fit:cover\" srcset=\"https:\/\/site.ac-martinique.fr\/lyc-leopoldbissol\/wp-content\/uploads\/sites\/151\/2024\/11\/MTNE.jpeg 1024w, https:\/\/site.ac-martinique.fr\/lyc-leopoldbissol\/wp-content\/uploads\/sites\/151\/2024\/11\/MTNE-300x300.jpeg 300w, https:\/\/site.ac-martinique.fr\/lyc-leopoldbissol\/wp-content\/uploads\/sites\/151\/2024\/11\/MTNE-150x150.jpeg 150w, https:\/\/site.ac-martinique.fr\/lyc-leopoldbissol\/wp-content\/uploads\/sites\/151\/2024\/11\/MTNE-768x768.jpeg 768w\" sizes=\"auto, (max-width: 1024px) 100vw, 1024px\" \/><\/figure>\n<\/div>\n\n\n\n<div class=\"wp-block-column is-vertically-aligned-center has-global-padding is-content-justification-left is-layout-constrained wp-container-core-column-is-layout-12dd3699 wp-block-column-is-layout-constrained\" style=\"--col-width:70%;flex-basis:70%\">\n<ul class=\"wp-block-list is-style-tw-checkmark tw-list-spacing-loose\">\n<li><a href=\"https:\/\/site.ac-martinique.fr\/lyc-leopoldbissol\/nos-formations\/bac-pro-3-ans\/bac-pro-mtne-melec\/\" data-type=\"page\" data-id=\"233\"><strong>BAC PRO MELEC<\/strong><br>\u00ab\u00a0M\u00e9tiers de l&rsquo;\u00e9lectricit\u00e9 et de ses environnements connect\u00e9s\u00a0\u00bb<\/a><\/li>\n<\/ul>\n<\/div>\n<\/div>\n\n\n\n<div style=\"height:30px\" aria-hidden=\"true\" class=\"wp-block-spacer\"><\/div>\n<\/div>\n\n\n\n<div style=\"--tw-animation-delay:1s;\" class=\"wp-block-group alignfull has-global-padding is-layout-constrained wp-block-group-is-layout-constrained tw-block-animation tw-animation-scale-in tw-duration-5\" id=\"MEMNB\">\n<h2 class=\"wp-block-heading has-text-align-center has-large-font-size\">M\u00c9TIERS DES \u00c9TUDES ET DE LA MOD\u00c9LISATION&nbsp;<br>NUM\u00c9RIQUE DU B\u00c2TIMENT<\/h2>\n\n\n\n<div class=\"wp-block-columns alignwide tw-cols-stack-md is-layout-flex wp-container-core-columns-is-layout-207311c6 wp-block-columns-is-layout-flex tw-large-gap\">\n<div class=\"wp-block-column is-layout-flow wp-block-column-is-layout-flow\" style=\"--col-width:30%;flex-basis:30%\">\n<figure class=\"wp-block-image size-full is-style-rounded is-style-rounded--2\"><img loading=\"lazy\" decoding=\"async\" width=\"1024\" height=\"1024\" src=\"https:\/\/site.ac-martinique.fr\/lyc-leopoldbissol\/wp-content\/uploads\/sites\/151\/2024\/11\/MEMNB.jpeg\" alt=\"\" class=\"wp-image-304\" style=\"aspect-ratio:3\/2;object-fit:cover\" srcset=\"https:\/\/site.ac-martinique.fr\/lyc-leopoldbissol\/wp-content\/uploads\/sites\/151\/2024\/11\/MEMNB.jpeg 1024w, https:\/\/site.ac-martinique.fr\/lyc-leopoldbissol\/wp-content\/uploads\/sites\/151\/2024\/11\/MEMNB-300x300.jpeg 300w, https:\/\/site.ac-martinique.fr\/lyc-leopoldbissol\/wp-content\/uploads\/sites\/151\/2024\/11\/MEMNB-150x150.jpeg 150w, https:\/\/site.ac-martinique.fr\/lyc-leopoldbissol\/wp-content\/uploads\/sites\/151\/2024\/11\/MEMNB-768x768.jpeg 768w\" sizes=\"auto, (max-width: 1024px) 100vw, 1024px\" \/><\/figure>\n<\/div>\n\n\n\n<div class=\"wp-block-column is-vertically-aligned-center has-global-padding is-content-justification-left is-layout-constrained wp-container-core-column-is-layout-12dd3699 wp-block-column-is-layout-constrained\" style=\"--col-width:70%;flex-basis:70%\">\n<ul class=\"wp-block-list is-style-tw-checkmark tw-list-spacing-loose\">\n<li><a href=\"https:\/\/www.onisep.fr\/ressources\/univers-formation\/formations\/lycees\/bac-pro-technicien-d-etudes-du-batiment-option-a-etudes-et-economie\" data-type=\"link\" data-id=\"https:\/\/www.onisep.fr\/ressources\/univers-formation\/formations\/lycees\/bac-pro-technicien-d-etudes-du-batiment-option-a-etudes-et-economie\" target=\"_blank\" rel=\"noreferrer noopener\"><strong>BAC PRO <strong>TEB EE<\/strong><\/strong> (option A)<br>\u00ab\u00a0Technicien \u00c9tude du B\u00e2timent <strong>option<\/strong>&nbsp;\u00c9tude et \u00c9conomie\u00a0\u00bb<\/a><\/li>\n<\/ul>\n\n\n\n<ul class=\"wp-block-list is-style-tw-checkmark tw-list-spacing-loose\">\n<li><a href=\"https:\/\/www.onisep.fr\/ressources\/univers-formation\/formations\/lycees\/bac-pro-technicien-d-etudes-du-batiment-option-b-assistant-en-architecture\" data-type=\"link\" data-id=\"https:\/\/www.onisep.fr\/ressources\/univers-formation\/formations\/lycees\/bac-pro-technicien-d-etudes-du-batiment-option-b-assistant-en-architecture\" target=\"_blank\" rel=\"noreferrer noopener\"><strong>BAC PRO TEB AA<\/strong> (option B)<br>\u00ab\u00a0Technicien \u00c9tude du B\u00e2timent <strong>option<\/strong>&nbsp;Assistant d&rsquo;Architecte\u00a0\u00bb<\/a><\/li>\n<\/ul>\n\n\n\n<ul class=\"wp-block-list is-style-tw-checkmark tw-list-spacing-loose\">\n<li><a href=\"https:\/\/www.onisep.fr\/ressources\/univers-formation\/formations\/lycees\/bac-pro-geometre\" data-type=\"link\" data-id=\"https:\/\/www.onisep.fr\/ressources\/univers-formation\/formations\/lycees\/bac-pro-geometre\" target=\"_blank\" rel=\"noreferrer noopener\"><strong>BAC PRO G\u00c9OM\u00c8TRE <\/strong><br>\u00ab\u00a0Technicien G\u00e9om\u00e8tre Topographe\u00a0\u00bb<\/a><\/li>\n<\/ul>\n<\/div>\n<\/div>\n\n\n\n<div style=\"height:30px\" aria-hidden=\"true\" class=\"wp-block-spacer\"><\/div>\n<\/div>\n\n\n\n<div style=\"--tw-animation-delay:1s;\" class=\"wp-block-group alignfull has-global-padding is-layout-constrained wp-block-group-is-layout-constrained tw-block-animation tw-animation-scale-in tw-duration-5\" id=\"MCDBTP\">\n<h2 class=\"wp-block-heading has-text-align-center has-large-font-size\">M\u00c9TIERS DE LA CONSTRUCTION DURABLE, DU B\u00c2TIMENT ET DES TRAVAUX PUBLICS&nbsp;<\/h2>\n\n\n\n<div class=\"wp-block-columns alignwide tw-cols-stack-md is-layout-flex wp-container-core-columns-is-layout-207311c6 wp-block-columns-is-layout-flex tw-large-gap\">\n<div class=\"wp-block-column is-layout-flow wp-block-column-is-layout-flow\" style=\"--col-width:30%;flex-basis:30%\">\n<figure class=\"wp-block-image size-full is-style-rounded is-style-rounded--3\"><img loading=\"lazy\" decoding=\"async\" width=\"1024\" height=\"1024\" src=\"https:\/\/site.ac-martinique.fr\/lyc-leopoldbissol\/wp-content\/uploads\/sites\/151\/2024\/11\/MCDBTP.jpeg\" alt=\"\" class=\"wp-image-306\" style=\"aspect-ratio:3\/2;object-fit:cover\" srcset=\"https:\/\/site.ac-martinique.fr\/lyc-leopoldbissol\/wp-content\/uploads\/sites\/151\/2024\/11\/MCDBTP.jpeg 1024w, https:\/\/site.ac-martinique.fr\/lyc-leopoldbissol\/wp-content\/uploads\/sites\/151\/2024\/11\/MCDBTP-300x300.jpeg 300w, https:\/\/site.ac-martinique.fr\/lyc-leopoldbissol\/wp-content\/uploads\/sites\/151\/2024\/11\/MCDBTP-150x150.jpeg 150w, https:\/\/site.ac-martinique.fr\/lyc-leopoldbissol\/wp-content\/uploads\/sites\/151\/2024\/11\/MCDBTP-768x768.jpeg 768w\" sizes=\"auto, (max-width: 1024px) 100vw, 1024px\" \/><\/figure>\n<\/div>\n\n\n\n<div class=\"wp-block-column is-vertically-aligned-center has-global-padding is-content-justification-left is-layout-constrained wp-container-core-column-is-layout-12dd3699 wp-block-column-is-layout-constrained\" style=\"--col-width:70%;flex-basis:70%\">\n<ul class=\"wp-block-list is-style-tw-checkmark tw-list-spacing-loose\">\n<li><a href=\"https:\/\/www.onisep.fr\/ressources\/univers-formation\/formations\/lycees\/bac-pro-technicien-du-batiment-organisation-et-realisation-du-gros-oeuvre\" data-type=\"link\" data-id=\"https:\/\/www.onisep.fr\/ressources\/univers-formation\/formations\/lycees\/bac-pro-technicien-du-batiment-organisation-et-realisation-du-gros-oeuvre\" target=\"_blank\" rel=\"noreferrer noopener\"><strong>BAC PRO  TBORGO<\/strong><br>\u00ab\u00a0Technicien du B\u00e2timent : Organisation et R\u00e9alisation du Gros \u0152uvre\u00a0\u00bb<\/a><\/li>\n<\/ul>\n\n\n\n<ul class=\"wp-block-list is-style-tw-checkmark tw-list-spacing-loose\">\n<li><a href=\"https:\/\/www.onisep.fr\/ressources\/univers-formation\/formations\/lycees\/bac-pro-travaux-publics\" data-type=\"link\" data-id=\"https:\/\/www.onisep.fr\/ressources\/univers-formation\/formations\/lycees\/bac-pro-travaux-publics\" target=\"_blank\" rel=\"noreferrer noopener\"><strong>BAC PRO TP<\/strong><br>\u00ab\u00a0Travaux Publics\u00a0\u00bb<\/a><\/li>\n<\/ul>\n\n\n\n<ul class=\"wp-block-list is-style-tw-checkmark tw-list-spacing-loose\">\n<li><a href=\"https:\/\/www.onisep.fr\/ressources\/univers-formation\/formations\/lycees\/bac-pro-amenagement-et-finition-du-batiment\" target=\"_blank\" rel=\"noreferrer noopener\"><strong>BAC PRO AFB<\/strong><br>\u00ab\u00a0Am\u00e9nagement et Finition du B\u00e2timent\u00a0\u00bb<\/a><\/li>\n<\/ul>\n<\/div>\n<\/div>\n\n\n\n<div style=\"height:30px\" aria-hidden=\"true\" class=\"wp-block-spacer\"><\/div>\n<\/div>\n\n\n\n<div style=\"--tw-animation-delay:1s;\" class=\"wp-block-group alignfull has-global-padding is-layout-constrained wp-block-group-is-layout-constrained tw-block-animation tw-animation-scale-in tw-duration-5\" id=\"MAMA\">\n<h2 class=\"wp-block-heading has-text-align-center has-large-font-size\">M\u00c9TIERS DE L&rsquo;AGENCEMENT, DE LA MENUISERIE ET L&rsquo;AMEUBLEMENT<\/h2>\n\n\n\n<div class=\"wp-block-columns alignwide tw-cols-stack-md is-layout-flex wp-container-core-columns-is-layout-207311c6 wp-block-columns-is-layout-flex tw-large-gap\">\n<div class=\"wp-block-column is-layout-flow wp-block-column-is-layout-flow\" style=\"--col-width:30%;flex-basis:30%\">\n<figure class=\"wp-block-image size-full is-style-rounded is-style-rounded--4\"><img loading=\"lazy\" decoding=\"async\" width=\"1024\" height=\"1024\" src=\"https:\/\/site.ac-martinique.fr\/lyc-leopoldbissol\/wp-content\/uploads\/sites\/151\/2024\/11\/MAMA.jpeg\" alt=\"\" class=\"wp-image-305\" style=\"aspect-ratio:3\/2;object-fit:cover\" srcset=\"https:\/\/site.ac-martinique.fr\/lyc-leopoldbissol\/wp-content\/uploads\/sites\/151\/2024\/11\/MAMA.jpeg 1024w, https:\/\/site.ac-martinique.fr\/lyc-leopoldbissol\/wp-content\/uploads\/sites\/151\/2024\/11\/MAMA-300x300.jpeg 300w, https:\/\/site.ac-martinique.fr\/lyc-leopoldbissol\/wp-content\/uploads\/sites\/151\/2024\/11\/MAMA-150x150.jpeg 150w, https:\/\/site.ac-martinique.fr\/lyc-leopoldbissol\/wp-content\/uploads\/sites\/151\/2024\/11\/MAMA-768x768.jpeg 768w\" sizes=\"auto, (max-width: 1024px) 100vw, 1024px\" \/><\/figure>\n<\/div>\n\n\n\n<div class=\"wp-block-column is-vertically-aligned-center has-global-padding is-content-justification-left is-layout-constrained wp-container-core-column-is-layout-12dd3699 wp-block-column-is-layout-constrained\" style=\"--col-width:70%;flex-basis:70%\">\n<ul class=\"wp-block-list is-style-tw-checkmark tw-list-spacing-loose\">\n<li><a href=\"https:\/\/www.onisep.fr\/ressources\/univers-formation\/formations\/lycees\/bac-pro-technicien-menuisier-agenceur\" data-type=\"link\" data-id=\"https:\/\/www.onisep.fr\/ressources\/univers-formation\/formations\/lycees\/bac-pro-technicien-du-batiment-organisation-et-realisation-du-gros-oeuvre\" target=\"_blank\" rel=\"noreferrer noopener\"><strong>BAC PRO  TMA<\/strong><br>\u00ab\u00a0Technicien Menuisier Agenceur\u00a0\u00bb<\/a><\/li>\n<\/ul>\n\n\n\n<ul class=\"wp-block-list is-style-tw-checkmark tw-list-spacing-loose\">\n<li><a href=\"https:\/\/www.onisep.fr\/ressources\/univers-formation\/formations\/lycees\/bac-pro-etude-et-realisation-d-agencement\" data-type=\"link\" data-id=\"https:\/\/www.onisep.fr\/ressources\/univers-formation\/formations\/lycees\/bac-pro-travaux-publics\" target=\"_blank\" rel=\"noreferrer noopener\"><strong>BAC PRO ERA<\/strong><br>\u00ab\u00a0\u00c9tude et R\u00e9alisation d&rsquo;Agencement\u00a0\u00bb<\/a><\/li>\n<\/ul>\n<\/div>\n<\/div>\n\n\n\n<div style=\"height:30px\" aria-hidden=\"true\" class=\"wp-block-spacer\"><\/div>\n<\/div>\n","protected":false},"excerpt":{"rendered":"<p>Les baccalaur\u00e9ats professionnels se pr\u00e9parent en 3 ans apr\u00e8s la 3e&nbsp;(2de&nbsp;pro, 1re&nbsp;pro et Tle&nbsp;pro) en lyc\u00e9e professionnel. Le cursus commence par une classe de 2de&nbsp;pro commune \u00e0 plusieurs sp\u00e9cialit\u00e9s de baccalaur\u00e9ats professionnels du m\u00eame secteur. Ce dipl\u00f4me est \u00e9galement accessible apr\u00e8s un CAP ou une 2de&nbsp;g\u00e9n\u00e9rale et technologique.&nbsp; L&rsquo;enseignement comprend des p\u00e9riodes de formation en [&hellip;]<\/p>\n","protected":false},"author":327,"featured_media":0,"parent":255,"menu_order":0,"comment_status":"closed","ping_status":"closed","template":"","meta":{"footnotes":""},"class_list":["post-260","page","type-page","status-publish","hentry"],"_links":{"self":[{"href":"https:\/\/site.ac-martinique.fr\/lyc-leopoldbissol\/wp-json\/wp\/v2\/pages\/260","targetHints":{"allow":["GET"]}}],"collection":[{"href":"https:\/\/site.ac-martinique.fr\/lyc-leopoldbissol\/wp-json\/wp\/v2\/pages"}],"about":[{"href":"https:\/\/site.ac-martinique.fr\/lyc-leopoldbissol\/wp-json\/wp\/v2\/types\/page"}],"author":[{"embeddable":true,"href":"https:\/\/site.ac-martinique.fr\/lyc-leopoldbissol\/wp-json\/wp\/v2\/users\/327"}],"replies":[{"embeddable":true,"href":"https:\/\/site.ac-martinique.fr\/lyc-leopoldbissol\/wp-json\/wp\/v2\/comments?post=260"}],"version-history":[{"count":19,"href":"https:\/\/site.ac-martinique.fr\/lyc-leopoldbissol\/wp-json\/wp\/v2\/pages\/260\/revisions"}],"predecessor-version":[{"id":448,"href":"https:\/\/site.ac-martinique.fr\/lyc-leopoldbissol\/wp-json\/wp\/v2\/pages\/260\/revisions\/448"}],"up":[{"embeddable":true,"href":"https:\/\/site.ac-martinique.fr\/lyc-leopoldbissol\/wp-json\/wp\/v2\/pages\/255"}],"wp:attachment":[{"href":"https:\/\/site.ac-martinique.fr\/lyc-leopoldbissol\/wp-json\/wp\/v2\/media?parent=260"}],"curies":[{"name":"wp","href":"https:\/\/api.w.org\/{rel}","templated":true}]}}