{"id":392,"date":"2024-12-02T12:19:48","date_gmt":"2024-12-02T16:19:48","guid":{"rendered":"https:\/\/site.ac-martinique.fr\/lyc-leopoldbissol\/?page_id=392"},"modified":"2025-01-27T16:44:38","modified_gmt":"2025-01-27T20:44:38","slug":"marche-public","status":"publish","type":"page","link":"https:\/\/site.ac-martinique.fr\/lyc-leopoldbissol\/marche-public\/","title":{"rendered":"appel d&rsquo;offre et march\u00e9 public"},"content":{"rendered":"\n<h1 class=\"wp-block-heading alignwide\">Les appels d&rsquo;offres et march\u00e9 public<\/h1>\n\n\n\n<div class=\"wp-block-group alignfull has-global-padding is-layout-constrained wp-container-core-group-is-layout-0747478d wp-block-group-is-layout-constrained\" style=\"padding-top:var(--wp--preset--spacing--50);padding-right:var(--wp--preset--spacing--50);padding-bottom:var(--wp--preset--spacing--50);padding-left:var(--wp--preset--spacing--50)\">\n<div class=\"wp-block-columns alignwide is-layout-flex wp-container-core-columns-is-layout-f43dd543 wp-block-columns-is-layout-flex\" style=\"margin-top:0;margin-bottom:0\">\n<div class=\"wp-block-column is-layout-flow wp-container-core-column-is-layout-8a368f38 wp-block-column-is-layout-flow\">\n<div class=\"wp-block-query is-layout-flow wp-block-query-is-layout-flow\"><ul class=\"wp-block-post-template is-layout-flow wp-container-core-post-template-is-layout-dc68bcd2 wp-block-post-template-is-layout-flow\"><li class=\"wp-block-post post-1023 post type-post status-publish format-standard has-post-thumbnail hentry category-administration category-appel-offre tag-bandeau-information\">\n<h2 class=\"wp-block-post-title\">Ouverture d&rsquo;une Consultation de March\u00e9 Public pour l&rsquo;Installation d&rsquo;une Caf\u00e9t\u00e9ria au Lyc\u00e9e Professionnel L\u00e9opold Bissol au Lamentin<\/h2>\n\n<div class=\"wp-block-post-date\"><time datetime=\"2025-01-27T16:45:02-04:00\">27 janvier 2025<\/time><\/div>\n\n<div class=\"wp-block-post-excerpt\"><p class=\"wp-block-post-excerpt__excerpt\">Le Lyc\u00e9e Professionnel L\u00e9opold Bissol, situ\u00e9 au Lamentin, lance une consultation de march\u00e9 public pour l\u2019ouverture et l\u2019exploitation d\u2019une caf\u00e9t\u00e9ria au sein de l\u2019\u00e9tablissement. Cette initiative s\u2019inscrit dans le cadre de l\u2019am\u00e9lioration des services aux \u00e9l\u00e8ves et au personnel du lyc\u00e9e, dans le but de leur offrir un espace convivial et agr\u00e9able pour se restaurer.\u2026 <\/p><\/div>\n\n<a class=\"wp-block-read-more\" href=\"https:\/\/site.ac-martinique.fr\/lyc-leopoldbissol\/2025\/01\/27\/ouverture-dune-consultation-de-marche-public-pour-linstallation-dune-cafeteria-au-lycee-professionnel-leopold-bissol-au-lamentin\/\" target=\"_self\">Lire la suite<span class=\"screen-reader-text\">\u00a0: Ouverture d&rsquo;une Consultation de March\u00e9 Public pour l&rsquo;Installation d&rsquo;une Caf\u00e9t\u00e9ria au Lyc\u00e9e Professionnel L\u00e9opold Bissol au Lamentin<\/span><\/a>\n<\/li><\/ul><\/div>\n<\/div>\n<\/div>\n<\/div>\n","protected":false},"excerpt":{"rendered":"<p>Les appels d&rsquo;offres et march\u00e9 public<\/p>\n","protected":false},"author":327,"featured_media":0,"parent":0,"menu_order":0,"comment_status":"closed","ping_status":"closed","template":"page-no-title","meta":{"footnotes":""},"class_list":["post-392","page","type-page","status-publish","hentry"],"_links":{"self":[{"href":"https:\/\/site.ac-martinique.fr\/lyc-leopoldbissol\/wp-json\/wp\/v2\/pages\/392","targetHints":{"allow":["GET"]}}],"collection":[{"href":"https:\/\/site.ac-martinique.fr\/lyc-leopoldbissol\/wp-json\/wp\/v2\/pages"}],"about":[{"href":"https:\/\/site.ac-martinique.fr\/lyc-leopoldbissol\/wp-json\/wp\/v2\/types\/page"}],"author":[{"embeddable":true,"href":"https:\/\/site.ac-martinique.fr\/lyc-leopoldbissol\/wp-json\/wp\/v2\/users\/327"}],"replies":[{"embeddable":true,"href":"https:\/\/site.ac-martinique.fr\/lyc-leopoldbissol\/wp-json\/wp\/v2\/comments?post=392"}],"version-history":[{"count":13,"href":"https:\/\/site.ac-martinique.fr\/lyc-leopoldbissol\/wp-json\/wp\/v2\/pages\/392\/revisions"}],"predecessor-version":[{"id":1024,"href":"https:\/\/site.ac-martinique.fr\/lyc-leopoldbissol\/wp-json\/wp\/v2\/pages\/392\/revisions\/1024"}],"wp:attachment":[{"href":"https:\/\/site.ac-martinique.fr\/lyc-leopoldbissol\/wp-json\/wp\/v2\/media?parent=392"}],"curies":[{"name":"wp","href":"https:\/\/api.w.org\/{rel}","templated":true}]}}