{"id":429,"date":"2024-12-02T15:41:50","date_gmt":"2024-12-02T19:41:50","guid":{"rendered":"https:\/\/site.ac-martinique.fr\/lyc-leopoldbissol\/?page_id=429"},"modified":"2024-12-19T23:25:03","modified_gmt":"2024-12-20T03:25:03","slug":"bts-travaux-publics","status":"publish","type":"page","link":"https:\/\/site.ac-martinique.fr\/lyc-leopoldbissol\/nos-formations\/bts-travaux-publics\/","title":{"rendered":"BTS Travaux Publics"},"content":{"rendered":"\n<h4 class=\"wp-block-heading\">BTS TP : Travaux Publics<\/h4>\n\n\n\n<div class=\"wp-block-group alignfull has-global-padding is-layout-constrained wp-block-group-is-layout-constrained\">\n<div style=\"--tw-animation-delay:0.9s;\" class=\"wp-block-columns alignwide are-vertically-aligned-center tw-cols-stack-md is-layout-flex wp-container-core-columns-is-layout-207311c6 wp-block-columns-is-layout-flex tw-block-animation tw-animation-fade-in-up tw-large-gap\">\n<div class=\"wp-block-column is-vertically-aligned-center has-global-padding is-layout-constrained wp-block-column-is-layout-constrained\">\n<h2 class=\"wp-block-heading has-text-align-center\">Devenez acteur des m\u00e9tiers de demain dans le b\u00e2timent et la construction durable !<\/h2>\n<\/div>\n\n\n\n<div class=\"wp-block-column is-vertically-aligned-center has-global-padding is-layout-constrained wp-block-column-is-layout-constrained\">\n<div style=\"position: relative; padding-top: 56.25%;\"><iframe loading=\"lazy\" title=\"Pr\u00e9sentation du BTS (Travaux Publics)\" width=\"100%\" height=\"100%\" src=\"https:\/\/tube-enseignement-professionnel.apps.education.fr\/videos\/embed\/b62122bf-c753-43a4-a517-98210490681a?loop=1&amp;autoplay=1&amp;warningTitle=0&amp;controlBar=0&amp;peertubeLink=0\" frameborder=\"0\" allowfullscreen=\"\" sandbox=\"allow-same-origin allow-scripts allow-popups allow-forms\" style=\"position: absolute; inset: 0px;\"><\/iframe><\/div>\n<\/div>\n<\/div>\n<\/div>\n\n\n\n<div class=\"wp-block-group alignwide has-global-padding is-layout-constrained wp-block-group-is-layout-constrained\">\n<h2 class=\"wp-block-heading has-text-align-center\">Pourquoi choisir le BTS TP ?<\/h2>\n\n\n\n<p class=\"has-text-align-center\">Le <strong>BTS Travaux Publics<\/strong> a pour objectif de former des techniciens sup\u00e9rieurs capables de participer \u00e0 la conception d\u2019ouvrages et d\u2019assurer la gestion quotidienne des chantiers de travaux publics, tout en int\u00e9grant les d\u00e9fis li\u00e9s aux transitions num\u00e9rique et \u00e9cologique.<\/p>\n\n\n\n<div class=\"wp-block-columns alignfull tw-cols-stack-md is-layout-flex wp-container-core-columns-is-layout-207311c6 wp-block-columns-is-layout-flex tw-block-animation tw-animation-fade-in-up tw-large-gap\">\n<div class=\"wp-block-column is-layout-flow wp-block-column-is-layout-flow\" style=\"--col-width:40%;flex-basis:40%\">\n<figure class=\"wp-block-image size-full is-style-tw-rounded-corners tw-block-animation tw-animation-fade-in-up\"><img loading=\"lazy\" decoding=\"async\" width=\"650\" height=\"433\" src=\"https:\/\/site.ac-martinique.fr\/lyc-leopoldbissol\/wp-content\/uploads\/sites\/151\/2024\/12\/image.jpg\" alt=\"\" class=\"wp-image-773\" srcset=\"https:\/\/site.ac-martinique.fr\/lyc-leopoldbissol\/wp-content\/uploads\/sites\/151\/2024\/12\/image.jpg 650w, https:\/\/site.ac-martinique.fr\/lyc-leopoldbissol\/wp-content\/uploads\/sites\/151\/2024\/12\/image-300x200.jpg 300w\" sizes=\"auto, (max-width: 650px) 100vw, 650px\" \/><\/figure>\n<\/div>\n\n\n\n<div class=\"wp-block-column is-vertically-aligned-center has-global-padding is-content-justification-left is-layout-constrained wp-container-core-column-is-layout-12dd3699 wp-block-column-is-layout-constrained\">\n<h3 class=\"wp-block-heading\"><strong>Objectifs de la formation<\/strong><\/h3>\n\n\n\n<p>Les \u00e9tudiants d\u00e9veloppent des comp\u00e9tences dans :<\/p>\n\n\n\n<ul class=\"wp-block-list is-style-tw-checkmark\">\n<li><strong>Le management de projet<\/strong> : encadrement des \u00e9quipes, gestion des risques, impacts sur la sant\u00e9 et l\u2019environnement.<\/li>\n\n\n\n<li><strong>La pr\u00e9paration des chantiers<\/strong> : m\u00e9thodes, planification, phases des travaux, et gestion budg\u00e9taire.<\/li>\n\n\n\n<li><strong>La conception et le contr\u00f4le<\/strong> : analyse des projets, participation \u00e0 leur conception, maintenance, et r\u00e9solution de probl\u00e8mes potentiels.<\/li>\n\n\n\n<li><strong>Les transitions num\u00e9rique et \u00e9cologique<\/strong> : utilisation des outils num\u00e9riques de gestion de chantier et prise en compte du d\u00e9veloppement durable.<\/li>\n<\/ul>\n<\/div>\n<\/div>\n\n\n\n<div class=\"wp-block-columns alignfull tw-cols-stack-md is-layout-flex wp-container-core-columns-is-layout-207311c6 wp-block-columns-is-layout-flex tw-block-animation tw-animation-fade-in-up tw-large-gap\">\n<div class=\"wp-block-column is-vertically-aligned-center has-global-padding is-content-justification-left is-layout-constrained wp-container-core-column-is-layout-9cc4e209 wp-block-column-is-layout-constrained\" style=\"padding-left:var(--wp--preset--spacing--40)\">\n<h3 class=\"wp-block-heading\"><strong>Les d\u00e9bouch\u00e9s professionnels<\/strong><\/h3>\n\n\n\n<p>Le titulaire du <strong>BTS Travaux Publics<\/strong> intervient dans un secteur d&rsquo;activit\u00e9s particuli\u00e8rement diversifi\u00e9. Ses comp\u00e9tences lui permettent de travailler dans des domaines tels que :<\/p>\n\n\n\n<ul class=\"wp-block-list is-style-tw-checkmark\">\n<li><strong>Travaux routiers<\/strong> et <strong>terrassements<\/strong>,<\/li>\n\n\n\n<li><strong>R\u00e9seaux secs<\/strong> (\u00e9lectricit\u00e9, t\u00e9l\u00e9communications, fibre optique, gaz) et <strong>r\u00e9seaux humides<\/strong> (eau, chauffage urbain, canalisations),<\/li>\n\n\n\n<li><strong>Ouvrages d&rsquo;art<\/strong> (ponts, viaducs) et <strong>\u00e9quipements industriels<\/strong>,<\/li>\n\n\n\n<li><strong>Forages<\/strong> et <strong>travaux souterrains<\/strong>,<\/li>\n\n\n\n<li><strong>Voies ferr\u00e9es<\/strong>,<\/li>\n\n\n\n<li><strong>Chantiers en milieux sp\u00e9cifiques<\/strong> (sites maritimes ou fluviaux).<\/li>\n<\/ul>\n\n\n\n<p>Avec de l&rsquo;exp\u00e9rience, il pourra \u00e9voluer vers des postes \u00e0 responsabilit\u00e9s, notamment en <strong>conduite de travaux<\/strong> ou en <strong>bureau d&rsquo;\u00e9tudes<\/strong>, contribuant \u00e0 la conception et au pilotage de projets d&rsquo;envergure.<\/p>\n<\/div>\n\n\n\n<div class=\"wp-block-column is-layout-flow wp-block-column-is-layout-flow\" style=\"--col-width:40%;flex-basis:40%\">\n<figure class=\"wp-block-image size-full is-style-tw-rounded-corners tw-block-animation tw-animation-fade-in-up\"><img loading=\"lazy\" decoding=\"async\" width=\"1024\" height=\"678\" src=\"https:\/\/site.ac-martinique.fr\/lyc-leopoldbissol\/wp-content\/uploads\/sites\/151\/2024\/12\/180112-lahar-precheurdsc_0797.jpg\" alt=\"\" class=\"wp-image-772\" srcset=\"https:\/\/site.ac-martinique.fr\/lyc-leopoldbissol\/wp-content\/uploads\/sites\/151\/2024\/12\/180112-lahar-precheurdsc_0797.jpg 1024w, https:\/\/site.ac-martinique.fr\/lyc-leopoldbissol\/wp-content\/uploads\/sites\/151\/2024\/12\/180112-lahar-precheurdsc_0797-300x199.jpg 300w, https:\/\/site.ac-martinique.fr\/lyc-leopoldbissol\/wp-content\/uploads\/sites\/151\/2024\/12\/180112-lahar-precheurdsc_0797-768x509.jpg 768w\" sizes=\"auto, (max-width: 1024px) 100vw, 1024px\" \/><\/figure>\n\n\n\n<figure class=\"wp-block-image size-full is-style-tw-rounded-corners tw-block-animation tw-animation-fade-in-up\"><img loading=\"lazy\" decoding=\"async\" width=\"486\" height=\"316\" src=\"https:\/\/site.ac-martinique.fr\/lyc-leopoldbissol\/wp-content\/uploads\/sites\/151\/2024\/12\/article-1648-img_chapo.jpg\" alt=\"\" class=\"wp-image-771\" srcset=\"https:\/\/site.ac-martinique.fr\/lyc-leopoldbissol\/wp-content\/uploads\/sites\/151\/2024\/12\/article-1648-img_chapo.jpg 486w, https:\/\/site.ac-martinique.fr\/lyc-leopoldbissol\/wp-content\/uploads\/sites\/151\/2024\/12\/article-1648-img_chapo-300x195.jpg 300w\" sizes=\"auto, (max-width: 486px) 100vw, 486px\" \/><\/figure>\n<\/div>\n<\/div>\n<\/div>\n\n\n\n<div class=\"wp-block-group alignfull has-contrast-3-background-color has-background has-global-padding is-layout-constrained wp-block-group-is-layout-constrained tw-block-animation tw-animation-fade-in-up\">\n<div class=\"wp-block-columns alignwide tw-cols-stack-md is-layout-flex wp-container-core-columns-is-layout-4b47329e wp-block-columns-is-layout-flex tw-large-gap\">\n<div class=\"wp-block-column tw-stretched-link has-global-padding is-layout-constrained wp-block-column-is-layout-constrained\">\n<h2 class=\"wp-block-heading has-text-align-center has-x-large-font-size\">D\u00e9couvrir la formation sur l&rsquo;ONISEP<\/h2>\n\n\n\n<div class=\"wp-block-buttons is-content-justification-center is-layout-flex wp-container-core-buttons-is-layout-a89b3969 wp-block-buttons-is-layout-flex\">\n<div class=\"wp-block-button\"><a class=\"wp-block-button__link wp-element-button\" href=\"https:\/\/www.onisep.fr\/ressources\/univers-formation\/formations\/post-bac\/bts-travaux-publics#debouches-professionnels\" target=\"_blank\" rel=\"noreferrer noopener\">Onisep<\/a><\/div>\n<\/div>\n\n\n\n<hr class=\"wp-block-separator has-alpha-channel-opacity is-style-wide tw-lg-hidden\" style=\"margin-top:48px\"\/>\n<\/div>\n\n\n\n<div class=\"wp-block-column tw-stretched-link has-global-padding is-layout-constrained wp-block-column-is-layout-constrained\">\n<h2 class=\"wp-block-heading has-text-align-center has-x-large-font-size\">Consulter en temps r\u00e9el les postes en Martinique<\/h2>\n\n\n\n<div class=\"wp-block-buttons is-content-justification-center is-layout-flex wp-container-core-buttons-is-layout-a89b3969 wp-block-buttons-is-layout-flex\">\n<div class=\"wp-block-button\"><a class=\"wp-block-button__link wp-element-button\" href=\"https:\/\/candidat.francetravail.fr\/offres\/recherche?lieux=02R&amp;motsCles=chef+de+chantier,btp&amp;offresPartenaires=true&amp;range=0-19&amp;rayon=10&amp;tri=0\" target=\"_blank\" rel=\"noreferrer noopener\">France Travail<\/a><\/div>\n<\/div>\n<\/div>\n<\/div>\n<\/div>\n\n\n\n<div class=\"wp-block-group alignfull has-global-padding is-layout-constrained wp-container-core-group-is-layout-d8832133 wp-block-group-is-layout-constrained\">\n<h2 class=\"wp-block-heading\" style=\"margin-bottom:64px\">Poursuite d&rsquo;\u00e9tude<\/h2>\n\n\n\n<div class=\"wp-block-columns alignwide is-layout-flex wp-container-core-columns-is-layout-d0b3c9c8 wp-block-columns-is-layout-flex\">\n<div class=\"wp-block-column is-layout-flow wp-block-column-is-layout-flow\" style=\"--col-width:70%;flex-basis:70%\">\n<h3 class=\"wp-block-heading\">Licence pro en 1 an<\/h3>\n\n\n\n<p>Le BTS est un dipl\u00f4me con\u00e7u pour une insertion professionnelle. Cependant avec un bon dossier ou une mention \u00e0 l&rsquo;examen, il est possible de poursuivre en licence professionnelle du m\u00eame domaine ou en \u00e9cole d&rsquo;ing\u00e9nieur apr\u00e8s une classe pr\u00e9paratoire.<\/p>\n\n\n\n<ul class=\"wp-block-list\">\n<li><a href=\"https:\/\/www.onisep.fr\/ressources\/univers-formation\/formations\/post-bac\/bts-electrotechnique\" target=\"_blank\" rel=\"noreferrer noopener\"><\/a><a href=\"https:\/\/www.onisep.fr\/ressources\/univers-formation\/formations\/post-bac\/licence-pro-mention-metiers-du-btp-travaux-publics\">Licence pro mention m\u00e9tiers du BTP : travaux publics<\/a><\/li>\n<\/ul>\n<\/div>\n\n\n\n<div class=\"wp-block-column is-layout-flow wp-block-column-is-layout-flow\" style=\"--col-width:30%;flex-basis:30%\">\n<figure class=\"wp-block-image size-full is-style-tw-rounded-corners\"><img loading=\"lazy\" decoding=\"async\" width=\"1400\" height=\"786\" src=\"https:\/\/site.ac-martinique.fr\/lyc-leopoldbissol\/wp-content\/uploads\/sites\/151\/2024\/12\/paris-tunnel_proudhon-2.jpeg\" alt=\"\" class=\"wp-image-770\" srcset=\"https:\/\/site.ac-martinique.fr\/lyc-leopoldbissol\/wp-content\/uploads\/sites\/151\/2024\/12\/paris-tunnel_proudhon-2.jpeg 1400w, https:\/\/site.ac-martinique.fr\/lyc-leopoldbissol\/wp-content\/uploads\/sites\/151\/2024\/12\/paris-tunnel_proudhon-2-300x168.jpeg 300w, https:\/\/site.ac-martinique.fr\/lyc-leopoldbissol\/wp-content\/uploads\/sites\/151\/2024\/12\/paris-tunnel_proudhon-2-1024x575.jpeg 1024w, https:\/\/site.ac-martinique.fr\/lyc-leopoldbissol\/wp-content\/uploads\/sites\/151\/2024\/12\/paris-tunnel_proudhon-2-768x431.jpeg 768w\" sizes=\"auto, (max-width: 1400px) 100vw, 1400px\" \/><figcaption class=\"wp-element-caption\"><a href=\"https:\/\/www.agence-lumiere.fr\/\">agence-lumiere<\/a><\/figcaption><\/figure>\n<\/div>\n<\/div>\n\n\n\n<hr class=\"wp-block-separator has-alpha-channel-opacity is-style-wide\"\/>\n<\/div>\n\n\n\n<div class=\"wp-block-query alignwide is-layout-flow wp-block-query-is-layout-flow\">\n<h2 class=\"wp-block-heading\">Les actualit\u00e9s de la fili\u00e8re&#8230;<\/h2>\n\n\n<ul class=\"columns-3 wp-block-post-template is-layout-grid wp-container-core-post-template-is-layout-fdbc5ac1 wp-block-post-template-is-layout-grid tw-cols-large\"><li class=\"wp-block-post post-2826 post type-post status-publish format-standard has-post-thumbnail hentry category-bacpro category-bts-tp category-famille-des-metiers category-mcdbtp category-tp tag-bandeau-actualite\">\n\n<div class=\"wp-block-group has-base-2-background-color has-background tw-stretched-link is-vertical is-layout-flex wp-container-core-group-is-layout-84fae65e wp-block-group-is-layout-flex\" style=\"border-radius:16px;min-height:100%\">\n<div class=\"wp-block-group is-layout-flow wp-block-group-is-layout-flow\"><figure style=\"aspect-ratio:16\/9;\" class=\"wp-block-post-featured-image tw-hover-zoom\"><img loading=\"lazy\" decoding=\"async\" width=\"750\" height=\"564\" src=\"https:\/\/site.ac-martinique.fr\/lyc-leopoldbissol\/wp-content\/uploads\/sites\/151\/2025\/12\/ea7ddddf-a509-4085-aa2d-adf3f2f50d3f.jpg\" class=\"attachment-large size-large wp-post-image\" alt=\"\" style=\"border-radius:0px;width:100%;height:100%;object-fit:cover;\" srcset=\"https:\/\/site.ac-martinique.fr\/lyc-leopoldbissol\/wp-content\/uploads\/sites\/151\/2025\/12\/ea7ddddf-a509-4085-aa2d-adf3f2f50d3f.jpg 750w, https:\/\/site.ac-martinique.fr\/lyc-leopoldbissol\/wp-content\/uploads\/sites\/151\/2025\/12\/ea7ddddf-a509-4085-aa2d-adf3f2f50d3f-300x226.jpg 300w\" sizes=\"auto, (max-width: 750px) 100vw, 750px\" \/><\/figure>\n\n<h2 style=\"padding-left:24px;padding-right:24px;padding-top:24px;margin-top:0;margin-bottom:0;\" class=\"tw-link-no-underline wp-block-post-title has-large-font-size\"><a href=\"https:\/\/site.ac-martinique.fr\/lyc-leopoldbissol\/2025\/12\/09\/formation-r-408-preparer-les-eleves-du-lycee-aux-travaux-en-hauteur\/\" target=\"_self\" >Formation R 408 : Pr\u00e9parer les \u00e9l\u00e8ves du lyc\u00e9e aux travaux en hauteur<\/a><\/h2><\/div>\n\n\n\n<div class=\"wp-block-group has-secondary-color has-text-color has-small-font-size is-layout-flex wp-container-core-group-is-layout-66a3e2b5 wp-block-group-is-layout-flex\" style=\"padding-right:24px;padding-bottom:24px;padding-left:24px;line-height:1.3\"><div class=\"wp-block-post-date\"><time datetime=\"2025-12-09T21:30:43-04:00\">9 d\u00e9cembre 2025<\/time><\/div><\/div>\n<\/div>\n\n<\/li><li class=\"wp-block-post post-2816 post type-post status-publish format-standard has-post-thumbnail hentry category-bacpro category-bts-tp category-tp tag-bandeau-actualite\">\n\n<div class=\"wp-block-group has-base-2-background-color has-background tw-stretched-link is-vertical is-layout-flex wp-container-core-group-is-layout-84fae65e wp-block-group-is-layout-flex\" style=\"border-radius:16px;min-height:100%\">\n<div class=\"wp-block-group is-layout-flow wp-block-group-is-layout-flow\"><figure style=\"aspect-ratio:16\/9;\" class=\"wp-block-post-featured-image tw-hover-zoom\"><img loading=\"lazy\" decoding=\"async\" width=\"918\" height=\"612\" src=\"https:\/\/site.ac-martinique.fr\/lyc-leopoldbissol\/wp-content\/uploads\/sites\/151\/2025\/12\/DSC00376.png\" class=\"attachment-large size-large wp-post-image\" alt=\"\" style=\"border-radius:0px;width:100%;height:100%;object-fit:cover;\" srcset=\"https:\/\/site.ac-martinique.fr\/lyc-leopoldbissol\/wp-content\/uploads\/sites\/151\/2025\/12\/DSC00376.png 918w, https:\/\/site.ac-martinique.fr\/lyc-leopoldbissol\/wp-content\/uploads\/sites\/151\/2025\/12\/DSC00376-300x200.png 300w, https:\/\/site.ac-martinique.fr\/lyc-leopoldbissol\/wp-content\/uploads\/sites\/151\/2025\/12\/DSC00376-768x512.png 768w\" sizes=\"auto, (max-width: 918px) 100vw, 918px\" \/><\/figure>\n\n<h2 style=\"padding-left:24px;padding-right:24px;padding-top:24px;margin-top:0;margin-bottom:0;\" class=\"tw-link-no-underline wp-block-post-title has-large-font-size\"><a href=\"https:\/\/site.ac-martinique.fr\/lyc-leopoldbissol\/2025\/12\/09\/une-journee-dimmersion-unique-pour-les-eleves-de-bac-pro-tp\/\" target=\"_self\" >Une journ\u00e9e d\u2019immersion unique pour les \u00e9l\u00e8ves de BAC PRO TP !<\/a><\/h2><\/div>\n\n\n\n<div class=\"wp-block-group has-secondary-color has-text-color has-small-font-size is-layout-flex wp-container-core-group-is-layout-66a3e2b5 wp-block-group-is-layout-flex\" style=\"padding-right:24px;padding-bottom:24px;padding-left:24px;line-height:1.3\"><div class=\"wp-block-post-date\"><time datetime=\"2025-12-09T19:05:56-04:00\">9 d\u00e9cembre 2025<\/time><\/div><\/div>\n<\/div>\n\n<\/li><li class=\"wp-block-post post-1535 post type-post status-publish format-standard has-post-thumbnail hentry category-bacpro category-bts-tp category-evenement category-tp tag-bandeau-actualite tag-bandeau-information\">\n\n<div class=\"wp-block-group has-base-2-background-color has-background tw-stretched-link is-vertical is-layout-flex wp-container-core-group-is-layout-84fae65e wp-block-group-is-layout-flex\" style=\"border-radius:16px;min-height:100%\">\n<div class=\"wp-block-group is-layout-flow wp-block-group-is-layout-flow\"><figure style=\"aspect-ratio:16\/9;\" class=\"wp-block-post-featured-image tw-hover-zoom\"><img loading=\"lazy\" decoding=\"async\" width=\"1024\" height=\"576\" src=\"https:\/\/site.ac-martinique.fr\/lyc-leopoldbissol\/wp-content\/uploads\/sites\/151\/2025\/05\/25-04-09-12-01-11-0929-1024x576.jpg\" class=\"attachment-large size-large wp-post-image\" alt=\"\" style=\"border-radius:0px;width:100%;height:100%;object-fit:cover;\" srcset=\"https:\/\/site.ac-martinique.fr\/lyc-leopoldbissol\/wp-content\/uploads\/sites\/151\/2025\/05\/25-04-09-12-01-11-0929-1024x576.jpg 1024w, https:\/\/site.ac-martinique.fr\/lyc-leopoldbissol\/wp-content\/uploads\/sites\/151\/2025\/05\/25-04-09-12-01-11-0929-300x169.jpg 300w, https:\/\/site.ac-martinique.fr\/lyc-leopoldbissol\/wp-content\/uploads\/sites\/151\/2025\/05\/25-04-09-12-01-11-0929-768x432.jpg 768w, https:\/\/site.ac-martinique.fr\/lyc-leopoldbissol\/wp-content\/uploads\/sites\/151\/2025\/05\/25-04-09-12-01-11-0929-1536x864.jpg 1536w, https:\/\/site.ac-martinique.fr\/lyc-leopoldbissol\/wp-content\/uploads\/sites\/151\/2025\/05\/25-04-09-12-01-11-0929-2048x1152.jpg 2048w\" sizes=\"auto, (max-width: 1024px) 100vw, 1024px\" \/><\/figure>\n\n<h2 style=\"padding-left:24px;padding-right:24px;padding-top:24px;margin-top:0;margin-bottom:0;\" class=\"tw-link-no-underline wp-block-post-title has-large-font-size\"><a href=\"https:\/\/site.ac-martinique.fr\/lyc-leopoldbissol\/2025\/04\/10\/retour-sur-la-seconde-edition-du-cocktail-des-partenaires-un-evenement-cle-pour-renforcer-les-liens-avec-le-secteur-du-btp\/\" target=\"_self\" >Retour sur la seconde \u00e9dition du \u00ab Cocktail des Partenaires \u00bb : Un \u00e9v\u00e9nement cl\u00e9 pour renforcer les liens avec le secteur du BTP<\/a><\/h2><\/div>\n\n\n\n<div class=\"wp-block-group has-secondary-color has-text-color has-small-font-size is-layout-flex wp-container-core-group-is-layout-66a3e2b5 wp-block-group-is-layout-flex\" style=\"padding-right:24px;padding-bottom:24px;padding-left:24px;line-height:1.3\"><div class=\"wp-block-post-date\"><time datetime=\"2025-04-10T23:47:10-04:00\">10 avril 2025<\/time><\/div><\/div>\n<\/div>\n\n<\/li><li class=\"wp-block-post post-972 post type-post status-publish format-standard has-post-thumbnail hentry category-administration category-bts-tp category-message tag-bandeau-information\">\n\n<div class=\"wp-block-group has-base-2-background-color has-background tw-stretched-link is-vertical is-layout-flex wp-container-core-group-is-layout-84fae65e wp-block-group-is-layout-flex\" style=\"border-radius:16px;min-height:100%\">\n<div class=\"wp-block-group is-layout-flow wp-block-group-is-layout-flow\"><figure style=\"aspect-ratio:16\/9;\" class=\"wp-block-post-featured-image tw-hover-zoom\"><img loading=\"lazy\" decoding=\"async\" width=\"950\" height=\"506\" src=\"https:\/\/site.ac-martinique.fr\/lyc-leopoldbissol\/wp-content\/uploads\/sites\/151\/2025\/01\/mesri_logo_parcoursup.jpg\" class=\"attachment-large size-large wp-post-image\" alt=\"\" style=\"border-radius:0px;width:100%;height:100%;object-fit:cover;\" srcset=\"https:\/\/site.ac-martinique.fr\/lyc-leopoldbissol\/wp-content\/uploads\/sites\/151\/2025\/01\/mesri_logo_parcoursup.jpg 950w, https:\/\/site.ac-martinique.fr\/lyc-leopoldbissol\/wp-content\/uploads\/sites\/151\/2025\/01\/mesri_logo_parcoursup-300x160.jpg 300w, https:\/\/site.ac-martinique.fr\/lyc-leopoldbissol\/wp-content\/uploads\/sites\/151\/2025\/01\/mesri_logo_parcoursup-768x409.jpg 768w\" sizes=\"auto, (max-width: 950px) 100vw, 950px\" \/><\/figure>\n\n<h2 style=\"padding-left:24px;padding-right:24px;padding-top:24px;margin-top:0;margin-bottom:0;\" class=\"tw-link-no-underline wp-block-post-title has-large-font-size\"><a href=\"https:\/\/site.ac-martinique.fr\/lyc-leopoldbissol\/2025\/01\/16\/inscriptions-parcoursup\/\" target=\"_self\" >Inscriptions Parcoursup<\/a><\/h2><\/div>\n\n\n\n<div class=\"wp-block-group has-secondary-color has-text-color has-small-font-size is-layout-flex wp-container-core-group-is-layout-66a3e2b5 wp-block-group-is-layout-flex\" style=\"padding-right:24px;padding-bottom:24px;padding-left:24px;line-height:1.3\"><div class=\"wp-block-post-date\"><time datetime=\"2025-01-16T09:01:19-04:00\">16 janvier 2025<\/time><\/div><\/div>\n<\/div>\n\n<\/li><li class=\"wp-block-post post-939 post type-post status-publish format-standard has-post-thumbnail hentry category-administration category-bts-tp category-enseignement category-evenement category-message tag-bandeau-information\">\n\n<div class=\"wp-block-group has-base-2-background-color has-background tw-stretched-link is-vertical is-layout-flex wp-container-core-group-is-layout-84fae65e wp-block-group-is-layout-flex\" style=\"border-radius:16px;min-height:100%\">\n<div class=\"wp-block-group is-layout-flow wp-block-group-is-layout-flow\"><figure style=\"aspect-ratio:16\/9;\" class=\"wp-block-post-featured-image tw-hover-zoom\"><img loading=\"lazy\" decoding=\"async\" width=\"950\" height=\"506\" src=\"https:\/\/site.ac-martinique.fr\/lyc-leopoldbissol\/wp-content\/uploads\/sites\/151\/2025\/01\/mesri_logo_parcoursup.jpg\" class=\"attachment-large size-large wp-post-image\" alt=\"\" style=\"border-radius:0px;width:100%;height:100%;object-fit:cover;\" srcset=\"https:\/\/site.ac-martinique.fr\/lyc-leopoldbissol\/wp-content\/uploads\/sites\/151\/2025\/01\/mesri_logo_parcoursup.jpg 950w, https:\/\/site.ac-martinique.fr\/lyc-leopoldbissol\/wp-content\/uploads\/sites\/151\/2025\/01\/mesri_logo_parcoursup-300x160.jpg 300w, https:\/\/site.ac-martinique.fr\/lyc-leopoldbissol\/wp-content\/uploads\/sites\/151\/2025\/01\/mesri_logo_parcoursup-768x409.jpg 768w\" sizes=\"auto, (max-width: 950px) 100vw, 950px\" \/><\/figure>\n\n<h2 style=\"padding-left:24px;padding-right:24px;padding-top:24px;margin-top:0;margin-bottom:0;\" class=\"tw-link-no-underline wp-block-post-title has-large-font-size\"><a href=\"https:\/\/site.ac-martinique.fr\/lyc-leopoldbissol\/2025\/01\/13\/parcoursup-2025\/\" target=\"_self\" >Parcoursup 2025<\/a><\/h2><\/div>\n\n\n\n<div class=\"wp-block-group has-secondary-color has-text-color has-small-font-size is-layout-flex wp-container-core-group-is-layout-66a3e2b5 wp-block-group-is-layout-flex\" style=\"padding-right:24px;padding-bottom:24px;padding-left:24px;line-height:1.3\"><div class=\"wp-block-post-date\"><time datetime=\"2025-01-13T13:15:28-04:00\">13 janvier 2025<\/time><\/div><\/div>\n<\/div>\n\n<\/li><\/ul>\n\n<\/div>\n\n\n\n<p><\/p>\n","protected":false},"excerpt":{"rendered":"<p>BTS TP : Travaux Publics Devenez acteur des m\u00e9tiers de demain dans le b\u00e2timent et la construction durable ! Pourquoi choisir le BTS TP ? Le BTS Travaux Publics a pour objectif de former des techniciens sup\u00e9rieurs capables de participer \u00e0 la conception d\u2019ouvrages et d\u2019assurer la gestion quotidienne des chantiers de travaux publics, tout [&hellip;]<\/p>\n","protected":false},"author":327,"featured_media":0,"parent":255,"menu_order":0,"comment_status":"closed","ping_status":"closed","template":"","meta":{"footnotes":""},"class_list":["post-429","page","type-page","status-publish","hentry"],"_links":{"self":[{"href":"https:\/\/site.ac-martinique.fr\/lyc-leopoldbissol\/wp-json\/wp\/v2\/pages\/429","targetHints":{"allow":["GET"]}}],"collection":[{"href":"https:\/\/site.ac-martinique.fr\/lyc-leopoldbissol\/wp-json\/wp\/v2\/pages"}],"about":[{"href":"https:\/\/site.ac-martinique.fr\/lyc-leopoldbissol\/wp-json\/wp\/v2\/types\/page"}],"author":[{"embeddable":true,"href":"https:\/\/site.ac-martinique.fr\/lyc-leopoldbissol\/wp-json\/wp\/v2\/users\/327"}],"replies":[{"embeddable":true,"href":"https:\/\/site.ac-martinique.fr\/lyc-leopoldbissol\/wp-json\/wp\/v2\/comments?post=429"}],"version-history":[{"count":5,"href":"https:\/\/site.ac-martinique.fr\/lyc-leopoldbissol\/wp-json\/wp\/v2\/pages\/429\/revisions"}],"predecessor-version":[{"id":910,"href":"https:\/\/site.ac-martinique.fr\/lyc-leopoldbissol\/wp-json\/wp\/v2\/pages\/429\/revisions\/910"}],"up":[{"embeddable":true,"href":"https:\/\/site.ac-martinique.fr\/lyc-leopoldbissol\/wp-json\/wp\/v2\/pages\/255"}],"wp:attachment":[{"href":"https:\/\/site.ac-martinique.fr\/lyc-leopoldbissol\/wp-json\/wp\/v2\/media?parent=429"}],"curies":[{"name":"wp","href":"https:\/\/api.w.org\/{rel}","templated":true}]}}