{"id":481,"date":"2024-12-03T09:59:44","date_gmt":"2024-12-03T13:59:44","guid":{"rendered":"https:\/\/site.ac-martinique.fr\/lyc-leopoldbissol\/?page_id=481"},"modified":"2025-09-09T10:10:57","modified_gmt":"2025-09-09T14:10:57","slug":"restauration-scolaire","status":"publish","type":"page","link":"https:\/\/site.ac-martinique.fr\/lyc-leopoldbissol\/services-educatifs\/restauration-scolaire\/","title":{"rendered":"Restauration Scolaire"},"content":{"rendered":"\n<div class=\"wp-block-columns alignwide is-layout-flex wp-container-core-columns-is-layout-d0b3c9c8 wp-block-columns-is-layout-flex\">\n<div class=\"wp-block-column is-layout-flow wp-block-column-is-layout-flow\" style=\"--col-width:33.33%;flex-basis:33.33%\">\n<div class=\"wp-block-buttons is-content-justification-center is-layout-flex wp-container-core-buttons-is-layout-a89b3969 wp-block-buttons-is-layout-flex\">\n<div class=\"wp-block-button\"><a class=\"wp-block-button__link wp-element-button\" href=\"https:\/\/espacenumerique.turbo-self.com\/\" target=\"_blank\" rel=\"noreferrer noopener\">R\u00e9server et payer vos repas<\/a><\/div>\n\n\n\n<div class=\"wp-block-button\"><a class=\"wp-block-button__link wp-element-button\" href=\"https:\/\/site.ac-martinique.fr\/lyc-leopoldbissol\/services-educatifs\/restauration-scolaire\/#menu\">Les menus de la semaine<\/a><\/div>\n<\/div>\n<\/div>\n\n\n\n<div class=\"wp-block-column is-layout-flow wp-block-column-is-layout-flow\" style=\"--col-width:66.66%;flex-basis:66.66%\">\n<p>Les \u00e9l\u00e8ves d\u00e9sirant d\u00e9jeuner doivent imp\u00e9rativement cr\u00e9diter leur carte (c\u2019est-\u00e0-dire acheter des repas \u00e0 3.60\u20ac)&nbsp;<\/p>\n\n\n\n<ul class=\"wp-block-list\">\n<li>en ligne via l&rsquo;application <a href=\"https:\/\/espacenumerique.turbo-self.com\/\" target=\"_blank\" rel=\"noreferrer noopener\">MYTURBOSELF<\/a><\/li>\n\n\n\n<li>sur la borne \u00e0 l&rsquo;accueil du b\u00e2timent administratif (carte&nbsp;bancaire ou ch\u00e8que)<\/li>\n\n\n\n<li>\u00e0 l\u2019intendance entre 6h00 et 11h00 en dehors des cours les\u00a0<strong>Lundi et Jeudi uniquement (toujours pr\u00e9voir l&rsquo;appoint)<\/strong>.<\/li>\n<\/ul>\n\n\n\n<p>Les paiements s\u2019effectuent au montant strict (multiple de 3.60\u20ac) en esp\u00e8ces, carte bancaire ou ch\u00e8que \u00e0 l\u2019ordre de l\u2019agent Comptable&nbsp;du L.M.B.T.P.&nbsp;<\/p>\n\n\n\n<p>La r\u00e9servation s&rsquo;effectue sur l&rsquo;application ou \u00e0 la borne (jusqu&rsquo;\u00e0 9h le jour m\u00eame).<\/p>\n\n\n\n<p>En cas d&rsquo;oubli exceptionnel de la carte, il est possible de g\u00e9n\u00e9rer un QR \u00e9ph\u00e9m\u00e8re via l&rsquo;application \u00e0 condition d&rsquo;\u00eatre en solde positif.<\/p>\n<\/div>\n<\/div>\n\n\n\n<div class=\"wp-block-query alignwide is-layout-flow wp-block-query-is-layout-flow\">\n<h2 class=\"wp-block-heading\" id=\"menu\">Les menus des semaines<\/h2>\n\n\n<ul class=\"wp-block-post-template is-layout-flow wp-block-post-template-is-layout-flow\"><li class=\"wp-block-post post-3466 post type-post status-publish format-standard hentry category-restauration-scolaire\">\n\n<div class=\"wp-block-columns are-vertically-aligned-center is-layout-flex wp-container-core-columns-is-layout-d0b3c9c8 wp-block-columns-is-layout-flex\">\n<div class=\"wp-block-column is-vertically-aligned-center is-layout-flow wp-block-column-is-layout-flow\" style=\"--col-width:25%;flex-basis:25%\"><\/div>\n\n\n\n<div class=\"wp-block-column is-vertically-aligned-center is-layout-flow wp-block-column-is-layout-flow\" style=\"--col-width:75%;flex-basis:75%\"><h2 class=\"wp-block-post-title\"><a href=\"https:\/\/site.ac-martinique.fr\/lyc-leopoldbissol\/2026\/03\/27\/menu-du-30-mars-au-2-avril-2026\/\" target=\"_self\" >MENU DU 30 MARS AU 2 AVRIL 2026<\/a><\/h2><\/div>\n<\/div>\n\n<\/li><li class=\"wp-block-post post-3347 post type-post status-publish format-standard hentry category-restauration-scolaire\">\n\n<div class=\"wp-block-columns are-vertically-aligned-center is-layout-flex wp-container-core-columns-is-layout-d0b3c9c8 wp-block-columns-is-layout-flex\">\n<div class=\"wp-block-column is-vertically-aligned-center is-layout-flow wp-block-column-is-layout-flow\" style=\"--col-width:25%;flex-basis:25%\"><\/div>\n\n\n\n<div class=\"wp-block-column is-vertically-aligned-center is-layout-flow wp-block-column-is-layout-flow\" style=\"--col-width:75%;flex-basis:75%\"><h2 class=\"wp-block-post-title\"><a href=\"https:\/\/site.ac-martinique.fr\/lyc-leopoldbissol\/2026\/03\/23\/menu-du-23-au-27-mars-2026-2\/\" target=\"_self\" >MENU DU 23 AU 27 MARS 2026<\/a><\/h2><\/div>\n<\/div>\n\n<\/li><li class=\"wp-block-post post-3319 post type-post status-publish format-standard hentry category-restauration-scolaire\">\n\n<div class=\"wp-block-columns are-vertically-aligned-center is-layout-flex wp-container-core-columns-is-layout-d0b3c9c8 wp-block-columns-is-layout-flex\">\n<div class=\"wp-block-column is-vertically-aligned-center is-layout-flow wp-block-column-is-layout-flow\" style=\"--col-width:25%;flex-basis:25%\"><\/div>\n\n\n\n<div class=\"wp-block-column is-vertically-aligned-center is-layout-flow wp-block-column-is-layout-flow\" style=\"--col-width:75%;flex-basis:75%\"><h2 class=\"wp-block-post-title\"><a href=\"https:\/\/site.ac-martinique.fr\/lyc-leopoldbissol\/2026\/03\/20\/menu-du-23-au-27-mars-2026\/\" target=\"_self\" >MENU DU 23 AU 27 MARS 2026<\/a><\/h2><\/div>\n<\/div>\n\n<\/li><li class=\"wp-block-post post-3315 post type-post status-publish format-standard hentry category-restauration-scolaire\">\n\n<div class=\"wp-block-columns are-vertically-aligned-center is-layout-flex wp-container-core-columns-is-layout-d0b3c9c8 wp-block-columns-is-layout-flex\">\n<div class=\"wp-block-column is-vertically-aligned-center is-layout-flow wp-block-column-is-layout-flow\" style=\"--col-width:25%;flex-basis:25%\"><\/div>\n\n\n\n<div class=\"wp-block-column is-vertically-aligned-center is-layout-flow wp-block-column-is-layout-flow\" style=\"--col-width:75%;flex-basis:75%\"><h2 class=\"wp-block-post-title\"><a href=\"https:\/\/site.ac-martinique.fr\/lyc-leopoldbissol\/2026\/03\/16\/menu-du-16-au-20-mars-2026\/\" target=\"_self\" >MENU DU 16 AU 20 MARS 2026<\/a><\/h2><\/div>\n<\/div>\n\n<\/li><li class=\"wp-block-post post-3275 post type-post status-publish format-standard hentry category-restauration-scolaire\">\n\n<div class=\"wp-block-columns are-vertically-aligned-center is-layout-flex wp-container-core-columns-is-layout-d0b3c9c8 wp-block-columns-is-layout-flex\">\n<div class=\"wp-block-column is-vertically-aligned-center is-layout-flow wp-block-column-is-layout-flow\" style=\"--col-width:25%;flex-basis:25%\"><\/div>\n\n\n\n<div class=\"wp-block-column is-vertically-aligned-center is-layout-flow wp-block-column-is-layout-flow\" style=\"--col-width:75%;flex-basis:75%\"><h2 class=\"wp-block-post-title\"><a href=\"https:\/\/site.ac-martinique.fr\/lyc-leopoldbissol\/2026\/03\/09\/menu-du-9-au-13-mars-2026\/\" target=\"_self\" >MENU DU 9 AU 13 MARS 2026<\/a><\/h2><\/div>\n<\/div>\n\n<\/li><\/ul><\/div>\n\n\n\n<p><\/p>\n","protected":false},"excerpt":{"rendered":"<p>Les \u00e9l\u00e8ves d\u00e9sirant d\u00e9jeuner doivent imp\u00e9rativement cr\u00e9diter leur carte (c\u2019est-\u00e0-dire acheter des repas \u00e0 3.60\u20ac)&nbsp; Les paiements s\u2019effectuent au montant strict (multiple de 3.60\u20ac) en esp\u00e8ces, carte bancaire ou ch\u00e8que \u00e0 l\u2019ordre de l\u2019agent Comptable&nbsp;du L.M.B.T.P.&nbsp; La r\u00e9servation s&rsquo;effectue sur l&rsquo;application ou \u00e0 la borne (jusqu&rsquo;\u00e0 9h le jour m\u00eame). En cas d&rsquo;oubli exceptionnel de [&hellip;]<\/p>\n","protected":false},"author":327,"featured_media":0,"parent":180,"menu_order":0,"comment_status":"closed","ping_status":"closed","template":"","meta":{"footnotes":""},"class_list":["post-481","page","type-page","status-publish","hentry"],"_links":{"self":[{"href":"https:\/\/site.ac-martinique.fr\/lyc-leopoldbissol\/wp-json\/wp\/v2\/pages\/481","targetHints":{"allow":["GET"]}}],"collection":[{"href":"https:\/\/site.ac-martinique.fr\/lyc-leopoldbissol\/wp-json\/wp\/v2\/pages"}],"about":[{"href":"https:\/\/site.ac-martinique.fr\/lyc-leopoldbissol\/wp-json\/wp\/v2\/types\/page"}],"author":[{"embeddable":true,"href":"https:\/\/site.ac-martinique.fr\/lyc-leopoldbissol\/wp-json\/wp\/v2\/users\/327"}],"replies":[{"embeddable":true,"href":"https:\/\/site.ac-martinique.fr\/lyc-leopoldbissol\/wp-json\/wp\/v2\/comments?post=481"}],"version-history":[{"count":12,"href":"https:\/\/site.ac-martinique.fr\/lyc-leopoldbissol\/wp-json\/wp\/v2\/pages\/481\/revisions"}],"predecessor-version":[{"id":1957,"href":"https:\/\/site.ac-martinique.fr\/lyc-leopoldbissol\/wp-json\/wp\/v2\/pages\/481\/revisions\/1957"}],"up":[{"embeddable":true,"href":"https:\/\/site.ac-martinique.fr\/lyc-leopoldbissol\/wp-json\/wp\/v2\/pages\/180"}],"wp:attachment":[{"href":"https:\/\/site.ac-martinique.fr\/lyc-leopoldbissol\/wp-json\/wp\/v2\/media?parent=481"}],"curies":[{"name":"wp","href":"https:\/\/api.w.org\/{rel}","templated":true}]}}