{"id":606,"date":"2024-12-08T21:31:08","date_gmt":"2024-12-09T01:31:08","guid":{"rendered":"https:\/\/site.ac-martinique.fr\/lyc-leopoldbissol\/?page_id=606"},"modified":"2024-12-11T09:29:31","modified_gmt":"2024-12-11T13:29:31","slug":"le-mot-du-proviseur","status":"publish","type":"page","link":"https:\/\/site.ac-martinique.fr\/lyc-leopoldbissol\/presentation\/le-mot-du-proviseur\/","title":{"rendered":"Le mot du proviseur"},"content":{"rendered":"\n<div class=\"wp-block-columns alignwide is-layout-flex wp-container-core-columns-is-layout-d0b3c9c8 wp-block-columns-is-layout-flex\">\n<div class=\"wp-block-column is-layout-flow wp-block-column-is-layout-flow\" style=\"--col-width:20%;flex-basis:20%\">\n<figure class=\"wp-block-image aligncenter size-full\"><img loading=\"lazy\" decoding=\"async\" width=\"181\" height=\"320\" src=\"https:\/\/site.ac-martinique.fr\/lyc-leopoldbissol\/wp-content\/uploads\/sites\/151\/2024\/12\/photo-OC.png\" alt=\"\" class=\"wp-image-714\" srcset=\"https:\/\/site.ac-martinique.fr\/lyc-leopoldbissol\/wp-content\/uploads\/sites\/151\/2024\/12\/photo-OC.png 181w, https:\/\/site.ac-martinique.fr\/lyc-leopoldbissol\/wp-content\/uploads\/sites\/151\/2024\/12\/photo-OC-170x300.png 170w\" sizes=\"auto, (max-width: 181px) 100vw, 181px\" \/><\/figure>\n<\/div>\n\n\n\n<div class=\"wp-block-column is-layout-flow wp-block-column-is-layout-flow\" style=\"--col-width:66.66%;flex-basis:66.66%\">\n<p>Bienvenue sur le site r\u00e9nov\u00e9 du lyc\u00e9e L\u00e9opold BISSOL.<\/p>\n\n\n\n<p>Bien qu&rsquo;ayant connu une mise \u00e0 jour tardive \u2013 nous nous en excusons\u2013, il a maintenant vocation \u00e0 devenir la vitrine modernis\u00e9e du dynamisme de notre \u00e9tablissement.<\/p>\n\n\n\n<p>Sa facilit\u00e9 de navigation, son ergonomie et sa conception \u00e9pur\u00e9es et efficaces devraient permettre de mieux rendre compte de la richesse des structures dont dispose le lyc\u00e9e, de l&rsquo;offre de formation qu&rsquo;il poss\u00e8de et des actions d\u2019accompagnement et d&rsquo;ouverture qui y sont entreprises.<br>Ce site t\u00e9moigne aussi des efforts d\u00e9ploy\u00e9s pour revaloriser l&rsquo;image erron\u00e9e dont a trop longtemps p\u00e2ti le lyc\u00e9e Bissol.<br>En effet, cet \u00e9tablissement poss\u00e8de de multiples atouts et talents qu&rsquo;il est grand temps de consid\u00e9rer de fa\u00e7on objective.<br>La force de notre lyc\u00e9e, c\u2019est d\u2019abord la richesse et la qualit\u00e9 des formations et des enseignements dispens\u00e9s.<\/p>\n<\/div>\n<\/div>\n\n\n\n<div class=\"wp-block-columns alignwide is-layout-flex wp-container-core-columns-is-layout-d0b3c9c8 wp-block-columns-is-layout-flex\">\n<div class=\"wp-block-column is-layout-flow wp-block-column-is-layout-flow\">\n<p><br>C\u2019est ensuite le professionnalisme et la comp\u00e9tence de tous ses personnels.<br>C\u2019est aussi la pr\u00e9sence d\u2019\u00e9l\u00e8ves \u00e0 des degr\u00e9s de formation diff\u00e9rents dans un m\u00eame \u00e9tablissement (\u00e9l\u00e8ves de 3<sup>\u00e8me<\/sup> Pr\u00e9pa M\u00e9tiers, CAP ou Bac pro, \u00e9tudiants de BTS et de Licence Professionnelle, adultes de la formation continue).<br>C\u2019est encore la diversit\u00e9 des structures d\u2019int\u00e9gration et de remobilisation (ULIS, UPE2A, Micro-lyc\u00e9e) et des projets engag\u00e9s qui visent \u00e0 \u00e9panouir les \u00e9l\u00e8ves, d\u00e9velopper leur culture g\u00e9n\u00e9rale et les ouvrir au monde.<br>Ce sont enfin les perspectives envisag\u00e9es pour accro\u00eetre leur insertion professionnelle ou leur poursuite d\u2019\u00e9tudes (actions du Bureau des Entreprises).<br>Plus que jamais, le lyc\u00e9e L\u00e9opold BISSOL continue d\u2019affirmer sa triple vocation d\u2019\u00e9ducation acad\u00e9mique (artistique, culturelle, sportive, citoyenne) de qualification et d\u2019insertion.<br>Puisse ce site contribuer \u00e0 mettre en lumi\u00e8re l&rsquo;action et les acteurs de ce lyc\u00e9e m\u00e9ritoire et le remarquable travail de son concepteur, M. Lecerf Nicolas, aura trouv\u00e9 tout son sens et son l\u00e9gitime tribut.<\/p>\n\n\n\n<p>Excellente navigation \u00e0 toutes et tous.<\/p>\n\n\n\n<p>Le Lamentin, le 10 d\u00e9cembre 2024<\/p>\n\n\n\n<p>Le Proviseur<br>Olivier CATAYEE<\/p>\n<\/div>\n<\/div>\n","protected":false},"excerpt":{"rendered":"<p>Bienvenue sur le site r\u00e9nov\u00e9 du lyc\u00e9e L\u00e9opold BISSOL. Bien qu&rsquo;ayant connu une mise \u00e0 jour tardive \u2013 nous nous en excusons\u2013, il a maintenant vocation \u00e0 devenir la vitrine modernis\u00e9e du dynamisme de notre \u00e9tablissement. Sa facilit\u00e9 de navigation, son ergonomie et sa conception \u00e9pur\u00e9es et efficaces devraient permettre de mieux rendre compte de [&hellip;]<\/p>\n","protected":false},"author":327,"featured_media":0,"parent":13,"menu_order":0,"comment_status":"closed","ping_status":"closed","template":"","meta":{"footnotes":""},"class_list":["post-606","page","type-page","status-publish","hentry"],"_links":{"self":[{"href":"https:\/\/site.ac-martinique.fr\/lyc-leopoldbissol\/wp-json\/wp\/v2\/pages\/606","targetHints":{"allow":["GET"]}}],"collection":[{"href":"https:\/\/site.ac-martinique.fr\/lyc-leopoldbissol\/wp-json\/wp\/v2\/pages"}],"about":[{"href":"https:\/\/site.ac-martinique.fr\/lyc-leopoldbissol\/wp-json\/wp\/v2\/types\/page"}],"author":[{"embeddable":true,"href":"https:\/\/site.ac-martinique.fr\/lyc-leopoldbissol\/wp-json\/wp\/v2\/users\/327"}],"replies":[{"embeddable":true,"href":"https:\/\/site.ac-martinique.fr\/lyc-leopoldbissol\/wp-json\/wp\/v2\/comments?post=606"}],"version-history":[{"count":5,"href":"https:\/\/site.ac-martinique.fr\/lyc-leopoldbissol\/wp-json\/wp\/v2\/pages\/606\/revisions"}],"predecessor-version":[{"id":722,"href":"https:\/\/site.ac-martinique.fr\/lyc-leopoldbissol\/wp-json\/wp\/v2\/pages\/606\/revisions\/722"}],"up":[{"embeddable":true,"href":"https:\/\/site.ac-martinique.fr\/lyc-leopoldbissol\/wp-json\/wp\/v2\/pages\/13"}],"wp:attachment":[{"href":"https:\/\/site.ac-martinique.fr\/lyc-leopoldbissol\/wp-json\/wp\/v2\/media?parent=606"}],"curies":[{"name":"wp","href":"https:\/\/api.w.org\/{rel}","templated":true}]}}