{"id":724,"date":"2024-12-13T07:07:06","date_gmt":"2024-12-13T11:07:06","guid":{"rendered":"https:\/\/site.ac-martinique.fr\/lyc-leopoldbissol\/?page_id=724"},"modified":"2024-12-15T22:39:41","modified_gmt":"2024-12-16T02:39:41","slug":"projet-detablissement","status":"publish","type":"page","link":"https:\/\/site.ac-martinique.fr\/lyc-leopoldbissol\/projet-detablissement\/","title":{"rendered":"Projet d&rsquo;\u00c9tablissement"},"content":{"rendered":"\n<div class=\"wp-block-cover alignfull is-light has-parallax is-style-default has-aspect-ratio\" style=\"margin-top:0;margin-bottom:0;min-height:70vh;aspect-ratio:auto;min-height:unset;\"><span aria-hidden=\"true\" class=\"wp-block-cover__background has-background-dim-20 has-background-dim\"><\/span><div class=\"wp-block-cover__image-background wp-image-167 has-parallax\" style=\"background-position:50% 50%;background-image:url(https:\/\/site.ac-martinique.fr\/lyc-leopoldbissol\/wp-content\/uploads\/sites\/151\/2024\/09\/LOGO_CMJN-01-CARRE-sans-NOM.jpg)\"><\/div><div class=\"wp-block-cover__inner-container has-global-padding is-layout-constrained wp-container-core-cover-is-layout-e2497adb wp-block-cover-is-layout-constrained\">\n<h1 class=\"wp-block-heading has-text-align-center has-accent-2-color has-text-color has-link-color wp-elements-0cdd2be3fadc1f85d7508cae51360320\">Projet d&rsquo;\u00c9tablissement<\/h1>\n\n\n\n<p class=\"has-text-align-center has-accent-2-color has-text-color has-link-color wp-elements-b779a12e3e7740e3cea9e75748a95ada\" style=\"font-size:clamp(1.125em, 1.125rem + ((1vw - 0.2em) * 0.208), 1.25em);line-height:1.35\">Ann\u00e9e 2023 &#8211; 2026<\/p>\n<\/div><\/div>\n\n\n\n<div class=\"wp-block-group alignfull has-base-2-background-color has-background has-global-padding is-layout-constrained wp-block-group-is-layout-constrained\">\n<div class=\"wp-block-columns alignwide tw-cols-stack-md-2 is-layout-flex wp-container-core-columns-is-layout-fa6b1ff9 wp-block-columns-is-layout-flex\">\n<div class=\"wp-block-column has-base-background-color has-background is-layout-flow wp-block-column-is-layout-flow tw-block-animation tw-animation-fade-in-up\" style=\"padding-top:var(--wp--preset--spacing--10)\">\n<figure class=\"wp-block-image aligncenter size-medium is-style-rounded is-style-rounded--1\"><img loading=\"lazy\" decoding=\"async\" width=\"300\" height=\"300\" src=\"https:\/\/site.ac-martinique.fr\/lyc-leopoldbissol\/wp-content\/uploads\/sites\/151\/2024\/09\/3_espace_parents-eleves-300x300.jpg\" alt=\"\" class=\"wp-image-151\" srcset=\"https:\/\/site.ac-martinique.fr\/lyc-leopoldbissol\/wp-content\/uploads\/sites\/151\/2024\/09\/3_espace_parents-eleves-300x300.jpg 300w, https:\/\/site.ac-martinique.fr\/lyc-leopoldbissol\/wp-content\/uploads\/sites\/151\/2024\/09\/3_espace_parents-eleves-150x150.jpg 150w, https:\/\/site.ac-martinique.fr\/lyc-leopoldbissol\/wp-content\/uploads\/sites\/151\/2024\/09\/3_espace_parents-eleves.jpg 500w\" sizes=\"auto, (max-width: 300px) 100vw, 300px\" \/><\/figure>\n\n\n\n<div class=\"wp-block-group is-layout-flow wp-block-group-is-layout-flow\" style=\"margin-top:0px;padding-top:32px;padding-right:32px;padding-bottom:32px;padding-left:32px\">\n<h3 class=\"wp-block-heading\">AXE 1<\/h3>\n\n\n\n<h4 class=\"wp-block-heading\">Comment amener les \u00e9l\u00e8ves vers un parcours scolaire plus r\u00e9ussi et plus ambitieux ?<\/h4>\n\n\n\n<ul class=\"wp-block-list\">\n<li>Inclure tous les \u00e9l\u00e8ves dans les apprentissages<\/li>\n\n\n\n<li>Accompagner chaque \u00e9l\u00e8ve dans un parcours ambitieux et s\u00e9curis\u00e9<\/li>\n\n\n\n<li>D\u00e9velopper un climat scolaire propice aux apprentissages<\/li>\n<\/ul>\n<\/div>\n<\/div>\n\n\n\n<div class=\"wp-block-column has-base-background-color has-background is-layout-flow wp-block-column-is-layout-flow tw-block-animation tw-animation-fade-in-up\" style=\"--tw-animation-delay:2s;padding-top:var(--wp--preset--spacing--10)\">\n<figure class=\"wp-block-image aligncenter size-medium is-style-rounded is-style-rounded--2\"><img loading=\"lazy\" decoding=\"async\" width=\"300\" height=\"300\" src=\"https:\/\/site.ac-martinique.fr\/lyc-leopoldbissol\/wp-content\/uploads\/sites\/151\/2024\/09\/4_espace_profs-300x300.jpg\" alt=\"\" class=\"wp-image-150\" style=\"object-fit:cover\" srcset=\"https:\/\/site.ac-martinique.fr\/lyc-leopoldbissol\/wp-content\/uploads\/sites\/151\/2024\/09\/4_espace_profs-300x300.jpg 300w, https:\/\/site.ac-martinique.fr\/lyc-leopoldbissol\/wp-content\/uploads\/sites\/151\/2024\/09\/4_espace_profs-150x150.jpg 150w, https:\/\/site.ac-martinique.fr\/lyc-leopoldbissol\/wp-content\/uploads\/sites\/151\/2024\/09\/4_espace_profs.jpg 500w\" sizes=\"auto, (max-width: 300px) 100vw, 300px\" \/><\/figure>\n\n\n\n<div class=\"wp-block-group is-layout-flow wp-block-group-is-layout-flow\" style=\"margin-top:0px;padding-top:32px;padding-right:32px;padding-bottom:32px;padding-left:32px\">\n<h3 class=\"wp-block-heading\">AXE 2<\/h3>\n\n\n\n<h4 class=\"wp-block-heading\">D\u00e9velopper une professionnalisation des fili\u00e8res par une valorisation des m\u00e9tiers<\/h4>\n\n\n\n<ul class=\"wp-block-list\">\n<li>Favoriser le d\u00e9veloppement et la reconnaissance des comp\u00e9tences professionnelles<\/li>\n\n\n\n<li>Promouvoir l\u2019exp\u00e9rience de la mobilit\u00e9 en PFMP<\/li>\n\n\n\n<li>Mieux accompagner les \u00e9l\u00e8ves dans le cadre du parcours ambition-emploi<\/li>\n<\/ul>\n<\/div>\n<\/div>\n\n\n\n<div class=\"wp-block-column has-base-background-color has-background is-layout-flow wp-block-column-is-layout-flow tw-block-animation tw-animation-fade-in-up\" style=\"--tw-animation-delay:4s;padding-top:var(--wp--preset--spacing--10)\">\n<figure class=\"wp-block-image aligncenter size-medium is-style-rounded is-style-rounded--3\"><img loading=\"lazy\" decoding=\"async\" width=\"300\" height=\"300\" src=\"https:\/\/site.ac-martinique.fr\/lyc-leopoldbissol\/wp-content\/uploads\/sites\/151\/2024\/09\/unnamed-300x300.jpg\" alt=\"\" class=\"wp-image-147\" style=\"object-fit:cover\" srcset=\"https:\/\/site.ac-martinique.fr\/lyc-leopoldbissol\/wp-content\/uploads\/sites\/151\/2024\/09\/unnamed-300x300.jpg 300w, https:\/\/site.ac-martinique.fr\/lyc-leopoldbissol\/wp-content\/uploads\/sites\/151\/2024\/09\/unnamed-150x150.jpg 150w, https:\/\/site.ac-martinique.fr\/lyc-leopoldbissol\/wp-content\/uploads\/sites\/151\/2024\/09\/unnamed.jpg 400w\" sizes=\"auto, (max-width: 300px) 100vw, 300px\" \/><\/figure>\n\n\n\n<div class=\"wp-block-group is-layout-flow wp-block-group-is-layout-flow\" style=\"margin-top:0px;padding-top:32px;padding-right:32px;padding-bottom:32px;padding-left:32px\">\n<h3 class=\"wp-block-heading\">AXE 3<\/h3>\n\n\n\n<h4 class=\"wp-block-heading\">Assurer la qualit\u00e9 de vie de l\u2019\u00e9l\u00e8ve et en faire un citoyen \u00e9clair\u00e9<\/h4>\n\n\n\n<ul class=\"wp-block-list\">\n<li>Susciter l\u2019engagement individuel et collectif<\/li>\n\n\n\n<li>Soutenir les d\u00e9marches de projets fond\u00e9es sur la participation et l\u2019implication des \u00e9l\u00e8ves<\/li>\n\n\n\n<li>Am\u00e9liorer et prendre soin du cadre de vie<\/li>\n<\/ul>\n<\/div>\n<\/div>\n<\/div>\n<\/div>\n","protected":false},"excerpt":{"rendered":"<p>AXE 1 Comment amener les \u00e9l\u00e8ves vers un parcours scolaire plus r\u00e9ussi et plus ambitieux ? AXE 2 D\u00e9velopper une professionnalisation des fili\u00e8res par une valorisation des m\u00e9tiers AXE 3 Assurer la qualit\u00e9 de vie de l\u2019\u00e9l\u00e8ve et en faire un citoyen \u00e9clair\u00e9<\/p>\n","protected":false},"author":327,"featured_media":0,"parent":0,"menu_order":0,"comment_status":"closed","ping_status":"closed","template":"page-no-title","meta":{"footnotes":""},"class_list":["post-724","page","type-page","status-publish","hentry"],"_links":{"self":[{"href":"https:\/\/site.ac-martinique.fr\/lyc-leopoldbissol\/wp-json\/wp\/v2\/pages\/724","targetHints":{"allow":["GET"]}}],"collection":[{"href":"https:\/\/site.ac-martinique.fr\/lyc-leopoldbissol\/wp-json\/wp\/v2\/pages"}],"about":[{"href":"https:\/\/site.ac-martinique.fr\/lyc-leopoldbissol\/wp-json\/wp\/v2\/types\/page"}],"author":[{"embeddable":true,"href":"https:\/\/site.ac-martinique.fr\/lyc-leopoldbissol\/wp-json\/wp\/v2\/users\/327"}],"replies":[{"embeddable":true,"href":"https:\/\/site.ac-martinique.fr\/lyc-leopoldbissol\/wp-json\/wp\/v2\/comments?post=724"}],"version-history":[{"count":6,"href":"https:\/\/site.ac-martinique.fr\/lyc-leopoldbissol\/wp-json\/wp\/v2\/pages\/724\/revisions"}],"predecessor-version":[{"id":780,"href":"https:\/\/site.ac-martinique.fr\/lyc-leopoldbissol\/wp-json\/wp\/v2\/pages\/724\/revisions\/780"}],"wp:attachment":[{"href":"https:\/\/site.ac-martinique.fr\/lyc-leopoldbissol\/wp-json\/wp\/v2\/media?parent=724"}],"curies":[{"name":"wp","href":"https:\/\/api.w.org\/{rel}","templated":true}]}}