{"id":755,"date":"2024-12-15T21:53:35","date_gmt":"2024-12-16T01:53:35","guid":{"rendered":"https:\/\/site.ac-martinique.fr\/lyc-leopoldbissol\/?page_id=755"},"modified":"2024-12-15T21:53:36","modified_gmt":"2024-12-16T01:53:36","slug":"la-commission-dhygiene-et-de-securite","status":"publish","type":"page","link":"https:\/\/site.ac-martinique.fr\/lyc-leopoldbissol\/la-commission-dhygiene-et-de-securite\/","title":{"rendered":"La Commission d\u2019Hygi\u00e8ne et de S\u00e9curit\u00e9"},"content":{"rendered":"\n<p><\/p>\n\n\n\n<div class=\"wp-block-query alignwide is-layout-flow wp-block-query-is-layout-flow\"><ul class=\"wp-block-post-template is-layout-flow wp-block-post-template-is-layout-flow\"><li class=\"wp-block-post post-3166 post type-post status-publish format-standard has-post-thumbnail hentry category-administration category-cesce category-chs category-cvl category-evenement category-les-instances-educatives tag-bandeau-actualite tag-bandeau-information tag-banniere-vie-scolaire\">\n\n<div class=\"wp-block-columns is-layout-flex wp-container-core-columns-is-layout-d4273f21 wp-block-columns-is-layout-flex tw-large-gap\">\n<div class=\"wp-block-column is-layout-flow wp-block-column-is-layout-flow\"><figure style=\"aspect-ratio:4\/3;\" class=\"wp-block-post-featured-image\"><a href=\"https:\/\/site.ac-martinique.fr\/lyc-leopoldbissol\/2026\/01\/29\/le-programme-phare-2025-2026-au-lycee-prevenir-agir-accompagner-the-phare-program-at-the-high-school-prevent-act-support\/\" target=\"_self\"  ><img loading=\"lazy\" decoding=\"async\" width=\"2520\" height=\"1418\" src=\"https:\/\/site.ac-martinique.fr\/lyc-leopoldbissol\/wp-content\/uploads\/sites\/151\/2026\/01\/site-page-de-garde-14.png\" class=\"attachment-post-thumbnail size-post-thumbnail wp-post-image\" alt=\"Le Programme PHARE 2025\/2026 au Lyc\u00e9e : Pr\u00e9venir, Agir, Accompagner\/The PHARE Program at the High School: Prevent, Act, Support\" style=\"width:100%;height:100%;object-fit:cover;\" srcset=\"https:\/\/site.ac-martinique.fr\/lyc-leopoldbissol\/wp-content\/uploads\/sites\/151\/2026\/01\/site-page-de-garde-14.png 2520w, https:\/\/site.ac-martinique.fr\/lyc-leopoldbissol\/wp-content\/uploads\/sites\/151\/2026\/01\/site-page-de-garde-14-300x169.png 300w, https:\/\/site.ac-martinique.fr\/lyc-leopoldbissol\/wp-content\/uploads\/sites\/151\/2026\/01\/site-page-de-garde-14-1024x576.png 1024w, https:\/\/site.ac-martinique.fr\/lyc-leopoldbissol\/wp-content\/uploads\/sites\/151\/2026\/01\/site-page-de-garde-14-768x432.png 768w, https:\/\/site.ac-martinique.fr\/lyc-leopoldbissol\/wp-content\/uploads\/sites\/151\/2026\/01\/site-page-de-garde-14-1536x864.png 1536w, https:\/\/site.ac-martinique.fr\/lyc-leopoldbissol\/wp-content\/uploads\/sites\/151\/2026\/01\/site-page-de-garde-14-2048x1152.png 2048w\" sizes=\"auto, (max-width: 2520px) 100vw, 2520px\" \/><\/a><\/figure><\/div>\n\n\n\n<div class=\"wp-block-column is-vertically-aligned-center is-layout-flow wp-block-column-is-layout-flow\"><h2 class=\"wp-block-post-title has-x-large-font-size\"><a href=\"https:\/\/site.ac-martinique.fr\/lyc-leopoldbissol\/2026\/01\/29\/le-programme-phare-2025-2026-au-lycee-prevenir-agir-accompagner-the-phare-program-at-the-high-school-prevent-act-support\/\" target=\"_self\" >Le Programme PHARE 2025\/2026 au Lyc\u00e9e : Pr\u00e9venir, Agir, Accompagner\/The PHARE Program at the High School: Prevent, Act, Support<\/a><\/h2>\n\n<div style=\"margin-top:16px;\" class=\"wp-block-post-excerpt\"><p class=\"wp-block-post-excerpt__excerpt\">Le lyc\u00e9e L\u00e9opold Bissol s\u2019engage pleinement dans le Programme PHARE, dispositif national de lutte contre le harc\u00e8lement scolaire. Ce programme, d\u00e9ploy\u00e9 dans tous les \u00e9tablissements volontaires, vise \u00e0 renforcer la\u2026 <\/p><\/div>\n\n\n<div class=\"wp-block-group has-secondary-color has-text-color has-small-font-size is-layout-flex wp-container-core-group-is-layout-4e869bc5 wp-block-group-is-layout-flex\" style=\"margin-top:24px\"><div class=\"wp-block-post-date\"><time datetime=\"2026-01-29T13:52:08-04:00\">29 janvier 2026<\/time><\/div>\n\n\n<p>\u00b7<\/p>\n\n\n<div class=\"taxonomy-category wp-block-post-terms\"><a href=\"https:\/\/site.ac-martinique.fr\/lyc-leopoldbissol\/category\/administration\/\" rel=\"tag\">Administration<\/a><span class=\"wp-block-post-terms__separator\">, <\/span><a href=\"https:\/\/site.ac-martinique.fr\/lyc-leopoldbissol\/category\/les-instances-educatives\/cesce\/\" rel=\"tag\">CESCE<\/a><span class=\"wp-block-post-terms__separator\">, <\/span><a href=\"https:\/\/site.ac-martinique.fr\/lyc-leopoldbissol\/category\/les-instances-educatives\/chs\/\" rel=\"tag\">CHS<\/a><span class=\"wp-block-post-terms__separator\">, <\/span><a href=\"https:\/\/site.ac-martinique.fr\/lyc-leopoldbissol\/category\/les-instances-educatives\/cvl\/\" rel=\"tag\">CVL<\/a><span class=\"wp-block-post-terms__separator\">, <\/span><a href=\"https:\/\/site.ac-martinique.fr\/lyc-leopoldbissol\/category\/evenement\/\" rel=\"tag\">\u00c9v\u00e9nement<\/a><span class=\"wp-block-post-terms__separator\">, <\/span><a href=\"https:\/\/site.ac-martinique.fr\/lyc-leopoldbissol\/category\/les-instances-educatives\/\" rel=\"tag\">les instances \u00e9ducatives<\/a><\/div><\/div>\n<\/div>\n<\/div>\n\n\n\n<hr class=\"wp-block-separator has-alpha-channel-opacity is-style-wide\" style=\"margin-top:64px;margin-bottom:64px\"\/>\n\n<\/li><li class=\"wp-block-post post-750 post type-post status-publish format-standard has-post-thumbnail hentry category-chs\">\n\n<div class=\"wp-block-columns is-layout-flex wp-container-core-columns-is-layout-d4273f21 wp-block-columns-is-layout-flex tw-large-gap\">\n<div class=\"wp-block-column is-layout-flow wp-block-column-is-layout-flow\"><figure style=\"aspect-ratio:4\/3;\" class=\"wp-block-post-featured-image\"><a href=\"https:\/\/site.ac-martinique.fr\/lyc-leopoldbissol\/2024\/11\/14\/il-ny-a-pas-darticle-de-la-chs-pour-le-moment-repasser-plus-tard\/\" target=\"_self\"  ><img loading=\"lazy\" decoding=\"async\" width=\"512\" height=\"512\" src=\"https:\/\/site.ac-martinique.fr\/lyc-leopoldbissol\/wp-content\/uploads\/sites\/151\/2024\/09\/cropped-LOGO_CMJN-01-CARRE-sans-NOM.jpg\" class=\"attachment-post-thumbnail size-post-thumbnail wp-post-image\" alt=\"Il n&rsquo;y a pas d&rsquo;article de la CHS pour le moment, repasser plus tard.\" style=\"width:100%;height:100%;object-fit:cover;\" srcset=\"https:\/\/site.ac-martinique.fr\/lyc-leopoldbissol\/wp-content\/uploads\/sites\/151\/2024\/09\/cropped-LOGO_CMJN-01-CARRE-sans-NOM.jpg 512w, https:\/\/site.ac-martinique.fr\/lyc-leopoldbissol\/wp-content\/uploads\/sites\/151\/2024\/09\/cropped-LOGO_CMJN-01-CARRE-sans-NOM-300x300.jpg 300w, https:\/\/site.ac-martinique.fr\/lyc-leopoldbissol\/wp-content\/uploads\/sites\/151\/2024\/09\/cropped-LOGO_CMJN-01-CARRE-sans-NOM-150x150.jpg 150w, https:\/\/site.ac-martinique.fr\/lyc-leopoldbissol\/wp-content\/uploads\/sites\/151\/2024\/09\/cropped-LOGO_CMJN-01-CARRE-sans-NOM-270x270.jpg 270w, https:\/\/site.ac-martinique.fr\/lyc-leopoldbissol\/wp-content\/uploads\/sites\/151\/2024\/09\/cropped-LOGO_CMJN-01-CARRE-sans-NOM-192x192.jpg 192w, https:\/\/site.ac-martinique.fr\/lyc-leopoldbissol\/wp-content\/uploads\/sites\/151\/2024\/09\/cropped-LOGO_CMJN-01-CARRE-sans-NOM-180x180.jpg 180w, https:\/\/site.ac-martinique.fr\/lyc-leopoldbissol\/wp-content\/uploads\/sites\/151\/2024\/09\/cropped-LOGO_CMJN-01-CARRE-sans-NOM-32x32.jpg 32w\" sizes=\"auto, (max-width: 512px) 100vw, 512px\" \/><\/a><\/figure><\/div>\n\n\n\n<div class=\"wp-block-column is-vertically-aligned-center is-layout-flow wp-block-column-is-layout-flow\"><h2 class=\"wp-block-post-title has-x-large-font-size\"><a href=\"https:\/\/site.ac-martinique.fr\/lyc-leopoldbissol\/2024\/11\/14\/il-ny-a-pas-darticle-de-la-chs-pour-le-moment-repasser-plus-tard\/\" target=\"_self\" >Il n&rsquo;y a pas d&rsquo;article de la CHS pour le moment, repasser plus tard.<\/a><\/h2>\n\n<div style=\"margin-top:16px;\" class=\"wp-block-post-excerpt\"><p class=\"wp-block-post-excerpt__excerpt\"> <\/p><\/div>\n\n\n<div class=\"wp-block-group has-secondary-color has-text-color has-small-font-size is-layout-flex wp-container-core-group-is-layout-4e869bc5 wp-block-group-is-layout-flex\" style=\"margin-top:24px\"><div class=\"wp-block-post-date\"><time datetime=\"2024-11-14T21:48:59-04:00\">14 novembre 2024<\/time><\/div>\n\n\n<p>\u00b7<\/p>\n\n\n<div class=\"taxonomy-category wp-block-post-terms\"><a href=\"https:\/\/site.ac-martinique.fr\/lyc-leopoldbissol\/category\/les-instances-educatives\/chs\/\" rel=\"tag\">CHS<\/a><\/div><\/div>\n<\/div>\n<\/div>\n\n\n\n<hr class=\"wp-block-separator has-alpha-channel-opacity is-style-wide\" style=\"margin-top:64px;margin-bottom:64px\"\/>\n\n<\/li><\/ul>\n\n<\/div>\n","protected":false},"excerpt":{"rendered":"","protected":false},"author":327,"featured_media":0,"parent":0,"menu_order":0,"comment_status":"closed","ping_status":"closed","template":"","meta":{"footnotes":""},"class_list":["post-755","page","type-page","status-publish","hentry"],"_links":{"self":[{"href":"https:\/\/site.ac-martinique.fr\/lyc-leopoldbissol\/wp-json\/wp\/v2\/pages\/755","targetHints":{"allow":["GET"]}}],"collection":[{"href":"https:\/\/site.ac-martinique.fr\/lyc-leopoldbissol\/wp-json\/wp\/v2\/pages"}],"about":[{"href":"https:\/\/site.ac-martinique.fr\/lyc-leopoldbissol\/wp-json\/wp\/v2\/types\/page"}],"author":[{"embeddable":true,"href":"https:\/\/site.ac-martinique.fr\/lyc-leopoldbissol\/wp-json\/wp\/v2\/users\/327"}],"replies":[{"embeddable":true,"href":"https:\/\/site.ac-martinique.fr\/lyc-leopoldbissol\/wp-json\/wp\/v2\/comments?post=755"}],"version-history":[{"count":2,"href":"https:\/\/site.ac-martinique.fr\/lyc-leopoldbissol\/wp-json\/wp\/v2\/pages\/755\/revisions"}],"predecessor-version":[{"id":757,"href":"https:\/\/site.ac-martinique.fr\/lyc-leopoldbissol\/wp-json\/wp\/v2\/pages\/755\/revisions\/757"}],"wp:attachment":[{"href":"https:\/\/site.ac-martinique.fr\/lyc-leopoldbissol\/wp-json\/wp\/v2\/media?parent=755"}],"curies":[{"name":"wp","href":"https:\/\/api.w.org\/{rel}","templated":true}]}}