{"id":978,"date":"2025-01-20T23:38:38","date_gmt":"2025-01-21T03:38:38","guid":{"rendered":"https:\/\/site.ac-martinique.fr\/lyc-leopoldbissol\/?page_id=978"},"modified":"2026-01-19T14:52:14","modified_gmt":"2026-01-19T18:52:14","slug":"upe2a","status":"publish","type":"page","link":"https:\/\/site.ac-martinique.fr\/lyc-leopoldbissol\/upe2a\/","title":{"rendered":"Bienvenue \u00e0 l\u2019UPE2A du lyc\u00e9e L\u00e9opold Bissol"},"content":{"rendered":"\n<h2 class=\"wp-block-heading alignwide\">Une unit\u00e9 d\u2019accompagnement pour les \u00e9l\u00e8ves allophones primo-arrivants.<\/h2>\n\n\n\n<div class=\"wp-block-columns alignwide is-layout-flex wp-container-core-columns-is-layout-d0b3c9c8 wp-block-columns-is-layout-flex\">\n<div class=\"wp-block-column is-vertically-aligned-center has-global-padding is-layout-constrained wp-block-column-is-layout-constrained\">\n<h3 class=\"wp-block-heading\">Qu\u2019est-ce que l\u2019UPE2A ?<\/h3>\n\n\n\n<p>L\u2019UPE2A (Unit\u00e9 P\u00e9dagogique pour \u00c9l\u00e8ves Allophones Arrivants) est un dispositif \u00e9ducatif d\u00e9di\u00e9 aux \u00e9l\u00e8ves primo-arrivants \u00e2g\u00e9s de 15 \u00e0 17 ans. Pendant une p\u00e9riode de 1 \u00e0 2 ans, les \u00e9l\u00e8ves b\u00e9n\u00e9ficient :<\/p>\n\n\n\n<ul class=\"wp-block-list\">\n<li>D\u2019un enseignement intensif de la langue fran\u00e7aise.<\/li>\n\n\n\n<li>D\u2019un suivi personnalis\u00e9 pour faciliter leur inclusion dans une classe ordinaire.<\/li>\n<\/ul>\n<\/div>\n\n\n\n<div class=\"wp-block-column is-layout-flow wp-block-column-is-layout-flow\">\n<figure class=\"wp-block-image size-large tw-block-animation tw-animation-fade-in-up\"><img loading=\"lazy\" decoding=\"async\" width=\"1024\" height=\"552\" src=\"https:\/\/site.ac-martinique.fr\/lyc-leopoldbissol\/wp-content\/uploads\/sites\/151\/2025\/01\/upe2a-fond-transparent-1024x552.png\" alt=\"\" class=\"wp-image-981\" srcset=\"https:\/\/site.ac-martinique.fr\/lyc-leopoldbissol\/wp-content\/uploads\/sites\/151\/2025\/01\/upe2a-fond-transparent-1024x552.png 1024w, https:\/\/site.ac-martinique.fr\/lyc-leopoldbissol\/wp-content\/uploads\/sites\/151\/2025\/01\/upe2a-fond-transparent-300x162.png 300w, https:\/\/site.ac-martinique.fr\/lyc-leopoldbissol\/wp-content\/uploads\/sites\/151\/2025\/01\/upe2a-fond-transparent-768x414.png 768w, https:\/\/site.ac-martinique.fr\/lyc-leopoldbissol\/wp-content\/uploads\/sites\/151\/2025\/01\/upe2a-fond-transparent.png 1201w\" sizes=\"auto, (max-width: 1024px) 100vw, 1024px\" \/><\/figure>\n<\/div>\n<\/div>\n\n\n\n<div class=\"wp-block-columns alignwide is-layout-flex wp-container-core-columns-is-layout-d0b3c9c8 wp-block-columns-is-layout-flex\">\n<div class=\"wp-block-column is-layout-flow wp-block-column-is-layout-flow\">\n<h3 class=\"wp-block-heading\">Notre parcours depuis 2020<\/h3>\n\n\n\n<ul class=\"wp-block-list\">\n<li><strong>Avant 2020 :<\/strong> Mise en \u0153uvre d\u2019un module d\u2019accueil (MODAC).<\/li>\n\n\n\n<li><strong>2020 :<\/strong> Cr\u00e9ation de l\u2019UPE2A au lyc\u00e9e L\u00e9opold Bissol.<\/li>\n\n\n\n<li><strong>2022 :<\/strong> Le lyc\u00e9e devient centre d\u2019examen pour le <strong>DELF<\/strong> (Dipl\u00f4me d&rsquo;\u00c9tude de la Langue Fran\u00e7aise).<\/li>\n<\/ul>\n<\/div>\n\n\n\n<div class=\"wp-block-column has-global-padding is-layout-constrained wp-block-column-is-layout-constrained\">\n<h3 class=\"wp-block-heading\">Le DELF : Un dipl\u00f4me cl\u00e9<\/h3>\n\n\n\n<p>Les \u00e9l\u00e8ves inscrits en UPE2A peuvent passer le <strong>DELF Scolaire<\/strong>, un dipl\u00f4me officiel attestant de leur niveau de fran\u00e7ais.<br><strong>Les niveaux disponibles en Martinique :<\/strong><\/p>\n\n\n\n<ul class=\"wp-block-list\">\n<li>A1 : Utilisateur \u00e9l\u00e9mentaire (niveau introductif ou de d\u00e9couverte).<\/li>\n\n\n\n<li>A2 : Utilisateur \u00e9l\u00e9mentaire (niveau&nbsp;interm\u00e9diaire&nbsp;ou&nbsp;usuel).<\/li>\n\n\n\n<li>B1 : Utilisateur ind\u00e9pendant.<\/li>\n<\/ul>\n<\/div>\n<\/div>\n\n\n\n<div class=\"wp-block-columns alignwide is-layout-flex wp-container-core-columns-is-layout-d0b3c9c8 wp-block-columns-is-layout-flex tw-block-animation tw-animation-fade-in-up\">\n<div class=\"wp-block-column is-vertically-aligned-top is-layout-flow wp-block-column-is-layout-flow\">\n<figure class=\"wp-block-image aligncenter size-large is-resized\"><img loading=\"lazy\" decoding=\"async\" width=\"796\" height=\"1024\" src=\"https:\/\/site.ac-martinique.fr\/lyc-leopoldbissol\/wp-content\/uploads\/sites\/151\/2025\/01\/upe2a-objectif-796x1024.png\" alt=\"\" class=\"wp-image-982\" style=\"width:335px;height:auto\" srcset=\"https:\/\/site.ac-martinique.fr\/lyc-leopoldbissol\/wp-content\/uploads\/sites\/151\/2025\/01\/upe2a-objectif-796x1024.png 796w, https:\/\/site.ac-martinique.fr\/lyc-leopoldbissol\/wp-content\/uploads\/sites\/151\/2025\/01\/upe2a-objectif-233x300.png 233w, https:\/\/site.ac-martinique.fr\/lyc-leopoldbissol\/wp-content\/uploads\/sites\/151\/2025\/01\/upe2a-objectif-768x987.png 768w, https:\/\/site.ac-martinique.fr\/lyc-leopoldbissol\/wp-content\/uploads\/sites\/151\/2025\/01\/upe2a-objectif.png 896w\" sizes=\"auto, (max-width: 796px) 100vw, 796px\" \/><\/figure>\n<\/div>\n\n\n\n<div class=\"wp-block-column is-vertically-aligned-center is-layout-flow wp-block-column-is-layout-flow\">\n<h3 class=\"wp-block-heading alignwide has-text-align-left\">Objectifs : Pourquoi l\u2019UPE2A ?<\/h3>\n\n\n\n<p class=\"has-text-align-left\">Notre mission est d\u2019aider les \u00e9l\u00e8ves allophones \u00e0 :<\/p>\n\n\n\n<ol class=\"wp-block-list\">\n<li><strong>Apprendre le fran\u00e7ais<\/strong> \u00e0 l\u2019oral et \u00e0 l\u2019\u00e9crit.<\/li>\n\n\n\n<li><strong>S\u2019int\u00e9grer<\/strong> dans un nouvel environnement scolaire.<\/li>\n\n\n\n<li><strong>D\u00e9velopper leur autonomie<\/strong> pour r\u00e9ussir leur parcours \u00e9ducatif et professionnel.<\/li>\n<\/ol>\n<\/div>\n<\/div>\n\n\n\n<div class=\"wp-block-columns alignwide is-layout-flex wp-container-core-columns-is-layout-d0b3c9c8 wp-block-columns-is-layout-flex\">\n<div class=\"wp-block-column is-layout-flow wp-block-column-is-layout-flow\">\n<h3 class=\"wp-block-heading\">Les acteurs de l\u2019UPE2A<\/h3>\n\n\n\n<p>L\u2019UPE2A s\u2019appuie sur une collaboration entre diff\u00e9rents partenaires :<\/p>\n\n\n\n<ul class=\"wp-block-list\">\n<li><strong>CASNAV<\/strong><sup data-fn=\"6f6e1e74-005d-4a37-ae5b-012c57dfc6a3\" class=\"fn\"><a href=\"#6f6e1e74-005d-4a37-ae5b-012c57dfc6a3\" id=\"6f6e1e74-005d-4a37-ae5b-012c57dfc6a3-link\">1<\/a><\/sup><strong> :<\/strong> Met en place le dispositif et le supervise.<\/li>\n\n\n\n<li><strong>Professeur-coordinateur :<\/strong> Responsable p\u00e9dagogique de l\u2019UPE2A.<\/li>\n\n\n\n<li><strong>Coordonnateur MLDS :<\/strong> Aide \u00e0 l\u2019orientation professionnelle.<\/li>\n<\/ul>\n\n\n<ol class=\"wp-block-footnotes\"><li id=\"6f6e1e74-005d-4a37-ae5b-012c57dfc6a3\">Centre acad\u00e9mique pour la scolarisation des \u00e9l\u00e8ves allophones nouvellement arriv\u00e9s et des enfants issus de familles itin\u00e9rantes et de voyageurs <a href=\"#6f6e1e74-005d-4a37-ae5b-012c57dfc6a3-link\" aria-label=\"Aller \u00e0 la note de bas de page 1\">\u21a9\ufe0e<\/a><\/li><\/ol><\/div>\n\n\n\n<div class=\"wp-block-column has-global-padding is-layout-constrained wp-block-column-is-layout-constrained\">\n<h3 class=\"wp-block-heading\">Les orientations p\u00e9dagogiques<\/h3>\n\n\n\n<p>Nos priorit\u00e9s \u00e9ducatives :<\/p>\n\n\n\n<ul class=\"wp-block-list\">\n<li>Enseignement du fran\u00e7ais \u00e0 l\u2019oral et \u00e0 l\u2019\u00e9crit.<\/li>\n\n\n\n<li>Suivi et accompagnement individualis\u00e9.<\/li>\n\n\n\n<li>\u00c9valuation r\u00e9guli\u00e8re des comp\u00e9tences pour mesurer les progr\u00e8s.<\/li>\n<\/ul>\n<\/div>\n<\/div>\n\n\n\n<div class=\"wp-block-group alignfull has-base-2-background-color has-background has-global-padding is-layout-constrained wp-block-group-is-layout-constrained tw-block-animation tw-animation-scale-in\">\n<h1 class=\"wp-block-heading has-text-align-center tw-block-animation tw-animation-fade-in-up tw-duration-4\">L&rsquo;actualit\u00e9 de l&rsquo;UPE2A<\/h1>\n\n\n\n<div class=\"wp-block-query alignwide is-layout-flow wp-block-query-is-layout-flow\"><ul class=\"columns-2 wp-block-post-template is-layout-grid wp-container-core-post-template-is-layout-bc42f68f wp-block-post-template-is-layout-grid\"><li class=\"wp-block-post post-3030 post type-post status-publish format-standard has-post-thumbnail hentry category-cvl category-evenement category-projets-structures-pedagogiques category-upe2a tag-bandeau-actualite tag-bandeau-upe2a\">\n\n<div class=\"wp-block-group tw-stretched-link is-layout-flow wp-container-core-group-is-layout-d6e5857c wp-block-group-is-layout-flow\" style=\"margin-bottom:32px\"><figure style=\"aspect-ratio:3\/2; padding-top:var(--wp--preset--spacing--20);padding-bottom:var(--wp--preset--spacing--20);padding-left:var(--wp--preset--spacing--30);padding-right:var(--wp--preset--spacing--30);margin-top:0;margin-bottom:0;\" class=\"wp-block-post-featured-image\"><img loading=\"lazy\" decoding=\"async\" width=\"1024\" height=\"754\" src=\"https:\/\/site.ac-martinique.fr\/lyc-leopoldbissol\/wp-content\/uploads\/sites\/151\/2026\/01\/20251211_085128-1-edited-1024x754.jpg\" class=\"attachment-large size-large wp-post-image\" alt=\"\" style=\"width:100%;height:100%;object-fit:cover;\" srcset=\"https:\/\/site.ac-martinique.fr\/lyc-leopoldbissol\/wp-content\/uploads\/sites\/151\/2026\/01\/20251211_085128-1-edited-1024x754.jpg 1024w, https:\/\/site.ac-martinique.fr\/lyc-leopoldbissol\/wp-content\/uploads\/sites\/151\/2026\/01\/20251211_085128-1-edited-300x221.jpg 300w, https:\/\/site.ac-martinique.fr\/lyc-leopoldbissol\/wp-content\/uploads\/sites\/151\/2026\/01\/20251211_085128-1-edited-768x566.jpg 768w, https:\/\/site.ac-martinique.fr\/lyc-leopoldbissol\/wp-content\/uploads\/sites\/151\/2026\/01\/20251211_085128-1-edited-1536x1131.jpg 1536w, https:\/\/site.ac-martinique.fr\/lyc-leopoldbissol\/wp-content\/uploads\/sites\/151\/2026\/01\/20251211_085128-1-edited-2048x1509.jpg 2048w\" sizes=\"auto, (max-width: 1024px) 100vw, 1024px\" \/><\/figure>\n\n<h2 class=\"wp-block-post-title has-large-font-size\"><a href=\"https:\/\/site.ac-martinique.fr\/lyc-leopoldbissol\/2025\/12\/23\/projet-noel-dici-et-dailleurs\/\" target=\"_self\" >Projet \u00ab\u00a0No\u00ebl, d&rsquo;ici et d&rsquo;ailleurs\u00a0\u00bb<\/a><\/h2>\n\n\n<div class=\"wp-block-group has-secondary-color has-text-color has-small-font-size is-layout-flex wp-container-core-group-is-layout-301dc908 wp-block-group-is-layout-flex\" style=\"margin-top:8px;line-height:1.3\"><div class=\"taxonomy-category wp-block-post-terms\"><a href=\"https:\/\/site.ac-martinique.fr\/lyc-leopoldbissol\/category\/les-instances-educatives\/cvl\/\" rel=\"tag\">CVL<\/a><span class=\"wp-block-post-terms__separator\">, <\/span><a href=\"https:\/\/site.ac-martinique.fr\/lyc-leopoldbissol\/category\/evenement\/\" rel=\"tag\">\u00c9v\u00e9nement<\/a><span class=\"wp-block-post-terms__separator\">, <\/span><a href=\"https:\/\/site.ac-martinique.fr\/lyc-leopoldbissol\/category\/projets-structures-pedagogiques\/\" rel=\"tag\">Projets &amp; Structures P\u00e9dagogiques<\/a><span class=\"wp-block-post-terms__separator\">, <\/span><a href=\"https:\/\/site.ac-martinique.fr\/lyc-leopoldbissol\/category\/projets-structures-pedagogiques\/upe2a\/\" rel=\"tag\">UPE2A<\/a><\/div>\n\n\n<p>\u00b7<\/p>\n\n\n<div class=\"wp-block-post-date\"><time datetime=\"2025-12-23T21:09:11-04:00\">23 d\u00e9cembre 2025<\/time><\/div><\/div>\n<\/div>\n\n<\/li><\/ul>\n\n<\/div>\n<\/div>\n\n\n\n<div class=\"wp-block-group alignfull has-base-2-background-color has-background has-global-padding is-layout-constrained wp-block-group-is-layout-constrained tw-block-animation tw-animation-scale-in\">\n<div class=\"wp-block-columns alignwide are-vertically-aligned-center tw-cols-stack-md is-layout-flex wp-container-core-columns-is-layout-041737d3 wp-block-columns-is-layout-flex tw-large-gap\">\n<div class=\"wp-block-column is-vertically-aligned-center has-global-padding is-layout-constrained wp-block-column-is-layout-constrained\">\n<h1 class=\"wp-block-heading\">Vous souhaitez en savoir plus ?<\/h1>\n\n\n\n<p style=\"font-size:clamp(1.125em, 1.125rem + ((1vw - 0.2em) * 0.208), 1.25em);line-height:1.35\">Pour toute question ou inscription \u00e0 l\u2019UPE2A, contactez-nous directement en cliquant sur le bouton ci dessous<\/p>\n\n\n\n<div class=\"wp-block-buttons is-content-justification-center is-layout-flex wp-container-core-buttons-is-layout-e7f25eb7 wp-block-buttons-is-layout-flex\" style=\"margin-top:32px\">\n<div class=\"wp-block-button\"><a class=\"wp-block-button__link wp-element-button\">En savoir plus<\/a><\/div>\n<\/div>\n<\/div>\n\n\n\n<div class=\"wp-block-column is-vertically-aligned-center is-layout-flow wp-block-column-is-layout-flow\">\n<figure class=\"wp-block-image size-large\"><img loading=\"lazy\" decoding=\"async\" width=\"1024\" height=\"552\" src=\"https:\/\/site.ac-martinique.fr\/lyc-leopoldbissol\/wp-content\/uploads\/sites\/151\/2025\/01\/upe2a-fond-transparent-1024x552.png\" alt=\"\" class=\"wp-image-981\" srcset=\"https:\/\/site.ac-martinique.fr\/lyc-leopoldbissol\/wp-content\/uploads\/sites\/151\/2025\/01\/upe2a-fond-transparent-1024x552.png 1024w, https:\/\/site.ac-martinique.fr\/lyc-leopoldbissol\/wp-content\/uploads\/sites\/151\/2025\/01\/upe2a-fond-transparent-300x162.png 300w, https:\/\/site.ac-martinique.fr\/lyc-leopoldbissol\/wp-content\/uploads\/sites\/151\/2025\/01\/upe2a-fond-transparent-768x414.png 768w, https:\/\/site.ac-martinique.fr\/lyc-leopoldbissol\/wp-content\/uploads\/sites\/151\/2025\/01\/upe2a-fond-transparent.png 1201w\" sizes=\"auto, (max-width: 1024px) 100vw, 1024px\" \/><\/figure>\n<\/div>\n<\/div>\n<\/div>\n\n\n\n<p><\/p>\n","protected":false},"excerpt":{"rendered":"<p>Une unit\u00e9 d\u2019accompagnement pour les \u00e9l\u00e8ves allophones primo-arrivants. Qu\u2019est-ce que l\u2019UPE2A ? L\u2019UPE2A (Unit\u00e9 P\u00e9dagogique pour \u00c9l\u00e8ves Allophones Arrivants) est un dispositif \u00e9ducatif d\u00e9di\u00e9 aux \u00e9l\u00e8ves primo-arrivants \u00e2g\u00e9s de 15 \u00e0 17 ans. Pendant une p\u00e9riode de 1 \u00e0 2 ans, les \u00e9l\u00e8ves b\u00e9n\u00e9ficient : Notre parcours depuis 2020 Le DELF : Un dipl\u00f4me cl\u00e9 [&hellip;]<\/p>\n","protected":false},"author":327,"featured_media":0,"parent":0,"menu_order":0,"comment_status":"closed","ping_status":"closed","template":"","meta":{"footnotes":"[{\"content\":\"Centre acad\u00e9mique pour la scolarisation des \u00e9l\u00e8ves allophones nouvellement arriv\u00e9s et des enfants issus de familles itin\u00e9rantes et de voyageurs\",\"id\":\"6f6e1e74-005d-4a37-ae5b-012c57dfc6a3\"}]"},"class_list":["post-978","page","type-page","status-publish","hentry"],"_links":{"self":[{"href":"https:\/\/site.ac-martinique.fr\/lyc-leopoldbissol\/wp-json\/wp\/v2\/pages\/978","targetHints":{"allow":["GET"]}}],"collection":[{"href":"https:\/\/site.ac-martinique.fr\/lyc-leopoldbissol\/wp-json\/wp\/v2\/pages"}],"about":[{"href":"https:\/\/site.ac-martinique.fr\/lyc-leopoldbissol\/wp-json\/wp\/v2\/types\/page"}],"author":[{"embeddable":true,"href":"https:\/\/site.ac-martinique.fr\/lyc-leopoldbissol\/wp-json\/wp\/v2\/users\/327"}],"replies":[{"embeddable":true,"href":"https:\/\/site.ac-martinique.fr\/lyc-leopoldbissol\/wp-json\/wp\/v2\/comments?post=978"}],"version-history":[{"count":7,"href":"https:\/\/site.ac-martinique.fr\/lyc-leopoldbissol\/wp-json\/wp\/v2\/pages\/978\/revisions"}],"predecessor-version":[{"id":3028,"href":"https:\/\/site.ac-martinique.fr\/lyc-leopoldbissol\/wp-json\/wp\/v2\/pages\/978\/revisions\/3028"}],"wp:attachment":[{"href":"https:\/\/site.ac-martinique.fr\/lyc-leopoldbissol\/wp-json\/wp\/v2\/media?parent=978"}],"curies":[{"name":"wp","href":"https:\/\/api.w.org\/{rel}","templated":true}]}}