{"id":124,"date":"2013-12-24T13:09:44","date_gmt":"2013-12-24T12:09:44","guid":{"rendered":"\/lyc-luminasophie\/?page_id=124"},"modified":"2022-02-03T18:57:28","modified_gmt":"2022-02-03T17:57:28","slug":"administration","status":"publish","type":"page","link":"https:\/\/site.ac-martinique.fr\/lyc-luminasophie\/?page_id=124","title":{"rendered":"Qui sommes nous ?"},"content":{"rendered":"<p style=\"text-align: center;\"><strong>Depuis le mois de d\u00e9cembre 2021, le lyc\u00e9e est labellis\u00e9\u00a0<\/strong><\/p>\n<p style=\"text-align: center;\"><strong>LYC\u00c9E DES M\u00c9TIERS de la RELATION CLIENT<\/strong><\/p>\n<p>Le Lyc\u00e9e LUMINA SOPHIE est un \u00e9tablissement d\u2019enseignement professionnel du tertiaire et plus particuli\u00e8rement du service aux entreprises. Il propose trois fili\u00e8res de formations vers le baccalaur\u00e9at professionnel : M\u00e9tiers de l&rsquo;Accueil (MA), Animation et Gestion de l&rsquo;espace commercial (MCV option A), Prospection-Client\u00e8le et Valorisation de l&rsquo;offre commerciale (MCV option B)<br \/>\nIl accueille une classe de Troisi\u00e8me Pr\u00e9pa-M\u00e9tier, un CAP en deux ans \u00c9quipier Polyvalent du Commerce (EPC),\u00a0 une mention compl\u00e9mentaire Services num\u00e9riques aux Organisations (SNO) et deux sections de Brevet de Technicien Sup\u00e9rieur en Management Commercial Op\u00e9rationnel (MCO) et en N\u00e9gociation Digitalisation de la Relation Client (NDRC).<\/p>\n<p style=\"text-align: center;\"><!--more--><\/p>\n<p>Situ\u00e9 en bordure d\u2019une cit\u00e9 HLM, la r\u00e9sidence Ozanam Bateli\u00e8re, dans la ville de Schoelcher, l\u2019\u00e9tablissement qui deviendra le lyc\u00e9e Professionnel R\u00e9gional de Bateli\u00e8re a ouvert ses portes en 1971.<\/p>\n<p>Il s\u2019agit \u00e0 l\u2019origine, d\u2019une annexe du Lyc\u00e9e Technique de Pointe des N\u00e8gres, \u00e0 Fort de France. D\u00e8s 1972, les deux b\u00e2timents (A et B) o\u00f9 sont inscrits 450 \u00e9l\u00e8ves pr\u00e9parant un BEP Tertiaire deviennent un \u00e9tablissement scolaire de plein droit.<\/p>\n<p>Dans les ann\u00e9es 80 et 90, deux nouveaux b\u00e2timents sont construits (C et D), notamment pour accueillir l\u2019\u00e9quipement informatique.<\/p>\n<p>De nouvelles sections s\u2019ajoutent aux formations dispens\u00e9es : BEP St\u00e9nographie, Agent administratif et de comptabilit\u00e9, BEP Vente puis Baccalaur\u00e9at Secr\u00e9tariat, Comptabilit\u00e9, Commerce et enfin CAP Vente.<\/p>\n<p>En 2000, l\u2019\u00e9tablissement est le premier lyc\u00e9e Professionnel \u00e0 proposer un Brevet de Technicien sup\u00e9rieur ; le BTS Force de vente, r\u00e9nov\u00e9 en 2004 qui devient le BTS N\u00e9gociation Relation Client\u00e8le (NRC). Le BTS Management des Unit\u00e9s Commerciales (MUC) ouvre en 2012.<\/p>\n<p>A partir de 2009, la r\u00e9forme \u00ab R\u00e9novation de la Voie Professionnelle \u00bb fait du BEP, une certification interm\u00e9diaire et instaure le Baccalaur\u00e9at en 3 ans, align\u00e9 sur le baccalaur\u00e9at g\u00e9n\u00e9ral et technologique.<\/p>\n<p>C\u2019est en avril 2010, que le lyc\u00e9e La Bateli\u00e8re prend le nom de lyc\u00e9e LUMINA SOPHIE, du nom du personnage historique \u00ab Lumina Sophie dite Surprise \u00bb (1848-1877) qui s\u2019est r\u00e9volt\u00e9e contre les injustices dont sont victimes les ancien-e-s esclaves, nouveaux Libres de la Martinique.<br \/>\nHuit Proviseurs ont assur\u00e9s la Direction du Lyc\u00e9e LUMINA SOPHIE depuis sa cr\u00e9ation :<\/p>\n<ul>\n<li>Mme Val\u00e9rie VOLBERG (depuis 2021)<\/li>\n<li>Mme Sophie GROUGI (2015 &#8211; 2021)<\/li>\n<li>M. Armand-Renaud FLAUN (2011-2015)<\/li>\n<li>M. Alain RAPON (2003-2011)<\/li>\n<li>M. Justin CATAYE (2000-2003)<\/li>\n<li>M. Pierre EGUIENTA (1993-2000)<\/li>\n<li>M. Emile PRUDENT (1989-1993)<\/li>\n<li>M. Paul BARD (1972-1989)<\/li>\n<\/ul>\n<p>Aujourd\u2019hui, s\u2019appuyant sur sa devise \u00ab La Force de regarder demain \u00bb l\u2019ensemble de la communaut\u00e9 du lyc\u00e9e LUMINA SOPHIE travaille r\u00e9solument \u00e0 faire face aux d\u00e9fis qui se pr\u00e9sentent \u00e0 elle.<\/p>\n","protected":false},"excerpt":{"rendered":"<p>Depuis le mois de d\u00e9cembre 2021, le lyc\u00e9e est labellis\u00e9\u00a0 LYC\u00c9E DES M\u00c9TIERS de la RELATION CLIENT Le Lyc\u00e9e LUMINA SOPHIE est un \u00e9tablissement d\u2019enseignement professionnel du tertiaire et plus particuli\u00e8rement du service aux entreprises. Il propose trois fili\u00e8res de &hellip; <a href=\"https:\/\/site.ac-martinique.fr\/lyc-luminasophie\/?page_id=124\">Continuer la lecture <span class=\"meta-nav\">&rarr;<\/span><\/a><\/p>\n","protected":false},"author":105,"featured_media":0,"parent":0,"menu_order":0,"comment_status":"closed","ping_status":"closed","template":"","meta":{"footnotes":""},"class_list":["post-124","page","type-page","status-publish","hentry"],"_links":{"self":[{"href":"https:\/\/site.ac-martinique.fr\/lyc-luminasophie\/index.php?rest_route=\/wp\/v2\/pages\/124","targetHints":{"allow":["GET"]}}],"collection":[{"href":"https:\/\/site.ac-martinique.fr\/lyc-luminasophie\/index.php?rest_route=\/wp\/v2\/pages"}],"about":[{"href":"https:\/\/site.ac-martinique.fr\/lyc-luminasophie\/index.php?rest_route=\/wp\/v2\/types\/page"}],"author":[{"embeddable":true,"href":"https:\/\/site.ac-martinique.fr\/lyc-luminasophie\/index.php?rest_route=\/wp\/v2\/users\/105"}],"replies":[{"embeddable":true,"href":"https:\/\/site.ac-martinique.fr\/lyc-luminasophie\/index.php?rest_route=%2Fwp%2Fv2%2Fcomments&post=124"}],"version-history":[{"count":9,"href":"https:\/\/site.ac-martinique.fr\/lyc-luminasophie\/index.php?rest_route=\/wp\/v2\/pages\/124\/revisions"}],"predecessor-version":[{"id":3156,"href":"https:\/\/site.ac-martinique.fr\/lyc-luminasophie\/index.php?rest_route=\/wp\/v2\/pages\/124\/revisions\/3156"}],"wp:attachment":[{"href":"https:\/\/site.ac-martinique.fr\/lyc-luminasophie\/index.php?rest_route=%2Fwp%2Fv2%2Fmedia&parent=124"}],"curies":[{"name":"wp","href":"https:\/\/api.w.org\/{rel}","templated":true}]}}