{"id":1277,"date":"2020-10-01T16:57:59","date_gmt":"2020-10-01T15:57:59","guid":{"rendered":"\/lyc-luminasophie\/?page_id=1277"},"modified":"2021-03-23T20:38:30","modified_gmt":"2021-03-23T19:38:30","slug":"informations-pour-les-professeurs-pronote-2015","status":"publish","type":"page","link":"https:\/\/site.ac-martinique.fr\/lyc-luminasophie\/?page_id=1277","title":{"rendered":"Informations pour les professeurs : Logiciel Pronote"},"content":{"rendered":"<p>Bonjour,<\/p>\n<p>Cet article a pour but de vous expliquer pas \u00e0 pas les \u00e9tapes afin de pouvoir utiliser Le logiciel Pronote en dehors du lyc\u00e9e.<\/p>\n<p><span style=\"color: #ff0000\">Cet article s&rsquo;adresse <strong>UNIQUEMENT<\/strong> au personnel p\u00e9dagogique et administratif du lyc\u00e9e LUMINA SOPHIE. <\/span><\/p>\n<p><a href=\"https:\/\/lyc-luminasophie.ac-martinique.fr\/pronote\/\" target=\"_blank\" rel=\"noopener\">Si vous \u00eates un \u00e9l\u00e8ve ou un parent , vous devez rejoindre votre espace PRONOTE en cliquant ICI<\/a><\/p>\n<p><!--more--><\/p>\n<h2>OBTENIR PRONOTE<\/h2>\n<h6><em>Cet article, m\u00eame ancien dans ses captures d&rsquo;\u00e9cran a \u00e9t\u00e9 mis \u00e0 jour pour la derni\u00e8re version de pronote , la marche \u00e0 suivre est similaire. <strong>( Date de derni\u00e8re mise \u00e0 jour : Septembre 2020 )<\/strong><\/em><\/h6>\n<p>Vous avez 3 m\u00e9thodes pour obtenir PRONOTE,<\/p>\n<ul>\n<li>Soit vous en faites \u00e0 demande \u00e0 l&rsquo;INFORMATICIEN qui vous donnera une copie du programme pour peu que vous avez une m\u00e9thode de stockage ( Cl\u00e9 USB )<\/li>\n<li>Soit vous t\u00e9l\u00e9chargez directement le programme sur le site de INDEX EDUCATION \u00e0 l&rsquo;adresse suivante : <a href=\"https:\/\/www.index-education.com\/fr\/telecharger-pronote.php\" target=\"_blank\" rel=\"noopener\">https:\/\/www.index-education.com\/fr\/telecharger-pronote.php<\/a><\/li>\n<li>Soit vous t\u00e9l\u00e9chargez l&rsquo;application pronote pour SMARTPHONES , <a href=\"https:\/\/www.index-education.com\/fr\/tutoriels-video-pronote-713-3-configurer-l-application-mobile-espace-parents.php\">regardez la vid\u00e9o <\/a><\/li>\n<\/ul>\n<p>Une fois sur le site d&rsquo;index education, vous devez choisir le <strong>CLIENT PRONOTE<\/strong><\/p>\n<p style=\"text-align: center\"><a href=\"\/lyc-luminasophie\/wp-content\/uploads\/sites\/42\/2020\/10\/pronoteclient3.jpg\"><img loading=\"lazy\" decoding=\"async\" class=\"size-medium wp-image-2514 aligncenter\" src=\"\/lyc-luminasophie\/wp-content\/uploads\/sites\/42\/2020\/10\/pronoteclient3-300x157.jpg\" alt=\"\" width=\"300\" height=\"157\" \/><\/a>Le client PRONOTE sur le site d&rsquo;Index Education<\/p>\n<p>&nbsp;<\/p>\n<p><a href=\"\/lyc-luminasophie\/wp-content\/uploads\/sites\/42\/2020\/10\/200227-080253-attention_focus.jpg\"><img loading=\"lazy\" decoding=\"async\" class=\"alignnone wp-image-2515\" src=\"\/lyc-luminasophie\/wp-content\/uploads\/sites\/42\/2020\/10\/200227-080253-attention_focus-300x170.jpg\" alt=\"\" width=\"85\" height=\"48\" \/><\/a>ATTENTION, si vous \u00eates utilisateur de MAC, la proc\u00e9dure est diff\u00e9rente.<\/p>\n<h5><span style=\"color: #ff0000\">NOUVEAU:<\/span> Vous avez le choix entre la version 32Bits et la version 64Bits. Choisissez la version 64Bits , si vous avez un probl\u00e8me pour lancer la version 64bits, alors dans ce cas, t\u00e9l\u00e9chargez la version 32Bits<\/h5>\n<p>Une fois le t\u00e9l\u00e9chargement termin\u00e9 , vous obtenez le programme sur votre ordinateur:<\/p>\n<div id=\"attachment_1265\" style=\"width: 310px\" class=\"wp-caption aligncenter\"><a href=\"\/lyc-luminasophie\/wp-content\/uploads\/sites\/42\/2015\/09\/000c.png\"><img loading=\"lazy\" decoding=\"async\" aria-describedby=\"caption-attachment-1265\" class=\"size-medium wp-image-1265\" src=\"\/lyc-luminasophie\/wp-content\/uploads\/sites\/42\/2015\/09\/000c-300x67.png\" alt=\"Le programme d'installation sur votre disque dur\" width=\"300\" height=\"67\" srcset=\"https:\/\/site.ac-martinique.fr\/lyc-luminasophie\/wp-content\/uploads\/sites\/42\/2015\/09\/000c-300x67.png 300w, https:\/\/site.ac-martinique.fr\/lyc-luminasophie\/wp-content\/uploads\/sites\/42\/2015\/09\/000c-730x163.png 730w, https:\/\/site.ac-martinique.fr\/lyc-luminasophie\/wp-content\/uploads\/sites\/42\/2015\/09\/000c.png 846w\" sizes=\"auto, (max-width: 300px) 100vw, 300px\" \/><\/a><p id=\"caption-attachment-1265\" class=\"wp-caption-text\">Le programme d&rsquo;installation sur votre disque dur<\/p><\/div>\n<h2>INSTALLER PRONOTE<\/h2>\n<p>Une fois le programme t\u00e9l\u00e9charger il convient de l<strong>\u00ab\u00a0Executer en mode administrateur\u00a0\u00bb ( Ou \u00ab\u00a0Executer\u00a0\u00bb si l&rsquo;option pr\u00e9c\u00e9dente n&rsquo;est pas disponible ) <\/strong>en faisant un clic-droit sur celui ci.<\/p>\n<p>Une fois lanc\u00e9 le programme vous demande d&rsquo;accepter les termes de service :<\/p>\n<p><a href=\"\/lyc-luminasophie\/wp-content\/uploads\/sites\/42\/2015\/09\/001.png\"><img loading=\"lazy\" decoding=\"async\" class=\"aligncenter size-medium wp-image-1253\" src=\"\/lyc-luminasophie\/wp-content\/uploads\/sites\/42\/2015\/09\/001-300x229.png\" alt=\"001\" width=\"300\" height=\"229\" srcset=\"https:\/\/site.ac-martinique.fr\/lyc-luminasophie\/wp-content\/uploads\/sites\/42\/2015\/09\/001-300x229.png 300w, https:\/\/site.ac-martinique.fr\/lyc-luminasophie\/wp-content\/uploads\/sites\/42\/2015\/09\/001.png 513w\" sizes=\"auto, (max-width: 300px) 100vw, 300px\" \/><\/a>Puis vous devez choisir l&#8217;emplacement du programme. Ne changez aucun param\u00e8tre et cliquez sur \u00ab\u00a0Suivant\u00a0\u00bb<\/p>\n<p><a href=\"\/lyc-luminasophie\/wp-content\/uploads\/sites\/42\/2015\/09\/002.png\"><img loading=\"lazy\" decoding=\"async\" class=\"aligncenter size-medium wp-image-1254\" src=\"\/lyc-luminasophie\/wp-content\/uploads\/sites\/42\/2015\/09\/002-300x229.png\" alt=\"002\" width=\"300\" height=\"229\" srcset=\"https:\/\/site.ac-martinique.fr\/lyc-luminasophie\/wp-content\/uploads\/sites\/42\/2015\/09\/002-300x229.png 300w, https:\/\/site.ac-martinique.fr\/lyc-luminasophie\/wp-content\/uploads\/sites\/42\/2015\/09\/002.png 514w\" sizes=\"auto, (max-width: 300px) 100vw, 300px\" \/><\/a>Lors de l&rsquo;\u00e9tape suivante , ne changez rien et cliquez sur Suivant:<\/p>\n<p><a href=\"\/lyc-luminasophie\/wp-content\/uploads\/sites\/42\/2015\/09\/003.png\"><img loading=\"lazy\" decoding=\"async\" class=\"aligncenter size-medium wp-image-1255\" src=\"\/lyc-luminasophie\/wp-content\/uploads\/sites\/42\/2015\/09\/003-300x229.png\" alt=\"003\" width=\"300\" height=\"229\" srcset=\"https:\/\/site.ac-martinique.fr\/lyc-luminasophie\/wp-content\/uploads\/sites\/42\/2015\/09\/003-300x229.png 300w, https:\/\/site.ac-martinique.fr\/lyc-luminasophie\/wp-content\/uploads\/sites\/42\/2015\/09\/003.png 514w\" sizes=\"auto, (max-width: 300px) 100vw, 300px\" \/><\/a><\/p>\n<h6><span style=\"color: #ff0000\">NOUVEAU: <span style=\"color: #000000\">PRONOTE , vous demande de supprimer les anciennes version de PRONOTE sur votre ordinateur, n&rsquo;h\u00e9sitez pas \u00e0 valider cette option.<\/span><\/span><\/h6>\n<p>Le programme alors s&rsquo;installe et se r\u00e8gle de lui-m\u00eame, <span style=\"text-decoration: underline\"><strong>vous devez \u00eatre patient durant la proc\u00e9dure<\/strong><\/span>.<\/p>\n<p>Comme indiqu\u00e9 sur les images ci-dessous, les 2 prochaines \u00e9tapes sont similaires et vont vous cr\u00e9er une ic\u00f4ne pronote sur votre bureau.<\/p>\n<p>Il convient de cliquer sur \u00ab\u00a0Suivant\u00a0\u00bb \u00e0 chaque \u00e9tape sans changer les param\u00e8tres :<\/p>\n<p><a href=\"\/lyc-luminasophie\/wp-content\/uploads\/sites\/42\/2015\/09\/004.png\"><img loading=\"lazy\" decoding=\"async\" class=\"aligncenter size-medium wp-image-1256\" src=\"\/lyc-luminasophie\/wp-content\/uploads\/sites\/42\/2015\/09\/004-300x229.png\" alt=\"004\" width=\"300\" height=\"229\" srcset=\"https:\/\/site.ac-martinique.fr\/lyc-luminasophie\/wp-content\/uploads\/sites\/42\/2015\/09\/004-300x229.png 300w, https:\/\/site.ac-martinique.fr\/lyc-luminasophie\/wp-content\/uploads\/sites\/42\/2015\/09\/004.png 514w\" sizes=\"auto, (max-width: 300px) 100vw, 300px\" \/><\/a><\/p>\n<p><a href=\"\/lyc-luminasophie\/wp-content\/uploads\/sites\/42\/2015\/09\/005.png\"><img loading=\"lazy\" decoding=\"async\" class=\"aligncenter size-medium wp-image-1257\" src=\"\/lyc-luminasophie\/wp-content\/uploads\/sites\/42\/2015\/09\/005-300x229.png\" alt=\"005\" width=\"300\" height=\"229\" srcset=\"https:\/\/site.ac-martinique.fr\/lyc-luminasophie\/wp-content\/uploads\/sites\/42\/2015\/09\/005-300x229.png 300w, https:\/\/site.ac-martinique.fr\/lyc-luminasophie\/wp-content\/uploads\/sites\/42\/2015\/09\/005.png 514w\" sizes=\"auto, (max-width: 300px) 100vw, 300px\" \/><\/a>Une fois cette \u00e9tape termin\u00e9e , vous devez avoir sur votre bureau une ic\u00f4ne comme celle-ci:<\/p>\n<p><a href=\"\/lyc-luminasophie\/wp-content\/uploads\/sites\/42\/2020\/10\/pronoteclient5.jpg\"><img loading=\"lazy\" decoding=\"async\" class=\"alignnone size-full wp-image-2517 aligncenter\" src=\"\/lyc-luminasophie\/wp-content\/uploads\/sites\/42\/2020\/10\/pronoteclient5.jpg\" alt=\"\" width=\"119\" height=\"100\" \/><\/a><\/p>\n<p style=\"text-align: center\">Client PRONOTE pour l&rsquo;ann\u00e9e 2020<\/p>\n<h2>SE CONNECTER AVEC PRONOTE<\/h2>\n<p>Une fois le programme lanc\u00e9 ( Double -clic sur l&rsquo;icone NOT appell\u00e9e \u00ab\u00a0Client PRONOTE 2020\u00a0\u00bb) , vous obtiendrez la page suivante:<\/p>\n<p>&nbsp;<\/p>\n<p><a href=\"\/lyc-luminasophie\/wp-content\/uploads\/sites\/42\/2020\/10\/pronoteclient6.jpg\"><img loading=\"lazy\" decoding=\"async\" class=\"size-medium wp-image-2518 aligncenter\" src=\"\/lyc-luminasophie\/wp-content\/uploads\/sites\/42\/2020\/10\/pronoteclient6-300x104.jpg\" alt=\"\" width=\"300\" height=\"104\" \/><\/a><\/p>\n<p>Cliquez sur le crayon afin d&rsquo;obtenir la fen\u00eatre suivant qu&rsquo;il faudra renseigner<\/p>\n<p><a href=\"\/lyc-luminasophie\/wp-content\/uploads\/sites\/42\/2015\/09\/pronoteclient.jpg\"><img loading=\"lazy\" decoding=\"async\" class=\"size-medium wp-image-2506 aligncenter\" src=\"\/lyc-luminasophie\/wp-content\/uploads\/sites\/42\/2015\/09\/pronoteclient-300x145.jpg\" alt=\"\" width=\"300\" height=\"145\" \/><\/a><\/p>\n<p>Vous devez saisir les information du serveur, en cas de doute vous avez l&rsquo;image ci-dessus pour vous aider.<\/p>\n<p>Les param\u00e8tres de connexion sont :<\/p>\n<blockquote><p>Adresse : 9720424D.index-education.net<\/p>\n<p>Port : 49400<\/p>\n<p>D\u00e9signation : LP LUMINA<\/p><\/blockquote>\n<p>Une fois ces informations valid\u00e9es, il ne vous reste plus qu&rsquo;\u00e0 cliquer sur le nouveau bloc qui apparait dans la liste :<\/p>\n<p><a href=\"\/lyc-luminasophie\/wp-content\/uploads\/sites\/42\/2015\/09\/009.png\"><img loading=\"lazy\" decoding=\"async\" class=\"aligncenter size-medium wp-image-1271\" src=\"\/lyc-luminasophie\/wp-content\/uploads\/sites\/42\/2015\/09\/009-300x159.png\" alt=\"009\" width=\"300\" height=\"159\" srcset=\"https:\/\/site.ac-martinique.fr\/lyc-luminasophie\/wp-content\/uploads\/sites\/42\/2015\/09\/009-300x159.png 300w, https:\/\/site.ac-martinique.fr\/lyc-luminasophie\/wp-content\/uploads\/sites\/42\/2015\/09\/009.png 601w\" sizes=\"auto, (max-width: 300px) 100vw, 300px\" \/><\/a><\/p>\n<p>Une fois connect\u00e9, vos identifiants et mots de passe sont les m\u00eames que ceux que vous utilisez lorsque vous \u00eates \u00e0 l\u2019int\u00e9rieur du lyc\u00e9e. Choisissez le mode ENSEIGNANT et saisissez vous identifiant afin de pouvoir travailler.<\/p>\n<p><a href=\"\/lyc-luminasophie\/wp-content\/uploads\/sites\/42\/2015\/09\/pronoteclient2.jpg\"><img loading=\"lazy\" decoding=\"async\" class=\"size-medium wp-image-2507 aligncenter\" src=\"\/lyc-luminasophie\/wp-content\/uploads\/sites\/42\/2015\/09\/pronoteclient2-300x217.jpg\" alt=\"\" width=\"300\" height=\"217\" \/><\/a><\/p>\n","protected":false},"excerpt":{"rendered":"<p>Bonjour, Cet article a pour but de vous expliquer pas \u00e0 pas les \u00e9tapes afin de pouvoir utiliser Le logiciel Pronote en dehors du lyc\u00e9e. Cet article s&rsquo;adresse UNIQUEMENT au personnel p\u00e9dagogique et administratif du lyc\u00e9e LUMINA SOPHIE. Si vous &hellip; <a href=\"https:\/\/site.ac-martinique.fr\/lyc-luminasophie\/?page_id=1277\">Continuer la lecture <span class=\"meta-nav\">&rarr;<\/span><\/a><\/p>\n","protected":false},"author":105,"featured_media":0,"parent":124,"menu_order":0,"comment_status":"closed","ping_status":"closed","template":"","meta":{"footnotes":""},"class_list":["post-1277","page","type-page","status-publish","hentry"],"_links":{"self":[{"href":"https:\/\/site.ac-martinique.fr\/lyc-luminasophie\/index.php?rest_route=\/wp\/v2\/pages\/1277","targetHints":{"allow":["GET"]}}],"collection":[{"href":"https:\/\/site.ac-martinique.fr\/lyc-luminasophie\/index.php?rest_route=\/wp\/v2\/pages"}],"about":[{"href":"https:\/\/site.ac-martinique.fr\/lyc-luminasophie\/index.php?rest_route=\/wp\/v2\/types\/page"}],"author":[{"embeddable":true,"href":"https:\/\/site.ac-martinique.fr\/lyc-luminasophie\/index.php?rest_route=\/wp\/v2\/users\/105"}],"replies":[{"embeddable":true,"href":"https:\/\/site.ac-martinique.fr\/lyc-luminasophie\/index.php?rest_route=%2Fwp%2Fv2%2Fcomments&post=1277"}],"version-history":[{"count":6,"href":"https:\/\/site.ac-martinique.fr\/lyc-luminasophie\/index.php?rest_route=\/wp\/v2\/pages\/1277\/revisions"}],"predecessor-version":[{"id":2650,"href":"https:\/\/site.ac-martinique.fr\/lyc-luminasophie\/index.php?rest_route=\/wp\/v2\/pages\/1277\/revisions\/2650"}],"up":[{"embeddable":true,"href":"https:\/\/site.ac-martinique.fr\/lyc-luminasophie\/index.php?rest_route=\/wp\/v2\/pages\/124"}],"wp:attachment":[{"href":"https:\/\/site.ac-martinique.fr\/lyc-luminasophie\/index.php?rest_route=%2Fwp%2Fv2%2Fmedia&parent=1277"}],"curies":[{"name":"wp","href":"https:\/\/api.w.org\/{rel}","templated":true}]}}