{"id":1293,"date":"2015-10-07T15:32:07","date_gmt":"2015-10-07T14:32:07","guid":{"rendered":"\/lyc-luminasophie\/?page_id=1293"},"modified":"2021-03-23T20:38:30","modified_gmt":"2021-03-23T19:38:30","slug":"informations-pour-les-professeurs-appel-des-eleves-sous-pronote-2015","status":"publish","type":"page","link":"https:\/\/site.ac-martinique.fr\/lyc-luminasophie\/?page_id=1293","title":{"rendered":"Informations pour les professeurs : Appel des \u00e9l\u00e8ves sous Pronote"},"content":{"rendered":"<p>Bonjour,<\/p>\n<p>Cet article a pour but de vous expliquer pas \u00e0 pas les \u00e9tapes afin de pouvoir utiliser Pronote.<\/p>\n<p><span style=\"color: #ff0000\">Cet article s&rsquo;adresse <strong>UNIQUEMENT<\/strong> au personnel p\u00e9dagogique et administratif du lyc\u00e9e LUMINA SOPHIE.<\/span><\/p>\n<p><!--more--><\/p>\n<h2>GESTION DES ABSENCES PAR HEURE<\/h2>\n<p>Pour les cours durant plus d&rsquo;une heure , la gestion des absences des \u00e9l\u00e8ves est imp\u00e9rative.<\/p>\n<p>PRONOTE vous permet de modifier le statut heure par heure d&rsquo;un \u00e9l\u00e8ve dont un professeur \u00e0 la charge.<\/p>\n<p>Dans l&rsquo;interface Pronote , vous devez saisir l&rsquo;onglet \u00ab\u00a0Absences\u00a0\u00bb<\/p>\n<div id=\"attachment_1297\" style=\"width: 902px\" class=\"wp-caption aligncenter\"><a href=\"\/lyc-luminasophie\/wp-content\/uploads\/sites\/42\/2015\/10\/b01.png\"><img loading=\"lazy\" decoding=\"async\" aria-describedby=\"caption-attachment-1297\" class=\"wp-image-1297 size-full\" src=\"\/lyc-luminasophie\/wp-content\/uploads\/sites\/42\/2015\/10\/b01.png\" alt=\"Menu de Contr\u00f4le PRONOTE pour les professeurs\" width=\"892\" height=\"88\" srcset=\"https:\/\/site.ac-martinique.fr\/lyc-luminasophie\/wp-content\/uploads\/sites\/42\/2015\/10\/b01.png 892w, https:\/\/site.ac-martinique.fr\/lyc-luminasophie\/wp-content\/uploads\/sites\/42\/2015\/10\/b01-300x30.png 300w, https:\/\/site.ac-martinique.fr\/lyc-luminasophie\/wp-content\/uploads\/sites\/42\/2015\/10\/b01-730x72.png 730w\" sizes=\"auto, (max-width: 892px) 100vw, 892px\" \/><\/a><p id=\"caption-attachment-1297\" class=\"wp-caption-text\">Menu de Contr\u00f4le PRONOTE pour les professeurs<\/p><\/div>\n<p>Dans l&rsquo;interface d&rsquo;absences , vous devez saisir le cours concern\u00e9, de la m\u00eame mani\u00e8re qu&rsquo;un appel normal et faire un clic droit sur l&rsquo;absence en question.<\/p>\n<div id=\"attachment_1298\" style=\"width: 740px\" class=\"wp-caption aligncenter\"><a href=\"\/lyc-luminasophie\/wp-content\/uploads\/sites\/42\/2015\/10\/b02.png\"><img loading=\"lazy\" decoding=\"async\" aria-describedby=\"caption-attachment-1298\" class=\"size-large wp-image-1298\" src=\"\/lyc-luminasophie\/wp-content\/uploads\/sites\/42\/2015\/10\/b02-1024x406.png\" alt=\"Panneau de controle d'absence pour professeurs.\" width=\"730\" height=\"289\" srcset=\"https:\/\/site.ac-martinique.fr\/lyc-luminasophie\/wp-content\/uploads\/sites\/42\/2015\/10\/b02-1024x406.png 1024w, https:\/\/site.ac-martinique.fr\/lyc-luminasophie\/wp-content\/uploads\/sites\/42\/2015\/10\/b02-300x119.png 300w, https:\/\/site.ac-martinique.fr\/lyc-luminasophie\/wp-content\/uploads\/sites\/42\/2015\/10\/b02-730x290.png 730w, https:\/\/site.ac-martinique.fr\/lyc-luminasophie\/wp-content\/uploads\/sites\/42\/2015\/10\/b02.png 1202w\" sizes=\"auto, (max-width: 730px) 100vw, 730px\" \/><\/a><p id=\"caption-attachment-1298\" class=\"wp-caption-text\">Panneau de controle d&rsquo;absence pour professeurs.<\/p><\/div>\n<h5><span style=\"color: #008000\"><em>REMARQUE: Vous devez cliquer sur la croix d&rsquo;absence et non sur le chiffre cumulatif se trouvant \u00e0 cot\u00e9<\/em><\/span><\/h5>\n<p>En choisissant \u00a0\u00bb Modifier l&rsquo;absence\u00a0\u00bb vous aller obtenir cette fen\u00eatre:<\/p>\n<div id=\"attachment_1299\" style=\"width: 372px\" class=\"wp-caption aligncenter\"><a href=\"\/lyc-luminasophie\/wp-content\/uploads\/sites\/42\/2015\/10\/b03.png\"><img loading=\"lazy\" decoding=\"async\" aria-describedby=\"caption-attachment-1299\" class=\"size-full wp-image-1299\" src=\"\/lyc-luminasophie\/wp-content\/uploads\/sites\/42\/2015\/10\/b03.png\" alt=\"D\u00e9tail d'une absence d'un \u00e9l\u00e8ve\" width=\"362\" height=\"130\" srcset=\"https:\/\/site.ac-martinique.fr\/lyc-luminasophie\/wp-content\/uploads\/sites\/42\/2015\/10\/b03.png 362w, https:\/\/site.ac-martinique.fr\/lyc-luminasophie\/wp-content\/uploads\/sites\/42\/2015\/10\/b03-300x108.png 300w\" sizes=\"auto, (max-width: 362px) 100vw, 362px\" \/><\/a><p id=\"caption-attachment-1299\" class=\"wp-caption-text\">D\u00e9tail d&rsquo;une absence d&rsquo;un \u00e9l\u00e8ve<\/p><\/div>\n<h2>COMMENT SONT G\u00c9R\u00c9ES LES ABSENCES<\/h2>\n<p>Chaque croix dans la fen\u00eatre de modification d&rsquo;absence correspond \u00e0\u00a0<span style=\"color: #ff0000\"><strong>une demi-heure ( 30 minutes )<\/strong><\/span><\/p>\n<p><span style=\"color: #000000\">Chaque croix correspond \u00e0 un temps d&rsquo;absence au cours correspondant.<\/span><\/p>\n<div id=\"attachment_1300\" style=\"width: 372px\" class=\"wp-caption aligncenter\"><a href=\"\/lyc-luminasophie\/wp-content\/uploads\/sites\/42\/2015\/10\/b04.png\"><img loading=\"lazy\" decoding=\"async\" aria-describedby=\"caption-attachment-1300\" class=\"size-full wp-image-1300\" src=\"\/lyc-luminasophie\/wp-content\/uploads\/sites\/42\/2015\/10\/b04.png\" alt=\"Une fiche d'absence d'un \u00e9l\u00e8ve en cours de modification\" width=\"362\" height=\"130\" srcset=\"https:\/\/site.ac-martinique.fr\/lyc-luminasophie\/wp-content\/uploads\/sites\/42\/2015\/10\/b04.png 362w, https:\/\/site.ac-martinique.fr\/lyc-luminasophie\/wp-content\/uploads\/sites\/42\/2015\/10\/b04-300x108.png 300w\" sizes=\"auto, (max-width: 362px) 100vw, 362px\" \/><\/a><p id=\"caption-attachment-1300\" class=\"wp-caption-text\">Une fiche d&rsquo;absence d&rsquo;un \u00e9l\u00e8ve en cours de modification<\/p><\/div>\n<p>Cela signifie que :<\/p>\n<ul>\n<li>Vous devez enlever une ou plusieurs croix pour indiquer qu&rsquo;un \u00e9l\u00e8ve est pr\u00e9sent dans votre cours<\/li>\n<li><span style=\"text-decoration: underline\">Pour signaler un \u00e9l\u00e8ve absent pendant 1 heure , <span style=\"color: #ff0000;text-decoration: underline\">vous devez cocher 2 cases<\/span><\/span> correspondant aux heures<\/li>\n<li>Vous pouvez modifier un appel m\u00eame une fois que vous avez coch\u00e9 la case \u00a0\u00bb Appel termin\u00e9\u00a0\u00bb<\/li>\n<li>Si un \u00e9l\u00e8ve \u00e9tait pr\u00e9sent puis deviens absent , vous devez d&rsquo;abord le mettre absent et ensuite changer l&rsquo;heure correspondant \u00e0 son heure d&rsquo;absence.<\/li>\n<\/ul>\n<p>Une fois que vous validez la modification elle sera automatiquement prise en compte.<\/p>\n","protected":false},"excerpt":{"rendered":"<p>Bonjour, Cet article a pour but de vous expliquer pas \u00e0 pas les \u00e9tapes afin de pouvoir utiliser Pronote. Cet article s&rsquo;adresse UNIQUEMENT au personnel p\u00e9dagogique et administratif du lyc\u00e9e LUMINA SOPHIE.<\/p>\n","protected":false},"author":105,"featured_media":0,"parent":124,"menu_order":0,"comment_status":"closed","ping_status":"closed","template":"","meta":{"footnotes":""},"class_list":["post-1293","page","type-page","status-publish","hentry"],"_links":{"self":[{"href":"https:\/\/site.ac-martinique.fr\/lyc-luminasophie\/index.php?rest_route=\/wp\/v2\/pages\/1293","targetHints":{"allow":["GET"]}}],"collection":[{"href":"https:\/\/site.ac-martinique.fr\/lyc-luminasophie\/index.php?rest_route=\/wp\/v2\/pages"}],"about":[{"href":"https:\/\/site.ac-martinique.fr\/lyc-luminasophie\/index.php?rest_route=\/wp\/v2\/types\/page"}],"author":[{"embeddable":true,"href":"https:\/\/site.ac-martinique.fr\/lyc-luminasophie\/index.php?rest_route=\/wp\/v2\/users\/105"}],"replies":[{"embeddable":true,"href":"https:\/\/site.ac-martinique.fr\/lyc-luminasophie\/index.php?rest_route=%2Fwp%2Fv2%2Fcomments&post=1293"}],"version-history":[{"count":11,"href":"https:\/\/site.ac-martinique.fr\/lyc-luminasophie\/index.php?rest_route=\/wp\/v2\/pages\/1293\/revisions"}],"predecessor-version":[{"id":2649,"href":"https:\/\/site.ac-martinique.fr\/lyc-luminasophie\/index.php?rest_route=\/wp\/v2\/pages\/1293\/revisions\/2649"}],"up":[{"embeddable":true,"href":"https:\/\/site.ac-martinique.fr\/lyc-luminasophie\/index.php?rest_route=\/wp\/v2\/pages\/124"}],"wp:attachment":[{"href":"https:\/\/site.ac-martinique.fr\/lyc-luminasophie\/index.php?rest_route=%2Fwp%2Fv2%2Fmedia&parent=1293"}],"curies":[{"name":"wp","href":"https:\/\/api.w.org\/{rel}","templated":true}]}}