{"id":1319,"date":"2015-10-13T21:13:53","date_gmt":"2015-10-13T20:13:53","guid":{"rendered":"\/lyc-luminasophie\/?page_id=1319"},"modified":"2017-10-13T20:18:41","modified_gmt":"2017-10-13T19:18:41","slug":"tutoriaux-pour-les-professeurs","status":"publish","type":"page","link":"https:\/\/site.ac-martinique.fr\/lyc-luminasophie\/?page_id=1319","title":{"rendered":"Tutoriaux pour les professeurs"},"content":{"rendered":"<p>Ces tutoriaux sont destin\u00e9s au personnel acad\u00e9mique afin de r\u00e9pondre aux question courantes concernant l&rsquo;utilisation des proc\u00e9dures ou logiciels.<\/p>\n<hr \/>\n<ul>\n<li><a href=\"\/lyc-luminasophie\/?page_id=1882\">D\u00e9couvrir pronote sur votre Smartphone<\/a><\/li>\n<li><a href=\"\/lyc-luminasophie\/?page_id=1277\">Connexion \u00e0 Pronote de l&rsquo;ext\u00e9rieur du lyc\u00e9e.<\/a><\/li>\n<li><a href=\"\/lyc-luminasophie\/?page_id=1293\">Gestion des absences partielles pour les professeurs<\/a><\/li>\n<li><a href=\"\/lyc-luminasophie\/?page_id=1456\">Utiliser les Dossiers R\u00e9seaux<\/a><\/li>\n<li><a href=\"\/lyc-luminasophie\/?page_id=1479\">Renseigner le document de mi-semestre sur Pronote<\/a><\/li>\n<\/ul>\n","protected":false},"excerpt":{"rendered":"<p>Ces tutoriaux sont destin\u00e9s au personnel acad\u00e9mique afin de r\u00e9pondre aux question courantes concernant l&rsquo;utilisation des proc\u00e9dures ou logiciels. D\u00e9couvrir pronote sur votre Smartphone Connexion \u00e0 Pronote de l&rsquo;ext\u00e9rieur du lyc\u00e9e. Gestion des absences partielles pour les professeurs Utiliser les &hellip; <a href=\"https:\/\/site.ac-martinique.fr\/lyc-luminasophie\/?page_id=1319\">Continuer la lecture <span class=\"meta-nav\">&rarr;<\/span><\/a><\/p>\n","protected":false},"author":220,"featured_media":0,"parent":124,"menu_order":0,"comment_status":"closed","ping_status":"closed","template":"","meta":{"footnotes":""},"class_list":["post-1319","page","type-page","status-publish","hentry"],"_links":{"self":[{"href":"https:\/\/site.ac-martinique.fr\/lyc-luminasophie\/index.php?rest_route=\/wp\/v2\/pages\/1319","targetHints":{"allow":["GET"]}}],"collection":[{"href":"https:\/\/site.ac-martinique.fr\/lyc-luminasophie\/index.php?rest_route=\/wp\/v2\/pages"}],"about":[{"href":"https:\/\/site.ac-martinique.fr\/lyc-luminasophie\/index.php?rest_route=\/wp\/v2\/types\/page"}],"author":[{"embeddable":true,"href":"https:\/\/site.ac-martinique.fr\/lyc-luminasophie\/index.php?rest_route=\/wp\/v2\/users\/220"}],"replies":[{"embeddable":true,"href":"https:\/\/site.ac-martinique.fr\/lyc-luminasophie\/index.php?rest_route=%2Fwp%2Fv2%2Fcomments&post=1319"}],"version-history":[{"count":4,"href":"https:\/\/site.ac-martinique.fr\/lyc-luminasophie\/index.php?rest_route=\/wp\/v2\/pages\/1319\/revisions"}],"predecessor-version":[{"id":1897,"href":"https:\/\/site.ac-martinique.fr\/lyc-luminasophie\/index.php?rest_route=\/wp\/v2\/pages\/1319\/revisions\/1897"}],"up":[{"embeddable":true,"href":"https:\/\/site.ac-martinique.fr\/lyc-luminasophie\/index.php?rest_route=\/wp\/v2\/pages\/124"}],"wp:attachment":[{"href":"https:\/\/site.ac-martinique.fr\/lyc-luminasophie\/index.php?rest_route=%2Fwp%2Fv2%2Fmedia&parent=1319"}],"curies":[{"name":"wp","href":"https:\/\/api.w.org\/{rel}","templated":true}]}}